{"id":6013,"date":"2025-05-24T01:34:09","date_gmt":"2025-05-24T01:34:09","guid":{"rendered":"https:\/\/sinoextrud.com\/?post_type=product&#038;p=6013"},"modified":"2025-06-24T03:53:14","modified_gmt":"2025-06-24T03:53:14","slug":"eloxovane-hlinikove-profily","status":"publish","type":"product","link":"https:\/\/sinoextrud.com\/cs\/product\/anodized-aluminium-profiles\/","title":{"rendered":"eloxovan\u00e9 hlin\u00edkov\u00e9 profily"},"content":{"rendered":"<h2>Podrobnosti o produktech<\/h2>\n<table class=\"custom-table\">\n<tr>\n<td class=\"label\">M\u00edrnost:<\/td>\n<td>T3-T8<\/td>\n<\/tr>\n<tr>\n<td class=\"label\">Slitina:<\/td>\n<td>Slitina<\/td>\n<\/tr>\n<tr>\n<td class=\"label\">Leguj\u00edc\u00ed slo\u017eka:<\/td>\n<td>6063<\/td>\n<\/tr>\n<tr>\n<td class=\"label\">Profil z le\u0161t\u011bn\u00e9ho hlin\u00edku:<\/td>\n<td>Mechanick\u00e9 eloxov\u00e1n\u00ed<\/td>\n<\/tr>\n<tr>\n<td class=\"label\">Standardn\u00ed d\u00e9lka:<\/td>\n<td>3-6m<\/td>\n<\/tr>\n<tr>\n<td class=\"label\">Exponovan\u00fd povrch:<\/td>\n<td>125-550 mm<\/td>\n<\/tr>\n<tr>\n<td class=\"label\">P\u0159\u00edslu\u0161enstv\u00ed:<\/td>\n<td>Protipo\u017e\u00e1rn\u00ed z\u00e1brana a vodn\u00ed uz\u00e1v\u011br<\/td>\n<\/tr>\n<tr>\n<td class=\"label\">Pou\u017eit\u00ed:<\/td>\n<td>Od st\u011bny ke stropu<\/td>\n<\/tr>\n<tr>\n<td class=\"label\">Uk\u00e1zka:<\/td>\n<td>Zdarma<\/td>\n<\/tr>\n<tr>\n<td class=\"label\">P\u0159epravn\u00ed bal\u00ed\u010dek:<\/td>\n<td>P\u0159ekli\u017eka<\/td>\n<\/tr>\n<tr>\n<td class=\"label\">P\u016fvod:<\/td>\n<td>Guangdong, \u010c\u00edna<\/td>\n<\/tr>\n<tr>\n<td class=\"label\">Typ:<\/td>\n<td>Dekora\u010dn\u00ed hlin\u00edkov\u00fd profil, profil pro \u00faklidov\u00e9 m\u00edstnosti<\/td>\n<\/tr>\n<tr>\n<td class=\"label\">T\u0159\u00edda:<\/td>\n<td>\u0158ada 6000<\/td>\n<\/tr>\n<tr>\n<td class=\"label\">Hlin\u00edkov\u00e9 profily oken a dve\u0159\u00ed:<\/td>\n<td>\u0158ada 90<\/td>\n<\/tr>\n<tr>\n<td class=\"label\">Povrchov\u00e1 \u00faprava:<\/td>\n<td>Anodick\u00e1 oxidace<\/td>\n<\/tr>\n<tr>\n<td class=\"label\">Certifikace:<\/td>\n<td>ISO, SGS<\/td>\n<\/tr>\n<tr>\n<td class=\"label\">Z\u00e1kladn\u00ed materi\u00e1l:<\/td>\n<td>Slitina hlin\u00edku 6063-T5<\/td>\n<\/tr>\n<\/table>\n<h2>Na\u0161e v\u00fdrobn\u00ed z\u00e1kladna<\/h2>\n<h3>Panorama tov\u00e1rny<\/h3>\n<p><img decoding=\"async\" src=\"\/wp-content\/uploads\/factory-01.webp\"\/><\/p>\n<h3>D\u00edlna na v\u00fdrobu hlin\u00edkov\u00fdch ty\u010d\u00ed<\/h3>\n<p><img decoding=\"async\" src=\"\/wp-content\/uploads\/factory-02.webp\"\/><\/p>\n<\/p>\n<p><img decoding=\"async\" src=\"\/wp-content\/uploads\/factory-03.webp\"\/><\/p>\n<h3>Sklad pl\u00edsn\u00ed<\/h3>\n<p><img decoding=\"async\" src=\"\/wp-content\/uploads\/factory-04.webp\"\/><\/p>\n<h3>43 linek na vytla\u010dov\u00e1n\u00ed hlin\u00edku (500-5500 tun)<\/h3>\n<p><img decoding=\"async\" src=\"\/wp-content\/uploads\/factory-05.webp\"\/><\/p>\n<p><img decoding=\"async\" src=\"\/wp-content\/uploads\/factory-06.webp\"\/><\/p>\n<p><img decoding=\"async\" src=\"\/wp-content\/uploads\/factory-07.webp\"\/><\/p>\n<h3>D\u00edlna pr\u00e1\u0161kov\u00e9ho lakov\u00e1n\u00ed<\/h3>\n<p><img decoding=\"async\" src=\"\/wp-content\/uploads\/factory-09.webp\"\/><\/p>\n<h3>D\u00edlna eloxov\u00e1n\u00ed<\/h3>\n<p><img decoding=\"async\" src=\"\/wp-content\/uploads\/factory-10.webp\"\/><\/p>\n<h3>Workshop o hloubkov\u00e9m zpracov\u00e1n\u00ed<\/h3>\n<p><img decoding=\"async\" src=\"\/wp-content\/uploads\/factory-11.webp\"\/><\/p>\n<h3>D\u00edlna CNC p\u0159esn\u00e9ho obr\u00e1b\u011bn\u00ed<\/h3>\n<p><img decoding=\"async\" src=\"\/wp-content\/uploads\/factory-11.5.webp\"\/><\/p>\n<h3>Sklad hotov\u00fdch v\u00fdrobk\u016f a exportn\u00ed sklad<\/h3>\n<p><img decoding=\"async\" src=\"\/wp-content\/uploads\/factory-12.webp\"\/><\/p>\n<p><img decoding=\"async\" src=\"\/wp-content\/uploads\/factory-13.webp\"\/><\/p>\n<p><img decoding=\"async\" src=\"\/wp-content\/uploads\/factory-14.webp\"\/><\/p>\n<h2>\u010cASTO KLADEN\u00c9 DOTAZY<\/h2>\n<p><b>1.Co jsou eloxovan\u00e9 hlin\u00edkov\u00e9 profily? <\/b><\/p>\n<p> eloxovan\u00e9 hlin\u00edkov\u00e9 profily jsou hlin\u00edkov\u00e9 v\u00fdlisky, kter\u00e9 pro\u0161ly procesem eloxov\u00e1n\u00ed pro zv\u00fd\u0161en\u00ed trvanlivosti povrchu, odolnosti proti korozi a estetick\u00e9ho vzhledu.\n<\/p>\n<p><\/p>\n<p><b>2.Jak\u00e9 jsou v\u00fdhody eloxovan\u00fdch hlin\u00edkov\u00fdch profil\u016f? <\/b><\/p>\n<p> eloxovan\u00e9 hlin\u00edkov\u00e9 profily nab\u00edzej\u00ed zv\u00fd\u0161enou tvrdost povrchu, odolnost proti UV z\u00e1\u0159en\u00ed, barevnou st\u00e1lost a elegantn\u00ed, modern\u00ed povrchovou \u00fapravu ide\u00e1ln\u00ed pro r\u016fzn\u00e9 aplikace.\n<\/p>\n<p><\/p>\n<p><b>3.Pro\u010d zvolit eloxovan\u00fd hlin\u00edk m\u00edsto surov\u00e9ho hlin\u00edku? <\/b><\/p>\n<p> Eloxovan\u00fd hlin\u00edk je odoln\u011bj\u0161\u00ed proti opot\u0159eben\u00ed, pov\u011btrnostn\u00edm vliv\u016fm a korozi, tak\u017ee je trvanliv\u011bj\u0161\u00ed a vizu\u00e1ln\u011b p\u0159ita\u017eliv\u011bj\u0161\u00ed ne\u017e hlin\u00edk bez povrchov\u00e9 \u00fapravy.\n<\/p>\n<p><\/p>\n<p><b>4.Lze eloxovan\u00e9 hlin\u00edkov\u00e9 profily pou\u017e\u00edvat ve venkovn\u00edm prost\u0159ed\u00ed? <\/b><\/p>\n<p> Ano, d\u00edky zv\u00fd\u0161en\u00e9 odolnosti proti korozi a UV z\u00e1\u0159en\u00ed jsou eloxovan\u00e9 hlin\u00edkov\u00e9 profily ide\u00e1ln\u00ed pro venkovn\u00ed aplikace, jako jsou fas\u00e1dy, z\u00e1bradl\u00ed a okenn\u00ed r\u00e1my.\n<\/p>\n<p><\/p>\n<p><b>5.Jsou eloxovan\u00e9 hlin\u00edkov\u00e9 profily dostupn\u00e9 v r\u016fzn\u00fdch barv\u00e1ch? <\/b><\/p>\n<p> Proces eloxov\u00e1n\u00ed umo\u017e\u0148uje \u0161irokou \u0161k\u00e1lu barevn\u00fdch variant p\u0159i zachov\u00e1n\u00ed kovov\u00e9 povrchov\u00e9 \u00fapravy a dlouhotrvaj\u00edc\u00edho z\u00e1\u0159iv\u00e9ho vzhledu.\n<\/p>\n<p><\/p>\n<p><b>6.V jak\u00fdch odv\u011btv\u00edch se b\u011b\u017en\u011b pou\u017e\u00edvaj\u00ed eloxovan\u00e9 hlin\u00edkov\u00e9 profily? <\/b><\/p>\n<p> V architektu\u0159e, n\u00e1bytk\u00e1\u0159sk\u00e9m, elektronick\u00e9m, automobilov\u00e9m a spot\u0159ebn\u00edm pr\u016fmyslu se eloxovan\u00e9 profily hojn\u011b pou\u017e\u00edvaj\u00ed pro jejich v\u00fdkonnost a estetickou hodnotu.\n<\/p>\n<p><\/p>\n<p><b>7.Vy\u017eaduj\u00ed eloxovan\u00e9 hlin\u00edkov\u00e9 profily \u00fadr\u017ebu? <\/b><\/p>\n<p> \u00dadr\u017eba je minim\u00e1ln\u00ed - sta\u010d\u00ed ob\u010dasn\u00e9 \u010di\u0161t\u011bn\u00ed - proto\u017ee eloxovan\u00fd povrch odol\u00e1v\u00e1 ne\u010distot\u00e1m, skvrn\u00e1m a degradaci.\n<\/p>\n<p><\/p>\n<p><b>8.Jsou eloxovan\u00e9 hlin\u00edkov\u00e9 profily \u0161etrn\u00e9 k \u017eivotn\u00edmu prost\u0159ed\u00ed? <\/b><\/p>\n<p> Ano, hlin\u00edk je 100% recyklovateln\u00fd a proces eloxov\u00e1n\u00ed je netoxick\u00fd a bezpe\u010dn\u00fd, tak\u017ee tyto profily jsou udr\u017eitelnou volbou materi\u00e1lu.\n<\/p>\n<p><\/p>\n<p><b>9.Jak dlouho vydr\u017e\u00ed eloxovan\u00e1 povrchov\u00e1 \u00faprava hlin\u00edkov\u00fdch profil\u016f? <\/b><\/p>\n<p> Eloxovan\u00e9 povrchov\u00e9 \u00fapravy jsou extr\u00e9mn\u011b odoln\u00e9 a za b\u011b\u017en\u00fdch podm\u00ednek pou\u017e\u00edv\u00e1n\u00ed vydr\u017e\u00ed des\u00edtky let bez vyblednut\u00ed, odlupov\u00e1n\u00ed nebo koroze.\n<\/p>\n<p><\/p>\n<p><b>10.Podporuj\u00ed eloxovan\u00e9 hlin\u00edkov\u00e9 profily vlastn\u00ed tvary a velikosti? <\/b><\/p>\n<p> Ano, eloxov\u00e1n\u00ed lze aplikovat na hlin\u00edkov\u00e9 profily vyr\u00e1b\u011bn\u00e9 na zak\u00e1zku, co\u017e umo\u017e\u0148uje \u0159e\u0161en\u00ed na m\u00edru, kter\u00e1 spl\u0148uj\u00ed specifick\u00e9 konstruk\u010dn\u00ed a funk\u010dn\u00ed po\u017eadavky.\n<\/p>\n<p><\/p>","protected":false},"featured_media":6012,"template":"","categories":[57],"class_list":["post-6013","product","type-product","status-publish","has-post-thumbnail","hentry","category-anodized-aluminum-profile"],"meta_box":{"hilight_text_group":{"product_hilight_text":"<li>Enhanced corrosion and wear resistance through anodized surface treatment<\/li>\r\r\n<li>Attractive, uniform finish ideal for visible architectural and industrial applications<\/li>\r\r\n<li>Available in various colors and textures to meet design specifications<\/li>\r\r\n<li>Improved surface hardness for increased durability and lifespan<\/li>\r\r\n<li>Low maintenance and environmentally friendly coating process<\/li>","product_chanpin_chanpin":"<li><a href=\"https:\/\/sinoextrud.com\/product\/aluminium-corner-extrusion\/\" target=\"_blank\">Aluminium Corner Extrusion<\/a><\/li>\r\n<li><a href=\"https:\/\/sinoextrud.com\/product\/anodized-extruded-aluminum\/\" target=\"_blank\">Anodized Extruded Aluminum<\/a><\/li>\r\n<li><a href=\"https:\/\/sinoextrud.com\/product\/factory-offer-aluminum-handrail-extrusions\/\" target=\"_blank\">Factory Offer Aluminum Handrail Extrusions<\/a><\/li>\r\n<li><a href=\"https:\/\/sinoextrud.com\/product\/customize-6063-z-section-aluminium-extrusion\/\" target=\"_blank\">Customize 6063 Z Section Aluminium Extrusion<\/a><\/li>\r\n<li><a href=\"https:\/\/sinoextrud.com\/product\/anodized-aluminium-profiles\/\" target=\"_blank\">Anodized Aluminium Profiles<\/a><\/li>\r\n<li><a href=\"https:\/\/sinoextrud.com\/product\/aluminum-angle-channel-bright-polished-mirror\/\" target=\"_blank\">Aluminum Angle Channel Bright Polished Mirror<\/a><\/li>\r\n<li><a href=\"https:\/\/sinoextrud.com\/product\/aluminum-anodized-surface-profile\/\" target=\"_blank\">Aluminum Anodized Surface Profile<\/a><\/li>\r\n<li><a href=\"https:\/\/sinoextrud.com\/product\/anodized-aluminum-manufacturer-supply-anodized-aluminium-extrusion-tube-6063\/\" target=\"_blank\">anodized aluminum Manufacturer Supply anodized Aluminium Extrusion Tube 6063<\/a><\/li>\r\n<li><a href=\"https:\/\/sinoextrud.com\/product\/powder-coating-decorative-aluminum-railing\/\" target=\"_blank\">Powder Coating Decorative Aluminum Railing<\/a><\/li>\r\n<li><a href=\"https:\/\/sinoextrud.com\/product\/sandblasted-aluminum-finish-profile\/\" target=\"_blank\">Sandblasted Aluminum Finish Profile<\/a><\/li>\r\n<li><a href=\"https:\/\/sinoextrud.com\/product\/rectangular-aluminum-tube\/\" target=\"_blank\">Rectangular Aluminum Tube<\/a><\/li>"},"feature_list":[]},"_links":{"self":[{"href":"https:\/\/sinoextrud.com\/cs\/wp-json\/wp\/v2\/product\/6013","targetHints":{"allow":["GET"]}}],"collection":[{"href":"https:\/\/sinoextrud.com\/cs\/wp-json\/wp\/v2\/product"}],"about":[{"href":"https:\/\/sinoextrud.com\/cs\/wp-json\/wp\/v2\/types\/product"}],"wp:featuredmedia":[{"embeddable":true,"href":"https:\/\/sinoextrud.com\/cs\/wp-json\/wp\/v2\/media\/6012"}],"wp:attachment":[{"href":"https:\/\/sinoextrud.com\/cs\/wp-json\/wp\/v2\/media?parent=6013"}],"wp:term":[{"taxonomy":"category","embeddable":true,"href":"https:\/\/sinoextrud.com\/cs\/wp-json\/wp\/v2\/categories?post=6013"}],"curies":[{"name":"wp","href":"https:\/\/api.w.org\/{rel}","templated":true}]}}