{"id":5991,"date":"2025-05-23T15:32:45","date_gmt":"2025-05-23T15:32:45","guid":{"rendered":"https:\/\/sinoextrud.com\/?post_type=product&#038;p=5991"},"modified":"2025-06-24T03:52:57","modified_gmt":"2025-06-24T03:52:57","slug":"systemy-hlinikovych-profilu","status":"publish","type":"product","link":"https:\/\/sinoextrud.com\/cs\/product\/aluminium-profile-systems\/","title":{"rendered":"Syst\u00e9my hlin\u00edkov\u00fdch profil\u016f"},"content":{"rendered":"<h2>Podrobnosti o produktech<\/h2>\n<table class=\"custom-table\">\n<tr>\n<td class=\"label\">N\u00e1zev produktu<\/td>\n<td>syst\u00e9my hlin\u00edkov\u00fdch profil\u016f<\/td>\n<\/tr>\n<tr>\n<td class=\"label\">Sortiment v\u00fdrobk\u016f<\/td>\n<td>hlin\u00edkov\u00e9 trubky, hlin\u00edkov\u00e9 sklen\u011bn\u00e9 z\u00e1bradl\u00ed, hlin\u00edkov\u00e9 syst\u00e9my s T-dr\u00e1\u017ekou, hlin\u00edkov\u00e9 stropn\u00ed syst\u00e9my, hlin\u00edkov\u00e9 dve\u0159e a okna atd.<\/td>\n<\/tr>\n<tr>\n<td class=\"label\">Vhodn\u00e9 syst\u00e9my Typy<\/td>\n<td>Pr\u016fmyslov\u00fd hlin\u00edkov\u00fd profil, stavebn\u00ed hlin\u00edkov\u00fd profil atd.<\/td>\n<\/tr>\n<tr>\n<td class=\"label\">Temperament<\/td>\n<td>T3-T8<\/td>\n<\/tr>\n<tr>\n<td class=\"label\">Tvar<\/td>\n<td>vyrobeno na zak\u00e1zku<\/td>\n<\/tr>\n<tr>\n<td class=\"label\">Barva<\/td>\n<td>vyrobeno na zak\u00e1zku<\/td>\n<\/tr>\n<tr>\n<td class=\"label\">Povrchov\u00e1 \u00faprava<\/td>\n<td>fr\u00e9zov\u00e1n\u00ed, eloxov\u00e1n\u00ed, povrchov\u00e1 \u00faprava, p\u00edskov\u00e1n\u00ed, elektrofor\u00e9za, kart\u00e1\u010dov\u00e1n\u00ed, le\u0161t\u011bn\u00ed atd.<\/td>\n<\/tr>\n<tr>\n<td class=\"label\">Hloubkov\u00e9 zpracov\u00e1n\u00ed CNC<\/td>\n<td>\u0159ez\u00e1n\u00ed, vrt\u00e1n\u00ed, obr\u00e1b\u011bn\u00ed, d\u011brov\u00e1n\u00ed, oh\u00fdb\u00e1n\u00ed, z\u00e1vitov\u00e1n\u00ed atd.<\/td>\n<\/tr>\n<tr>\n<td class=\"label\">Certifikace<\/td>\n<td>CE, ISO, SGS, TUV, ROHS<\/td>\n<\/tr>\n<tr>\n<td class=\"label\">Vzorky<\/td>\n<td>vzorek zdarma. Dod\u00e1n\u00ed do 1-3 dn\u016f.<\/td>\n<\/tr>\n<tr>\n<td class=\"label\">MOQ<\/td>\n<td>200 kg pro ka\u017ed\u00fd profil<\/td>\n<\/tr>\n<tr>\n<td class=\"label\">Doba dod\u00e1n\u00ed<\/td>\n<td>V\u00fdvoj formy a konformace vzorku trv\u00e1 12-15 dn\u00ed, v\u00fdroba pak 15-25 dn\u00ed po obdr\u017een\u00ed z\u00e1lohy od kupuj\u00edc\u00edho.<\/td>\n<\/tr>\n<tr>\n<td class=\"label\">Platebn\u00ed podm\u00ednky<\/td>\n<td>30% z\u00e1loha, 70% z\u016fstatek p\u0159ed odesl\u00e1n\u00edm<\/td>\n<\/tr>\n<\/table>\n<h2>Na\u0161e v\u00fdrobn\u00ed z\u00e1kladna<\/h2>\n<h3>Panorama tov\u00e1rny<\/h3>\n<p><img decoding=\"async\" src=\"\/wp-content\/uploads\/factory-01.webp\"\/><\/p>\n<h3>D\u00edlna na v\u00fdrobu hlin\u00edkov\u00fdch ty\u010d\u00ed<\/h3>\n<p><img decoding=\"async\" src=\"\/wp-content\/uploads\/factory-02.webp\"\/><\/p>\n<\/p>\n<p><img decoding=\"async\" src=\"\/wp-content\/uploads\/factory-03.webp\"\/><\/p>\n<h3>Sklad pl\u00edsn\u00ed<\/h3>\n<p><img decoding=\"async\" src=\"\/wp-content\/uploads\/factory-04.webp\"\/><\/p>\n<h3>43 linek na vytla\u010dov\u00e1n\u00ed hlin\u00edku (500 - 5500 tun)<\/h3>\n<p><img decoding=\"async\" src=\"\/wp-content\/uploads\/factory-05.webp\"\/><\/p>\n<p><img decoding=\"async\" src=\"\/wp-content\/uploads\/factory-06.webp\"\/><\/p>\n<p><img decoding=\"async\" src=\"\/wp-content\/uploads\/factory-07.webp\"\/><\/p>\n<h3>D\u00edlna pr\u00e1\u0161kov\u00e9ho lakov\u00e1n\u00ed<\/h3>\n<p><img decoding=\"async\" src=\"\/wp-content\/uploads\/factory-09.webp\"\/><\/p>\n<h3>D\u00edlna eloxov\u00e1n\u00ed<\/h3>\n<p><img decoding=\"async\" src=\"\/wp-content\/uploads\/factory-10.webp\"\/><\/p>\n<h3>Workshop o hloubkov\u00e9m zpracov\u00e1n\u00ed<\/h3>\n<p><img decoding=\"async\" src=\"\/wp-content\/uploads\/factory-11.webp\"\/><\/p>\n<h3>D\u00edlna CNC p\u0159esn\u00e9ho obr\u00e1b\u011bn\u00ed<\/h3>\n<p><img decoding=\"async\" src=\"\/wp-content\/uploads\/factory-11.5.webp\"\/><\/p>\n<h3>Sklad hotov\u00fdch v\u00fdrobk\u016f a exportn\u00ed sklad<\/h3>\n<p><img decoding=\"async\" src=\"\/wp-content\/uploads\/factory-12.webp\"\/><\/p>\n<p><img decoding=\"async\" src=\"\/wp-content\/uploads\/factory-13.webp\"\/><\/p>\n<p><img decoding=\"async\" src=\"\/wp-content\/uploads\/factory-14.webp\"\/><\/p>\n<h2>\u010cASTO KLADEN\u00c9 DOTAZY<\/h2>\n<p><b>1.Co jsou hlin\u00edkov\u00e9 profilov\u00e9 syst\u00e9my? <\/b><\/p>\n<p> Hlin\u00edkov\u00e9 profilov\u00e9 syst\u00e9my jsou modul\u00e1rn\u00ed konstruk\u010dn\u00ed prvky vyroben\u00e9 z hlin\u00edkov\u00fdch v\u00fdlisk\u016f, kter\u00e9 se pou\u017e\u00edvaj\u00ed v r\u016fzn\u00fdch aplikac\u00edch, jako jsou r\u00e1my, sk\u0159\u00edn\u011b, dopravn\u00edky a pracovn\u00ed stanice.\n<\/p>\n<p><\/p>\n<p><b>2.Jak\u00e9 jsou v\u00fdhody hlin\u00edkov\u00fdch profilov\u00fdch syst\u00e9m\u016f? <\/b><\/p>\n<p> Hlin\u00edkov\u00e9 profilov\u00e9 syst\u00e9my se vyzna\u010duj\u00ed flexibilitou, n\u00edzkou hmotnost\u00ed, odolnost\u00ed proti korozi a snadnou mont\u00e1\u017e\u00ed, tak\u017ee jsou ide\u00e1ln\u00ed pro pr\u016fmyslov\u00e9 a komer\u010dn\u00ed pou\u017eit\u00ed.\n<\/p>\n<p><\/p>\n<p><b>3.Jak p\u0159izp\u016fsobiteln\u00e9 jsou hlin\u00edkov\u00e9 profilov\u00e9 syst\u00e9my? <\/b><\/p>\n<p> Hlin\u00edkov\u00e9 profilov\u00e9 syst\u00e9my lze snadno \u0159ezat, spojovat a upravovat, co\u017e umo\u017e\u0148uje vytv\u00e1\u0159et vlastn\u00ed konstrukce p\u0159izp\u016fsoben\u00e9 pot\u0159eb\u00e1m konkr\u00e9tn\u00edho projektu.\n<\/p>\n<p><\/p>\n<p><b>4.Pro\u010d zvolit hlin\u00edkov\u00e9 profilov\u00e9 syst\u00e9my m\u00edsto tradi\u010dn\u00edch ocelov\u00fdch konstrukc\u00ed? <\/b><\/p>\n<p> Hlin\u00edkov\u00e9 profilov\u00e9 syst\u00e9my jsou leh\u010d\u00ed, snadn\u011bji se instaluj\u00ed a vy\u017eaduj\u00ed m\u00e9n\u011b \u00fadr\u017eby ne\u017e ocelov\u00e9, co\u017e sni\u017euje celkov\u00e9 n\u00e1klady a n\u00e1roky na projekt.\n<\/p>\n<p><\/p>\n<p><b>5.Jsou hlin\u00edkov\u00e9 profilov\u00e9 syst\u00e9my vhodn\u00e9 pro n\u00e1ro\u010dn\u00e9 aplikace? <\/b><\/p>\n<p> Ano, vysoce kvalitn\u00ed hlin\u00edkov\u00e9 profily jsou konstruov\u00e1ny tak, aby unesly velk\u00e9 zat\u00ed\u017een\u00ed a z\u00e1rove\u0148 si zachovaly konstruk\u010dn\u00ed integritu a v\u00fdkon.\n<\/p>\n<p><\/p>\n<p><b>6.Podporuj\u00ed hlin\u00edkov\u00e9 profilov\u00e9 syst\u00e9my ekologickou v\u00fdstavbu? <\/b><\/p>\n<p> Hlin\u00edk je absolutn\u011b 100% recyklovateln\u00fd a jeho dlouh\u00e1 \u017eivotnost sni\u017euje mno\u017estv\u00ed odpadu, tak\u017ee hlin\u00edkov\u00e9 profilov\u00e9 syst\u00e9my jsou udr\u017eiteln\u00fdm stavebn\u00edm \u0159e\u0161en\u00edm.\n<\/p>\n<p><\/p>\n<p><b>7.V jak\u00fdch odv\u011btv\u00edch se pou\u017e\u00edvaj\u00ed hlin\u00edkov\u00e9 profilov\u00e9 syst\u00e9my? <\/b><\/p>\n<p> Pr\u016fmyslov\u00e1 odv\u011btv\u00ed, jako je v\u00fdroba, automatizace, elektronika, logistika a \u010dist\u00e9 prostory, spol\u00e9haj\u00ed na syst\u00e9my hlin\u00edkov\u00fdch profil\u016f pro v\u0161estrann\u00e9 a efektivn\u00ed konstrukce.\n<\/p>\n<p><\/p>\n<p><b>8.Jak zvy\u0161uj\u00ed syst\u00e9my hlin\u00edkov\u00fdch profil\u016f efektivitu v\u00fdroby? <\/b><\/p>\n<p> Jejich modul\u00e1rn\u00ed konstrukce umo\u017e\u0148uje rychl\u00e9 \u00fapravy a roz\u0161\u00ed\u0159en\u00ed, co\u017e minimalizuje prostoje a optimalizuje pracovn\u00ed postupy v pr\u016fmyslov\u00e9m prost\u0159ed\u00ed.\n<\/p>\n<p><\/p>\n<p><b>9.Lze syst\u00e9my hlin\u00edkov\u00fdch profil\u016f integrovat s automatiza\u010dn\u00edm za\u0159\u00edzen\u00edm? <\/b><\/p>\n<p> Ano, tyto syst\u00e9my jsou navr\u017eeny tak, aby byly kompatibiln\u00ed se senzory, ak\u010dn\u00edmi \u010dleny a dal\u0161\u00edmi automatiza\u010dn\u00edmi komponenty a umo\u017e\u0148ovaly bezprobl\u00e9movou integraci.\n<\/p>\n<p><\/p>\n<p><b>10.Jakou \u00fadr\u017ebu vy\u017eaduj\u00ed hlin\u00edkov\u00e9 profilov\u00e9 syst\u00e9my? <\/b><\/p>\n<p> Hlin\u00edkov\u00e9 profilov\u00e9 syst\u00e9my vy\u017eaduj\u00ed minim\u00e1ln\u00ed \u00fadr\u017ebu d\u00edky povrch\u016fm odoln\u00fdm proti korozi a robustn\u00ed konstrukci.\n<\/p>\n<p><\/p>","protected":false},"featured_media":5990,"template":"","categories":[55],"class_list":["post-5991","product","type-product","status-publish","has-post-thumbnail","hentry","category-extruded-aluminum-profiles"],"meta_box":{"hilight_text_group":{"product_hilight_text":"<li>Flexible profile systems adaptable to various industrial applications and layouts<\/li>\r\r\n<li>Quick and tool-free assembly reduces installation time and labor costs<\/li>\r\r\n<li>High load-bearing capacity suitable for frames, workstations, enclosures, and conveyors<\/li>\r\r\n<li>Standardized connectors and accessories ensure seamless integration<\/li>\r\r\n<li>Low maintenance with corrosion-resistant anodized surfaces<\/li>","product_chanpin_chanpin":"<li><a href=\"https:\/\/sinoextrud.com\/product\/extruded-aluminum-flat-bar-6061-7075\/\" target=\"_blank\">Extruded Aluminum Flat Bar 6061 7075<\/a><\/li>\r\n<li><a href=\"https:\/\/sinoextrud.com\/product\/extruded-aluminum-tubing-shapes-supplier\/\" target=\"_blank\">Extruded Aluminum Tubing Shapes Supplier<\/a><\/li>\r\n<li><a href=\"https:\/\/sinoextrud.com\/product\/aluminium-profile-bed-frame\/\" target=\"_blank\">Aluminium Profile Bed Frame<\/a><\/li>\r\n<li><a href=\"https:\/\/sinoextrud.com\/product\/aluminum-extrusion-industry-modular-components-profile\/\" target=\"_blank\">Aluminum Extrusion Industry Modular Components Profile<\/a><\/li>\r\n<li><a href=\"https:\/\/sinoextrud.com\/product\/aluminium-profile-systems\/\" target=\"_blank\">Aluminium Profile Systems<\/a><\/li>\r\n<li><a href=\"https:\/\/sinoextrud.com\/product\/aluminium-extrusion-profile-section\/\" target=\"_blank\">Aluminium Extrusion Profile Section(Great Wall panel aluminum profile)<\/a><\/li>\r\n<li><a href=\"https:\/\/sinoextrud.com\/product\/industrial-aluminum-profiles\/\" target=\"_blank\">Industrial Aluminum Profiles<\/a><\/li>\r\n<li><a href=\"https:\/\/sinoextrud.com\/product\/aluminum-extruded-profile\/\" target=\"_blank\">Aluminum Extruded Profile<\/a><\/li>\r\n<li><a href=\"https:\/\/sinoextrud.com\/product\/aluminium-corner-extrusion\/\" target=\"_blank\">Aluminium Corner Extrusion<\/a><\/li>\r\n<li><a href=\"https:\/\/sinoextrud.com\/product\/modular-aluminum-framing-system\/\" target=\"_blank\">Modular Aluminum Framing System<\/a><\/li>\r\n<li><a href=\"https:\/\/sinoextrud.com\/product\/aluminium-frame\/\" target=\"_blank\">Aluminium Frame<\/a><\/li>"},"feature_list":[]},"_links":{"self":[{"href":"https:\/\/sinoextrud.com\/cs\/wp-json\/wp\/v2\/product\/5991","targetHints":{"allow":["GET"]}}],"collection":[{"href":"https:\/\/sinoextrud.com\/cs\/wp-json\/wp\/v2\/product"}],"about":[{"href":"https:\/\/sinoextrud.com\/cs\/wp-json\/wp\/v2\/types\/product"}],"wp:featuredmedia":[{"embeddable":true,"href":"https:\/\/sinoextrud.com\/cs\/wp-json\/wp\/v2\/media\/5990"}],"wp:attachment":[{"href":"https:\/\/sinoextrud.com\/cs\/wp-json\/wp\/v2\/media?parent=5991"}],"wp:term":[{"taxonomy":"category","embeddable":true,"href":"https:\/\/sinoextrud.com\/cs\/wp-json\/wp\/v2\/categories?post=5991"}],"curies":[{"name":"wp","href":"https:\/\/api.w.org\/{rel}","templated":true}]}}