{"id":5987,"date":"2025-05-23T15:26:39","date_gmt":"2025-05-23T15:26:39","guid":{"rendered":"https:\/\/sinoextrud.com\/?post_type=product&#038;p=5987"},"modified":"2025-06-24T03:52:53","modified_gmt":"2025-06-24T03:52:53","slug":"ram-postele-z-hlinikovych-profilu","status":"publish","type":"product","link":"https:\/\/sinoextrud.com\/cs\/product\/aluminium-profile-bed-frame\/","title":{"rendered":"R\u00e1m postele z hlin\u00edkov\u00fdch profil\u016f"},"content":{"rendered":"<h2>Podrobnosti o produktech<\/h2>\n<table class=\"custom-table\">\n<tr>\n<td class=\"label\">N\u00e1zev produktu<\/td>\n<td>R\u00e1m postele z hlin\u00edkov\u00fdch profil\u016f, hlin\u00edkov\u00fd plovouc\u00ed r\u00e1m postele<\/td>\n<\/tr>\n<tr>\n<td class=\"label\">Sortiment v\u00fdrobk\u016f<\/td>\n<td>hlin\u00edkov\u00e9 v\u00fdlisky pro kovov\u00fd r\u00e1m postele, r\u00e1m postele, kovov\u00fd r\u00e1m postele, kovov\u00fd r\u00e1m postele, kovov\u00fd r\u00e1m rozkl\u00e1dac\u00ed postele, kovov\u00fd r\u00e1m postele, n\u00edzkoprofilov\u00fd r\u00e1m postele, hlin\u00edkov\u00fd r\u00e1m postele, r\u00e1m rozkl\u00e1dac\u00ed postele, nohy pro r\u00e1m postele<\/td>\n<\/tr>\n<tr>\n<td class=\"label\">Vhodn\u00e9 syst\u00e9my Typy<\/td>\n<td>kovov\u00fd r\u00e1m postele s plo\u0161inou, plovouc\u00ed r\u00e1m postele, kovov\u00fd r\u00e1m patrov\u00e9 postele, kovov\u00fd r\u00e1m postele king, skl\u00e1dac\u00ed kovov\u00fd rozkl\u00e1dac\u00ed r\u00e1m postele, kovov\u00fd r\u00e1m postele king size, kovov\u00fd r\u00e1m postele king size, kovov\u00fd r\u00e1m postele s m\u011bkkou hlavou, kovov\u00fd r\u00e1m postele double size atd.<\/td>\n<\/tr>\n<tr>\n<td class=\"label\">Povrchov\u00e1 \u00faprava<\/td>\n<td>fr\u00e9zov\u00e1n\u00ed, eloxov\u00e1n\u00ed, d\u0159ev\u011bn\u00e1 struktura, povrchov\u00e1 \u00faprava, p\u00edskov\u00e1n\u00ed, elektrofor\u00e9za, kart\u00e1\u010dov\u00e1n\u00ed, le\u0161t\u011bn\u00ed atd.<\/td>\n<\/tr>\n<tr>\n<td class=\"label\">Hloubkov\u00e9 zpracov\u00e1n\u00ed CNC<\/td>\n<td>\u0159ez\u00e1n\u00ed, vrt\u00e1n\u00ed, obr\u00e1b\u011bn\u00ed, d\u011brov\u00e1n\u00ed, oh\u00fdb\u00e1n\u00ed, z\u00e1vitov\u00e1n\u00ed atd.<\/td>\n<\/tr>\n<tr>\n<td class=\"label\">Certifikace<\/td>\n<td>CE, ISO, SGS, TUV, ROHS<\/td>\n<\/tr>\n<tr>\n<td class=\"label\">Vzorky<\/td>\n<td>vzorek zdarma. Dod\u00e1n\u00ed do 1-3 dn\u016f.<\/td>\n<\/tr>\n<tr>\n<td class=\"label\">MOQ<\/td>\n<td>200 kg pro ka\u017ed\u00fd profil<\/td>\n<\/tr>\n<tr>\n<td class=\"label\">Doba dod\u00e1n\u00ed<\/td>\n<td>V\u00fdvoj formy a kontrola vzorku trv\u00e1 12-15 dn\u00ed, v\u00fdroba pak 15-25 dn\u00ed po obdr\u017een\u00ed z\u00e1lohy od kupuj\u00edc\u00edho.<\/td>\n<\/tr>\n<tr>\n<td class=\"label\">Platebn\u00ed podm\u00ednky<\/td>\n<td>30% z\u00e1loha p\u0159ed v\u00fdrobou a z\u016fstatek p\u0159ed odesl\u00e1n\u00edm.<\/td>\n<\/tr>\n<tr>\n<td class=\"label\">Funkce<\/td>\n<td>Multifunk\u010dn\u00ed, dr\u017e\u00e1k, odn\u00edmateln\u00fd<\/td>\n<\/tr>\n<\/table>\n<h2>Na\u0161e v\u00fdrobn\u00ed z\u00e1kladna<\/h2>\n<h3>Panorama tov\u00e1rny<\/h3>\n<p><img decoding=\"async\" src=\"\/wp-content\/uploads\/factory-01.webp\"\/><\/p>\n<h3>D\u00edlna na v\u00fdrobu hlin\u00edkov\u00fdch ty\u010d\u00ed<\/h3>\n<p><img decoding=\"async\" src=\"\/wp-content\/uploads\/factory-02.webp\"\/><\/p>\n<\/p>\n<p><img decoding=\"async\" src=\"\/wp-content\/uploads\/factory-03.webp\"\/><\/p>\n<h3>Sklad pl\u00edsn\u00ed<\/h3>\n<p><img decoding=\"async\" src=\"\/wp-content\/uploads\/factory-04.webp\"\/><\/p>\n<h3>43 linek na vytla\u010dov\u00e1n\u00ed hlin\u00edku (500 - 5500 tun)<\/h3>\n<p><img decoding=\"async\" src=\"\/wp-content\/uploads\/factory-05.webp\"\/><\/p>\n<p><img decoding=\"async\" src=\"\/wp-content\/uploads\/factory-06.webp\"\/><\/p>\n<p><img decoding=\"async\" src=\"\/wp-content\/uploads\/factory-07.webp\"\/><\/p>\n<h3>D\u00edlna pr\u00e1\u0161kov\u00e9ho lakov\u00e1n\u00ed<\/h3>\n<p><img decoding=\"async\" src=\"\/wp-content\/uploads\/factory-09.webp\"\/><\/p>\n<h3>D\u00edlna eloxov\u00e1n\u00ed<\/h3>\n<p><img decoding=\"async\" src=\"\/wp-content\/uploads\/factory-10.webp\"\/><\/p>\n<h3>Workshop o hloubkov\u00e9m zpracov\u00e1n\u00ed<\/h3>\n<p><img decoding=\"async\" src=\"\/wp-content\/uploads\/factory-11.webp\"\/><\/p>\n<h3>D\u00edlna CNC p\u0159esn\u00e9ho obr\u00e1b\u011bn\u00ed<\/h3>\n<p><img decoding=\"async\" src=\"\/wp-content\/uploads\/factory-11.5.webp\"\/><\/p>\n<h3>Sklad hotov\u00fdch v\u00fdrobk\u016f a exportn\u00ed sklad<\/h3>\n<p><img decoding=\"async\" src=\"\/wp-content\/uploads\/factory-12.webp\"\/><\/p>\n<p><img decoding=\"async\" src=\"\/wp-content\/uploads\/factory-13.webp\"\/><\/p>\n<p><img decoding=\"async\" src=\"\/wp-content\/uploads\/factory-14.webp\"\/><\/p>\n<h2>\u010cASTO KLADEN\u00c9 DOTAZY<\/h2>\n<p><b>1.Co je r\u00e1m postele z hlin\u00edkov\u00fdch profil\u016f? <\/b><\/p>\n<p> R\u00e1m postele z hlin\u00edkov\u00fdch profil\u016f je konstrukce postele vyroben\u00e1 z modul\u00e1rn\u00edch hlin\u00edkov\u00fdch v\u00fdlisk\u016f, kter\u00e1 nab\u00edz\u00ed pevnost, stabilitu a modern\u00ed design pro obytn\u00e9 nebo komer\u010dn\u00ed pou\u017eit\u00ed.\n<\/p>\n<p><\/p>\n<p><b>2.Jak\u00e9 jsou v\u00fdhody r\u00e1mu postele z hlin\u00edkov\u00fdch profil\u016f? <\/b><\/p>\n<p> R\u00e1my postel\u00ed z hlin\u00edkov\u00fdch profil\u016f jsou lehk\u00e9, odoln\u00e9 proti korozi, trvanliv\u00e9 a snadno se montuj\u00ed, tak\u017ee jsou ide\u00e1ln\u00ed pro dlouhodob\u00e9 pou\u017e\u00edv\u00e1n\u00ed s n\u00edzk\u00fdmi n\u00e1roky na \u00fadr\u017ebu.\n<\/p>\n<p><\/p>\n<p><b>3.Jak pevn\u00fd je r\u00e1m postele z hlin\u00edkov\u00fdch profil\u016f? <\/b><\/p>\n<p> Tyto r\u00e1my postel\u00ed jsou vyrobeny z vysoce kvalitn\u00edch hlin\u00edkov\u00fdch v\u00fdlisk\u016f a poskytuj\u00ed vynikaj\u00edc\u00ed nosnost a struktur\u00e1ln\u00ed integritu.\n<\/p>\n<p><\/p>\n<p><b>4.Je mont\u00e1\u017e r\u00e1mu postele z hlin\u00edkov\u00fdch profil\u016f snadn\u00e1? <\/b><\/p>\n<p> Ano, modul\u00e1rn\u00ed konstrukce a p\u0159ed\u0159ezan\u00e9 hlin\u00edkov\u00e9 profily umo\u017e\u0148uj\u00ed rychlou mont\u00e1\u017e s minim\u00e1ln\u00edm \u00fasil\u00edm a bez pou\u017eit\u00ed n\u00e1\u0159ad\u00ed.\n<\/p>\n<p><\/p>\n<p><b>5.Lze hlin\u00edkov\u00e9 profilov\u00e9 r\u00e1my postel\u00ed p\u0159izp\u016fsobit? <\/b><\/p>\n<p> Jejich velikost, v\u00fd\u0161ku a styl lze p\u0159izp\u016fsobit konkr\u00e9tn\u00edmu designu interi\u00e9ru nebo osobn\u00edm preferenc\u00edm.\n<\/p>\n<p><\/p>\n<p><b>6.Je r\u00e1m postele z hlin\u00edkov\u00fdch profil\u016f \u0161etrn\u00fd k \u017eivotn\u00edmu prost\u0159ed\u00ed? <\/b><\/p>\n<p> Ano, hlin\u00edk je 100% recyklovateln\u00fd a m\u00e1 dlouhou \u017eivotnost, tak\u017ee tyto r\u00e1my postel\u00ed jsou udr\u017eitelnou a ekologickou volbou.\n<\/p>\n<p><\/p>\n<p><b>7.Rezav\u00ed r\u00e1m postele z hlin\u00edkov\u00fdch profil\u016f v pr\u016fb\u011bhu \u010dasu? <\/b><\/p>\n<p> Ne, hlin\u00edk je p\u0159irozen\u011b odoln\u00fd proti korozi, tak\u017ee r\u00e1m postele nerezav\u00ed ani ve vlhk\u00e9m prost\u0159ed\u00ed.\n<\/p>\n<p><\/p>\n<p><b>8.Jak\u00fd je r\u00e1m postele z hlin\u00edkov\u00fdch profil\u016f ve srovn\u00e1n\u00ed se d\u0159evem nebo ocel\u00ed? <\/b><\/p>\n<p> V porovn\u00e1n\u00ed se d\u0159evem nebo ocel\u00ed jsou r\u00e1my postel\u00ed z hlin\u00edkov\u00fdch profil\u016f leh\u010d\u00ed, odoln\u011bj\u0161\u00ed proti opot\u0159eben\u00ed a vlhkosti a lze je snadn\u011bji p\u0159em\u00edstit nebo upravit.\n<\/p>\n<p><\/p>\n<p><b>9.Jsou r\u00e1my postel\u00ed z hlin\u00edkov\u00fdch profil\u016f vhodn\u00e9 pro komer\u010dn\u00ed pou\u017eit\u00ed? <\/b><\/p>\n<p> Ano, d\u00edky sv\u00e9 robustn\u00ed konstrukci a elegantn\u00edmu vzhledu jsou ide\u00e1ln\u00ed pro hotely, ubytovny a zdravotnick\u00e1 za\u0159\u00edzen\u00ed.\n<\/p>\n<p><\/p>\n<p><b>10.Jak\u00e9 typy jsou k dispozici pro r\u00e1my postel\u00ed z hlin\u00edkov\u00fdch profil\u016f? <\/b><\/p>\n<p> R\u00e1my postel\u00ed z hlin\u00edkov\u00fdch profil\u016f mohou b\u00fdt navr\u017eeny v minimalistick\u00e9m, modern\u00edm, pr\u016fmyslov\u00e9m nebo zak\u00e1zkov\u00e9m stylu, aby vyhovovaly r\u016fzn\u00fdm estetick\u00fdm po\u017eadavk\u016fm.\n<\/p>\n<p><\/p>","protected":false},"featured_media":5986,"template":"","categories":[55],"class_list":["post-5987","product","type-product","status-publish","has-post-thumbnail","hentry","category-extruded-aluminum-profiles"],"meta_box":{"hilight_text_group":{"product_hilight_text":"<li>Durable aluminum construction ensures long lifespan with minimal maintenance<\/li>\r\r\n<li>Lightweight design for easy transport and installation<\/li>\r\r\n<li>Modular structure allows quick assembly and customization<\/li>\r\r\n<li>Corrosion-resistant finish suitable for medical, dormitory, and industrial use<\/li>\r\r\n<li>Supports heavy loads while maintaining structural stability<\/li>","product_chanpin_chanpin":"<li><a href=\"https:\/\/sinoextrud.com\/product\/aluminum-extrusion-7003-7005-7020\/\" target=\"_blank\">Aluminum Extrusion 7003 7005 7020 High Hardness Anodized Aluminum Profile<\/a><\/li>\r\n<li><a href=\"https:\/\/sinoextrud.com\/product\/aluminum-extrusion-flood-control-barrier-aluminum-profile\/\" target=\"_blank\">Aluminum Extrusion Flood Control Barrier Aluminum Profile<\/a><\/li>\r\n<li><a href=\"https:\/\/sinoextrud.com\/product\/extruded-aluminum-flat-bar-6061-7075\/\" target=\"_blank\">Extruded Aluminum Flat Bar 6061 7075<\/a><\/li>\r\n<li><a href=\"https:\/\/sinoextrud.com\/product\/extruded-aluminum-tubing-shapes-supplier\/\" target=\"_blank\">Extruded Aluminum Tubing Shapes Supplier<\/a><\/li>\r\n<li><a href=\"https:\/\/sinoextrud.com\/product\/aluminium-profile-bed-frame\/\" target=\"_blank\">Aluminium Profile Bed Frame<\/a><\/li>\r\n<li><a href=\"https:\/\/sinoextrud.com\/product\/aluminum-extrusion-industry-modular-components-profile\/\" target=\"_blank\">Aluminum Extrusion Industry Modular Components Profile<\/a><\/li>\r\n<li><a href=\"https:\/\/sinoextrud.com\/product\/aluminium-profile-systems\/\" target=\"_blank\">Aluminium Profile Systems<\/a><\/li>\r\n<li><a href=\"https:\/\/sinoextrud.com\/product\/aluminium-extrusion-profile-section\/\" target=\"_blank\">Aluminium Extrusion Profile Section(Great Wall panel aluminum profile)<\/a><\/li>\r\n<li><a href=\"https:\/\/sinoextrud.com\/product\/industrial-aluminum-profiles\/\" target=\"_blank\">Industrial Aluminum Profiles<\/a><\/li>\r\n<li><a href=\"https:\/\/sinoextrud.com\/product\/decoration-aluminium\/\" target=\"_blank\">Decoration aluminium<\/a><\/li>\r\n<li><a href=\"https:\/\/sinoextrud.com\/product\/anodized-matt-and-various-color-extruded-construction-aluminium-profile\/\" target=\"_blank\">Anodized Matt And Various Color Extruded Construction Aluminium Profile<\/a><\/li>"},"feature_list":[]},"_links":{"self":[{"href":"https:\/\/sinoextrud.com\/cs\/wp-json\/wp\/v2\/product\/5987","targetHints":{"allow":["GET"]}}],"collection":[{"href":"https:\/\/sinoextrud.com\/cs\/wp-json\/wp\/v2\/product"}],"about":[{"href":"https:\/\/sinoextrud.com\/cs\/wp-json\/wp\/v2\/types\/product"}],"wp:featuredmedia":[{"embeddable":true,"href":"https:\/\/sinoextrud.com\/cs\/wp-json\/wp\/v2\/media\/5986"}],"wp:attachment":[{"href":"https:\/\/sinoextrud.com\/cs\/wp-json\/wp\/v2\/media?parent=5987"}],"wp:term":[{"taxonomy":"category","embeddable":true,"href":"https:\/\/sinoextrud.com\/cs\/wp-json\/wp\/v2\/categories?post=5987"}],"curies":[{"name":"wp","href":"https:\/\/api.w.org\/{rel}","templated":true}]}}