{"id":5608,"date":"2025-05-15T14:04:47","date_gmt":"2025-05-15T14:04:47","guid":{"rendered":"https:\/\/sinoextrud.com\/?post_type=product&#038;p=5608"},"modified":"2025-06-24T03:52:33","modified_gmt":"2025-06-24T03:52:33","slug":"hlinikovy-vylisek-galvanicky-pokoveny-sprchovy-kout-hlinikovy-profil","status":"publish","type":"product","link":"https:\/\/sinoextrud.com\/cs\/product\/aluminum-extrusion-electroplated-shower-room-aluminum-profile\/","title":{"rendered":"Hlin\u00edkov\u00fd vytla\u010dovan\u00fd galvanicky pokoven\u00fd hlin\u00edkov\u00fd profil pro sprchov\u00fd kout"},"content":{"rendered":"<h2>Podrobnosti o produktech<\/h2>\n<table class=\"custom-table\">\n<tr>\n<td class=\"label\">Rozsah produkt\u016f:<\/td>\n<td>Hlin\u00edkov\u00fd v\u00fdlisek pro 6463 Mirror Chrome Polish Aluminium Profiles, 6463 Mirror Chrome Polish Aluminium Profiles For Shower Enclosure, Glass Shower Door, Aluminum Shower Door Frame, atd.<\/td>\n<\/tr>\n<tr>\n<td class=\"label\">Povrchov\u00e1 \u00faprava:<\/td>\n<td>Galvanicky pokoven\u00fd, le\u0161t\u011bn\u00fd Zrcadlov\u00fd hlin\u00edkov\u00fd kan\u00e1l<\/td>\n<\/tr>\n<tr>\n<td class=\"label\">Standardn\u00ed:<\/td>\n<td>St\u0159edn\u00ed a vysok\u00e1 kvalita<\/td>\n<\/tr>\n<tr>\n<td class=\"label\">MOQ:<\/td>\n<td>200KGS pro ka\u017edou polo\u017eku a ka\u017edou barvu<\/td>\n<\/tr>\n<tr>\n<td class=\"label\">Doba dod\u00e1n\u00ed:<\/td>\n<td>15-21dn\u00ed po obdr\u017een\u00ed z\u00e1lohy<\/td>\n<\/tr>\n<tr>\n<td class=\"label\">Podrobnosti o balen\u00ed:<\/td>\n<td>Uvnit\u0159: zabalen\u00e1 ochrann\u00e1 plastov\u00e1 f\u00f3lie pro ka\u017ed\u00fd kus na ochranu.Vn\u011b: zabaleno s vod\u011bodoln\u00fdm \u0159emesln\u00fdm pap\u00edrem na povrchu.<\/td>\n<\/tr>\n<tr>\n<td class=\"label\">Schopnost z\u00e1sobov\u00e1n\u00ed:<\/td>\n<td>10000 tun za m\u011bs\u00edc Pr\u016fmyslov\u00fd hlin\u00edkov\u00fd profil<\/td>\n<\/tr>\n<tr>\n<td class=\"label\">T\u0159\u00edda:<\/td>\n<td>6063, 6463<\/td>\n<\/tr>\n<tr>\n<td class=\"label\">Tvar:<\/td>\n<td>ve tvaru p\u00edsmene U, hlin\u00edkov\u00fd kan\u00e1l C nebo na m\u00edru<\/td>\n<\/tr>\n<tr>\n<td class=\"label\">Pou\u017eit\u00ed:<\/td>\n<td>Zrcadlov\u011b chromovan\u00e9 hlin\u00edkov\u00e9 profily pro sprchov\u00e9 kouty, sklen\u011bn\u00e9 sprchov\u00e9 dve\u0159e<\/td>\n<\/tr>\n<tr>\n<td class=\"label\">Z\u00e1ruka:<\/td>\n<td>TUV, ROHS, CQM, CE, BV, SONCAP \/ GB, ISO, JIS, AS, NZS<\/td>\n<\/tr>\n<tr>\n<td class=\"label\">D\u00e9lka v\u00fdvozu:<\/td>\n<td>5,8 m pro 20 stop, 5,9 m \/ 6,0 m pro 40'GP<\/td>\n<\/tr>\n<tr>\n<td class=\"label\">Slu\u017eba zpracov\u00e1n\u00ed:<\/td>\n<td>Oh\u00fdb\u00e1n\u00ed, odv\u00edjen\u00ed, sva\u0159ov\u00e1n\u00ed, d\u011brov\u00e1n\u00ed, \u0159ez\u00e1n\u00ed<\/td>\n<\/tr>\n<\/table>\n<h2>Na\u0161e v\u00fdrobn\u00ed z\u00e1kladna<\/h2>\n<h3>Panorama tov\u00e1rny<\/h3>\n<p><img decoding=\"async\" src=\"\/wp-content\/uploads\/factory-01.webp\"\/><\/p>\n<h3>D\u00edlna na v\u00fdrobu hlin\u00edkov\u00fdch ty\u010d\u00ed<\/h3>\n<p><img decoding=\"async\" src=\"\/wp-content\/uploads\/factory-02.webp\"\/><\/p>\n<\/p>\n<p><img decoding=\"async\" src=\"\/wp-content\/uploads\/factory-03.webp\"\/><\/p>\n<h3>Sklad pl\u00edsn\u00ed<\/h3>\n<p><img decoding=\"async\" src=\"\/wp-content\/uploads\/factory-04.webp\"\/><\/p>\n<h3>43 linek na vytla\u010dov\u00e1n\u00ed hlin\u00edku (500 - 5500 tun)<\/h3>\n<p><img decoding=\"async\" src=\"\/wp-content\/uploads\/factory-05.webp\"\/><\/p>\n<p><img decoding=\"async\" src=\"\/wp-content\/uploads\/factory-06.webp\"\/><\/p>\n<p><img decoding=\"async\" src=\"\/wp-content\/uploads\/factory-07.webp\"\/><\/p>\n<h3>D\u00edlna pr\u00e1\u0161kov\u00e9ho lakov\u00e1n\u00ed<\/h3>\n<p><img decoding=\"async\" src=\"\/wp-content\/uploads\/factory-09.webp\"\/><\/p>\n<h3>D\u00edlna eloxov\u00e1n\u00ed<\/h3>\n<p><img decoding=\"async\" src=\"\/wp-content\/uploads\/factory-10.webp\"\/><\/p>\n<h3>Workshop o hloubkov\u00e9m zpracov\u00e1n\u00ed<\/h3>\n<p><img decoding=\"async\" src=\"\/wp-content\/uploads\/factory-11.webp\"\/><\/p>\n<h3>D\u00edlna CNC p\u0159esn\u00e9ho obr\u00e1b\u011bn\u00ed<\/h3>\n<p><img decoding=\"async\" src=\"\/wp-content\/uploads\/factory-11.5.webp\"\/><\/p>\n<h3>Sklad hotov\u00fdch v\u00fdrobk\u016f a exportn\u00ed sklad<\/h3>\n<p><img decoding=\"async\" src=\"\/wp-content\/uploads\/factory-12.webp\"\/><\/p>\n<p><img decoding=\"async\" src=\"\/wp-content\/uploads\/factory-13.webp\"\/><\/p>\n<p><img decoding=\"async\" src=\"\/wp-content\/uploads\/factory-14.webp\"\/><\/p>\n<h2>\u010cASTO KLADEN\u00c9 DOTAZY<\/h2>\n<p><b>1.Co je to hlin\u00edkov\u00fd vytla\u010dovac\u00ed galvanicky pokoven\u00fd hlin\u00edkov\u00fd profil pro sprchov\u00e9 kouty?<\/b><\/p>\n<p>Hlin\u00edkov\u00fd profil pro sprchov\u00e9 kouty s galvanick\u00fdm pokoven\u00edm je speci\u00e1ln\u011b upraven\u00fd hlin\u00edkov\u00fd r\u00e1m ur\u010den\u00fd pro sprchov\u00e9 kouty, kter\u00fd kombinuje pevnost, odolnost proti korozi a prvot\u0159\u00eddn\u00ed galvanickou povrchovou \u00fapravu.\n<\/p>\n<p><\/p>\n<p><b>2.Jak\u00e9 jsou v\u00fdhody galvanick\u00e9ho pokovov\u00e1n\u00ed hlin\u00edkov\u00fdch profil\u016f pro sprchov\u00e9 kouty?<\/b><\/p>\n<p>Galvanick\u00e9 pokoven\u00ed zvy\u0161uje tvrdost povrchu, zaji\u0161\u0165uje lesklou povrchovou \u00fapravu odolnou proti korozi a zlep\u0161uje odolnost pro dlouhotrvaj\u00edc\u00ed v\u00fdkon ve vlhk\u00e9m prost\u0159ed\u00ed.\n<\/p>\n<p><\/p>\n<p><b>3.Pro\u010d pou\u017e\u00edvat hlin\u00edkov\u00e9 v\u00fdlisky pro profily sprchov\u00fdch kout\u016f?<\/b><\/p>\n<p>Hlin\u00edkov\u00e1 extruze umo\u017e\u0148uje vytv\u00e1\u0159et p\u0159esn\u00e9, lehk\u00e9 a pevn\u00e9 r\u00e1mov\u00e9 konstrukce, kter\u00e9 jsou ide\u00e1ln\u00ed pro individu\u00e1ln\u00ed design a vysokou stabilitu modern\u00edch sprchov\u00fdch kout\u016f.\n<\/p>\n<p><\/p>\n<p><b>4.Jak hlin\u00edkov\u00fd profil zlep\u0161uje vzhled sprchov\u00e9ho koutu?<\/b><\/p>\n<p>Elegantn\u00ed, galvanicky pokoven\u00e1 povrchov\u00e1 \u00faprava hlin\u00edkov\u00fdch profil\u016f nab\u00edz\u00ed le\u0161t\u011bn\u00fd, elegantn\u00ed vzhled, kter\u00fd zvy\u0161uje celkovou estetiku koupelny.\n<\/p>\n<p><\/p>\n<p><b>5.Je galvanicky pokoven\u00fd hlin\u00edk odoln\u00fd proti korozi a rzi?<\/b><\/p>\n<p>Ano, proces galvanick\u00e9ho pokovov\u00e1n\u00ed vytv\u00e1\u0159\u00ed ochrannou bari\u00e9ru, tak\u017ee hlin\u00edkov\u00fd profil je vysoce odoln\u00fd proti vlhkosti, rzi a oxidaci ve vlhk\u00fdch koupeln\u00e1ch.\n<\/p>\n<p><\/p>\n<p><b>6.Snadno se tyto hlin\u00edkov\u00e9 profily \u010dist\u00ed a udr\u017euj\u00ed?<\/b><\/p>\n<p>Ano, galvanicky pokoven\u00e9 hlin\u00edkov\u00e9 povrchy jsou hladk\u00e9 a nepor\u00e9zn\u00ed, tak\u017ee se snadno \u010dist\u00ed a jsou odoln\u00e9 proti skvrn\u00e1m od vody a usazov\u00e1n\u00ed m\u00fddla.\n<\/p>\n<p><\/p>\n<p><b>7.Can hlin\u00edkov\u00e9 vytla\u010dov\u00e1n\u00ed galvanicky pokoven\u00e9 sprchov\u00e9 profily b\u00fdt p\u0159izp\u016fsobeny?<\/b><\/p>\n<p>Ano, tyto profily lze lisovat v r\u016fzn\u00fdch tvarech a velikostech, s p\u0159izp\u016fsoben\u00fdmi povrchov\u00fdmi \u00fapravami a barvami, aby vyhovovaly r\u016fzn\u00fdm design\u016fm sprchov\u00fdch kout\u016f.\n<\/p>\n<p><\/p>\n<p><b>8.Je hlin\u00edkov\u00fd profil dostate\u010dn\u011b pevn\u00fd, aby unesl sklen\u011bn\u00e9 sprchov\u00e9 panely?<\/b><\/p>\n<p>Ano, galvanicky pokoven\u00e9 hlin\u00edkov\u00e9 profily maj\u00ed vynikaj\u00edc\u00ed konstruk\u010dn\u00ed pevnost a stabilitu, tak\u017ee jsou vhodn\u00e9 pro podep\u0159en\u00ed panel\u016f z tvrzen\u00e9ho skla ve sprchov\u00fdch koutech.\n<\/p>\n<p><\/p>\n<p><b>9.Jsou galvanicky pokoven\u00e9 hlin\u00edkov\u00e9 profily vhodn\u00e9 pro bezr\u00e1mov\u00e9 sprchov\u00e9 kouty?<\/b><\/p>\n<p>Ano, \u0161t\u00edhl\u00e9 a pevn\u00e9 hlin\u00edkov\u00e9 profily lze pou\u017e\u00edt jako dopln\u011bk bezr\u00e1mov\u00fdch nebo \u010d\u00e1ste\u010dn\u011b bezr\u00e1mov\u00fdch sprchov\u00fdch kout\u016f p\u0159i zachov\u00e1n\u00ed trvanlivosti a elegance.\n<\/p>\n<p><\/p>\n<p><b>10.Je galvanicky pokoven\u00fd hlin\u00edk pro sprchov\u00e9 kouty ekologick\u00fd?<\/b><\/p>\n<p>Ano, hlin\u00edk je recyklovateln\u00fd a dne\u0161n\u00ed procesy galvanick\u00e9ho pokovov\u00e1n\u00ed jsou navr\u017eeny tak, aby byly v souladu s \u017eivotn\u00edm prost\u0159ed\u00edm, co\u017e nab\u00edz\u00ed udr\u017eitelnou mo\u017enost pro koupelnov\u00e9 armatury.\n<\/p>\n<p><\/p>","protected":false},"featured_media":5607,"template":"","categories":[55],"class_list":["post-5608","product","type-product","status-publish","has-post-thumbnail","hentry","category-extruded-aluminum-profiles"],"meta_box":{"hilight_text_group":{"product_hilight_text":"Aluminum extrusion electroplated shower room aluminum profile, a top-quality product that is perfect for modern bathrooms. Made with high-grade aluminum extrusion and finished with a stunning electroplated coating, Zhonglian shower room aluminum profile is a durable, strong, and sleek addition to your bathroom. With their range of styles, sizes, and finishes, you can choose the perfect aluminum profiles to match their design preferences and create a beautiful and functional shower room.","product_chanpin_chanpin":"<li><a href=\"https:\/\/sinoextrud.com\/product\/aluminum-extrusion-1060-aluminum-profile\/\" target=\"_blank\">Aluminum Extrusion 1060 Aluminum Profile<\/a><\/li>\r\n<li><a href=\"https:\/\/sinoextrud.com\/product\/aluminum-extrusion-6061-6063-aluminum-profile-for-lamppost\/\" target=\"_blank\">Aluminum Extrusion 6061 6063 Aluminum Profile For Lamppost<\/a><\/li>\r\n<li><a href=\"https:\/\/sinoextrud.com\/product\/6061-6063-6082-street-lamp-column-aluminum-profile\/\" target=\"_blank\">6061 6063 6082 Street Lamp Column Aluminum Profile<\/a><\/li>\r\n<li><a href=\"https:\/\/sinoextrud.com\/product\/aluminum-extrusion-linear-led-lighting-aluminum-profile\/\" target=\"_blank\">Aluminum Extrusion Linear LED Lighting Aluminum Profile<\/a><\/li>\r\n<li><a href=\"https:\/\/sinoextrud.com\/product\/aluminum-extrusion-electroplated-shower-room-aluminum-profile\/\" target=\"_blank\">Aluminum Extrusion Electroplated Shower Room Aluminum Profile<\/a><\/li>\r\n<li><a href=\"https:\/\/sinoextrud.com\/product\/aluminum-extrusion-hard-anodizing-aluminum-profiles\/\" target=\"_blank\">Aluminum Extrusion Hard Anodizing Aluminum Profiles<\/a><\/li>\r\n<li><a href=\"https:\/\/sinoextrud.com\/product\/aluminium-extrud-6061-6082-7075-aluminum-alloy-profiles\/\" target=\"_blank\">Aluminum Extrusion 2024 7001 7003 Aluminum Profile<\/a><\/li>\r\n<li><a href=\"https:\/\/sinoextrud.com\/product\/aluminum-extrusion-6101b-conductive-rail-aluminum-profile\/\" target=\"_blank\">Aluminum Extrusion 6101B Conductive Rail Aluminum Profile<\/a><\/li>\r\n<li><a href=\"https:\/\/sinoextrud.com\/product\/aluminum-extrusion-aluminum-rolling-shutters-profile\/\" target=\"_blank\">Aluminum Extrusion Aluminum Rolling Shutters Profile<\/a><\/li>\r\n<li><a href=\"https:\/\/sinoextrud.com\/product\/extrusion-aluminum-handrails-profile-powder-coated-white\/\" target=\"_blank\">Extrusion Aluminum Handrails Profile Powder Coated White<\/a><\/li>\r\n<li><a href=\"https:\/\/sinoextrud.com\/product\/6063-t5-aluminum-extruded-profiles\/\" target=\"_blank\">6063 T5 Aluminum Extruded Profiles<\/a><\/li>"},"feature_list":[]},"_links":{"self":[{"href":"https:\/\/sinoextrud.com\/cs\/wp-json\/wp\/v2\/product\/5608","targetHints":{"allow":["GET"]}}],"collection":[{"href":"https:\/\/sinoextrud.com\/cs\/wp-json\/wp\/v2\/product"}],"about":[{"href":"https:\/\/sinoextrud.com\/cs\/wp-json\/wp\/v2\/types\/product"}],"wp:featuredmedia":[{"embeddable":true,"href":"https:\/\/sinoextrud.com\/cs\/wp-json\/wp\/v2\/media\/5607"}],"wp:attachment":[{"href":"https:\/\/sinoextrud.com\/cs\/wp-json\/wp\/v2\/media?parent=5608"}],"wp:term":[{"taxonomy":"category","embeddable":true,"href":"https:\/\/sinoextrud.com\/cs\/wp-json\/wp\/v2\/categories?post=5608"}],"curies":[{"name":"wp","href":"https:\/\/api.w.org\/{rel}","templated":true}]}}