{"id":5604,"date":"2025-05-15T13:57:47","date_gmt":"2025-05-15T13:57:47","guid":{"rendered":"https:\/\/sinoextrud.com\/?post_type=product&#038;p=5604"},"modified":"2025-06-24T03:52:31","modified_gmt":"2025-06-24T03:52:31","slug":"hlinikovy-vylisek-linearni-led-osvetleni-hlinikovy-profil","status":"publish","type":"product","link":"https:\/\/sinoextrud.com\/cs\/product\/aluminum-extrusion-linear-led-lighting-aluminum-profile\/","title":{"rendered":"Hlin\u00edkov\u00fd v\u00fdlisek Line\u00e1rn\u00ed LED osv\u011btlen\u00ed Hlin\u00edkov\u00fd profil"},"content":{"rendered":"<h2>Podrobnosti o produktech<\/h2>\n<table class=\"custom-table\">\n<tr>\n<td class=\"label\">N\u00e1zev polo\u017eky:<\/td>\n<td>Hlin\u00edkov\u00fd v\u00fdlisek Line\u00e1rn\u00ed LED osv\u011btlen\u00ed Hlin\u00edkov\u00fd profil<\/td>\n<\/tr>\n<tr>\n<td class=\"label\">Slitina nebo ne:<\/td>\n<td>Je slitina<\/td>\n<\/tr>\n<tr>\n<td class=\"label\">Rozsah produkt\u016f:<\/td>\n<td>Hlin\u00edkov\u00fd v\u00fdlisek pro pr\u016fmyslov\u00e9 line\u00e1rn\u00ed osv\u011btlen\u00ed hlin\u00edku, vodot\u011bsn\u00e9 LED line\u00e1rn\u00ed sv\u011btlo hlin\u00edku, LED neon slot hlin\u00edkov\u00fd profil, atd.<\/td>\n<\/tr>\n<tr>\n<td class=\"label\">V\u00fdrobn\u00ed technologie:<\/td>\n<td>A: \u0159ez\u00e1n\u00ed po barven\u00ed dlouh\u00e9ho kusu;B: \u0159ez\u00e1n\u00ed nebo barven\u00ed kr\u00e1tk\u00fdch d\u00edl\u016f po obr\u00e1b\u011bn\u00ed.<\/td>\n<\/tr>\n<tr>\n<td class=\"label\">Standardn\u00ed:<\/td>\n<td>St\u0159edn\u00ed a vysok\u00e1 kvalita<\/td>\n<\/tr>\n<tr>\n<td class=\"label\">MOQ:<\/td>\n<td>200KGS pro ka\u017edou polo\u017eku a ka\u017edou barvu<\/td>\n<\/tr>\n<tr>\n<td class=\"label\">Doba dod\u00e1n\u00ed:<\/td>\n<td>15-21dn\u00ed po obdr\u017een\u00ed z\u00e1lohy<\/td>\n<\/tr>\n<tr>\n<td class=\"label\">Podrobnosti o balen\u00ed:<\/td>\n<td>Uvnit\u0159: zabalen\u00e1 ochrann\u00e1 f\u00f3lie pro ka\u017ed\u00fd kus na ochranu. Vn\u011bj\u0161\u00ed strana: zabaleno s vod\u011bodoln\u00fdm \u0159emesln\u00fdm pap\u00edrem na povrchu.<\/td>\n<\/tr>\n<tr>\n<td class=\"label\">Schopnost z\u00e1sobov\u00e1n\u00ed:<\/td>\n<td>5000 tun za m\u011bs\u00edc Pr\u016fmyslov\u00fd hlin\u00edkov\u00fd profil<\/td>\n<\/tr>\n<tr>\n<td class=\"label\">T\u0159\u00edda:<\/td>\n<td>6063-T5<\/td>\n<\/tr>\n<tr>\n<td class=\"label\">Tvar:<\/td>\n<td>Ve tvaru U nebo na m\u00edru<\/td>\n<\/tr>\n<tr>\n<td class=\"label\">Pou\u017eit\u00ed:<\/td>\n<td>N\u00e1kupn\u00ed centra, hotely, kancel\u00e1\u0159sk\u00e9 budovy, tov\u00e1rny (hlin\u00edkov\u00e1 dr\u00e1\u017eka ve\u0159ejn\u00e9ho osv\u011btlen\u00ed)<\/td>\n<\/tr>\n<tr>\n<td class=\"label\">Instalace:<\/td>\n<td>Zved\u00e1n\u00ed\/stropn\u00ed\/n\u00e1st\u011bnn\u00e9\/zav\u011b\u0161ov\u00e1n\u00ed na st\u011bnu<\/td>\n<\/tr>\n<tr>\n<td class=\"label\">Z\u00e1ruka:<\/td>\n<td>certifik\u00e1t z\u00e1kazn\u00edka, jako je BV, Soncap, ISO<\/td>\n<\/tr>\n<tr>\n<td class=\"label\">D\u00e9lka v\u00fdvozu:<\/td>\n<td>5,8 m pro 20 stop, 5,9 m \/ 6,0 m pro 40'GP<\/td>\n<\/tr>\n<\/table>\n<h2>Na\u0161e v\u00fdrobn\u00ed z\u00e1kladna<\/h2>\n<h3>Panorama tov\u00e1rny<\/h3>\n<p><img decoding=\"async\" src=\"\/wp-content\/uploads\/factory-01.webp\"\/><\/p>\n<h3>D\u00edlna na v\u00fdrobu hlin\u00edkov\u00fdch ty\u010d\u00ed<\/h3>\n<p><img decoding=\"async\" src=\"\/wp-content\/uploads\/factory-02.webp\"\/><\/p>\n<\/p>\n<p><img decoding=\"async\" src=\"\/wp-content\/uploads\/factory-03.webp\"\/><\/p>\n<h3>Sklad pl\u00edsn\u00ed<\/h3>\n<p><img decoding=\"async\" src=\"\/wp-content\/uploads\/factory-04.webp\"\/><\/p>\n<h3>43 linek na vytla\u010dov\u00e1n\u00ed hlin\u00edku (500 - 5500 tun)<\/h3>\n<p><img decoding=\"async\" src=\"\/wp-content\/uploads\/factory-05.webp\"\/><\/p>\n<p><img decoding=\"async\" src=\"\/wp-content\/uploads\/factory-06.webp\"\/><\/p>\n<p><img decoding=\"async\" src=\"\/wp-content\/uploads\/factory-07.webp\"\/><\/p>\n<h3>D\u00edlna pr\u00e1\u0161kov\u00e9ho lakov\u00e1n\u00ed<\/h3>\n<p><img decoding=\"async\" src=\"\/wp-content\/uploads\/factory-09.webp\"\/><\/p>\n<h3>D\u00edlna eloxov\u00e1n\u00ed<\/h3>\n<p><img decoding=\"async\" src=\"\/wp-content\/uploads\/factory-10.webp\"\/><\/p>\n<h3>Workshop o hloubkov\u00e9m zpracov\u00e1n\u00ed<\/h3>\n<p><img decoding=\"async\" src=\"\/wp-content\/uploads\/factory-11.webp\"\/><\/p>\n<h3>D\u00edlna CNC p\u0159esn\u00e9ho obr\u00e1b\u011bn\u00ed<\/h3>\n<p><img decoding=\"async\" src=\"\/wp-content\/uploads\/factory-11.5.webp\"\/><\/p>\n<h3>Sklad hotov\u00fdch v\u00fdrobk\u016f a exportn\u00ed sklad<\/h3>\n<p><img decoding=\"async\" src=\"\/wp-content\/uploads\/factory-12.webp\"\/><\/p>\n<p><img decoding=\"async\" src=\"\/wp-content\/uploads\/factory-13.webp\"\/><\/p>\n<p><img decoding=\"async\" src=\"\/wp-content\/uploads\/factory-14.webp\"\/><\/p>\n<h2>\u010cASTO KLADEN\u00c9 DOTAZY<\/h2>\n<p><b>1.Co je hlin\u00edkov\u00fd vytla\u010dovac\u00ed line\u00e1rn\u00ed hlin\u00edkov\u00fd profil LED osv\u011btlen\u00ed?<\/b><\/p>\n<p>Hlin\u00edkov\u00fd profil pro line\u00e1rn\u00ed LED osv\u011btlen\u00ed je speci\u00e1ln\u011b navr\u017een\u00fd hlin\u00edkov\u00fd kryt, kter\u00fd se pou\u017e\u00edv\u00e1 k mont\u00e1\u017ei a ochran\u011b LED p\u00e1sk\u016f v aplikac\u00edch line\u00e1rn\u00edho osv\u011btlen\u00ed.\n<\/p>\n<p><\/p>\n<p><b>2.Jak\u00e9 jsou hlavn\u00ed v\u00fdhody pou\u017eit\u00ed hlin\u00edkov\u00fdch profil\u016f pro line\u00e1rn\u00ed LED osv\u011btlen\u00ed?<\/b><\/p>\n<p>Hlin\u00edkov\u00e9 profily zaji\u0161\u0165uj\u00ed vynikaj\u00edc\u00ed odvod tepla, elegantn\u00ed design a ochranu LED p\u00e1sk\u016f, prodlu\u017euj\u00ed \u017eivotnost a zvy\u0161uj\u00ed v\u00fdkon osv\u011btlen\u00ed.\n<\/p>\n<p><\/p>\n<p><b>3.Pro\u010d zvolit hlin\u00edkov\u00fd v\u00fdlisek pro profily LED osv\u011btlen\u00ed?<\/b><\/p>\n<p>Hlin\u00edkov\u00fd v\u00fdlisek umo\u017e\u0148uje p\u0159esn\u00e9 a p\u0159izp\u016fsobiteln\u00e9 tvary s vysokou odolnost\u00ed, tak\u017ee je ide\u00e1ln\u00ed pro modern\u00ed a efektivn\u00ed line\u00e1rn\u00ed LED osv\u011btlen\u00ed.\n<\/p>\n<p><\/p>\n<p><b>4.Jak hlin\u00edkov\u00e1 extruze zlep\u0161uje \u0159\u00edzen\u00ed tepla sv\u011btla LED?<\/b><\/p>\n<p>Hlin\u00edk m\u00e1 vysokou tepelnou vodivost a konstrukce s vytla\u010dovan\u00fdm profilem pom\u00e1h\u00e1 odv\u00e1d\u011bt teplo z p\u00e1sk\u016f LED, \u010d\u00edm\u017e zabra\u0148uje p\u0159eh\u0159\u00edv\u00e1n\u00ed a zaji\u0161\u0165uje st\u00e1l\u00fd v\u00fdkon.\n<\/p>\n<p><\/p>\n<p><b>5.Jsou hlin\u00edkov\u00e9 profily LED osv\u011btlen\u00ed vhodn\u00e9 pro obytn\u00e9 i komer\u010dn\u00ed pou\u017eit\u00ed?<\/b><\/p>\n<p>Ano, line\u00e1rn\u00ed hlin\u00edkov\u00e9 profily LED jsou univerz\u00e1ln\u00ed a \u0161iroce pou\u017e\u00edvan\u00e9 v dom\u00e1cnostech, kancel\u00e1\u0159\u00edch, obchodn\u00edch prostorech a architektonick\u00fdch projektech osv\u011btlen\u00ed.\n<\/p>\n<p><\/p>\n<p><b>6.Mohou b\u00fdt line\u00e1rn\u00ed hlin\u00edkov\u00e9 profily LED namontov\u00e1ny na povrch nebo zapu\u0161t\u011bny?<\/b><\/p>\n<p>Ano, hlin\u00edkov\u00e9 profily pro line\u00e1rn\u00ed osv\u011btlen\u00ed LED jsou k dispozici v r\u016fzn\u00fdch typech, v\u010detn\u011b povrchov\u00fdch, zapu\u0161t\u011bn\u00fdch a z\u00e1v\u011bsn\u00fdch variant pro flexibiln\u00ed instalaci.\n<\/p>\n<p><\/p>\n<p><b>7.Zlep\u0161uj\u00ed hlin\u00edkov\u00e9 profily LED rozptyl sv\u011btla a estetiku?<\/b><\/p>\n<p>Ano, \u010dasto obsahuj\u00ed difuzory, kter\u00e9 zm\u011bk\u010duj\u00ed a rovnom\u011brn\u011b rozd\u011bluj\u00ed sv\u011btlo a z\u00e1rove\u0148 dod\u00e1vaj\u00ed osv\u011btlovac\u00edm za\u0159\u00edzen\u00edm \u010dist\u00fd, modern\u00ed vzhled.\n<\/p>\n<p><\/p>\n<p><b>8.Je instalace hlin\u00edkov\u00fdch profil\u016f LED osv\u011btlen\u00ed snadn\u00e1?<\/b><\/p>\n<p>Ano, tyto profily jsou navr\u017eeny pro snadnou instalaci pomoc\u00ed klip\u016f, dr\u017e\u00e1k\u016f a koncov\u00fdch kryt\u016f, co\u017e sni\u017euje pracnost a \u010das pot\u0159ebn\u00fd k mont\u00e1\u017ei.\n<\/p>\n<p><\/p>\n<p><b>9.Jak\u00e9 materi\u00e1ly se krom\u011b hlin\u00edku pou\u017e\u00edvaj\u00ed v hlin\u00edkov\u00fdch profilech pro LED osv\u011btlen\u00ed?<\/b><\/p>\n<p>Krom\u011b hlin\u00edkov\u00fdch kryt\u016f profily obvykle obsahuj\u00ed polykarbon\u00e1tov\u00e9 nebo PMMA difuzory, kter\u00e9 zaji\u0161\u0165uj\u00ed optim\u00e1ln\u00ed sv\u011bteln\u00fd v\u00fdkon a ochranu.\n<\/p>\n<p><\/p>\n<p><b>10.Je hlin\u00edkov\u00fd profil LED \u0161etrn\u00fd k \u017eivotn\u00edmu prost\u0159ed\u00ed?<\/b><\/p>\n<p>Ano, hlin\u00edk je pln\u011b recyklovateln\u00fd, jeho v\u00fdroba je energeticky \u00fasporn\u00e1 a p\u0159isp\u00edv\u00e1 k udr\u017eiteln\u00fdm syst\u00e9m\u016fm LED osv\u011btlen\u00ed s n\u00edzk\u00fdmi n\u00e1roky na \u00fadr\u017ebu.\n<\/p>\n<p><\/p>","protected":false},"featured_media":5606,"template":"","categories":[55],"class_list":["post-5604","product","type-product","status-publish","has-post-thumbnail","hentry","category-extruded-aluminum-profiles"],"meta_box":{"hilight_text_group":{"product_hilight_text":"aluminum extrusion linear LED lighting aluminum profile is the perfect solution for anyone looking for a high-quality lighting solution that is reliable and easy to install. This profile is designed specifically for use with LED lights and is perfect for various applications, including industrial, commercial, and residential lighting.","product_chanpin_chanpin":"<li><a href=\"https:\/\/sinoextrud.com\/product\/linear-sliding-modules-aluminum-profiles\/\" target=\"_blank\">Linear Sliding Modules Aluminum Profiles<\/a><\/li>\r\n<li><a href=\"https:\/\/sinoextrud.com\/product\/aluminum-extrusion-1060-aluminum-profile\/\" target=\"_blank\">Aluminum Extrusion 1060 Aluminum Profile<\/a><\/li>\r\n<li><a href=\"https:\/\/sinoextrud.com\/product\/aluminum-extrusion-6061-6063-aluminum-profile-for-lamppost\/\" target=\"_blank\">Aluminum Extrusion 6061 6063 Aluminum Profile For Lamppost<\/a><\/li>\r\n<li><a href=\"https:\/\/sinoextrud.com\/product\/6061-6063-6082-street-lamp-column-aluminum-profile\/\" target=\"_blank\">6061 6063 6082 Street Lamp Column Aluminum Profile<\/a><\/li>\r\n<li><a href=\"https:\/\/sinoextrud.com\/product\/aluminum-extrusion-linear-led-lighting-aluminum-profile\/\" target=\"_blank\">Aluminum Extrusion Linear LED Lighting Aluminum Profile<\/a><\/li>\r\n<li><a href=\"https:\/\/sinoextrud.com\/product\/aluminum-extrusion-electroplated-shower-room-aluminum-profile\/\" target=\"_blank\">Aluminum Extrusion Electroplated Shower Room Aluminum Profile<\/a><\/li>\r\n<li><a href=\"https:\/\/sinoextrud.com\/product\/aluminum-extrusion-hard-anodizing-aluminum-profiles\/\" target=\"_blank\">Aluminum Extrusion Hard Anodizing Aluminum Profiles<\/a><\/li>\r\n<li><a href=\"https:\/\/sinoextrud.com\/product\/aluminium-extrud-6061-6082-7075-aluminum-alloy-profiles\/\" target=\"_blank\">Aluminum Extrusion 2024 7001 7003 Aluminum Profile<\/a><\/li>\r\n<li><a href=\"https:\/\/sinoextrud.com\/product\/aluminum-extrusion-6101b-conductive-rail-aluminum-profile\/\" target=\"_blank\">Aluminum Extrusion 6101B Conductive Rail Aluminum Profile<\/a><\/li>\r\n<li><a href=\"https:\/\/sinoextrud.com\/product\/solar-aluminium-profiles\/\" target=\"_blank\">Solar Aluminium Profiles<\/a><\/li>\r\n<li><a href=\"https:\/\/sinoextrud.com\/product\/aluminum-extruded-enclosure-for-power-supply\/\" target=\"_blank\">Aluminum Extruded Enclosure For Power Supply<\/a><\/li>"},"feature_list":[]},"_links":{"self":[{"href":"https:\/\/sinoextrud.com\/cs\/wp-json\/wp\/v2\/product\/5604","targetHints":{"allow":["GET"]}}],"collection":[{"href":"https:\/\/sinoextrud.com\/cs\/wp-json\/wp\/v2\/product"}],"about":[{"href":"https:\/\/sinoextrud.com\/cs\/wp-json\/wp\/v2\/types\/product"}],"wp:featuredmedia":[{"embeddable":true,"href":"https:\/\/sinoextrud.com\/cs\/wp-json\/wp\/v2\/media\/5606"}],"wp:attachment":[{"href":"https:\/\/sinoextrud.com\/cs\/wp-json\/wp\/v2\/media?parent=5604"}],"wp:term":[{"taxonomy":"category","embeddable":true,"href":"https:\/\/sinoextrud.com\/cs\/wp-json\/wp\/v2\/categories?post=5604"}],"curies":[{"name":"wp","href":"https:\/\/api.w.org\/{rel}","templated":true}]}}