{"id":5600,"date":"2025-05-15T13:39:40","date_gmt":"2025-05-15T13:39:40","guid":{"rendered":"https:\/\/sinoextrud.com\/?post_type=product&#038;p=5600"},"modified":"2025-06-24T03:52:27","modified_gmt":"2025-06-24T03:52:27","slug":"hlinikovy-vylisek-6061-6063-hlinikovy-profil-pro-sloupek-verejneho-osvetleni","status":"publish","type":"product","link":"https:\/\/sinoextrud.com\/cs\/product\/aluminum-extrusion-6061-6063-aluminum-profile-for-lamppost\/","title":{"rendered":"Hlin\u00edkov\u00fd v\u00fdlisek 6061 6063 Hlin\u00edkov\u00fd profil pro sloupky ve\u0159ejn\u00e9ho osv\u011btlen\u00ed"},"content":{"rendered":"<h2>Podrobnosti o produktech<\/h2>\n<table class=\"custom-table\">\n<tr>\n<td class=\"label\">N\u00e1zev produktu<\/td>\n<td>hlin\u00edkov\u00fd v\u00fdlisek 6061 6063 hlin\u00edkov\u00fd profil pro sloupek ve\u0159ejn\u00e9ho osv\u011btlen\u00ed<\/td>\n<\/tr>\n<tr>\n<td class=\"label\">Sortiment v\u00fdrobk\u016f<\/td>\n<td>hlin\u00edkov\u00e9 v\u00fdlisky pro hlin\u00edkov\u00fd profil 6061, hlin\u00edkov\u00fd profil 6063<\/td>\n<\/tr>\n<tr>\n<td class=\"label\">Vhodn\u00e9 syst\u00e9my Typy<\/td>\n<td>hlin\u00edkov\u00e9 vytla\u010dovac\u00ed profily, vytla\u010dovan\u00e9 hlin\u00edkov\u00e9 trubky, CNC hlin\u00edkov\u00e9 trubky<\/td>\n<\/tr>\n<tr>\n<td class=\"label\">Aplikace<\/td>\n<td>Sloupek lampy<\/td>\n<\/tr>\n<tr>\n<td class=\"label\">Povrchov\u00e1 \u00faprava<\/td>\n<td>fr\u00e9zov\u00e1n\u00ed, eloxov\u00e1n\u00ed, d\u0159ev\u011bn\u00e1 struktura, povrchov\u00e1 \u00faprava, p\u00edskov\u00e1n\u00ed, elektrofor\u00e9za, kart\u00e1\u010dov\u00e1n\u00ed, le\u0161t\u011bn\u00ed atd.<\/td>\n<\/tr>\n<tr>\n<td class=\"label\">Hloubkov\u00e9 zpracov\u00e1n\u00ed CNC<\/td>\n<td>\u0159ez\u00e1n\u00ed, vrt\u00e1n\u00ed, obr\u00e1b\u011bn\u00ed, d\u011brov\u00e1n\u00ed, oh\u00fdb\u00e1n\u00ed, z\u00e1vitov\u00e1n\u00ed atd.<\/td>\n<\/tr>\n<tr>\n<td class=\"label\">Certifikace<\/td>\n<td>CE, ISO, SGS, TUV, ROHS<\/td>\n<\/tr>\n<tr>\n<td class=\"label\">Vzorky<\/td>\n<td>vzorek zdarma. Dod\u00e1n\u00ed do 1-3 dn\u016f.<\/td>\n<\/tr>\n<tr>\n<td class=\"label\">MOQ<\/td>\n<td>200 kg pro ka\u017ed\u00fd profil<\/td>\n<\/tr>\n<tr>\n<td class=\"label\">Doba dod\u00e1n\u00ed<\/td>\n<td>V\u00fdvoj formy a kontrola vzorku trv\u00e1 12-15 dn\u00ed, v\u00fdroba pak 15-25 dn\u00ed po obdr\u017een\u00ed z\u00e1lohy od kupuj\u00edc\u00edho.<\/td>\n<\/tr>\n<tr>\n<td class=\"label\">Platebn\u00ed podm\u00ednky<\/td>\n<td>30% z\u00e1loha p\u0159ed v\u00fdrobou a z\u016fstatek p\u0159ed odesl\u00e1n\u00edm.<\/td>\n<\/tr>\n<\/table>\n<h2>Na\u0161e v\u00fdrobn\u00ed z\u00e1kladna<\/h2>\n<h3>Panorama tov\u00e1rny<\/h3>\n<p><img decoding=\"async\" src=\"\/wp-content\/uploads\/factory-01.webp\"\/><\/p>\n<h3>D\u00edlna na v\u00fdrobu hlin\u00edkov\u00fdch ty\u010d\u00ed<\/h3>\n<p><img decoding=\"async\" src=\"\/wp-content\/uploads\/factory-02.webp\"\/><\/p>\n<\/p>\n<p><img decoding=\"async\" src=\"\/wp-content\/uploads\/factory-03.webp\"\/><\/p>\n<h3>Sklad pl\u00edsn\u00ed<\/h3>\n<p><img decoding=\"async\" src=\"\/wp-content\/uploads\/factory-04.webp\"\/><\/p>\n<h3>43 linek na vytla\u010dov\u00e1n\u00ed hlin\u00edku (500 - 5500 tun)<\/h3>\n<p><img decoding=\"async\" src=\"\/wp-content\/uploads\/factory-05.webp\"\/><\/p>\n<p><img decoding=\"async\" src=\"\/wp-content\/uploads\/factory-06.webp\"\/><\/p>\n<p><img decoding=\"async\" src=\"\/wp-content\/uploads\/factory-07.webp\"\/><\/p>\n<h3>D\u00edlna pr\u00e1\u0161kov\u00e9ho lakov\u00e1n\u00ed<\/h3>\n<p><img decoding=\"async\" src=\"\/wp-content\/uploads\/factory-09.webp\"\/><\/p>\n<h3>D\u00edlna eloxov\u00e1n\u00ed<\/h3>\n<p><img decoding=\"async\" src=\"\/wp-content\/uploads\/factory-10.webp\"\/><\/p>\n<h3>Workshop o hloubkov\u00e9m zpracov\u00e1n\u00ed<\/h3>\n<p><img decoding=\"async\" src=\"\/wp-content\/uploads\/factory-11.webp\"\/><\/p>\n<h3>D\u00edlna CNC p\u0159esn\u00e9ho obr\u00e1b\u011bn\u00ed<\/h3>\n<p><img decoding=\"async\" src=\"\/wp-content\/uploads\/factory-11.5.webp\"\/><\/p>\n<h3>Sklad hotov\u00fdch v\u00fdrobk\u016f a exportn\u00ed sklad<\/h3>\n<p><img decoding=\"async\" src=\"\/wp-content\/uploads\/factory-12.webp\"\/><\/p>\n<p><img decoding=\"async\" src=\"\/wp-content\/uploads\/factory-13.webp\"\/><\/p>\n<p><img decoding=\"async\" src=\"\/wp-content\/uploads\/factory-14.webp\"\/><\/p>\n<h2>\u010cASTO KLADEN\u00c9 DOTAZY<\/h2>\n<p><b>1.Co je hlin\u00edkov\u00fd vytla\u010dovan\u00fd profil 6061 6063 hlin\u00edkov\u00fd profil pro sloupky?<\/b><\/p>\n<p>Hlin\u00edkov\u00fd v\u00fdlisek 6061 6063 Hlin\u00edkov\u00fd profil pro sloupy ve\u0159ejn\u00e9ho osv\u011btlen\u00ed se vztahuje na konstruk\u010dn\u00ed hlin\u00edkov\u00e9 d\u00edly vyroben\u00e9 ze slitin 6061 nebo 6063, ur\u010den\u00e9 speci\u00e1ln\u011b pro konstrukci pouli\u010dn\u00edho osv\u011btlen\u00ed nebo sloup\u016f ve\u0159ejn\u00e9ho osv\u011btlen\u00ed.\n<\/p>\n<p><\/p>\n<p><b>2.Jak\u00e9 jsou v\u00fdhody pou\u017eit\u00ed hlin\u00edku 6061 pro sloupy ve\u0159ejn\u00e9ho osv\u011btlen\u00ed?<\/b><\/p>\n<p>Hlin\u00edk 6061 nab\u00edz\u00ed vysokou pevnost, odolnost proti korozi a vynikaj\u00edc\u00ed sva\u0159itelnost, tak\u017ee je ide\u00e1ln\u00ed pro trvanliv\u00e9 a pov\u011btrnostn\u00edm vliv\u016fm odoln\u00e9 aplikace sloup\u016f ve\u0159ejn\u00e9ho osv\u011btlen\u00ed.\n<\/p>\n<p><\/p>\n<p><b>3.Pro\u010d zvolit hlin\u00edkov\u00e9 profily 6063 pro konstrukce sloup\u016f ve\u0159ejn\u00e9ho osv\u011btlen\u00ed?<\/b><\/p>\n<p>Hlin\u00edk 6063 je zn\u00e1m\u00fd svou vynikaj\u00edc\u00ed povrchovou \u00fapravou, odolnost\u00ed proti korozi a dobrou lisovatelnost\u00ed, co\u017e je ide\u00e1ln\u00ed pro estetick\u00e9 a lehk\u00e9 sloupy ve\u0159ejn\u00e9ho osv\u011btlen\u00ed.\n<\/p>\n<p><\/p>\n<p><b>4.Jak se li\u0161\u00ed hlin\u00edkov\u00e9 profily 6061 a 6063 p\u0159i pou\u017eit\u00ed na sloupech ve\u0159ejn\u00e9ho osv\u011btlen\u00ed?<\/b><\/p>\n<p>Hlin\u00edk 6061 je pevn\u011bj\u0161\u00ed a pou\u017e\u00edv\u00e1 se pro konstruk\u010dn\u00ed pevnost, zat\u00edmco hlin\u00edk 6063 poskytuje lep\u0161\u00ed kvalitu povrchu a je vhodn\u011bj\u0161\u00ed pro dekorativn\u00ed nebo lehk\u00e9 konstrukce.\n<\/p>\n<p><\/p>\n<p><b>5.Jsou hlin\u00edkov\u00e9 profily 6061 6063 vhodn\u00e9 pro venkovn\u00ed pou\u017eit\u00ed?<\/b><\/p>\n<p>Ano, hlin\u00edkov\u00e9 profily 6061 i 6063 jsou odoln\u00e9 proti korozi a pov\u011btrnostn\u00edm vliv\u016fm, tak\u017ee jsou velmi vhodn\u00e9 pro pou\u017eit\u00ed na venkovn\u00edch sloupech ve\u0159ejn\u00e9ho osv\u011btlen\u00ed.\n<\/p>\n<p><\/p>\n<p><b>6.Co d\u011bl\u00e1 hlin\u00edkov\u00e9 vytla\u010dov\u00e1n\u00ed ide\u00e1ln\u00edm pro v\u00fdrobu sloup\u016f ve\u0159ejn\u00e9ho osv\u011btlen\u00ed?<\/b><\/p>\n<p>Vytla\u010dov\u00e1n\u00ed hlin\u00edku umo\u017e\u0148uje vytv\u00e1\u0159et slo\u017eit\u00e9, lehk\u00e9 a p\u0159izp\u016fsobiteln\u00e9 konstrukce s vysokou p\u0159esnost\u00ed, co\u017e sni\u017euje pl\u00fdtv\u00e1n\u00ed materi\u00e1lem a zjednodu\u0161uje instalaci.\n<\/p>\n<p><\/p>\n<p><b>7.Lze eloxovat hlin\u00edkov\u00e9 profily sloup\u016f ve\u0159ejn\u00e9ho osv\u011btlen\u00ed 6061 6063?<\/b><\/p>\n<p>Ano, hlin\u00edkov\u00e9 profily 6061 i 6063 lze eloxovat, aby se zv\u00fd\u0161ila odolnost proti korozi, trvanlivost a vzhled povrchu.\n<\/p>\n<p><\/p>\n<p><b>8.Jak\u00e9 jsou ekologick\u00e9 v\u00fdhody hlin\u00edkov\u00fdch profil\u016f sloup\u016f ve\u0159ejn\u00e9ho osv\u011btlen\u00ed?<\/b><\/p>\n<p>Hlin\u00edkov\u00e9 profily 100% jsou recyklovateln\u00e9, lehk\u00e9 a jejich v\u00fdroba je energeticky \u00fasporn\u00e1, co\u017e z nich \u010din\u00ed ekologickou volbu pro sloupy ve\u0159ejn\u00e9ho osv\u011btlen\u00ed.\n<\/p>\n<p><\/p>\n<p><b>9.Jak pevn\u00e9 jsou hlin\u00edkov\u00e9 profily 6061 6063 v konstruk\u010dn\u00edch aplikac\u00edch?<\/b><\/p>\n<p>6061 nab\u00edz\u00ed vy\u0161\u0161\u00ed pevnost v tahu pro nosn\u00e9 konstrukce, zat\u00edmco 6063 poskytuje dostate\u010dnou pevnost se zlep\u0161enou povrchovou \u00fapravou pro st\u0159edn\u011b nam\u00e1han\u00e9 sloupy ve\u0159ejn\u00e9ho osv\u011btlen\u00ed.\n<\/p>\n<p><\/p>\n<p><b>10.Je snadn\u00e9 instalovat sloupy ve\u0159ejn\u00e9ho osv\u011btlen\u00ed vyroben\u00e9 z hlin\u00edkov\u00fdch profil\u016f?<\/b><\/p>\n<p>Ano, hlin\u00edkov\u00e9 profily 6061 6063 jsou lehk\u00e9 a snadno se obr\u00e1b\u011bj\u00ed, co\u017e umo\u017e\u0148uje rychlej\u0161\u00ed, bezpe\u010dn\u011bj\u0161\u00ed a cenov\u011b v\u00fdhodn\u011bj\u0161\u00ed instalaci sloup\u016f ve\u0159ejn\u00e9ho osv\u011btlen\u00ed.\n<\/p>\n<p><\/p>","protected":false},"featured_media":5599,"template":"","categories":[55],"class_list":["post-5600","product","type-product","status-publish","has-post-thumbnail","hentry","category-extruded-aluminum-profiles"],"meta_box":{"hilight_text_group":{"product_hilight_text":"Aluminum extrusion 6061 and 6063 aluminum profiles are ideal materials for lampposts due to their durability, strength, and resistance to corrosion. Both alloys are widely used in the construction industry for their versatility and affordability, making them a top choice for lighting applications.","product_chanpin_chanpin":"<li><a href=\"https:\/\/sinoextrud.com\/product\/aluminum-extrud-7003-aluminum-pipe\/\" target=\"_blank\">Aluminum Extrusion 7003 Aluminum Pipe<\/a><\/li>\r\n<li><a href=\"https:\/\/sinoextrud.com\/product\/aluminum-extrusion-2024-aluminum-profile\/\" target=\"_blank\">Aluminum Extrusion 2024 Aluminum Profile<\/a><\/li>\r\n<li><a href=\"https:\/\/sinoextrud.com\/product\/linear-sliding-modules-aluminum-profiles\/\" target=\"_blank\">Linear Sliding Modules Aluminum Profiles<\/a><\/li>\r\n<li><a href=\"https:\/\/sinoextrud.com\/product\/aluminum-extrusion-1060-aluminum-profile\/\" target=\"_blank\">Aluminum Extrusion 1060 Aluminum Profile<\/a><\/li>\r\n<li><a href=\"https:\/\/sinoextrud.com\/product\/aluminum-extrusion-6061-6063-aluminum-profile-for-lamppost\/\" target=\"_blank\">Aluminum Extrusion 6061 6063 Aluminum Profile For Lamppost<\/a><\/li>\r\n<li><a href=\"https:\/\/sinoextrud.com\/product\/6061-6063-6082-street-lamp-column-aluminum-profile\/\" target=\"_blank\">6061 6063 6082 Street Lamp Column Aluminum Profile<\/a><\/li>\r\n<li><a href=\"https:\/\/sinoextrud.com\/product\/aluminum-extrusion-linear-led-lighting-aluminum-profile\/\" target=\"_blank\">Aluminum Extrusion Linear LED Lighting Aluminum Profile<\/a><\/li>\r\n<li><a href=\"https:\/\/sinoextrud.com\/product\/aluminum-extrusion-electroplated-shower-room-aluminum-profile\/\" target=\"_blank\">Aluminum Extrusion Electroplated Shower Room Aluminum Profile<\/a><\/li>\r\n<li><a href=\"https:\/\/sinoextrud.com\/product\/aluminum-extrusion-hard-anodizing-aluminum-profiles\/\" target=\"_blank\">Aluminum Extrusion Hard Anodizing Aluminum Profiles<\/a><\/li>\r\n<li><a href=\"https:\/\/sinoextrud.com\/product\/linear-rail-aluminum-extrusion\/\" target=\"_blank\">Linear Rail Aluminum Extrusion<\/a><\/li>\r\n<li><a href=\"https:\/\/sinoextrud.com\/product\/glass-balcony-railing-aluminum-u-channel-design\/\" target=\"_blank\">Glass Balcony Railing Aluminum U Channel Design<\/a><\/li>"},"feature_list":[]},"_links":{"self":[{"href":"https:\/\/sinoextrud.com\/cs\/wp-json\/wp\/v2\/product\/5600","targetHints":{"allow":["GET"]}}],"collection":[{"href":"https:\/\/sinoextrud.com\/cs\/wp-json\/wp\/v2\/product"}],"about":[{"href":"https:\/\/sinoextrud.com\/cs\/wp-json\/wp\/v2\/types\/product"}],"wp:featuredmedia":[{"embeddable":true,"href":"https:\/\/sinoextrud.com\/cs\/wp-json\/wp\/v2\/media\/5599"}],"wp:attachment":[{"href":"https:\/\/sinoextrud.com\/cs\/wp-json\/wp\/v2\/media?parent=5600"}],"wp:term":[{"taxonomy":"category","embeddable":true,"href":"https:\/\/sinoextrud.com\/cs\/wp-json\/wp\/v2\/categories?post=5600"}],"curies":[{"name":"wp","href":"https:\/\/api.w.org\/{rel}","templated":true}]}}