{"id":5542,"date":"2025-05-14T16:42:41","date_gmt":"2025-05-14T16:42:41","guid":{"rendered":"https:\/\/sinoextrud.com\/?post_type=product&#038;p=5542"},"modified":"2025-06-24T03:52:20","modified_gmt":"2025-06-24T03:52:20","slug":"hlinikove-vytlacovani-2024-hlinikovy-profil","status":"publish","type":"product","link":"https:\/\/sinoextrud.com\/cs\/product\/aluminum-extrusion-2024-aluminum-profile\/","title":{"rendered":"Hlin\u00edkov\u00e9 vytla\u010dov\u00e1n\u00ed 2024 hlin\u00edkov\u00fd profil"},"content":{"rendered":"<h2>Podrobnosti o produktech<\/h2>\n<table class=\"custom-table\">\n<tr>\n<td class=\"label\">Polo\u017eka<\/td>\n<td>Hlin\u00edkov\u00e9 vytla\u010dov\u00e1n\u00ed 2024 hlin\u00edkov\u00fd profil<\/td>\n<\/tr>\n<tr>\n<td class=\"label\">Temperament<\/td>\n<td>T3-T8<\/td>\n<\/tr>\n<tr>\n<td class=\"label\">Pr\u016fb\u011bh procesu<\/td>\n<td>V\u00fdvoj forem-hlin\u00edkov\u00e9 p\u0159edvalky-vyh\u0159\u00edv\u00e1n\u00ed-formov\u00e1n\u00ed se surov\u00fdm hlin\u00edkem-nodizovan\u00fd pr\u00e1\u0161kov\u00fd povlak<\/td>\n<\/tr>\n<tr>\n<td class=\"label\">Aplikace<\/td>\n<td>Pr\u016fmysl, stavebnictv\u00ed<\/td>\n<\/tr>\n<tr>\n<td class=\"label\">Tvar<\/td>\n<td>P\u0159izp\u016fsoben\u00ed<\/td>\n<\/tr>\n<tr>\n<td class=\"label\">Povrchov\u00e1 \u00faprava<\/td>\n<td>Fr\u00e9zov\u00e1n\u00ed, eloxov\u00e1n\u00ed, povrchov\u00e1 \u00faprava, p\u00edskov\u00e1n\u00ed, elektrofor\u00e9za, kart\u00e1\u010dov\u00e1n\u00ed, le\u0161t\u011bn\u00ed,<\/td>\n<\/tr>\n<tr>\n<td class=\"label\">Barva<\/td>\n<td>St\u0159\u00edbrn\u00e1, \u010dern\u00e1, zlat\u00e1, Champange, bronzov\u00e1, \u010derven\u00e1, modr\u00e1; barvy m\u016f\u017eeme p\u0159izp\u016fsobit na z\u00e1klad\u011b vzork\u016f z\u00e1kazn\u00edk\u016f.<\/td>\n<\/tr>\n<tr>\n<td class=\"label\">Hloubkov\u00e9 zpracov\u00e1n\u00ed<\/td>\n<td>\u0158ez\u00e1n\u00ed, vrt\u00e1n\u00ed, obr\u00e1b\u011bn\u00ed, d\u011brov\u00e1n\u00ed, oh\u00fdb\u00e1n\u00ed, z\u00e1vitov\u00e1n\u00ed atd.<\/td>\n<\/tr>\n<tr>\n<td class=\"label\">Z\u00e1ruka<\/td>\n<td>ISO:9001, SONCAP , certifik\u00e1t BV, TUV, SGS nebo certifik\u00e1t z\u00e1kazn\u00edka k dispozici<\/td>\n<\/tr>\n<tr>\n<td class=\"label\">MOQ<\/td>\n<td>300 kg pro ka\u017ed\u00fd profil<\/td>\n<\/tr>\n<tr>\n<td class=\"label\">Doba dod\u00e1n\u00ed<\/td>\n<td>V\u00fdvoj formy a konformace vzorku trv\u00e1 12-15 dn\u00ed, v\u00fdroba pak 15-25 dn\u00ed po obdr\u017een\u00ed z\u00e1lohy od kupuj\u00edc\u00edho.<\/td>\n<\/tr>\n<tr>\n<td class=\"label\">Vzorek zdarma<\/td>\n<td>lze zaslat do 1-3 dn\u016f<\/td>\n<\/tr>\n<\/table>\n<h2>Na\u0161e v\u00fdrobn\u00ed z\u00e1kladna<\/h2>\n<h3>Panorama tov\u00e1rny<\/h3>\n<p><img decoding=\"async\" src=\"\/wp-content\/uploads\/factory-01.webp\"\/><\/p>\n<h3>D\u00edlna na v\u00fdrobu hlin\u00edkov\u00fdch ty\u010d\u00ed<\/h3>\n<p><img decoding=\"async\" src=\"\/wp-content\/uploads\/factory-02.webp\"\/><\/p>\n<\/p>\n<p><img decoding=\"async\" src=\"\/wp-content\/uploads\/factory-03.webp\"\/><\/p>\n<h3>Sklad pl\u00edsn\u00ed<\/h3>\n<p><img decoding=\"async\" src=\"\/wp-content\/uploads\/factory-04.webp\"\/><\/p>\n<h3>43 linek na vytla\u010dov\u00e1n\u00ed hlin\u00edku (500 - 5500 tun)<\/h3>\n<p><img decoding=\"async\" src=\"\/wp-content\/uploads\/factory-05.webp\"\/><\/p>\n<p><img decoding=\"async\" src=\"\/wp-content\/uploads\/factory-06.webp\"\/><\/p>\n<p><img decoding=\"async\" src=\"\/wp-content\/uploads\/factory-07.webp\"\/><\/p>\n<h3>D\u00edlna pr\u00e1\u0161kov\u00e9ho lakov\u00e1n\u00ed<\/h3>\n<p><img decoding=\"async\" src=\"\/wp-content\/uploads\/factory-09.webp\"\/><\/p>\n<h3>D\u00edlna eloxov\u00e1n\u00ed<\/h3>\n<p><img decoding=\"async\" src=\"\/wp-content\/uploads\/factory-10.webp\"\/><\/p>\n<h3>Workshop o hloubkov\u00e9m zpracov\u00e1n\u00ed<\/h3>\n<p><img decoding=\"async\" src=\"\/wp-content\/uploads\/factory-11.webp\"\/><\/p>\n<h3>D\u00edlna CNC p\u0159esn\u00e9ho obr\u00e1b\u011bn\u00ed<\/h3>\n<p><img decoding=\"async\" src=\"\/wp-content\/uploads\/factory-11.5.webp\"\/><\/p>\n<h3>Sklad hotov\u00fdch v\u00fdrobk\u016f a exportn\u00ed sklad<\/h3>\n<p><img decoding=\"async\" src=\"\/wp-content\/uploads\/factory-12.webp\"\/><\/p>\n<p><img decoding=\"async\" src=\"\/wp-content\/uploads\/factory-13.webp\"\/><\/p>\n<p><img decoding=\"async\" src=\"\/wp-content\/uploads\/factory-14.webp\"\/><\/p>\n<h2>\u010cASTO KLADEN\u00c9 DOTAZY<\/h2>\n<p><b>1.K \u010demu se pou\u017e\u00edv\u00e1 hlin\u00edkov\u00fd profil 2024? <\/b><\/p>\n<p> Hlin\u00edkov\u00fd profil 2024 se d\u00edky sv\u00e9 v\u00fdjime\u010dn\u00e9 pevnosti a odolnosti proti \u00fanav\u011b b\u011b\u017en\u011b pou\u017e\u00edv\u00e1 v leteck\u00e9m a automobilov\u00e9m pr\u016fmyslu a ve vysoce v\u00fdkonn\u00fdch konstruk\u010dn\u00edch aplikac\u00edch.\n<\/p>\n<p><\/p>\n<p><b>2.Jak\u00e9 jsou kl\u00ed\u010dov\u00e9 vlastnosti hlin\u00edkov\u00e9ho profilu 2024? <\/b><\/p>\n<p> Hlin\u00edkov\u00fd profil 2024 m\u00e1 vysokou pevnost v tahu, vynikaj\u00edc\u00ed obrobitelnost a dobrou odolnost proti \u00fanav\u011b, tak\u017ee je ide\u00e1ln\u00ed pro p\u0159esn\u00e9 vytla\u010dov\u00e1n\u00ed hlin\u00edku.\n<\/p>\n<p><\/p>\n<p><b>3.Je hlin\u00edkov\u00fd profil 2024 odoln\u00fd proti korozi? <\/b><\/p>\n<p> Hlin\u00edkov\u00fd profil 2024 m\u00e1 omezenou odolnost proti korozi a \u010dasto se eloxuje nebo potahuje, aby se zv\u00fd\u0161ila jeho odolnost v drsn\u00e9m prost\u0159ed\u00ed.\n<\/p>\n<p><\/p>\n<p><b>4.Pro\u010d zvolit hlin\u00edk 2024 pro vytla\u010dovac\u00ed profily? <\/b><\/p>\n<p> Hlin\u00edk 2024 poskytuje vynikaj\u00edc\u00ed pom\u011br pevnosti k hmotnosti a vynikaj\u00edc\u00ed mechanick\u00e9 vlastnosti, co\u017e z n\u011bj \u010din\u00ed nejlep\u0161\u00ed volbu pro kritick\u00e9 konstrukce hlin\u00edkov\u00fdch v\u00fdlisk\u016f.\n<\/p>\n<p><\/p>\n<p><b>5.Jak je na tom hlin\u00edk 2024 v porovn\u00e1n\u00ed s hlin\u00edkem 6061 p\u0159i vytla\u010dov\u00e1n\u00ed? <\/b><\/p>\n<p> Hlin\u00edkov\u00fd profil 2024 je pevn\u011bj\u0161\u00ed ne\u017e 6061, ale m\u00e1 ni\u017e\u0161\u00ed odolnost proti korozi, tak\u017ee je vhodn\u011bj\u0161\u00ed pro vysoce nam\u00e1han\u00e9 aplikace, kde je pevnost prioritou.\n<\/p>\n<p><\/p>\n<p><b>6.Lze sva\u0159ovat hlin\u00edkov\u00fd profil 2024? <\/b><\/p>\n<p> Hlin\u00edkov\u00fd profil 2024 nen\u00ed snadno sva\u0159iteln\u00fd a obvykle vy\u017eaduje speci\u00e1ln\u00ed techniky nebo mechanick\u00e9 upevn\u011bn\u00ed pro mont\u00e1\u017e v projektech hlin\u00edkov\u00fdch v\u00fdlisk\u016f.\n<\/p>\n<p><\/p>\n<p><b>7.Jak\u00e1 odv\u011btv\u00ed pou\u017e\u00edvaj\u00ed hlin\u00edkov\u00e9 profily 2024? <\/b><\/p>\n<p> Leteck\u00fd, dopravn\u00ed a obrann\u00fd pr\u016fmysl pou\u017e\u00edv\u00e1 hlin\u00edkov\u00e9 profily 2024 pro lehk\u00e9 konstruk\u010dn\u00ed sou\u010d\u00e1sti, kter\u00e9 vy\u017eaduj\u00ed vysok\u00fd v\u00fdkon a odolnost.\n<\/p>\n<p><\/p>\n<p><b>8.Je hlin\u00edk 2024 vhodn\u00fd pro CNC obr\u00e1b\u011bn\u00ed? <\/b><\/p>\n<p> Ano, hlin\u00edkov\u00fd profil 2024 je vynikaj\u00edc\u00ed pro CNC obr\u00e1b\u011bn\u00ed d\u00edky sv\u00e9 vysok\u00e9 pevnosti a vynikaj\u00edc\u00ed obrobitelnosti p\u0159i p\u0159esn\u00e9m vytla\u010dov\u00e1n\u00ed.\n<\/p>\n<p><\/p>\n<p><b>9.Jak\u00e9 jsou mechanick\u00e9 vlastnosti hlin\u00edkov\u00e9ho profilu 2024? <\/b><\/p>\n<p> Hlin\u00edkov\u00fd profil 2024 m\u00e1 vysokou pevnost v tahu a v\u00fdt\u011b\u017enost, tak\u017ee je ide\u00e1ln\u00ed pro nosn\u00e9 aplikace vytla\u010dov\u00e1n\u00ed hlin\u00edku.\n<\/p>\n<p><\/p>\n<p><b>10.Podporuje hlin\u00edkov\u00fd profil 2024 tepeln\u00e9 zpracov\u00e1n\u00ed? <\/b><\/p>\n<p> Ano, hlin\u00edkov\u00fd profil 2024 lze tepeln\u011b zpracovat, aby se zlep\u0161ily jeho mechanick\u00e9 vlastnosti, co\u017e je kl\u00ed\u010dov\u00e1 v\u00fdhoda p\u0159i konstruk\u010dn\u00edm vytla\u010dov\u00e1n\u00ed hlin\u00edku.\n<\/p>\n<p><\/p>","protected":false},"featured_media":5541,"template":"","categories":[55],"class_list":["post-5542","product","type-product","status-publish","has-post-thumbnail","hentry","category-extruded-aluminum-profiles"],"meta_box":{"hilight_text_group":{"product_hilight_text":"Aluminum extrusion 2024 aluminum profile is a high-strength aluminum alloy product with excellent corrosion resistance and machinability, which is widely used in aviation, aerospace, automotive and other fields.","product_chanpin_chanpin":"<li><a href=\"https:\/\/sinoextrud.com\/product\/aluminium-extrusion-6061-6082-7075-aluminum-alloy-profiles\/\" target=\"_blank\">Aluminium Extrusion 6061 6082 7075 Aluminum Alloy Profiles<\/a><\/li>\r\n<li><a href=\"https:\/\/sinoextrud.com\/product\/aluminium-extrud-anodised-aluminium-tube\/\" target=\"_blank\">Aluminium Extrusion Anodised Aluminium Tube<\/a><\/li>\r\n<li><a href=\"https:\/\/sinoextrud.com\/product\/aluminium-extrusion-tube\/\" target=\"_blank\">Aluminium Extrusion Tube<\/a><\/li>\r\n<li><a href=\"https:\/\/sinoextrud.com\/product\/aluminum-extrud-7003-aluminum-pipe\/\" target=\"_blank\">Aluminum Extrusion 7003 Aluminum Pipe<\/a><\/li>\r\n<li><a href=\"https:\/\/sinoextrud.com\/product\/aluminum-extrusion-2024-aluminum-profile\/\" target=\"_blank\">Aluminum Extrusion 2024 Aluminum Profile<\/a><\/li>\r\n<li><a href=\"https:\/\/sinoextrud.com\/product\/linear-sliding-modules-aluminum-profiles\/\" target=\"_blank\">Linear Sliding Modules Aluminum Profiles<\/a><\/li>\r\n<li><a href=\"https:\/\/sinoextrud.com\/product\/aluminum-extrusion-1060-aluminum-profile\/\" target=\"_blank\">Aluminum Extrusion 1060 Aluminum Profile<\/a><\/li>\r\n<li><a href=\"https:\/\/sinoextrud.com\/product\/aluminum-extrusion-6061-6063-aluminum-profile-for-lamppost\/\" target=\"_blank\">Aluminum Extrusion 6061 6063 Aluminum Profile For Lamppost<\/a><\/li>\r\n<li><a href=\"https:\/\/sinoextrud.com\/product\/6061-6063-6082-street-lamp-column-aluminum-profile\/\" target=\"_blank\">6061 6063 6082 Street Lamp Column Aluminum Profile<\/a><\/li>\r\n<li><a href=\"https:\/\/sinoextrud.com\/product\/black-extruded-aluminum-heat-sink-profiles\/\" target=\"_blank\">Black Extruded Aluminum Heat Sink Profiles<\/a><\/li>\r\n<li><a href=\"https:\/\/sinoextrud.com\/product\/triangle-champagne-aluminum-extruded-tube\/\" target=\"_blank\">Triangle Champagne Aluminum Extruded Tube<\/a><\/li>"},"feature_list":[]},"_links":{"self":[{"href":"https:\/\/sinoextrud.com\/cs\/wp-json\/wp\/v2\/product\/5542","targetHints":{"allow":["GET"]}}],"collection":[{"href":"https:\/\/sinoextrud.com\/cs\/wp-json\/wp\/v2\/product"}],"about":[{"href":"https:\/\/sinoextrud.com\/cs\/wp-json\/wp\/v2\/types\/product"}],"wp:featuredmedia":[{"embeddable":true,"href":"https:\/\/sinoextrud.com\/cs\/wp-json\/wp\/v2\/media\/5541"}],"wp:attachment":[{"href":"https:\/\/sinoextrud.com\/cs\/wp-json\/wp\/v2\/media?parent=5542"}],"wp:term":[{"taxonomy":"category","embeddable":true,"href":"https:\/\/sinoextrud.com\/cs\/wp-json\/wp\/v2\/categories?post=5542"}],"curies":[{"name":"wp","href":"https:\/\/api.w.org\/{rel}","templated":true}]}}