{"id":5540,"date":"2025-05-14T16:33:01","date_gmt":"2025-05-14T16:33:01","guid":{"rendered":"https:\/\/sinoextrud.com\/?post_type=product&#038;p=5540"},"modified":"2025-06-24T03:52:18","modified_gmt":"2025-06-24T03:52:18","slug":"hlinikovy-extrud-7003-hlinikove-trubky","status":"publish","type":"product","link":"https:\/\/sinoextrud.com\/cs\/product\/aluminum-extrud-7003-aluminum-pipe\/","title":{"rendered":"Hlin\u00edkov\u00e9 vytla\u010dov\u00e1n\u00ed 7003 hlin\u00edkov\u00e9 trubky"},"content":{"rendered":"<h2>Podrobnosti o produktech<\/h2>\n<table class=\"custom-table\">\n<tr>\n<td class=\"label\">Polo\u017eka<\/td>\n<td>Hlin\u00edkov\u00e9 vytla\u010dov\u00e1n\u00ed 7003 hlin\u00edkov\u00e9 trubky<\/td>\n<\/tr>\n<tr>\n<td class=\"label\">Materi\u00e1l<\/td>\n<td>Hlin\u00edk 7003, hlin\u00edk 7075 atd.<\/td>\n<\/tr>\n<tr>\n<td class=\"label\">Temperament<\/td>\n<td>T3 - T8<\/td>\n<\/tr>\n<tr>\n<td class=\"label\">Aplikace<\/td>\n<td>Ide\u00e1ln\u00ed pro pou\u017eit\u00ed ve stavebnictv\u00ed, doprav\u011b, automobilov\u00e9m a leteck\u00e9m pr\u016fmyslu.<\/td>\n<\/tr>\n<tr>\n<td class=\"label\">Povrchov\u00e1 \u00faprava<\/td>\n<td>eloxov\u00e1n\u00ed, pr\u00e1\u0161kov\u00e9 lakov\u00e1n\u00ed, le\u0161t\u011bn\u00ed, elektrofor\u00e9za, kart\u00e1\u010dov\u00e1n\u00ed, d\u0159ev\u011bn\u00e1 struktura<\/td>\n<\/tr>\n<tr>\n<td class=\"label\">Barvy<\/td>\n<td>Podle po\u017eadavk\u016f<\/td>\n<\/tr>\n<tr>\n<td class=\"label\">Certifik\u00e1t<\/td>\n<td>CQM, SGS, CE, BV, SONCAP \/ GB, ISO, JIS, AS, NZS, QUALICOAT, QUOLANOD k dispozici<\/td>\n<\/tr>\n<\/table>\n<h2>Na\u0161e v\u00fdrobn\u00ed z\u00e1kladna<\/h2>\n<h3>Panorama tov\u00e1rny<\/h3>\n<p><img decoding=\"async\" src=\"\/wp-content\/uploads\/factory-01.webp\"\/><\/p>\n<h3>D\u00edlna na v\u00fdrobu hlin\u00edkov\u00fdch ty\u010d\u00ed<\/h3>\n<p><img decoding=\"async\" src=\"\/wp-content\/uploads\/factory-02.webp\"\/><\/p>\n<\/p>\n<p><img decoding=\"async\" src=\"\/wp-content\/uploads\/factory-03.webp\"\/><\/p>\n<h3>Sklad pl\u00edsn\u00ed<\/h3>\n<p><img decoding=\"async\" src=\"\/wp-content\/uploads\/factory-04.webp\"\/><\/p>\n<h3>43 linek na vytla\u010dov\u00e1n\u00ed hlin\u00edku (500 - 5500 tun)<\/h3>\n<p><img decoding=\"async\" src=\"\/wp-content\/uploads\/factory-05.webp\"\/><\/p>\n<p><img decoding=\"async\" src=\"\/wp-content\/uploads\/factory-06.webp\"\/><\/p>\n<p><img decoding=\"async\" src=\"\/wp-content\/uploads\/factory-07.webp\"\/><\/p>\n<h3>D\u00edlna pr\u00e1\u0161kov\u00e9ho lakov\u00e1n\u00ed<\/h3>\n<p><img decoding=\"async\" src=\"\/wp-content\/uploads\/factory-09.webp\"\/><\/p>\n<h3>D\u00edlna eloxov\u00e1n\u00ed<\/h3>\n<p><img decoding=\"async\" src=\"\/wp-content\/uploads\/factory-10.webp\"\/><\/p>\n<h3>Workshop o hloubkov\u00e9m zpracov\u00e1n\u00ed<\/h3>\n<p><img decoding=\"async\" src=\"\/wp-content\/uploads\/factory-11.webp\"\/><\/p>\n<h3>D\u00edlna CNC p\u0159esn\u00e9ho obr\u00e1b\u011bn\u00ed<\/h3>\n<p><img decoding=\"async\" src=\"\/wp-content\/uploads\/factory-11.5.webp\"\/><\/p>\n<h3>Sklad hotov\u00fdch v\u00fdrobk\u016f a exportn\u00ed sklad<\/h3>\n<p><img decoding=\"async\" src=\"\/wp-content\/uploads\/factory-12.webp\"\/><\/p>\n<p><img decoding=\"async\" src=\"\/wp-content\/uploads\/factory-13.webp\"\/><\/p>\n<p><img decoding=\"async\" src=\"\/wp-content\/uploads\/factory-14.webp\"\/><\/p>\n<h2>\u010cASTO KLADEN\u00c9 DOTAZY<\/h2>\n<p><b>1.K \u010demu se pou\u017e\u00edv\u00e1 hlin\u00edkov\u00e1 trubka 7003? <\/b><\/p>\n<p> Hlin\u00edkov\u00e9 trubky 7003 se d\u00edky sv\u00e9 vysok\u00e9 pevnosti a n\u00edzk\u00e9 hmotnosti hojn\u011b pou\u017e\u00edvaj\u00ed v r\u00e1mech j\u00edzdn\u00edch kol, konstruk\u010dn\u00edch prvc\u00edch a v leteck\u00e9m pr\u016fmyslu.\n<\/p>\n<p><\/p>\n<p><b>2.Jak\u00e9 jsou hlavn\u00ed vlastnosti hlin\u00edkov\u00e9 trubky 7003? <\/b><\/p>\n<p> Hlin\u00edkov\u00e9 trubky 7003 maj\u00ed vynikaj\u00edc\u00ed pom\u011br pevnosti k hmotnosti, dobrou odolnost proti korozi a sva\u0159itelnost, tak\u017ee jsou ide\u00e1ln\u00ed pro projekty konstruk\u010dn\u00edho vytla\u010dov\u00e1n\u00ed hlin\u00edku.\n<\/p>\n<p><\/p>\n<p><b>3.Is 7003 hlin\u00edkov\u00e9 trubky sva\u0159iteln\u00e9? <\/b><\/p>\n<p> Ano, hlin\u00edkov\u00e9 trubky 7003 se daj\u00ed sva\u0159ovat a na rozd\u00edl od mnoha jin\u00fdch vysokopevnostn\u00edch hlin\u00edkov\u00fdch slitin se po sva\u0159en\u00ed dob\u0159e tepeln\u011b zpracov\u00e1vaj\u00ed.\n<\/p>\n<p><\/p>\n<p><b>4.Jak se 7003 hlin\u00edkov\u00e9 trubky v porovn\u00e1n\u00ed s 6061? <\/b><\/p>\n<p> Hlin\u00edkov\u00e1 trubka 7003 m\u00e1 vy\u0161\u0161\u00ed pevnost v tahu ne\u017e 6061 a je vhodn\u011bj\u0161\u00ed pro n\u00e1ro\u010dn\u00e9 konstruk\u010dn\u00ed aplikace, a\u010dkoli 6061 nab\u00edz\u00ed lep\u0161\u00ed odolnost proti korozi bez tepeln\u00e9ho zpracov\u00e1n\u00ed.\n<\/p>\n<p><\/p>\n<p><b>5.Pro\u010d zvolit hlin\u00edkov\u00fd v\u00fdlisek 7003 pro potrub\u00ed? <\/b><\/p>\n<p> Hlin\u00edkov\u00fd v\u00fdlisek 7003 poskytuje vynikaj\u00edc\u00ed mechanickou pevnost, n\u00edzkou hmotnost a konstruk\u010dn\u00ed flexibilitu pro vlastn\u00ed \u0159e\u0161en\u00ed trubek a potrub\u00ed.\n<\/p>\n<p><\/p>\n<p><b>6.Is 7003 hlin\u00edkov\u00e9 trubky odoln\u00e9 proti korozi? <\/b><\/p>\n<p> Ano, hlin\u00edkov\u00e9 trubky 7003 maj\u00ed dobrou odolnost proti korozi, zejm\u00e9na pokud jsou eloxovan\u00e9 nebo o\u0161et\u0159en\u00e9, tak\u017ee jsou vhodn\u00e9 pro venkovn\u00ed a mo\u0159sk\u00e9 prost\u0159ed\u00ed.\n<\/p>\n<p><\/p>\n<p><b>7.M\u016f\u017ee b\u00fdt hlin\u00edkov\u00e1 trubka 7003 eloxovan\u00e1? <\/b><\/p>\n<p> Ano, hlin\u00edkov\u00e9 trubky 7003 lze eloxovat pro zlep\u0161en\u00ed tvrdosti povrchu, odolnosti proti korozi a estetick\u00e9ho vzhledu p\u0159i vytla\u010dov\u00e1n\u00ed.\n<\/p>\n<p><\/p>\n<p><b>8.Jak\u00e1 odv\u011btv\u00ed pou\u017e\u00edvaj\u00ed hlin\u00edkov\u00e9 trubky 7003? <\/b><\/p>\n<p> Odv\u011btv\u00ed, jako je leteck\u00fd pr\u016fmysl, cyklistika, automobilov\u00fd pr\u016fmysl a stavebnictv\u00ed, pou\u017e\u00edvaj\u00ed hlin\u00edkov\u00e9 trubky 7003 pro jejich pevnost, tvarovatelnost a lehk\u00e9 vytla\u010dov\u00e1n\u00ed.\n<\/p>\n<p><\/p>\n<p><b>9.Jak\u00e9 jsou mechanick\u00e9 vlastnosti hlin\u00edkov\u00e9 trubky 7003? <\/b><\/p>\n<p> Hlin\u00edkov\u00e1 trubka 7003 nab\u00edz\u00ed vysokou pevnost v tahu, vynikaj\u00edc\u00ed odolnost proti \u00fanav\u011b a siln\u00fd konstruk\u010dn\u00ed profil ide\u00e1ln\u00ed pro konstrukce hlin\u00edkov\u00fdch v\u00fdlisk\u016f.\n<\/p>\n<p><\/p>\n<p><b>10.Je hlin\u00edkov\u00e1 trubka 7003 vhodn\u00e1 pro aplikace s vysok\u00fdm zat\u00ed\u017een\u00edm? <\/b><\/p>\n<p> Ano, hlin\u00edkov\u00e9 trubky 7003 jsou ide\u00e1ln\u00ed pro konstruk\u010dn\u00ed aplikace s vysok\u00fdm zat\u00ed\u017een\u00edm d\u00edky sv\u00e9 vysok\u00e9 pevnosti a stabilit\u011b v extrudovan\u00fdch hlin\u00edkov\u00fdch form\u00e1ch.\n<\/p>\n<p><\/p>","protected":false},"featured_media":5537,"template":"","categories":[55],"class_list":["post-5540","product","type-product","status-publish","has-post-thumbnail","hentry","category-extruded-aluminum-profiles"],"meta_box":{"hilight_text_group":{"product_hilight_text":"7003 aluminum alloy profile has an excellent welding performance and is widely used in vehicles, construction, bridges, engineering equipment and large pressurized vessel.\r\r\nOur aluminum extrusion 7003 aluminum pipe products are of stable quality and reasonable price, suitable for the application needs of various industries. We adhere to customer-centricity and provide customers with better products and services. If you have a demand about 7003 aluminum tube, please feel free to contact us, we will provide you with the best quality products and services.","product_chanpin_chanpin":"<li><a href=\"https:\/\/sinoextrud.com\/product\/large-aluminum-extrud\/\" target=\"_blank\">Large Aluminum Extrud<\/a><\/li>\r\n<li><a href=\"https:\/\/sinoextrud.com\/product\/aluminium-extrusion-6061-6082-7075-aluminum-alloy-profiles\/\" target=\"_blank\">Aluminium Extrusion 6061 6082 7075 Aluminum Alloy Profiles<\/a><\/li>\r\n<li><a href=\"https:\/\/sinoextrud.com\/product\/aluminium-extrud-anodised-aluminium-tube\/\" target=\"_blank\">Aluminium Extrusion Anodised Aluminium Tube<\/a><\/li>\r\n<li><a href=\"https:\/\/sinoextrud.com\/product\/aluminium-extrusion-tube\/\" target=\"_blank\">Aluminium Extrusion Tube<\/a><\/li>\r\n<li><a href=\"https:\/\/sinoextrud.com\/product\/aluminum-extrud-7003-aluminum-pipe\/\" target=\"_blank\">Aluminum Extrusion 7003 Aluminum Pipe<\/a><\/li>\r\n<li><a href=\"https:\/\/sinoextrud.com\/product\/aluminum-extrusion-2024-aluminum-profile\/\" target=\"_blank\">Aluminum Extrusion 2024 Aluminum Profile<\/a><\/li>\r\n<li><a href=\"https:\/\/sinoextrud.com\/product\/linear-sliding-modules-aluminum-profiles\/\" target=\"_blank\">Linear Sliding Modules Aluminum Profiles<\/a><\/li>\r\n<li><a href=\"https:\/\/sinoextrud.com\/product\/aluminum-extrusion-1060-aluminum-profile\/\" target=\"_blank\">Aluminum Extrusion 1060 Aluminum Profile<\/a><\/li>\r\n<li><a href=\"https:\/\/sinoextrud.com\/product\/aluminum-extrusion-6061-6063-aluminum-profile-for-lamppost\/\" target=\"_blank\">Aluminum Extrusion 6061 6063 Aluminum Profile For Lamppost<\/a><\/li>\r\n<li><a href=\"https:\/\/sinoextrud.com\/product\/extruded-decorative-aluminum-railing-systems\/\" target=\"_blank\">Extruded Decorative Aluminum Railing Systems<\/a><\/li>\r\n<li><a href=\"https:\/\/sinoextrud.com\/product\/circular-aluminum-extrusions\/\" target=\"_blank\">Circular Aluminum Extrusions<\/a><\/li>"},"feature_list":[]},"_links":{"self":[{"href":"https:\/\/sinoextrud.com\/cs\/wp-json\/wp\/v2\/product\/5540","targetHints":{"allow":["GET"]}}],"collection":[{"href":"https:\/\/sinoextrud.com\/cs\/wp-json\/wp\/v2\/product"}],"about":[{"href":"https:\/\/sinoextrud.com\/cs\/wp-json\/wp\/v2\/types\/product"}],"wp:featuredmedia":[{"embeddable":true,"href":"https:\/\/sinoextrud.com\/cs\/wp-json\/wp\/v2\/media\/5537"}],"wp:attachment":[{"href":"https:\/\/sinoextrud.com\/cs\/wp-json\/wp\/v2\/media?parent=5540"}],"wp:term":[{"taxonomy":"category","embeddable":true,"href":"https:\/\/sinoextrud.com\/cs\/wp-json\/wp\/v2\/categories?post=5540"}],"curies":[{"name":"wp","href":"https:\/\/api.w.org\/{rel}","templated":true}]}}