{"id":5536,"date":"2025-05-14T16:10:39","date_gmt":"2025-05-14T16:10:39","guid":{"rendered":"https:\/\/sinoextrud.com\/?post_type=product&#038;p=5536"},"modified":"2025-06-24T03:52:15","modified_gmt":"2025-06-24T03:52:15","slug":"hlinikova-vytlacovaci-trubka","status":"publish","type":"product","link":"https:\/\/sinoextrud.com\/cs\/product\/aluminium-extrusion-tube\/","title":{"rendered":"Hlin\u00edkov\u00e9 vytla\u010dovac\u00ed trubky"},"content":{"rendered":"<h2>Podrobnosti o produktech<\/h2>\n<table class=\"custom-table\">\n<tr>\n<td class=\"label\">N\u00e1zev produktu<\/td>\n<td>hlin\u00edkov\u00e1 vytla\u010dovac\u00ed trubka<\/td>\n<\/tr>\n<tr>\n<td class=\"label\">Sortiment v\u00fdrobk\u016f<\/td>\n<td>hlin\u00edkov\u00e9 v\u00fdlisky pro trubky trubek hlin\u00edkov\u00e9 vytla\u010dovac\u00ed profily, hlin\u00edkov\u00e9 trubky vytla\u010dovac\u00ed stroj, hlin\u00edkov\u00e9 \u010dtvercov\u00e9 trubky vytla\u010dov\u00e1n\u00ed, hlin\u00edkov\u00e9 trubky vytla\u010dov\u00e1n\u00ed, hlin\u00edkov\u00e9 vytla\u010dov\u00e1n\u00ed kulat\u00e9 trubky, hlin\u00edkov\u00e9 skl\u00e1dac\u00ed trubky vytla\u010dov\u00e1n\u00ed lis, hlin\u00edkov\u00e9 vytla\u010dov\u00e1n\u00ed slunce kv\u011bt trubky, atd.<\/td>\n<\/tr>\n<tr>\n<td class=\"label\">Vhodn\u00e9 syst\u00e9my Typy<\/td>\n<td>Kulat\u00e1 trubka, \u010dtvercov\u00e1 trubka, ov\u00e1ln\u00e1 trubka, p\u016flkulat\u00e1 trubka atd.<\/td>\n<\/tr>\n<tr>\n<td class=\"label\">Povrchov\u00e1 \u00faprava<\/td>\n<td>fr\u00e9zov\u00e1n\u00ed, eloxov\u00e1n\u00ed, d\u0159ev\u011bn\u00e1 struktura, povrchov\u00e1 \u00faprava, p\u00edskov\u00e1n\u00ed, elektrofor\u00e9za, kart\u00e1\u010dov\u00e1n\u00ed, le\u0161t\u011bn\u00ed atd.<\/td>\n<\/tr>\n<tr>\n<td class=\"label\">Hloubkov\u00e9 zpracov\u00e1n\u00ed CNC<\/td>\n<td>\u0159ez\u00e1n\u00ed, vrt\u00e1n\u00ed, obr\u00e1b\u011bn\u00ed, d\u011brov\u00e1n\u00ed, oh\u00fdb\u00e1n\u00ed, z\u00e1vitov\u00e1n\u00ed atd.<\/td>\n<\/tr>\n<tr>\n<td class=\"label\">Certifikace<\/td>\n<td>CE, ISO, SGS, TUV, ROHS<\/td>\n<\/tr>\n<tr>\n<td class=\"label\">Vzorky<\/td>\n<td>vzorek zdarma. Dod\u00e1n\u00ed do 1-3 dn\u016f.<\/td>\n<\/tr>\n<tr>\n<td class=\"label\">MOQ<\/td>\n<td>200 kg pro ka\u017ed\u00fd profil<\/td>\n<\/tr>\n<tr>\n<td class=\"label\">Doba dod\u00e1n\u00ed<\/td>\n<td>V\u00fdvoj formy a kontrola vzorku trv\u00e1 12-15 dn\u00ed, v\u00fdroba pak 15-25 dn\u00ed po obdr\u017een\u00ed z\u00e1lohy od kupuj\u00edc\u00edho.<\/td>\n<\/tr>\n<tr>\n<td class=\"label\">Platebn\u00ed podm\u00ednky<\/td>\n<td>30% z\u00e1loha p\u0159ed v\u00fdrobou a z\u016fstatek p\u0159ed odesl\u00e1n\u00edm.<\/td>\n<\/tr>\n<\/table>\n<h2>Na\u0161e v\u00fdrobn\u00ed z\u00e1kladna<\/h2>\n<h3>Panorama tov\u00e1rny<\/h3>\n<p><img decoding=\"async\" src=\"\/wp-content\/uploads\/factory-01.webp\"\/><\/p>\n<h3>D\u00edlna na v\u00fdrobu hlin\u00edkov\u00fdch ty\u010d\u00ed<\/h3>\n<p><img decoding=\"async\" src=\"\/wp-content\/uploads\/factory-02.webp\"\/><\/p>\n<\/p>\n<p><img decoding=\"async\" src=\"\/wp-content\/uploads\/factory-03.webp\"\/><\/p>\n<h3>Sklad pl\u00edsn\u00ed<\/h3>\n<p><img decoding=\"async\" src=\"\/wp-content\/uploads\/factory-04.webp\"\/><\/p>\n<h3>43 linek na vytla\u010dov\u00e1n\u00ed hlin\u00edku (500 - 5500 tun)<\/h3>\n<p><img decoding=\"async\" src=\"\/wp-content\/uploads\/factory-05.webp\"\/><\/p>\n<p><img decoding=\"async\" src=\"\/wp-content\/uploads\/factory-06.webp\"\/><\/p>\n<p><img decoding=\"async\" src=\"\/wp-content\/uploads\/factory-07.webp\"\/><\/p>\n<h3>D\u00edlna pr\u00e1\u0161kov\u00e9ho lakov\u00e1n\u00ed<\/h3>\n<p><img decoding=\"async\" src=\"\/wp-content\/uploads\/factory-09.webp\"\/><\/p>\n<h3>D\u00edlna eloxov\u00e1n\u00ed<\/h3>\n<p><img decoding=\"async\" src=\"\/wp-content\/uploads\/factory-10.webp\"\/><\/p>\n<h3>Workshop o hloubkov\u00e9m zpracov\u00e1n\u00ed<\/h3>\n<p><img decoding=\"async\" src=\"\/wp-content\/uploads\/factory-11.webp\"\/><\/p>\n<h3>D\u00edlna CNC p\u0159esn\u00e9ho obr\u00e1b\u011bn\u00ed<\/h3>\n<p><img decoding=\"async\" src=\"\/wp-content\/uploads\/factory-11.5.webp\"\/><\/p>\n<h3>Sklad hotov\u00fdch v\u00fdrobk\u016f a exportn\u00ed sklad<\/h3>\n<p><img decoding=\"async\" src=\"\/wp-content\/uploads\/factory-12.webp\"\/><\/p>\n<p><img decoding=\"async\" src=\"\/wp-content\/uploads\/factory-13.webp\"\/><\/p>\n<p><img decoding=\"async\" src=\"\/wp-content\/uploads\/factory-14.webp\"\/><\/p>\n<h2>\u010cASTO KLADEN\u00c9 DOTAZY<\/h2>\n<p><b>1.Co je to hlin\u00edkov\u00e1 vytla\u010dovac\u00ed trubka? <\/b><\/p>\n<p> Hlin\u00edkov\u00e1 vytla\u010dovac\u00ed trubka je dut\u00fd hlin\u00edkov\u00fd profil vytvo\u0159en\u00fd protla\u010den\u00edm hlin\u00edku p\u0159es lisovac\u00ed formu, kter\u00fd nab\u00edz\u00ed lehk\u00e1, pevn\u00e1 a korozivzdorn\u00e1 \u0159e\u0161en\u00ed pro r\u016fzn\u00e9 aplikace.\n<\/p>\n<p><\/p>\n<p><b>2.Jak\u00e9 jsou hlavn\u00ed v\u00fdhody hlin\u00edkov\u00fdch vytla\u010dovac\u00edch trubek? <\/b><\/p>\n<p> Hlin\u00edkov\u00e9 lisovan\u00e9 trubky jsou lehk\u00e9, odoln\u00e9, korozivzdorn\u00e9 a snadno se vyr\u00e1b\u011bj\u00ed, tak\u017ee jsou ide\u00e1ln\u00ed pro pou\u017eit\u00ed v automobilov\u00e9m pr\u016fmyslu, stavebnictv\u00ed a pr\u016fmyslu.\n<\/p>\n<p><\/p>\n<p><b>3.Pro\u010d si vybrat hlin\u00edkov\u00e9 vytla\u010dovac\u00ed trubky m\u00edsto ocelov\u00fdch? <\/b><\/p>\n<p> Hlin\u00edkov\u00e9 vytla\u010dovac\u00ed trubky jsou up\u0159ednost\u0148ov\u00e1ny p\u0159ed ocel\u00ed d\u00edky sv\u00e9 ni\u017e\u0161\u00ed hmotnosti, vynikaj\u00edc\u00ed odolnosti proti korozi a vysok\u00e9mu pom\u011bru pevnosti k hmotnosti.\n<\/p>\n<p><\/p>\n<p><b>4.Je hlin\u00edkov\u00e1 vytla\u010dovac\u00ed trubka vhodn\u00e1 pro venkovn\u00ed pou\u017eit\u00ed? <\/b><\/p>\n<p> Ano, hlin\u00edkov\u00e9 trubky jsou vysoce odoln\u00e9 v\u016f\u010di pov\u011btrnostn\u00edm vliv\u016fm a korozi, tak\u017ee jsou ide\u00e1ln\u00ed pro venkovn\u00ed konstrukce a mo\u0159sk\u00e9 prost\u0159ed\u00ed.\n<\/p>\n<p><\/p>\n<p><b>5.Can hlin\u00edkov\u00e9 vytla\u010dovac\u00ed trubky b\u00fdt p\u0159izp\u016fsoben tvaru a velikosti? <\/b><\/p>\n<p> Hlin\u00edkov\u00e9 vytla\u010dovac\u00ed trubky lze vyr\u00e1b\u011bt v \u0161irok\u00e9 \u0161k\u00e1le nestandardn\u00edch tvar\u016f, velikost\u00ed a tlou\u0161\u0165ek st\u011bn, aby spl\u0148ovaly specifick\u00e9 po\u017eadavky na konstrukci.\n<\/p>\n<p><\/p>\n<p><b>6.Jak siln\u00e1 je hlin\u00edkov\u00e1 vytla\u010dovac\u00ed trubka? <\/b><\/p>\n<p> Hlin\u00edkov\u00e9 lisovan\u00e9 trubky maj\u00ed vynikaj\u00edc\u00ed pevnost vzhledem ke sv\u00e9 hmotnosti, zejm\u00e9na p\u0159i pou\u017eit\u00ed vysokopevnostn\u00edch hlin\u00edkov\u00fdch slitin, jako je 6061 nebo 6082.\n<\/p>\n<p><\/p>\n<p><b>7.Je hlin\u00edkov\u00e1 vytla\u010dovac\u00ed trubka \u0161etrn\u00e1 k \u017eivotn\u00edmu prost\u0159ed\u00ed? <\/b><\/p>\n<p> Ano, hlin\u00edkov\u00e1 vytla\u010dovac\u00ed trubka 100% je recyklovateln\u00e1 a d\u00edky n\u00edzk\u00e9 spot\u0159eb\u011b energie a recyklovatelnosti podporuje udr\u017eitelnou v\u00fdrobu.\n<\/p>\n<p><\/p>\n<p><b>8.Jak\u00e9 povrchov\u00e9 \u00fapravy jsou k dispozici pro hlin\u00edkov\u00e9 vytla\u010dovac\u00ed trubky? <\/b><\/p>\n<p> Hlin\u00edkov\u00e9 vytla\u010dovac\u00ed trubky mohou b\u00fdt eloxovan\u00e9, pr\u00e1\u0161kov\u011b lakovan\u00e9 nebo lakovan\u00e9 pro zlep\u0161en\u00ed vzhledu, tvrdosti povrchu a odolnosti proti korozi.\n<\/p>\n<p><\/p>\n<p><b>9.Jsou hlin\u00edkov\u00e9 vytla\u010dovac\u00ed trubky n\u00e1kladov\u011b efektivn\u00ed? <\/b><\/p>\n<p> Hlin\u00edkov\u00e9 vytla\u010dovac\u00ed trubky p\u0159edstavuj\u00ed n\u00e1kladov\u011b efektivn\u00ed \u0159e\u0161en\u00ed d\u00edky sv\u00e9 dlouh\u00e9 \u017eivotnosti, nen\u00e1ro\u010dn\u00e9 \u00fadr\u017eb\u011b a efektivn\u00edmu v\u00fdrobn\u00edmu procesu.\n<\/p>\n<p><\/p>\n<p><b>10.Jak\u00e1 pr\u016fmyslov\u00e1 odv\u011btv\u00ed pou\u017e\u00edvaj\u00ed hlin\u00edkov\u00e9 vytla\u010dovac\u00ed trubky? <\/b><\/p>\n<p> Hlin\u00edkov\u00e9 vytla\u010dovac\u00ed trubky se d\u00edky sv\u00e9 univerz\u00e1lnosti a v\u00fdkonnosti hojn\u011b pou\u017e\u00edvaj\u00ed v automobilov\u00e9m, leteck\u00e9m, stavebn\u00edm, elektronick\u00e9m a n\u00e1bytk\u00e1\u0159sk\u00e9m pr\u016fmyslu.\n<\/p>\n<p><\/p>","protected":false},"featured_media":5534,"template":"","categories":[55],"class_list":["post-5536","product","type-product","status-publish","has-post-thumbnail","hentry","category-extruded-aluminum-profiles"],"meta_box":{"hilight_text_group":{"product_hilight_text":"Sinoextrud offers aluminium extrusion tubes in a variety of materials, such as 3003 series, 5052 series, 5083 series, 6005 series,6060 series, 6061 series, 6063 series, 6082 series.","product_chanpin_chanpin":"<li><a href=\"https:\/\/sinoextrud.com\/product\/large-aluminum-extrusion\/\" target=\"_blank\">Large Aluminum Extrusion<\/a><\/li>\r\n<li><a href=\"https:\/\/sinoextrud.com\/product\/large-aluminum-extrud\/\" target=\"_blank\">Large Aluminum Extrud<\/a><\/li>\r\n<li><a href=\"https:\/\/sinoextrud.com\/product\/aluminium-extrusion-6061-6082-7075-aluminum-alloy-profiles\/\" target=\"_blank\">Aluminium Extrusion 6061 6082 7075 Aluminum Alloy Profiles<\/a><\/li>\r\n<li><a href=\"https:\/\/sinoextrud.com\/product\/aluminium-extrud-anodised-aluminium-tube\/\" target=\"_blank\">Aluminium Extrusion Anodised Aluminium Tube<\/a><\/li>\r\n<li><a href=\"https:\/\/sinoextrud.com\/product\/aluminium-extrusion-tube\/\" target=\"_blank\">Aluminium Extrusion Tube<\/a><\/li>\r\n<li><a href=\"https:\/\/sinoextrud.com\/product\/aluminum-extrud-7003-aluminum-pipe\/\" target=\"_blank\">Aluminum Extrusion 7003 Aluminum Pipe<\/a><\/li>\r\n<li><a href=\"https:\/\/sinoextrud.com\/product\/aluminum-extrusion-2024-aluminum-profile\/\" target=\"_blank\">Aluminum Extrusion 2024 Aluminum Profile<\/a><\/li>\r\n<li><a href=\"https:\/\/sinoextrud.com\/product\/linear-sliding-modules-aluminum-profiles\/\" target=\"_blank\">Linear Sliding Modules Aluminum Profiles<\/a><\/li>\r\n<li><a href=\"https:\/\/sinoextrud.com\/product\/aluminum-extrusion-1060-aluminum-profile\/\" target=\"_blank\">Aluminum Extrusion 1060 Aluminum Profile<\/a><\/li>\r\n<li><a href=\"https:\/\/sinoextrud.com\/product\/aluminium-extrud-anodised-aluminium-tube\/\" target=\"_blank\">Aluminium Extrusion Anodised Aluminium Tube<\/a><\/li>\r\n<li><a href=\"https:\/\/sinoextrud.com\/product\/aluminium-railings\/\" target=\"_blank\">Aluminium Railings<\/a><\/li>"},"feature_list":[]},"_links":{"self":[{"href":"https:\/\/sinoextrud.com\/cs\/wp-json\/wp\/v2\/product\/5536","targetHints":{"allow":["GET"]}}],"collection":[{"href":"https:\/\/sinoextrud.com\/cs\/wp-json\/wp\/v2\/product"}],"about":[{"href":"https:\/\/sinoextrud.com\/cs\/wp-json\/wp\/v2\/types\/product"}],"wp:featuredmedia":[{"embeddable":true,"href":"https:\/\/sinoextrud.com\/cs\/wp-json\/wp\/v2\/media\/5534"}],"wp:attachment":[{"href":"https:\/\/sinoextrud.com\/cs\/wp-json\/wp\/v2\/media?parent=5536"}],"wp:term":[{"taxonomy":"category","embeddable":true,"href":"https:\/\/sinoextrud.com\/cs\/wp-json\/wp\/v2\/categories?post=5536"}],"curies":[{"name":"wp","href":"https:\/\/api.w.org\/{rel}","templated":true}]}}