{"id":3584,"date":"2025-04-27T02:27:00","date_gmt":"2025-04-27T02:27:00","guid":{"rendered":"https:\/\/sinoextrud.com\/?post_type=product&#038;p=3584"},"modified":"2025-06-24T03:51:43","modified_gmt":"2025-06-24T03:51:43","slug":"stropni-system-ve-tvaru-pismene-u","status":"publish","type":"product","link":"https:\/\/sinoextrud.com\/cs\/product\/u-shaped-baffle-ceiling-system\/","title":{"rendered":"Stropn\u00ed syst\u00e9m ve tvaru p\u00edsmene U"},"content":{"rendered":"<h2>STANDARDN\u00cd VELIKOST<\/h2>\n<p>1: Nestandardn\u00ed velikosti lze p\u0159izp\u016fsobit;<\/p>\n<p>2: Pozinkovan\u00e1 \u017eelezn\u00e1 dla\u017edice m\u016f\u017ee b\u00fdt p\u0159izp\u016fsobena<\/p>\n<table class=\"custom-table\">\n<tr>\n<td class=\"label\">N\u00e1zev produktu<\/td>\n<td>\u0160\u00ed\u0159ka<\/td>\n<td>V\u00fd\u0161ka<\/td>\n<\/tr>\n<tr>\n<td class=\"label\">Kombinace 1<\/td>\n<td>20\u300125\u300140\u300150\u300160\u300170\u300180mm<\/td>\n<td>30\u300140\u300150\u300160\u300170\u300180\u300190\u3001100\u3001110\u3001120.130\u3001140\u3001150\u3001160\u3001170\u3001180\u3001190\u3001200mm<\/td>\n<\/tr>\n<tr>\n<td class=\"label\">Kombinace 2<\/td>\n<td>30 mm<\/td>\n<td>25\u300130\u300140\u300150\u300160\u300170\u300180\u300190\u3001100\u3001110\u3001120\u3001130\u3001140\u3001150\u3001160\u3001170\u3001180\u3001190.200mim<\/td>\n<\/tr>\n<tr>\n<td class=\"label\">Kombinace 3<\/td>\n<td>100\u3001110\u3001120\u3001130\u3001140\u3001150\u3001160\u3001170\u3001180\u3001190\u3001200mm<\/td>\n<td>20\u300130\u300140\u300150mm<\/td>\n<\/tr>\n<\/table>\n<h2>Instala\u010dn\u00ed sch\u00e9ma<\/h2>\n<p><img decoding=\"async\" src=\"https:\/\/sinoextrud.com\/wp-content\/uploads\/U-Shaped-Baffle-Ceiling-System-anzhuang.webp\" alt=\"Stropn\u00ed syst\u00e9m ve tvaru p\u00edsmene U\"  \/><\/p>\n<h2>V\u00fdrobn\u00ed proces<\/h2>\n<p><img decoding=\"async\" src=\"\/wp-content\/uploads\/zzlc01.webp\" alt=\"V\u00fdrobn\u00ed proces\"  \/><br \/>\n<img decoding=\"async\" src=\"\/wp-content\/uploads\/zzlc02.webp\" alt=\"V\u00fdrobn\u00ed proces\"  \/><br \/>\n<img decoding=\"async\" src=\"\/wp-content\/uploads\/zzlc03.webp\" alt=\"V\u00fdrobn\u00ed proces\"  \/><br \/>\n<img decoding=\"async\" src=\"\/wp-content\/uploads\/zzlc04.webp\" alt=\"V\u00fdrobn\u00ed proces\"  \/><\/p>\n<h2>\u010cASTO KLADEN\u00c9 DOTAZY<\/h2>\n<p><b>1.Co je to stropn\u00ed syst\u00e9m ve tvaru p\u00edsmene U?<\/b><\/p>\n<p>Stropn\u00ed syst\u00e9m ve tvaru p\u00edsmene U je \u0159e\u0161en\u00ed podhledu se svisl\u00fdmi hlin\u00edkov\u00fdmi panely ve tvaru p\u00edsmene U uspo\u0159\u00e1dan\u00fdmi v line\u00e1rn\u00edch \u0159ad\u00e1ch, kter\u00e9 vytv\u00e1\u0159ej\u00ed \u010dist\u00fd, modern\u00ed architektonick\u00fd design.\n<\/p>\n<p><\/p>\n<p><b>2.Jak\u00e9 jsou v\u00fdhody stropn\u00edho syst\u00e9mu ve tvaru U?<\/b><\/p>\n<p>Stropn\u00ed syst\u00e9my ve tvaru p\u00edsmene U nab\u00edzej\u00ed v\u00fdrazn\u00fd line\u00e1rn\u00ed vizu\u00e1ln\u00ed efekt, lep\u0161\u00ed akustiku, vynikaj\u00edc\u00ed kompatibilitu s ventilac\u00ed a p\u0159izp\u016fsobiteln\u00e9 konfigurace.\n<\/p>\n<p><\/p>\n<p><b>3.Kde se b\u011b\u017en\u011b pou\u017e\u00edv\u00e1 stropn\u00ed syst\u00e9m s p\u0159ep\u00e1\u017ekou ve tvaru p\u00edsmene U?<\/b><\/p>\n<p>Tyto syst\u00e9my se hojn\u011b pou\u017e\u00edvaj\u00ed v kancel\u00e1\u0159\u00edch, na leti\u0161t\u00edch, v n\u00e1kupn\u00edch centrech, vzd\u011bl\u00e1vac\u00edch instituc\u00edch a ve\u0159ejn\u00fdch budov\u00e1ch pro sv\u00e9 estetick\u00e9 a funk\u010dn\u00ed v\u00fdhody.\n<\/p>\n<p><\/p>\n<p><b>4.Jak design ve tvaru p\u00edsmene U vylep\u0161uje vnit\u0159n\u00ed prostory?<\/b><\/p>\n<p>P\u0159ep\u00e1\u017eky ve tvaru p\u00edsmene U vytv\u00e1\u0159ej\u00ed hloubku, rytmus a strukturu stropn\u00edch konstrukc\u00ed, \u010d\u00edm\u017e pom\u00e1haj\u00ed vymezit prostor a z\u00e1rove\u0148 zachovat otev\u0159en\u00e9 a vzdu\u0161n\u00e9 prost\u0159ed\u00ed.\n<\/p>\n<p><\/p>\n<p><b>5.Jak\u00e9 materi\u00e1ly se pou\u017e\u00edvaj\u00ed ve stropn\u00edch syst\u00e9mech ve tvaru U?<\/b><\/p>\n<p>P\u0159ep\u00e1\u017eky ve tvaru p\u00edsmene U jsou obvykle vyrobeny z lehk\u00e9ho hlin\u00edku nebo pozinkovan\u00e9 oceli odoln\u00e9 proti korozi, co\u017e zaru\u010duje dlouhodobou \u017eivotnost a snadnou instalaci.\n<\/p>\n<p><\/p>\n<p><b>6.Lze stropn\u00ed syst\u00e9my s p\u0159ep\u00e1\u017ekami ve tvaru p\u00edsmene U p\u0159izp\u016fsobit?<\/b><\/p>\n<p>Ano, p\u0159ep\u00e1\u017eky ve tvaru p\u00edsmene U lze p\u0159izp\u016fsobit v\u00fd\u0161kou, \u0161\u00ed\u0159kou, rozte\u010d\u00ed, barvou a povrchovou \u00fapravou tak, aby spl\u0148ovaly specifick\u00e9 architektonick\u00e9 a designov\u00e9 po\u017eadavky.\n<\/p>\n<p><\/p>\n<p><b>7.Je integrace osv\u011btlen\u00ed mo\u017en\u00e1 u strop\u016f s p\u0159ep\u00e1\u017ekami ve tvaru U?<\/b><\/p>\n<p>Stropn\u00ed syst\u00e9my s p\u0159ep\u00e1\u017ekami ve tvaru p\u00edsmene U mohou mezi p\u0159ep\u00e1\u017eky plynule za\u010dlenit line\u00e1rn\u00ed sv\u011btla, bodov\u00e1 sv\u011btla nebo LED p\u00e1sky pro zv\u00fd\u0161en\u00ed vizu\u00e1ln\u00edho efektu.\n<\/p>\n<p><\/p>\n<p><b>8.Jsou stropn\u00ed syst\u00e9my s p\u0159ep\u00e1\u017ekami ve tvaru U snadn\u00e9 na instalaci a \u00fadr\u017ebu?<\/b><\/p>\n<p>Ano, modul\u00e1rn\u00ed konstrukce umo\u017e\u0148uje rychlou instalaci a pohodln\u00fd p\u0159\u00edstup k mechanick\u00fdm a elektrick\u00fdm syst\u00e9m\u016fm za \u00fa\u010delem \u00fadr\u017eby.\n<\/p>\n<p><\/p>\n<p><b>9.Jak\u00e9 povrchov\u00e9 \u00fapravy jsou k dispozici pro stropy s p\u0159ep\u00e1\u017ekami ve tvaru U?<\/b><\/p>\n<p>Povrchov\u00e9 \u00fapravy zahrnuj\u00ed pr\u00e1\u0161kov\u00e9 lakov\u00e1n\u00ed, eloxov\u00e1n\u00ed, d\u0159ev\u011bnou strukturu, matn\u00e9 textury a vlastn\u00ed barvy RAL, kter\u00e9 vyhovuj\u00ed r\u016fzn\u00fdm designov\u00fdm styl\u016fm.\n<\/p>\n<p><\/p>\n<p><b>10.Je stropn\u00ed syst\u00e9m ve tvaru U \u0161etrn\u00fd k \u017eivotn\u00edmu prost\u0159ed\u00ed?<\/b><\/p>\n<p>Ano, stropy ve tvaru U jsou vyrobeny z recyklovateln\u00fdch hlin\u00edkov\u00fdch materi\u00e1l\u016f a p\u0159isp\u00edvaj\u00ed k udr\u017eiteln\u00fdm a ekologick\u00fdm stavebn\u00edm postup\u016fm.\n<\/p>\n<p><\/p>","protected":false},"featured_media":3587,"template":"","categories":[51],"class_list":["post-3584","product","type-product","status-publish","has-post-thumbnail","hentry","category-baffle-ceiling-systems"],"meta_box":{"hilight_text_group":{"product_hilight_text":"A decorative curtain type ceiing, able to adjust the visual heightof a house, and can hide all the pipelines and other facilities inthe bottor of the building, and can also lead sunlight or lamplightIt enables an open field of vision, good ventilation and air flow,the connection lines are bright and neat, with clear levels,reflecting the concise modern style, simple and convenient ininstallation assembly and dis-assembly, has become the mainpopular product on decoration market .","product_tu_tu":"<img width=\"320\" height=\"210\" src=\"https:\/\/sinoextrud.com\/wp-content\/uploads\/U-Shaped-Baffle-Ceiling-System-xg.webp\" alt=\"U-Shaped Baffle Ceiling System\" title=\"U-Shaped Baffle Ceiling System\">","product_chanpin_chanpin":"<li><a href=\"https:\/\/sinoextrud.com\/product\/pyramid-open-cell-ceiling-system\/\" target=\"_blank\">Pyramid Open Cell Ceiling System<\/a><\/li>\r\n<li><a href=\"https:\/\/sinoextrud.com\/product\/clip-type-screen-ceiling-system\/\" target=\"_blank\">Clip Type Screen Ceiling System<\/a><\/li>\r\n<li><a href=\"https:\/\/sinoextrud.com\/product\/hook-type-sereen-ceiling-system\/\" target=\"_blank\">Hook Type Sereen Ceiling System<\/a><\/li>\r\n<li><a href=\"https:\/\/sinoextrud.com\/product\/vertical-type-screen-ceiling-system\/\" target=\"_blank\">Vertical Type Screen Ceiling System<\/a><\/li>\r\n<li><a href=\"https:\/\/sinoextrud.com\/product\/u-shaped-baffle-ceiling-system\/\" target=\"_blank\">U-Shaped Baffle Ceiling System<\/a><\/li>\r\n<li><a href=\"https:\/\/sinoextrud.com\/product\/special-shaped-baffle-ceiling-system\/\" target=\"_blank\">Special Shaped Baffle Ceiling System<\/a><\/li>\r\n<li><a href=\"https:\/\/sinoextrud.com\/product\/o-shape-baffle-ceiling-system\/\" target=\"_blank\">O-shape Baffle Ceiling System<\/a><\/li>\r\n<li><a href=\"https:\/\/sinoextrud.com\/product\/bullet-shaped-baffle-ceiling-system\/\" target=\"_blank\">Bullet-shaped Baffle Ceiling System<\/a><\/li>\r\n<li><a href=\"https:\/\/sinoextrud.com\/product\/v-shape-baffle-ceiling-system\/\" target=\"_blank\">V-shape Baffle Ceiling System<\/a><\/li>\r\n<li><a href=\"https:\/\/sinoextrud.com\/product\/aluminium-shop-front-extrusions\/\" target=\"_blank\">Aluminium Shop Front Extrusions<\/a><\/li>\r\n<li><a href=\"https:\/\/sinoextrud.com\/product\/wide-aluminum-extrusions\/\" target=\"_blank\">Wide Aluminum Extrusions<\/a><\/li>"},"feature_list":[]},"_links":{"self":[{"href":"https:\/\/sinoextrud.com\/cs\/wp-json\/wp\/v2\/product\/3584","targetHints":{"allow":["GET"]}}],"collection":[{"href":"https:\/\/sinoextrud.com\/cs\/wp-json\/wp\/v2\/product"}],"about":[{"href":"https:\/\/sinoextrud.com\/cs\/wp-json\/wp\/v2\/types\/product"}],"wp:featuredmedia":[{"embeddable":true,"href":"https:\/\/sinoextrud.com\/cs\/wp-json\/wp\/v2\/media\/3587"}],"wp:attachment":[{"href":"https:\/\/sinoextrud.com\/cs\/wp-json\/wp\/v2\/media?parent=3584"}],"wp:term":[{"taxonomy":"category","embeddable":true,"href":"https:\/\/sinoextrud.com\/cs\/wp-json\/wp\/v2\/categories?post=3584"}],"curies":[{"name":"wp","href":"https:\/\/api.w.org\/{rel}","templated":true}]}}