{"id":3505,"date":"2025-04-26T07:52:41","date_gmt":"2025-04-26T07:52:41","guid":{"rendered":"https:\/\/sinoextrud.com\/?post_type=product&#038;p=3505"},"modified":"2025-06-24T03:51:20","modified_gmt":"2025-06-24T03:51:20","slug":"linearni-stropni-system-ve-tvaru-pismene-c-odolny-proti-vetru","status":"publish","type":"product","link":"https:\/\/sinoextrud.com\/cs\/product\/c-shaped-wind-resistant-linear-ceiling-system\/","title":{"rendered":"Line\u00e1rn\u00ed stropn\u00ed syst\u00e9m ve tvaru p\u00edsmene C odoln\u00fd proti v\u011btru"},"content":{"rendered":"<h2>STANDARDN\u00cd VELIKOST<\/h2>\n<p>1: Nestandardn\u00ed velikosti lze upravit na m\u00edru<\/p>\n<table class=\"custom-table\">\n<tr>\n<td class=\"label\">N\u00e1zev produktu<\/td>\n<td>VELIKOST<\/td>\n<\/tr>\n<tr>\n<td class=\"label\">\u0160\u00ed\u0159ka<\/td>\n<td>300mm\u3001400mm\u3001500mm\u3001600mm<\/td>\n<\/tr>\n<\/table>\n<p><img loading=\"lazy\" decoding=\"async\" src=\"https:\/\/sinoextrud.com\/wp-content\/uploads\/C-Shaped-Wind-Resistant-Linear-Ceiling-System-gg.webp\" alt=\"Line\u00e1rn\u00ed stropn\u00ed syst\u00e9m ve tvaru p\u00edsmene C odoln\u00fd proti v\u011btru\" width=\"211\" height=\"100\" class=\"size-full wp-image-3509\" srcset=\"https:\/\/sinoextrud.com\/wp-content\/uploads\/C-Shaped-Wind-Resistant-Linear-Ceiling-System-gg.webp 211w, https:\/\/sinoextrud.com\/wp-content\/uploads\/C-Shaped-Wind-Resistant-Linear-Ceiling-System-gg-18x9.webp 18w\" sizes=\"auto, (max-width: 211px) 100vw, 211px\" \/><\/p>\n<h2>Instala\u010dn\u00ed sch\u00e9ma<\/h2>\n<p><img decoding=\"async\" src=\"https:\/\/sinoextrud.com\/wp-content\/uploads\/C-Shaped-Wind-Resistant-Linear-Ceiling-System-anzhuang.webp\" alt=\"Line\u00e1rn\u00ed stropn\u00ed syst\u00e9m ve tvaru p\u00edsmene C odoln\u00fd proti v\u011btru\"  \/><\/p>\n<h2>V\u00fdrobn\u00ed proces<\/h2>\n<p><img decoding=\"async\" src=\"\/wp-content\/uploads\/zzlc01.webp\" alt=\"V\u00fdrobn\u00ed proces\"  \/><br \/>\n<img decoding=\"async\" src=\"\/wp-content\/uploads\/zzlc02.webp\" alt=\"V\u00fdrobn\u00ed proces\"  \/><br \/>\n<img decoding=\"async\" src=\"\/wp-content\/uploads\/zzlc03.webp\" alt=\"V\u00fdrobn\u00ed proces\"  \/><br \/>\n<img decoding=\"async\" src=\"\/wp-content\/uploads\/zzlc04.webp\" alt=\"V\u00fdrobn\u00ed proces\"  \/><\/p>\n<h2>\u010cASTO KLADEN\u00c9 DOTAZY<\/h2>\n<p><b>1.Co je line\u00e1rn\u00ed stropn\u00ed syst\u00e9m ve tvaru p\u00edsmene C odoln\u00fd proti v\u011btru?<\/b><\/p>\n<p>Line\u00e1rn\u00ed stropn\u00ed syst\u00e9m odoln\u00fd proti v\u011btru ve tvaru p\u00edsmene C je zav\u011b\u0161en\u00fd kovov\u00fd podhled vyu\u017e\u00edvaj\u00edc\u00ed hlin\u00edkov\u00e9 panely s profilem C a zes\u00edlen\u00fdmi zaji\u0161\u0165ovac\u00edmi mechanismy, kter\u00fd je navr\u017een tak, aby odol\u00e1val siln\u00e9mu zat\u00ed\u017een\u00ed v\u011btrem, zejm\u00e9na v polotepl\u00e9m nebo otev\u0159en\u00e9m prost\u0159ed\u00ed.\n<\/p>\n<p><\/p>\n<p><b>2.Jak\u00e9 jsou v\u00fdhody line\u00e1rn\u00edho stropn\u00edho syst\u00e9mu ve tvaru p\u00edsmene C odoln\u00e9ho proti v\u011btru?<\/b><\/p>\n<p>V\u011btruvzdorn\u00e9 line\u00e1rn\u00ed stropn\u00ed syst\u00e9my ve tvaru p\u00edsmene C nab\u00edzej\u00ed vynikaj\u00edc\u00ed odolnost proti v\u011btru, stabilitu konstrukce, modern\u00ed estetiku a vynikaj\u00edc\u00ed v\u00fdkon ve venkovn\u00edch prostor\u00e1ch a prostor\u00e1ch s vysokou ventilac\u00ed.\n<\/p>\n<p><\/p>\n<p><b>3.Kde se b\u011b\u017en\u011b pou\u017e\u00edv\u00e1 stropn\u00ed syst\u00e9m odoln\u00fd proti v\u011btru ve tvaru p\u00edsmene C?<\/b><\/p>\n<p>Tyto syst\u00e9my jsou ide\u00e1ln\u00ed pro leti\u0161t\u011b, p\u0159\u00edst\u0159e\u0161ky, chodby, dopravn\u00ed uzly a venkovn\u00ed chodn\u00edky, kde je rozhoduj\u00edc\u00ed zat\u00ed\u017een\u00ed v\u011btrem a v\u011btr\u00e1n\u00ed.\n<\/p>\n<p><\/p>\n<p><b>4.Jak konstrukce odoln\u00e1 proti v\u011btru zlep\u0161uje v\u00fdkon?<\/b><\/p>\n<p>Zdokonalen\u00e1 konstrukce s uzamyk\u00e1n\u00edm pomoc\u00ed klip\u016f zaji\u0161\u0165uje, \u017ee panely z\u016fstanou bezpe\u010dn\u011b upevn\u011bny i p\u0159i velk\u00e9m n\u00e1poru v\u011btru, a sni\u017euje tak riziko deformace nebo odlomen\u00ed.\n<\/p>\n<p><\/p>\n<p><b>5.Jak\u00e9 materi\u00e1ly se pou\u017e\u00edvaj\u00ed ve v\u011btru odoln\u00fdch stropn\u00edch syst\u00e9mech ve tvaru p\u00edsmene C?<\/b><\/p>\n<p>Stropn\u00ed syst\u00e9my odoln\u00e9 proti v\u011btru ve tvaru p\u00edsmene C jsou obvykle vyrobeny z vysokopevnostn\u00edho hlin\u00edku nebo pozinkovan\u00e9 oceli, kter\u00e9 zaji\u0161\u0165uj\u00ed trvanlivost, odolnost proti korozi a n\u00edzkou hmotnost.\n<\/p>\n<p><\/p>\n<p><b>6.Lze stropn\u00ed syst\u00e9my odoln\u00e9 proti v\u011btru ve tvaru p\u00edsmene C p\u0159izp\u016fsobit?<\/b><\/p>\n<p>Ano, \u0161\u00ed\u0159ku, hloubku, rozte\u010d, barvu, povrchovou \u00fapravu a mo\u017enosti perforace panel\u016f lze p\u0159izp\u016fsobit tak, aby odpov\u00eddaly specifick\u00fdm po\u017eadavk\u016fm na design a v\u00fdkon.\n<\/p>\n<p><\/p>\n<p><b>7.Lze osv\u011btlen\u00ed a in\u017een\u00fdrsk\u00e9 s\u00edt\u011b integrovat do v\u011btru odoln\u00fdch strop\u016f ve tvaru p\u00edsmene C?<\/b><\/p>\n<p>Stropn\u00ed syst\u00e9my odoln\u00e9 proti v\u011btru ve tvaru p\u00edsmene C umo\u017e\u0148uj\u00ed bezprobl\u00e9movou integraci sv\u00edtidel, ventila\u010dn\u00edch kan\u00e1l\u016f a prvk\u016f po\u017e\u00e1rn\u00ed ochrany.\n<\/p>\n<p><\/p>\n<p><b>8.Jsou stropy odoln\u00e9 proti v\u011btru ve tvaru p\u00edsmene C snadn\u00e9 na instalaci a \u00fadr\u017ebu?<\/b><\/p>\n<p>Ano, modul\u00e1rn\u00ed konstrukce panelu umo\u017e\u0148uje rychlou instalaci a snadnou demont\u00e1\u017e pro kontrolu, \u010di\u0161t\u011bn\u00ed nebo \u00fadr\u017ebu stropn\u00edch syst\u00e9m\u016f.\n<\/p>\n<p><\/p>\n<p><b>9.Jak\u00e9 povrchov\u00e9 \u00fapravy jsou k dispozici pro stropn\u00ed syst\u00e9my odoln\u00e9 proti v\u011btru ve tvaru p\u00edsmene C?<\/b><\/p>\n<p>Dostupn\u00e9 povrchov\u00e9 \u00fapravy zahrnuj\u00ed pr\u00e1\u0161kov\u00e9 lakov\u00e1n\u00ed, eloxov\u00e1n\u00ed, kart\u00e1\u010dovan\u00e9 povrchy, efekty d\u0159eva a vlastn\u00ed barvy RAL pro \u0161irokou \u0161k\u00e1lu designov\u00fdch aplikac\u00ed.\n<\/p>\n<p><\/p>\n<p><b>10.Je syst\u00e9m v\u011btru odoln\u00fdch line\u00e1rn\u00edch strop\u016f ve tvaru p\u00edsmene C \u0161etrn\u00fd k \u017eivotn\u00edmu prost\u0159ed\u00ed?<\/b><\/p>\n<p>Ano, stropn\u00ed syst\u00e9my ve tvaru p\u00edsmene C odoln\u00e9 proti v\u011btru, vyroben\u00e9 z recyklovateln\u00fdch hlin\u00edkov\u00fdch materi\u00e1l\u016f, podporuj\u00ed ekologick\u00e9 stavebn\u00ed normy a udr\u017eitelnou architekturu.\n<\/p>\n<p><\/p>","protected":false},"featured_media":3506,"template":"","categories":[48],"class_list":["post-3505","product","type-product","status-publish","has-post-thumbnail","hentry","category-linear-ceiling-systems"],"meta_box":{"hilight_text_group":{"product_hilight_text":"C-shaped windresistant linear ceiling holds novel structure, thedesign is generous, clean as a whole, able to perfectly express theidea of the designer, and it is novel and unique, with structure framefull of modern sense, The characteristics of longitudinal dense splicingwith flat and straight plate surface, firm structure and concise andvivid connection lines, full of dynamic changes, products seriesavailable with all kinds of plastic film mulching. spraying coating.punching etc, applicable for indoor and outdoor installation.","product_tu_tu":"<img width=\"320\" height=\"210\" src=\"https:\/\/sinoextrud.com\/wp-content\/uploads\/C-Shaped-Wind-Resistant-Linear-Ceiling-System-xg.webp\" alt=\"C-Shaped Wind-Resistant Linear Ceiling System\" title=\"C-Shaped Wind-Resistant Linear Ceiling System\">","product_chanpin_chanpin":"<li><a href=\"https:\/\/sinoextrud.com\/product\/hook-on-tile-ceiling-system\/\" target=\"_blank\">Hook-On Tile Ceiling System<\/a><\/li>\r\n<li><a href=\"https:\/\/sinoextrud.com\/product\/perforation-aluminum-ceiling-system\/\" target=\"_blank\">Perforation Aluminum Ceiling System<\/a><\/li>\r\n<li><a href=\"https:\/\/sinoextrud.com\/product\/aluminum-ceiling-system\/\" target=\"_blank\">Aluminum Ceiling System<\/a><\/li>\r\n<li><a href=\"https:\/\/sinoextrud.com\/product\/c-shaped-closed-linear-ceiling-system\/\" target=\"_blank\">C-Shaped Closed Linear Ceiling System<\/a><\/li>\r\n<li><a href=\"https:\/\/sinoextrud.com\/product\/c-shaped-wind-resistant-linear-ceiling-system\/\" target=\"_blank\">C-Shaped Wind-Resistant Linear Ceiling System<\/a><\/li>\r\n<li><a href=\"https:\/\/sinoextrud.com\/product\/h-shaped-closed-linear-ceiling-system\/\" target=\"_blank\">H-Shaped Closed Linear Ceiling System<\/a><\/li>\r\n<li><a href=\"https:\/\/sinoextrud.com\/product\/g-shaped-linear-ceiling-system\/\" target=\"_blank\">G-Shaped Linear Ceiling System<\/a><\/li>\r\n<li><a href=\"https:\/\/sinoextrud.com\/product\/u-shaped-with-open-linear-ceiling-system\/\" target=\"_blank\">U-Shaped With Open Linear Ceiling System<\/a><\/li>\r\n<li><a href=\"https:\/\/sinoextrud.com\/product\/v-shaped-linear-ceiling-system\/\" target=\"_blank\">V-Shaped Linear Ceiling System<\/a><\/li>\r\n<li><a href=\"https:\/\/sinoextrud.com\/product\/powder-coating-golden-10mm-aluminum-extrusion\/\" target=\"_blank\">Powder Coating Golden 10mm Aluminum Extrusion<\/a><\/li>\r\n<li><a href=\"https:\/\/sinoextrud.com\/product\/interlocking-aluminium-profiles\/\" target=\"_blank\">Interlocking Aluminium Profiles<\/a><\/li>"},"feature_list":[]},"_links":{"self":[{"href":"https:\/\/sinoextrud.com\/cs\/wp-json\/wp\/v2\/product\/3505","targetHints":{"allow":["GET"]}}],"collection":[{"href":"https:\/\/sinoextrud.com\/cs\/wp-json\/wp\/v2\/product"}],"about":[{"href":"https:\/\/sinoextrud.com\/cs\/wp-json\/wp\/v2\/types\/product"}],"wp:featuredmedia":[{"embeddable":true,"href":"https:\/\/sinoextrud.com\/cs\/wp-json\/wp\/v2\/media\/3506"}],"wp:attachment":[{"href":"https:\/\/sinoextrud.com\/cs\/wp-json\/wp\/v2\/media?parent=3505"}],"wp:term":[{"taxonomy":"category","embeddable":true,"href":"https:\/\/sinoextrud.com\/cs\/wp-json\/wp\/v2\/categories?post=3505"}],"curies":[{"name":"wp","href":"https:\/\/api.w.org\/{rel}","templated":true}]}}