{"id":3500,"date":"2025-04-26T07:41:48","date_gmt":"2025-04-26T07:41:48","guid":{"rendered":"https:\/\/sinoextrud.com\/?post_type=product&#038;p=3500"},"modified":"2025-06-24T03:51:16","modified_gmt":"2025-06-24T03:51:16","slug":"uzavreny-linearni-stropni-system-ve-tvaru-pismene-c","status":"publish","type":"product","link":"https:\/\/sinoextrud.com\/cs\/product\/c-shaped-closed-linear-ceiling-system\/","title":{"rendered":"Uzav\u0159en\u00fd line\u00e1rn\u00ed stropn\u00ed syst\u00e9m ve tvaru p\u00edsmene C"},"content":{"rendered":"<h2>STANDARDN\u00cd VELIKOST<\/h2>\n<p>1: Nestandardn\u00ed velikosti lze p\u0159izp\u016fsobit;<\/p>\n<table class=\"custom-table\">\n<tr>\n<td class=\"label\">N\u00e1zev produktu<\/td>\n<td>VELIKOST<\/td>\n<\/tr>\n<tr>\n<td class=\"label\">\u0160\u00ed\u0159ka (zkosen\u00e1)<\/td>\n<td>75mm\u3001100mm\u3001150mm\u3001200mm\u3001300mm\u5bbd\u5ea6(\u76f4\u89d2) <\/td>\n<\/tr>\n<tr>\n<td class=\"label\">\u0160\u00ed\u0159ka (pravo\u00fahl\u00e1)<\/td>\n<td>50mm\u3001100mm\u3001150mm\u3001200mm\u3001300mm<\/td>\n<\/tr>\n<\/table>\n<h2>Instala\u010dn\u00ed sch\u00e9ma<\/h2>\n<p><img decoding=\"async\" src=\"https:\/\/sinoextrud.com\/wp-content\/uploads\/C-Shaped-Closed-Linear-Ceiling-System-anzhaung.webp\" alt=\"Uzav\u0159en\u00fd line\u00e1rn\u00ed stropn\u00ed syst\u00e9m ve tvaru p\u00edsmene C\"  \/><\/p>\n<h2>V\u00fdrobn\u00ed proces<\/h2>\n<p><img decoding=\"async\" src=\"\/wp-content\/uploads\/zzlc01.webp\" alt=\"V\u00fdrobn\u00ed proces\"  \/><br \/>\n<img decoding=\"async\" src=\"\/wp-content\/uploads\/zzlc02.webp\" alt=\"V\u00fdrobn\u00ed proces\"  \/><br \/>\n<img decoding=\"async\" src=\"\/wp-content\/uploads\/zzlc03.webp\" alt=\"V\u00fdrobn\u00ed proces\"  \/><br \/>\n<img decoding=\"async\" src=\"\/wp-content\/uploads\/zzlc04.webp\" alt=\"V\u00fdrobn\u00ed proces\"  \/><\/p>\n<h2>\u010cASTO KLADEN\u00c9 DOTAZY<\/h2>\n<p><b>1.Co je to uzav\u0159en\u00fd line\u00e1rn\u00ed stropn\u00ed syst\u00e9m ve tvaru p\u00edsmene C?<\/b><\/p>\n<p>Uzav\u0159en\u00fd line\u00e1rn\u00ed stropn\u00ed syst\u00e9m ve tvaru p\u00edsmene C je zav\u011b\u0161en\u00fd kovov\u00fd podhled, kter\u00fd vyu\u017e\u00edv\u00e1 hlin\u00edkov\u00e9 panely profilu C s p\u0159ekr\u00fdvaj\u00edc\u00edmi se hranami, kter\u00e9 vytv\u00e1\u0159ej\u00ed zcela uzav\u0159en\u00fd, beze\u0161v\u00fd povrch s \u010dist\u00fdm line\u00e1rn\u00edm vzhledem.\n<\/p>\n<p><\/p>\n<p><b>2.Jak\u00e9 jsou v\u00fdhody uzav\u0159en\u00e9ho line\u00e1rn\u00edho stropn\u00edho syst\u00e9mu ve tvaru p\u00edsmene C?<\/b><\/p>\n<p>Uzav\u0159en\u00e9 line\u00e1rn\u00ed stropn\u00ed syst\u00e9my ve tvaru p\u00edsmene C nab\u00edzej\u00ed elegantn\u00ed estetiku, siln\u00e9 konstruk\u010dn\u00ed vlastnosti, akustickou kontrolu a skryt\u00e9 zav\u011b\u0161en\u00ed pro hladk\u00fd, nep\u0159eru\u0161ovan\u00fd povrch.\n<\/p>\n<p><\/p>\n<p><b>3.Kde se b\u011b\u017en\u011b pou\u017e\u00edv\u00e1 uzav\u0159en\u00fd line\u00e1rn\u00ed stropn\u00ed syst\u00e9m ve tvaru p\u00edsmene C?<\/b><\/p>\n<p>Tyto syst\u00e9my se hojn\u011b pou\u017e\u00edvaj\u00ed v kancel\u00e1\u0159\u00edch, na leti\u0161t\u00edch, v komer\u010dn\u00edch budov\u00e1ch, vzd\u011bl\u00e1vac\u00edch instituc\u00edch a ve\u0159ejn\u00fdch za\u0159\u00edzen\u00edch pro sv\u00e9 funk\u010dn\u00ed a dekorativn\u00ed v\u00fdhody.\n<\/p>\n<p><\/p>\n<p><b>4.Jak profil ve tvaru p\u00edsmene C zlep\u0161uje estetiku stropu?<\/b><\/p>\n<p>Profil C zaji\u0161\u0165uje konzistentn\u00ed a rafinovanou vizu\u00e1ln\u00ed linii, kter\u00e1 umoc\u0148uje architektonick\u00fd rytmus a dod\u00e1v\u00e1 interi\u00e9r\u016fm modern\u00ed, \u0161pi\u010dkov\u00fd vzhled.\n<\/p>\n<p><\/p>\n<p><b>5.Jak\u00e9 materi\u00e1ly se pou\u017e\u00edvaj\u00ed v uzav\u0159en\u00fdch line\u00e1rn\u00edch stropn\u00edch syst\u00e9mech ve tvaru p\u00edsmene C?<\/b><\/p>\n<p>Uzav\u0159en\u00e9 liniov\u00e9 podhledy ve tvaru p\u00edsmene C jsou obvykle vyrobeny z vysoce kvalitn\u00edho hlin\u00edku nebo pozinkovan\u00e9 oceli, kter\u00e9 nab\u00edzej\u00ed lehkou pevnost, odolnost proti korozi a po\u017e\u00e1rn\u00ed bezpe\u010dnost.\n<\/p>\n<p><\/p>\n<p><b>6.Lze uzav\u0159en\u00e9 line\u00e1rn\u00ed stropn\u00ed syst\u00e9my ve tvaru p\u00edsmene C p\u0159izp\u016fsobit?<\/b><\/p>\n<p>Ano, \u0161\u00ed\u0159ku, v\u00fd\u0161ku, rozte\u010d, povrchovou \u00fapravu, perforaci a barvu panelu lze pln\u011b p\u0159izp\u016fsobit konkr\u00e9tn\u00edm po\u017eadavk\u016fm projektu a designu.\n<\/p>\n<p><\/p>\n<p><b>7.Lze do strop\u016f ve tvaru p\u00edsmene C integrovat syst\u00e9my osv\u011btlen\u00ed a HVAC?<\/b><\/p>\n<p>Uzav\u0159en\u00e9 line\u00e1rn\u00ed stropn\u00ed syst\u00e9my ve tvaru p\u00edsmene C jsou kompatibiln\u00ed se zapu\u0161t\u011bn\u00fdm osv\u011btlen\u00edm, v\u011btrac\u00edmi otvory a dal\u0161\u00edmi komponenty MEP pro jednotn\u00fd design stropu.\n<\/p>\n<p><\/p>\n<p><b>8.Jsou uzav\u0159en\u00e9 line\u00e1rn\u00ed stropn\u00ed syst\u00e9my ve tvaru p\u00edsmene C snadn\u00e9 na instalaci a \u00fadr\u017ebu?<\/b><\/p>\n<p>Ano, tyto syst\u00e9my pou\u017e\u00edvaj\u00ed modul\u00e1rn\u00ed, vz\u00e1jemn\u011b propojen\u00e9 panely, kter\u00e9 se snadno instaluj\u00ed a umo\u017e\u0148uj\u00ed snadn\u00fd p\u0159\u00edstup do stropn\u00edho prostoru pro \u00fadr\u017ebu.\n<\/p>\n<p><\/p>\n<p><b>9.Jak\u00e9 povrchov\u00e9 \u00fapravy jsou k dispozici pro uzav\u0159en\u00e9 line\u00e1rn\u00ed stropy ve tvaru C?<\/b><\/p>\n<p>Povrchov\u00e9 \u00fapravy zahrnuj\u00ed pr\u00e1\u0161kov\u00e9 lakov\u00e1n\u00ed, eloxov\u00e1n\u00ed, kart\u00e1\u010dovan\u00fd kov, d\u0159ev\u011bnou strukturu a vlastn\u00ed barvy RAL, kter\u00e9 se hod\u00ed k r\u016fzn\u00fdm styl\u016fm interi\u00e9ru.\n<\/p>\n<p><\/p>\n<p><b>10.Je uzav\u0159en\u00fd line\u00e1rn\u00ed stropn\u00ed syst\u00e9m ve tvaru p\u00edsmene C \u0161etrn\u00fd k \u017eivotn\u00edmu prost\u0159ed\u00ed?<\/b><\/p>\n<p>Ano, uzav\u0159en\u00e9 line\u00e1rn\u00ed stropn\u00ed syst\u00e9my ve tvaru p\u00edsmene C, vyroben\u00e9 z recyklovateln\u00fdch hlin\u00edkov\u00fdch materi\u00e1l\u016f, podporuj\u00ed udr\u017eitelnou v\u00fdstavbu a ekologick\u00e9 stavebn\u00ed standardy.\n<\/p>\n<p><\/p>","protected":false},"featured_media":3501,"template":"","categories":[48],"class_list":["post-3500","product","type-product","status-publish","has-post-thumbnail","hentry","category-linear-ceiling-systems"],"meta_box":{"hilight_text_group":{"product_hilight_text":"C-shaped closed linear celing has an excellent extensibility on visua!space, easy to be installed, and rich in visual effect, lt is widely usedin airport terminal buildings, subway stations, banks, exhibitioncenter,s office buildings, public spaces of large conference centers,there are flat plate and punching plate in C-shaped, with a maimumproduction length of 6 meters, and can be processed based oncustomized size, adopts 1001H, 3003h24 international standards foraluminum plate, C-shaped closed linear ceiling of SOmm, 75mm.100mm,150mm,200mm and 300mm can be splicing assembledfreely, with no gap, and all aluminum plates are closely connected.The aluminum plate is fixed on the keel clasp and can be removedseparately.","product_tu_tu":"<img width=\"320\" height=\"210\" src=\"https:\/\/sinoextrud.com\/wp-content\/uploads\/C-Shaped-Closed-Linear-Ceiling-System-xg.webp\" alt=\"C-Shaped Closed Linear Ceiling System\" title=\"C-Shaped Closed Linear Ceiling System\">","product_chanpin_chanpin":"<li><a href=\"https:\/\/sinoextrud.com\/product\/composite-panel-ceiling-system\/\" target=\"_blank\">Composite Panel Ceiling System<\/a><\/li>\r\n<li><a href=\"https:\/\/sinoextrud.com\/product\/hook-on-tile-ceiling-system\/\" target=\"_blank\">Hook-On Tile Ceiling System<\/a><\/li>\r\n<li><a href=\"https:\/\/sinoextrud.com\/product\/perforation-aluminum-ceiling-system\/\" target=\"_blank\">Perforation Aluminum Ceiling System<\/a><\/li>\r\n<li><a href=\"https:\/\/sinoextrud.com\/product\/aluminum-ceiling-system\/\" target=\"_blank\">Aluminum Ceiling System<\/a><\/li>\r\n<li><a href=\"https:\/\/sinoextrud.com\/product\/c-shaped-closed-linear-ceiling-system\/\" target=\"_blank\">C-Shaped Closed Linear Ceiling System<\/a><\/li>\r\n<li><a href=\"https:\/\/sinoextrud.com\/product\/c-shaped-wind-resistant-linear-ceiling-system\/\" target=\"_blank\">C-Shaped Wind-Resistant Linear Ceiling System<\/a><\/li>\r\n<li><a href=\"https:\/\/sinoextrud.com\/product\/h-shaped-closed-linear-ceiling-system\/\" target=\"_blank\">H-Shaped Closed Linear Ceiling System<\/a><\/li>\r\n<li><a href=\"https:\/\/sinoextrud.com\/product\/g-shaped-linear-ceiling-system\/\" target=\"_blank\">G-Shaped Linear Ceiling System<\/a><\/li>\r\n<li><a href=\"https:\/\/sinoextrud.com\/product\/u-shaped-with-open-linear-ceiling-system\/\" target=\"_blank\">U-Shaped With Open Linear Ceiling System<\/a><\/li>\r\n<li><a href=\"https:\/\/sinoextrud.com\/product\/sailboat-mast-extrusions\/\" target=\"_blank\">Sailboat mast extrusions<\/a><\/li>\r\n<li><a href=\"https:\/\/sinoextrud.com\/product\/professional-aluminium-tubing\/\" target=\"_blank\">Professional Aluminium Tubing<\/a><\/li>"},"feature_list":[]},"_links":{"self":[{"href":"https:\/\/sinoextrud.com\/cs\/wp-json\/wp\/v2\/product\/3500","targetHints":{"allow":["GET"]}}],"collection":[{"href":"https:\/\/sinoextrud.com\/cs\/wp-json\/wp\/v2\/product"}],"about":[{"href":"https:\/\/sinoextrud.com\/cs\/wp-json\/wp\/v2\/types\/product"}],"wp:featuredmedia":[{"embeddable":true,"href":"https:\/\/sinoextrud.com\/cs\/wp-json\/wp\/v2\/media\/3501"}],"wp:attachment":[{"href":"https:\/\/sinoextrud.com\/cs\/wp-json\/wp\/v2\/media?parent=3500"}],"wp:term":[{"taxonomy":"category","embeddable":true,"href":"https:\/\/sinoextrud.com\/cs\/wp-json\/wp\/v2\/categories?post=3500"}],"curies":[{"name":"wp","href":"https:\/\/api.w.org\/{rel}","templated":true}]}}