{"id":3451,"date":"2025-04-26T02:54:03","date_gmt":"2025-04-26T02:54:03","guid":{"rendered":"https:\/\/sinoextrud.com\/?post_type=product&#038;p=3451"},"modified":"2025-06-24T03:50:57","modified_gmt":"2025-06-24T03:50:57","slug":"800-800mm-stropni-system-s-klipem","status":"publish","type":"product","link":"https:\/\/sinoextrud.com\/cs\/product\/800-800mm-clip-in-ceiling-system\/","title":{"rendered":"Stropn\u00ed syst\u00e9m 800x800 mm"},"content":{"rendered":"<h2>STANDARDN\u00cd VELIKOST<\/h2>\n<p><img loading=\"lazy\" decoding=\"async\" src=\"https:\/\/sinoextrud.com\/wp-content\/uploads\/800-800mm-clip-in-Ceiling-System-gg.webp\" alt=\"Stropn\u00ed syst\u00e9m 800x800 mm s klipem\" width=\"599\" height=\"253\" class=\"size-full wp-image-3454\" srcset=\"https:\/\/sinoextrud.com\/wp-content\/uploads\/800-800mm-clip-in-Ceiling-System-gg.webp 599w, https:\/\/sinoextrud.com\/wp-content\/uploads\/800-800mm-clip-in-Ceiling-System-gg-18x8.webp 18w\" sizes=\"auto, (max-width: 599px) 100vw, 599px\" \/><\/p>\n<h2>V\u00fdrobn\u00ed proces<\/h2>\n<p><img decoding=\"async\" src=\"\/wp-content\/uploads\/zzlc01.webp\" alt=\"V\u00fdrobn\u00ed proces\"  \/><br \/>\n<img decoding=\"async\" src=\"\/wp-content\/uploads\/zzlc02.webp\" alt=\"V\u00fdrobn\u00ed proces\"  \/><br \/>\n<img decoding=\"async\" src=\"\/wp-content\/uploads\/zzlc03.webp\" alt=\"V\u00fdrobn\u00ed proces\"  \/><br \/>\n<img decoding=\"async\" src=\"\/wp-content\/uploads\/zzlc04.webp\" alt=\"V\u00fdrobn\u00ed proces\"  \/><\/p>\n<h2>\u010cASTO KLADEN\u00c9 DOTAZY<\/h2>\n<p><b>1.Co je to stropn\u00ed syst\u00e9m 800x800 mm?<\/b><\/p>\n<p>Stropn\u00ed syst\u00e9m 800x800 mm je modul\u00e1rn\u00ed \u0159e\u0161en\u00ed kovov\u00e9ho stropu se \u010dtvercov\u00fdmi hlin\u00edkov\u00fdmi panely, kter\u00e9 se bezpe\u010dn\u011b zaklapnou do skryt\u00e9ho z\u00e1v\u011bsn\u00e9ho ro\u0161tu a vytvo\u0159\u00ed \u010dist\u00fd a rovn\u00fd povrch stropu.\n<\/p>\n<p><\/p>\n<p><b>2.Jak\u00e9 jsou v\u00fdhody stropn\u00edho syst\u00e9mu 800x800 mm?<\/b><\/p>\n<p>Stropn\u00ed syst\u00e9m 800x800 mm s klipem nab\u00edz\u00ed bezprobl\u00e9mov\u00fd vzhled, vynikaj\u00edc\u00ed odolnost, akustick\u00e9 vlastnosti, po\u017e\u00e1rn\u00ed odolnost a snadn\u00fd p\u0159\u00edstup ke stropn\u00edmu prostoru pro \u00fadr\u017ebu.\n<\/p>\n<p><\/p>\n<p><b>3.Kde se b\u011b\u017en\u011b pou\u017e\u00edv\u00e1 stropn\u00ed syst\u00e9m 800x800 mm?<\/b><\/p>\n<p>Tento stropn\u00ed syst\u00e9m je ide\u00e1ln\u00ed pro pou\u017eit\u00ed v komer\u010dn\u00edch kancel\u00e1\u0159\u00edch, nemocnic\u00edch, leti\u0161t\u00edch, n\u00e1kupn\u00edch centrech a ve\u0159ejn\u00fdch budov\u00e1ch, kter\u00e9 vy\u017eaduj\u00ed vysok\u00fd v\u00fdkon a modern\u00ed povrchovou \u00fapravu.\n<\/p>\n<p><\/p>\n<p><b>4.Jak\u00fd p\u0159\u00ednos m\u00e1 mechanismus clip-in pro v\u00fdkon stropu?<\/b><\/p>\n<p>Syst\u00e9m clip-in zaji\u0161\u0165uje pevn\u00e9 upevn\u011bn\u00ed ka\u017ed\u00e9ho panelu, rovn\u00fd a vibrac\u00edm odoln\u00fd povrch stropu a z\u00e1rove\u0148 umo\u017e\u0148uje snadnou demont\u00e1\u017e bez pou\u017eit\u00ed n\u00e1\u0159ad\u00ed.\n<\/p>\n<p><\/p>\n<p><b>5.Jak\u00e9 materi\u00e1ly se pou\u017e\u00edvaj\u00ed v podhledov\u00fdch syst\u00e9mech 800x800 mm?<\/b><\/p>\n<p>Tyto stropy jsou obvykle vyrobeny z hlin\u00edku nebo pozinkovan\u00e9 oceli prvot\u0159\u00eddn\u00ed kvality, kter\u00e9 jsou odoln\u00e9 proti korozi, pevn\u00e9 a dlouhodob\u011b v\u00fdkonn\u00e9.\n<\/p>\n<p><\/p>\n<p><b>6.Lze stropn\u00ed panely 800x800 mm upravit na m\u00edru?<\/b><\/p>\n<p>Ano, tlou\u0161\u0165ku panelu, vzor perforace, barvu a povrchovou \u00fapravu lze p\u0159izp\u016fsobit konkr\u00e9tn\u00edm po\u017eadavk\u016fm na design a akustiku.\n<\/p>\n<p><\/p>\n<p><b>7.Je mo\u017en\u00e1 integrace osv\u011btlen\u00ed se stropn\u00edmi syst\u00e9my 800x800 mm?<\/b><\/p>\n<p>Syst\u00e9m podporuje integraci se zapu\u0161t\u011bn\u00fdm osv\u011btlen\u00edm, ventila\u010dn\u00edmi otvory HVAC, protipo\u017e\u00e1rn\u00ed ochranou a reproduktorov\u00fdmi syst\u00e9my, co\u017e p\u0159edstavuje kompletn\u00ed stropn\u00ed \u0159e\u0161en\u00ed.\n<\/p>\n<p><\/p>\n<p><b>8.Je instalace a \u00fadr\u017eba podhled\u016f 800x800 mm snadn\u00e1?<\/b><\/p>\n<p>Ano, jejich modul\u00e1rn\u00ed a skryt\u00fd m\u0159\u00ed\u017ekov\u00fd syst\u00e9m umo\u017e\u0148uje rychlou instalaci a jednoduchou demont\u00e1\u017e panel\u016f pro b\u011b\u017enou \u00fadr\u017ebu nebo modernizaci syst\u00e9mu.\n<\/p>\n<p><\/p>\n<p><b>9.Jak\u00e9 povrchov\u00e9 \u00fapravy jsou k dispozici pro stropn\u00ed panely 800x800 mm?<\/b><\/p>\n<p>K dispozici jsou pr\u00e1\u0161kov\u00e9 lakov\u00e1n\u00ed, eloxov\u00e1n\u00ed, kart\u00e1\u010dovan\u00fd hlin\u00edk, mat, d\u0159ev\u011bn\u00e1 struktura a vlastn\u00ed barvy RAL pro r\u016fzn\u00e9 styly interi\u00e9ru.\n<\/p>\n<p><\/p>\n<p><b>10.Je stropn\u00ed syst\u00e9m 800x800 mm \u0161etrn\u00fd k \u017eivotn\u00edmu prost\u0159ed\u00ed?<\/b><\/p>\n<p>Ano, tento stropn\u00ed syst\u00e9m je vyroben z recyklovateln\u00e9ho hlin\u00edku, podporuje udr\u017eiteln\u00e9 stavebn\u00ed postupy a spl\u0148uje normy pro ekologick\u00e9 stavby.\n<\/p>\n<p><\/p>","protected":false},"featured_media":3452,"template":"","categories":[47],"class_list":["post-3451","product","type-product","status-publish","has-post-thumbnail","hentry","category-tile-ceiling-systems"],"meta_box":{"hilight_text_group":{"product_hilight_text":"<ul>\r\r\n  <li><strong>\u2714 Quick Installation<\/strong> - Tool-free clip-in design saves 50% labor time<\/li>\r\r\n  <li><strong>\u2714 Seamless Appearance<\/strong> - 800x800mm large panels minimize visible joints<\/li>\r\r\n  <li><strong>\u2714 Superior Acoustics<\/strong> - NRC 0.8 sound absorption for open offices<\/li>\r\r\n  <li><strong>\u2714 Easy Maintenance<\/strong> - Individual panel replacement without grid disassembly<\/li>\r\r\n  <li><strong>\u2714 Lighting Ready<\/strong> - Pre-cut openings for LED panel integration<\/li>\r\r\n  <li><strong>\u2714 Fire Rated<\/strong> - Class A fire protection meeting commercial standards<\/li>\r\r\n  <li><strong>\u2714 Cost Effective<\/strong> - 30% material savings vs traditional ceiling systems<\/li>\r\r\n  <li><strong>\u2714 Eco-Friendly<\/strong> - Recyclable mineral fiber with low VOC emissions<\/li>\r\r\n<\/ul>\r\r\n<p><em>Ideal for: Offices | Retail | Schools | Healthcare Facilities<\/em><\/p>","product_tu_tu":"<img width=\"320\" height=\"210\" src=\"https:\/\/sinoextrud.com\/wp-content\/uploads\/800-800mm-clip-in-Ceiling-System-xg.webp\" alt=\"800x800mm clip-in Ceiling System\" title=\"800x800mm clip-in Ceiling System\">","product_chanpin_chanpin":"<li><a href=\"https:\/\/sinoextrud.com\/product\/diamond-type-ceiling-system\/\" target=\"_blank\">Diamond Type Ceiling System (Diamond plate Ceiling Tiles)<\/a><\/li>\r\n<li><a href=\"https:\/\/sinoextrud.com\/product\/trapezoidal-type-ceiling-system\/\" target=\"_blank\">Trapezoidal Type Ceiling System<\/a><\/li>\r\n<li><a href=\"https:\/\/sinoextrud.com\/product\/shaped-tile-ceiling-system\/\" target=\"_blank\">Shaped Tile Ceiling System<\/a><\/li>\r\n<li><a href=\"https:\/\/sinoextrud.com\/product\/the-new-perforated-ceiling-system\/\" target=\"_blank\">The New Perforated Ceiling System<\/a><\/li>\r\n<li><a href=\"https:\/\/sinoextrud.com\/product\/800-800mm-clip-in-ceiling-system\/\" target=\"_blank\">800x800mm Clip-in Ceiling System<\/a><\/li>\r\n<li><a href=\"https:\/\/sinoextrud.com\/product\/combination-ceiling-system\/\" target=\"_blank\">Combination Ceiling System<\/a><\/li>\r\n<li><a href=\"https:\/\/sinoextrud.com\/product\/deep-type-combination-ceiling-system\/\" target=\"_blank\">Deep-type Combination Ceiling System<\/a><\/li>\r\n<li><a href=\"https:\/\/sinoextrud.com\/product\/composite-panel-ceiling-system\/\" target=\"_blank\">Composite Panel Ceiling System<\/a><\/li>\r\n<li><a href=\"https:\/\/sinoextrud.com\/product\/hook-on-tile-ceiling-system\/\" target=\"_blank\">Hook-On Tile Ceiling System<\/a><\/li>\r\n<li><a href=\"https:\/\/sinoextrud.com\/product\/purification-workshop-aluminum-profiles\/\" target=\"_blank\">Purification Workshop Aluminum Profiles<\/a><\/li>\r\n<li><a href=\"https:\/\/sinoextrud.com\/product\/extruded-aluminum-structural-framing\/\" target=\"_blank\">Extruded Aluminum Structural Framing<\/a><\/li>"},"feature_list":[]},"_links":{"self":[{"href":"https:\/\/sinoextrud.com\/cs\/wp-json\/wp\/v2\/product\/3451","targetHints":{"allow":["GET"]}}],"collection":[{"href":"https:\/\/sinoextrud.com\/cs\/wp-json\/wp\/v2\/product"}],"about":[{"href":"https:\/\/sinoextrud.com\/cs\/wp-json\/wp\/v2\/types\/product"}],"wp:featuredmedia":[{"embeddable":true,"href":"https:\/\/sinoextrud.com\/cs\/wp-json\/wp\/v2\/media\/3452"}],"wp:attachment":[{"href":"https:\/\/sinoextrud.com\/cs\/wp-json\/wp\/v2\/media?parent=3451"}],"wp:term":[{"taxonomy":"category","embeddable":true,"href":"https:\/\/sinoextrud.com\/cs\/wp-json\/wp\/v2\/categories?post=3451"}],"curies":[{"name":"wp","href":"https:\/\/api.w.org\/{rel}","templated":true}]}}