{"id":3444,"date":"2025-04-26T02:42:47","date_gmt":"2025-04-26T02:42:47","guid":{"rendered":"https:\/\/sinoextrud.com\/?post_type=product&#038;p=3444"},"modified":"2025-06-24T03:50:54","modified_gmt":"2025-06-24T03:50:54","slug":"novy-system-perforovanych-stropu","status":"publish","type":"product","link":"https:\/\/sinoextrud.com\/cs\/product\/the-new-perforated-ceiling-system\/","title":{"rendered":"Nov\u00fd syst\u00e9m perforovan\u00fdch strop\u016f"},"content":{"rendered":"<h2>STANDARDN\u00cd VELIKOST<\/h2>\n<p><img loading=\"lazy\" decoding=\"async\" src=\"https:\/\/sinoextrud.com\/wp-content\/uploads\/The-New-Perforated-Ceiling-System-gg2.webp\" alt=\"Nov\u00fd syst\u00e9m perforovan\u00fdch strop\u016f\" width=\"611\" height=\"355\" class=\"size-full wp-image-3448\" srcset=\"https:\/\/sinoextrud.com\/wp-content\/uploads\/The-New-Perforated-Ceiling-System-gg2.webp 611w, https:\/\/sinoextrud.com\/wp-content\/uploads\/The-New-Perforated-Ceiling-System-gg2-18x10.webp 18w, https:\/\/sinoextrud.com\/wp-content\/uploads\/The-New-Perforated-Ceiling-System-gg2-600x349.webp 600w\" sizes=\"auto, (max-width: 611px) 100vw, 611px\" \/><br \/>\n<img loading=\"lazy\" decoding=\"async\" src=\"https:\/\/sinoextrud.com\/wp-content\/uploads\/The-New-Perforated-Ceiling-System-gg1.webp\" alt=\"Nov\u00fd syst\u00e9m perforovan\u00fdch strop\u016f\" width=\"615\" height=\"768\" class=\"size-full wp-image-3447\" srcset=\"https:\/\/sinoextrud.com\/wp-content\/uploads\/The-New-Perforated-Ceiling-System-gg1.webp 615w, https:\/\/sinoextrud.com\/wp-content\/uploads\/The-New-Perforated-Ceiling-System-gg1-10x12.webp 10w, https:\/\/sinoextrud.com\/wp-content\/uploads\/The-New-Perforated-Ceiling-System-gg1-600x749.webp 600w\" sizes=\"auto, (max-width: 615px) 100vw, 615px\" \/> <\/p>\n<h2>V\u00fdrobn\u00ed proces<\/h2>\n<p><img decoding=\"async\" src=\"\/wp-content\/uploads\/zzlc01.webp\" alt=\"V\u00fdrobn\u00ed proces\"  \/><br \/>\n<img decoding=\"async\" src=\"\/wp-content\/uploads\/zzlc02.webp\" alt=\"V\u00fdrobn\u00ed proces\"  \/><br \/>\n<img decoding=\"async\" src=\"\/wp-content\/uploads\/zzlc03.webp\" alt=\"V\u00fdrobn\u00ed proces\"  \/><br \/>\n<img decoding=\"async\" src=\"\/wp-content\/uploads\/zzlc04.webp\" alt=\"V\u00fdrobn\u00ed proces\"  \/><\/p>\n<h2>\u010cASTO KLADEN\u00c9 DOTAZY<\/h2>\n<p><b>1.Co je to nov\u00fd perforovan\u00fd stropn\u00ed syst\u00e9m?<\/b><\/p>\n<p>Nov\u00fd syst\u00e9m perforovan\u00fdch strop\u016f je pokro\u010dil\u00e9 \u0159e\u0161en\u00ed kovov\u00fdch strop\u016f s modern\u00edmi vzory perforace navr\u017een\u00e9 pro zlep\u0161en\u00ed akustiky, proud\u011bn\u00ed vzduchu a estetick\u00e9ho vzhledu v komer\u010dn\u00edch a ve\u0159ejn\u00fdch interi\u00e9rech.\n<\/p>\n<p><\/p>\n<p><b>2.Jak\u00e9 jsou v\u00fdhody nov\u00e9ho syst\u00e9mu d\u011brovan\u00fdch strop\u016f?<\/b><\/p>\n<p>Nov\u00fd syst\u00e9m perforovan\u00fdch strop\u016f nab\u00edz\u00ed vynikaj\u00edc\u00ed zvukovou absorpci, lep\u0161\u00ed ventilaci, modern\u00ed flexibilitu designu a bezprobl\u00e9movou integraci s osv\u011btlen\u00edm a syst\u00e9my HVAC.\n<\/p>\n<p><\/p>\n<p><b>3.Kde se nov\u00fd syst\u00e9m perforovan\u00fdch strop\u016f b\u011b\u017en\u011b pou\u017e\u00edv\u00e1?<\/b><\/p>\n<p>Tento syst\u00e9m se hojn\u011b pou\u017e\u00edv\u00e1 na leti\u0161t\u00edch, v kancel\u00e1\u0159\u00edch, nemocnic\u00edch, \u0161kol\u00e1ch, n\u00e1kupn\u00edch centrech a dopravn\u00edch uzlech, kde je vy\u017eadov\u00e1n akustick\u00fd v\u00fdkon a vizu\u00e1ln\u00ed efekt.\n<\/p>\n<p><\/p>\n<p><b>4.Jak nov\u00e1 perforovan\u00e1 konstrukce zlep\u0161uje akustick\u00e9 vlastnosti?<\/b><\/p>\n<p>P\u0159esn\u00e9 perforace umo\u017e\u0148uj\u00ed pr\u016fchod zvukov\u00fdch vln do akustick\u00e9 izolace za panely, \u010d\u00edm\u017e \u00fa\u010dinn\u011b sni\u017euj\u00ed ozv\u011bnu a zvy\u0161uj\u00ed \u010distotu zvuku ve velk\u00fdch prostor\u00e1ch.\n<\/p>\n<p><\/p>\n<p><b>5.Jak\u00e9 materi\u00e1ly jsou pou\u017eity v nov\u00e9m perforovan\u00e9m stropn\u00edm syst\u00e9mu?<\/b><\/p>\n<p>Syst\u00e9m je obvykle vyroben z vysoce kvalitn\u00edho hlin\u00edku nebo pozinkovan\u00e9 oceli, co\u017e zaji\u0161\u0165uje trvanlivost, n\u00edzkou hmotnost a odolnost proti korozi.\n<\/p>\n<p><\/p>\n<p><b>6.Lze nov\u00fd perforovan\u00fd stropn\u00ed syst\u00e9m p\u0159izp\u016fsobit?<\/b><\/p>\n<p>Ano, vzory perforace, velikosti otvor\u016f, rozm\u011bry panel\u016f, barvy a povrchov\u00e9 \u00fapravy lze pln\u011b p\u0159izp\u016fsobit jedine\u010dn\u00fdm architektonick\u00fdm a akustick\u00fdm po\u017eadavk\u016fm.\n<\/p>\n<p><\/p>\n<p><b>7.Je mo\u017en\u00e1 integrace osv\u011btlen\u00ed s nov\u00fdm syst\u00e9mem perforovan\u00e9ho stropu?<\/b><\/p>\n<p>Syst\u00e9m bezpodm\u00edne\u010dn\u011b podporuje integraci se zapu\u0161t\u011bn\u00fdm osv\u011btlen\u00edm, LED p\u00e1sky a stropn\u00edmi sv\u00edtidly, ani\u017e by naru\u0161il vizu\u00e1ln\u00ed konzistenci.\n<\/p>\n<p><\/p>\n<p><b>8.Jsou nov\u00e9 perforovan\u00e9 stropn\u00ed syst\u00e9my snadn\u00e9 na instalaci a \u00fadr\u017ebu?<\/b><\/p>\n<p>Ano, tyto stropy pou\u017e\u00edvaj\u00ed modul\u00e1rn\u00ed panely a skryt\u00e9 ro\u0161ty pro rychlou instalaci a snadn\u00fd p\u0159\u00edstup k horn\u00edm slu\u017eb\u00e1m a \u00fadr\u017eb\u011b.\n<\/p>\n<p><\/p>\n<p><b>9.Jak\u00e9 povrchov\u00e9 \u00fapravy jsou k dispozici pro nov\u00fd perforovan\u00fd stropn\u00ed syst\u00e9m?<\/b><\/p>\n<p>K dispozici jsou pr\u00e1\u0161kov\u00e9 lakov\u00e1n\u00ed, eloxov\u00e1n\u00ed, kart\u00e1\u010dovan\u00fd kov, d\u0159ev\u011bn\u00e1 struktura a vlastn\u00ed barvy RAL, kter\u00e9 se hod\u00ed k r\u016fzn\u00fdm motiv\u016fm interi\u00e9ru.\n<\/p>\n<p><\/p>\n<p><b>10.Je nov\u00fd perforovan\u00fd stropn\u00ed syst\u00e9m \u0161etrn\u00fd k \u017eivotn\u00edmu prost\u0159ed\u00ed?<\/b><\/p>\n<p>Ano, syst\u00e9m je vyroben z recyklovateln\u00fdch materi\u00e1l\u016f, jako je hlin\u00edk, podporuje udr\u017eiteln\u00e9 stavebn\u00ed postupy a spl\u0148uje po\u017eadavky na certifikaci ekologick\u00fdch budov.\n<\/p>\n<p><\/p>","protected":false},"featured_media":3449,"template":"","categories":[47],"class_list":["post-3444","product","type-product","status-publish","has-post-thumbnail","hentry","category-tile-ceiling-systems"],"meta_box":{"hilight_text_group":{"product_hilight_text":"<ul>\r\r\n<li>Superior Acoustics\uff1aNRC 0.9 rated for optimal noise control in open offices and busy spaces.<\/li>\r\r\n<li>Seamless HVAC Integration\uff1aPrecision perforations enable unobstructed airflow, reducing ventilation costs.<\/li>\r\r\n<li>Modern Aesthetic Appeal\uff1aSleek, customizable designs elevate corporate and commercial interiors.<\/li>\r\r\n<li>Quick Installation\uff1aModular click-in system saves 40% labor time vs traditional ceilings.<\/li>\r\r\n<li>Fire & Safety Compliant\uff1aClass A fire-rated with optional antimicrobial treatments for healthcare\/education.<\/li>\r\r\n<li>Eco-Friendly Choice\uff1aMade with 70% recycled materials, contributes to LEED certification.<\/li>\r\r\n<li>Lighting-Ready Design\uff1aPre-configured for effortless LED panel or spotlight integration.<\/li>\r\r\n<li>Low Maintenance\uff1aDurable materials resist stains and warping - wipe-clean surface.<\/li>\r\r\n<li>Ideal for: Offices | Hotels | Schools | Healthcare | Retail.<\/li>\r\r\n<li>Need volume pricing? Contact our project team today.<\/li>\r\r\n<\/ul>","product_tu_tu":"<img width=\"320\" height=\"210\" src=\"https:\/\/sinoextrud.com\/wp-content\/uploads\/The-New-Perforated-Ceiling-System-xg.webp\" alt=\"The New Perforated Ceiling System\" title=\"The New Perforated Ceiling System\">","product_chanpin_chanpin":"<li><a href=\"https:\/\/sinoextrud.com\/product\/the-hexagonal-type-ceiling-system\/\" target=\"_blank\">The Hexagonal Type Ceiling System (Hexagonal Ceiling)<\/a><\/li>\r\n<li><a href=\"https:\/\/sinoextrud.com\/product\/diamond-type-ceiling-system\/\" target=\"_blank\">Diamond Type Ceiling System (Diamond plate Ceiling Tiles)<\/a><\/li>\r\n<li><a href=\"https:\/\/sinoextrud.com\/product\/trapezoidal-type-ceiling-system\/\" target=\"_blank\">Trapezoidal Type Ceiling System<\/a><\/li>\r\n<li><a href=\"https:\/\/sinoextrud.com\/product\/shaped-tile-ceiling-system\/\" target=\"_blank\">Shaped Tile Ceiling System<\/a><\/li>\r\n<li><a href=\"https:\/\/sinoextrud.com\/product\/the-new-perforated-ceiling-system\/\" target=\"_blank\">The New Perforated Ceiling System<\/a><\/li>\r\n<li><a href=\"https:\/\/sinoextrud.com\/product\/800-800mm-clip-in-ceiling-system\/\" target=\"_blank\">800x800mm Clip-in Ceiling System<\/a><\/li>\r\n<li><a href=\"https:\/\/sinoextrud.com\/product\/combination-ceiling-system\/\" target=\"_blank\">Combination Ceiling System<\/a><\/li>\r\n<li><a href=\"https:\/\/sinoextrud.com\/product\/deep-type-combination-ceiling-system\/\" target=\"_blank\">Deep-type Combination Ceiling System<\/a><\/li>\r\n<li><a href=\"https:\/\/sinoextrud.com\/product\/composite-panel-ceiling-system\/\" target=\"_blank\">Composite Panel Ceiling System<\/a><\/li>\r\n<li><a href=\"https:\/\/sinoextrud.com\/product\/aluminum-u-profile-glass-railing\/\" target=\"_blank\">Aluminum U profile Glass Railing<\/a><\/li>\r\n<li><a href=\"https:\/\/sinoextrud.com\/product\/wood-finish-aluminum-tube\/\" target=\"_blank\">Wood Finish Aluminum Tube<\/a><\/li>"},"feature_list":[]},"_links":{"self":[{"href":"https:\/\/sinoextrud.com\/cs\/wp-json\/wp\/v2\/product\/3444","targetHints":{"allow":["GET"]}}],"collection":[{"href":"https:\/\/sinoextrud.com\/cs\/wp-json\/wp\/v2\/product"}],"about":[{"href":"https:\/\/sinoextrud.com\/cs\/wp-json\/wp\/v2\/types\/product"}],"wp:featuredmedia":[{"embeddable":true,"href":"https:\/\/sinoextrud.com\/cs\/wp-json\/wp\/v2\/media\/3449"}],"wp:attachment":[{"href":"https:\/\/sinoextrud.com\/cs\/wp-json\/wp\/v2\/media?parent=3444"}],"wp:term":[{"taxonomy":"category","embeddable":true,"href":"https:\/\/sinoextrud.com\/cs\/wp-json\/wp\/v2\/categories?post=3444"}],"curies":[{"name":"wp","href":"https:\/\/api.w.org\/{rel}","templated":true}]}}