{"id":3428,"date":"2025-04-26T02:09:09","date_gmt":"2025-04-26T02:09:09","guid":{"rendered":"https:\/\/sinoextrud.com\/?post_type=product&#038;p=3428"},"modified":"2025-06-24T03:50:49","modified_gmt":"2025-06-24T03:50:49","slug":"stropni-system-trapezoveho-typu","status":"publish","type":"product","link":"https:\/\/sinoextrud.com\/cs\/product\/trapezoidal-type-ceiling-system\/","title":{"rendered":"Stropn\u00ed syst\u00e9m trap\u00e9zov\u00e9ho typu"},"content":{"rendered":"<h2>STANDARDN\u00cd VELIKOST<\/h2>\n<p><img loading=\"lazy\" decoding=\"async\" src=\"https:\/\/sinoextrud.com\/wp-content\/uploads\/Trapezoidal-Type-Ceiling-System-gg.webp\" alt=\"Stropn\u00ed syst\u00e9m trap\u00e9zov\u00e9ho typu\" width=\"662\" height=\"356\" class=\"size-full wp-image-3433\" srcset=\"https:\/\/sinoextrud.com\/wp-content\/uploads\/Trapezoidal-Type-Ceiling-System-gg.webp 662w, https:\/\/sinoextrud.com\/wp-content\/uploads\/Trapezoidal-Type-Ceiling-System-gg-18x10.webp 18w, https:\/\/sinoextrud.com\/wp-content\/uploads\/Trapezoidal-Type-Ceiling-System-gg-600x323.webp 600w\" sizes=\"auto, (max-width: 662px) 100vw, 662px\" \/><\/p>\n<h2>Instala\u010dn\u00ed sch\u00e9ma<\/h2>\n<p><img decoding=\"async\" src=\"https:\/\/sinoextrud.com\/wp-content\/uploads\/Trapezoidal-Type-Ceiling-System-anzhuang.webp\" alt=\"Stropn\u00ed syst\u00e9m trap\u00e9zov\u00e9ho typu\"  \/><\/p>\n<h2>V\u00fdrobn\u00ed proces<\/h2>\n<p><img decoding=\"async\" src=\"\/wp-content\/uploads\/zzlc01.webp\" alt=\"V\u00fdrobn\u00ed proces\"  \/><br \/>\n<img decoding=\"async\" src=\"\/wp-content\/uploads\/zzlc02.webp\" alt=\"V\u00fdrobn\u00ed proces\"  \/><br \/>\n<img decoding=\"async\" src=\"\/wp-content\/uploads\/zzlc03.webp\" alt=\"V\u00fdrobn\u00ed proces\"  \/><br \/>\n<img decoding=\"async\" src=\"\/wp-content\/uploads\/zzlc04.webp\" alt=\"V\u00fdrobn\u00ed proces\"  \/><\/p>\n<h2>\u010cASTO KLADEN\u00c9 DOTAZY<\/h2>\n<p><b>1.Co je to stropn\u00ed syst\u00e9m trap\u00e9zov\u00e9ho typu?<\/b><\/p>\n<p>Stropn\u00ed syst\u00e9m lichob\u011b\u017en\u00edkov\u00e9ho typu je modern\u00ed \u0159e\u0161en\u00ed podhledu s hlin\u00edkov\u00fdmi panely ve tvaru lichob\u011b\u017en\u00edku, kter\u00e9 jsou navr\u017eeny tak, aby vytv\u00e1\u0159ely v\u00fdrazn\u00e9 geometrick\u00e9 vzory a prostorov\u00e9 stropn\u00ed efekty.\n<\/p>\n<p><\/p>\n<p><b>2.Jak\u00e9 jsou v\u00fdhody stropn\u00edho syst\u00e9mu trap\u00e9zov\u00e9ho typu?<\/b><\/p>\n<p>Stropn\u00ed syst\u00e9my trap\u00e9zov\u00e9ho typu nab\u00edzej\u00ed dynamick\u00fd vizu\u00e1ln\u00ed dojem, lep\u0161\u00ed prostorovou hloubku, akustick\u00e9 vlastnosti a flexibiln\u00ed mo\u017enosti designu pro modern\u00ed architektonick\u00e9 interi\u00e9ry.\n<\/p>\n<p><\/p>\n<p><b>3.Kde se b\u011b\u017en\u011b pou\u017e\u00edv\u00e1 stropn\u00ed syst\u00e9m lichob\u011b\u017en\u00edkov\u00e9ho typu?<\/b><\/p>\n<p>Tyto syst\u00e9my se b\u011b\u017en\u011b pou\u017e\u00edvaj\u00ed na leti\u0161t\u00edch, v muze\u00edch, komer\u010dn\u00edch budov\u00e1ch, v\u00fdstavn\u00edch hal\u00e1ch a dopravn\u00edch uzlech k dosa\u017een\u00ed v\u00fdrazn\u00e9ho a modern\u00edho designu strop\u016f.\n<\/p>\n<p><\/p>\n<p><b>4.Jak lichob\u011b\u017en\u00edkov\u00fd tvar zvy\u0161uje estetiku stropu?<\/b><\/p>\n<p>\u0160ikm\u00fd design lichob\u011b\u017en\u00edkov\u00fdch panel\u016f vytv\u00e1\u0159\u00ed 3D efekt stropu s hrou sv\u011btla a st\u00edn\u016f, kter\u00fd dod\u00e1v\u00e1 velk\u00fdm otev\u0159en\u00fdm prostor\u016fm strukturu a architektonickou zaj\u00edmavost.\n<\/p>\n<p><\/p>\n<p><b>5.Jak\u00e9 materi\u00e1ly se pou\u017e\u00edvaj\u00ed v trap\u00e9zov\u00fdch stropn\u00edch syst\u00e9mech?<\/b><\/p>\n<p>Trap\u00e9zov\u00e9 stropn\u00ed syst\u00e9my jsou obvykle vyrobeny z vysoce kvalitn\u00edho hlin\u00edku nebo pozinkovan\u00e9 oceli, kter\u00e9 nab\u00edzej\u00ed lehkou \u017eivotnost, odolnost proti korozi a po\u017e\u00e1rn\u00ed bezpe\u010dnost.\n<\/p>\n<p><\/p>\n<p><b>6.Lze trap\u00e9zov\u00e9 stropn\u00ed syst\u00e9my p\u0159izp\u016fsobit?<\/b><\/p>\n<p>Ano, velikost panelu, \u00fahel trap\u00e9zu, perforaci, povrchovou \u00fapravu, barvu a uspo\u0159\u00e1d\u00e1n\u00ed lze p\u0159izp\u016fsobit konkr\u00e9tn\u00edm po\u017eadavk\u016fm projektu a zna\u010dky.\n<\/p>\n<p><\/p>\n<p><b>7.Je mo\u017en\u00e1 integrace osv\u011btlen\u00ed s trap\u00e9zov\u00fdmi stropn\u00edmi syst\u00e9my?<\/b><\/p>\n<p>Rozhodn\u011b lze trap\u00e9zov\u00e9 stropn\u00ed panely kombinovat s integrovan\u00fdmi osv\u011btlovac\u00edmi syst\u00e9my, v\u010detn\u011b vestavn\u00fdch LED a line\u00e1rn\u00edch sv\u00edtidel, kter\u00e9 dopl\u0148uj\u00ed geometrick\u00e9 uspo\u0159\u00e1d\u00e1n\u00ed.\n<\/p>\n<p><\/p>\n<p><b>8.Jsou stropn\u00ed syst\u00e9my trap\u00e9zov\u00e9ho typu snadn\u00e9 na instalaci a \u00fadr\u017ebu?<\/b><\/p>\n<p>Ano, modul\u00e1rn\u00ed konstrukce a p\u0159esn\u00e9 technick\u00e9 proveden\u00ed zaji\u0161\u0165uj\u00ed rychlou instalaci, snadn\u00e9 vyrovn\u00e1n\u00ed panel\u016f a pohodln\u00fd p\u0159\u00edstup pro \u00fadr\u017ebu syst\u00e9mu.\n<\/p>\n<p><\/p>\n<p><b>9.Jak\u00e9 povrchov\u00e9 \u00fapravy jsou k dispozici pro stropn\u00ed syst\u00e9my trap\u00e9zov\u00e9ho typu?<\/b><\/p>\n<p>Dostupn\u00e9 povrchov\u00e9 \u00fapravy zahrnuj\u00ed pr\u00e1\u0161kov\u00e9 lakov\u00e1n\u00ed, eloxov\u00e1n\u00ed, kart\u00e1\u010dovan\u00fd hlin\u00edk, textury d\u0159eva a vlastn\u00ed barvy RAL pro r\u016fzn\u00e9 styly interi\u00e9ru.\n<\/p>\n<p><\/p>\n<p><b>10.Je stropn\u00ed syst\u00e9m trap\u00e9zov\u00e9ho typu \u0161etrn\u00fd k \u017eivotn\u00edmu prost\u0159ed\u00ed?<\/b><\/p>\n<p>Ano, trap\u00e9zov\u00e9 stropn\u00ed syst\u00e9my vyroben\u00e9 z recyklovateln\u00e9ho hlin\u00edku podporuj\u00ed ekologickou v\u00fdstavbu a p\u0159isp\u00edvaj\u00ed k certifikaci ekologick\u00fdch budov.\n<\/p>\n<p><\/p>","protected":false},"featured_media":3430,"template":"","categories":[47],"class_list":["post-3428","product","type-product","status-publish","has-post-thumbnail","hentry","category-tile-ceiling-systems"],"meta_box":{"hilight_text_group":{"product_hilight_text":"Trapezoidal Ceiling System \u2013 Key Business Benefits<br>\r\r\n\u2714 Fast Installation \u2013 Modular design saves time and labor costs<br>\r\r\n\u2714 Superior Acoustics \u2013 Reduces noise in offices, schools, and hospitals<br>\r\r\n\u2714 Sleek & Modern \u2013 Tapered edges enhance visual appeal\r\r\n\u2714 Easy Maintenance \u2013 Durable aluminum, long-lasting performance\r\r\n\u2714 Customizable \u2013 Multiple colors, finishes, and sizes available<br>\r\r\n\u2714 Eco-Friendly \u2013 Recyclable materials, supports green building standards<br>\r\r\nIdeal for commercial, retail, and institutional projects.<br>","product_tu_tu":"<img width=\"320\" height=\"210\" src=\"https:\/\/sinoextrud.com\/wp-content\/uploads\/Trapezoidal-Type-Ceiling-System-xiaoguo.webp\" alt=\"Trapezoidal Type Ceiling System\" title=\"Trapezoidal Type Ceiling System\">","product_chanpin_chanpin":"<li><a href=\"https:\/\/sinoextrud.com\/product\/clip-in-tile-ceiling-system\/\" target=\"_blank\">Clip-in Tile Ceiling System<\/a><\/li>\r\n<li><a href=\"https:\/\/sinoextrud.com\/product\/triangle-ceiling-system\/\" target=\"_blank\">Triangle Ceiling System (Triangle Ceiling)<\/a><\/li>\r\n<li><a href=\"https:\/\/sinoextrud.com\/product\/the-hexagonal-type-ceiling-system\/\" target=\"_blank\">The Hexagonal Type Ceiling System (Hexagonal Ceiling)<\/a><\/li>\r\n<li><a href=\"https:\/\/sinoextrud.com\/product\/diamond-type-ceiling-system\/\" target=\"_blank\">Diamond Type Ceiling System (Diamond plate Ceiling Tiles)<\/a><\/li>\r\n<li><a href=\"https:\/\/sinoextrud.com\/product\/trapezoidal-type-ceiling-system\/\" target=\"_blank\">Trapezoidal Type Ceiling System<\/a><\/li>\r\n<li><a href=\"https:\/\/sinoextrud.com\/product\/shaped-tile-ceiling-system\/\" target=\"_blank\">Shaped Tile Ceiling System<\/a><\/li>\r\n<li><a href=\"https:\/\/sinoextrud.com\/product\/the-new-perforated-ceiling-system\/\" target=\"_blank\">The New Perforated Ceiling System<\/a><\/li>\r\n<li><a href=\"https:\/\/sinoextrud.com\/product\/800-800mm-clip-in-ceiling-system\/\" target=\"_blank\">800x800mm Clip-in Ceiling System<\/a><\/li>\r\n<li><a href=\"https:\/\/sinoextrud.com\/product\/combination-ceiling-system\/\" target=\"_blank\">Combination Ceiling System<\/a><\/li>\r\n<li><a href=\"https:\/\/sinoextrud.com\/product\/aluminum-outdoor-enclose-heat-sinks\/\" target=\"_blank\">Aluminum outdoor enclose heat sinks<\/a><\/li>\r\n<li><a href=\"https:\/\/sinoextrud.com\/product\/customized-ome-aluminium-profile-extruded-with-the-anodized-black-champage-silver-white-and-blasted-treatment\/\" target=\"_blank\">Customized OME Aluminium Profile Extruded With The Anodized Black Champage Silver White And Blasted Treatment<\/a><\/li>"},"feature_list":[]},"_links":{"self":[{"href":"https:\/\/sinoextrud.com\/cs\/wp-json\/wp\/v2\/product\/3428","targetHints":{"allow":["GET"]}}],"collection":[{"href":"https:\/\/sinoextrud.com\/cs\/wp-json\/wp\/v2\/product"}],"about":[{"href":"https:\/\/sinoextrud.com\/cs\/wp-json\/wp\/v2\/types\/product"}],"wp:featuredmedia":[{"embeddable":true,"href":"https:\/\/sinoextrud.com\/cs\/wp-json\/wp\/v2\/media\/3430"}],"wp:attachment":[{"href":"https:\/\/sinoextrud.com\/cs\/wp-json\/wp\/v2\/media?parent=3428"}],"wp:term":[{"taxonomy":"category","embeddable":true,"href":"https:\/\/sinoextrud.com\/cs\/wp-json\/wp\/v2\/categories?post=3428"}],"curies":[{"name":"wp","href":"https:\/\/api.w.org\/{rel}","templated":true}]}}