{"id":3374,"date":"2025-04-25T08:22:14","date_gmt":"2025-04-25T08:22:14","guid":{"rendered":"https:\/\/sinoextrud.com\/?post_type=product&#038;p=3374"},"modified":"2025-06-24T03:50:38","modified_gmt":"2025-06-24T03:50:38","slug":"stropni-system-clip-in","status":"publish","type":"product","link":"https:\/\/sinoextrud.com\/cs\/product\/clip-in-tile-ceiling-system\/","title":{"rendered":"Stropn\u00ed syst\u00e9m Clip-in"},"content":{"rendered":"<h2>STANDARDN\u00cd VELIKOST<\/h2>\n<p>1: Nestandardn\u00ed velikosti lze p\u0159izp\u016fsobit;<\/p>\n<p>2: Pozinkovan\u00e1 \u017eelezn\u00e1 dla\u017edice m\u016f\u017ee b\u00fdt p\u0159izp\u016fsobena<\/p>\n<table class=\"custom-table\">\n<tr>\n<td class=\"label\">ltem<\/td>\n<td>Velikost<\/td>\n<td>Pozn\u00e1mka<\/td>\n<\/tr>\n<tr>\n<td class=\"label\">TYPE1<\/td>\n<td>300x300 mm<\/td>\n<td>Ku\u017eelov\u00e9, pravo\u00fahl\u00e9<\/td>\n<\/tr>\n<tr>\n<td class=\"label\">TYPE2<\/td>\n<td>300x600 mm<\/td>\n<td>Ku\u017eelov\u00fd, pravo\u00fahl\u00fd<\/td>\n<\/tr>\n<tr>\n<td class=\"label\">TYPE3<\/td>\n<td>300x1200mm<\/td>\n<td>Ku\u017eelov\u00fd, pravo\u00fahl\u00fd<\/td>\n<\/tr>\n<tr>\n<td class=\"label\">TYPE4<\/td>\n<td>400x400 mm<\/td>\n<td>Ku\u017eelov\u00fd, pravo\u00fahl\u00fd<\/td>\n<\/tr>\n<tr>\n<td class=\"label\">TYPE5<\/td>\n<td>500x500 mm<\/td>\n<td>Ku\u017eelov\u00e1 plocha<\/td>\n<\/tr>\n<tr>\n<td class=\"label\">TYPE6<\/td>\n<td>500x1200mm<\/td>\n<td>Pravo\u00fahl\u00fd<\/td>\n<\/tr>\n<tr>\n<td class=\"label\">TYPE7<\/td>\n<td>600x600 mm<\/td>\n<td>Ku\u017eelov\u00fd, pravo\u00fahl\u00fd<\/td>\n<\/tr>\n<tr>\n<td class=\"label\">TYPE8<\/td>\n<td>600x1200mm<\/td>\n<td>Ku\u017eelov\u00e9, pravo\u00fahl\u00e9<\/td>\n<\/tr>\n<tr>\n<td class=\"label\">TYPE9<\/td>\n<td>600x1800mm<\/td>\n<td>Ku\u017eelov\u00e1 plocha<\/td>\n<\/tr>\n<tr>\n<td class=\"label\">TYPE10<\/td>\n<td>800x800 mm<\/td>\n<td>Ku\u017eelov\u00e1 plocha<\/td>\n<\/tr>\n<tr>\n<td class=\"label\">TYPE11<\/td>\n<td>800x1600mm<\/td>\n<td>Ku\u017eelov\u00e1 plocha<\/td>\n<\/tr>\n<\/table>\n<h2>V\u00fdrobn\u00ed proces<\/h2>\n<p><img decoding=\"async\" src=\"\/wp-content\/uploads\/zzlc01.webp\" alt=\"V\u00fdrobn\u00ed proces\"  \/><br \/>\n<img decoding=\"async\" src=\"\/wp-content\/uploads\/zzlc02.webp\" alt=\"V\u00fdrobn\u00ed proces\"  \/><br \/>\n<img decoding=\"async\" src=\"\/wp-content\/uploads\/zzlc03.webp\" alt=\"V\u00fdrobn\u00ed proces\"  \/><br \/>\n<img decoding=\"async\" src=\"\/wp-content\/uploads\/zzlc04.webp\" alt=\"V\u00fdrobn\u00ed proces\"  \/><\/p>\n<h2>\u010cASTO KLADEN\u00c9 DOTAZY<\/h2>\n<p><b>1.Co je to stropn\u00ed syst\u00e9m s kazetami clip-in?<\/b><\/p>\n<p>Stropn\u00ed syst\u00e9m s p\u0159ipevn\u011bn\u00fdmi deskami je konstrukce zav\u011b\u0161en\u00e9ho kovov\u00e9ho stropu, kde jsou \u010dtvercov\u00e9 nebo obd\u00e9ln\u00edkov\u00e9 desky p\u0159ipevn\u011bny do skryt\u00e9ho ro\u0161tu, kter\u00fd nab\u00edz\u00ed \u010dist\u00fd, rovn\u00fd a beze\u0161v\u00fd vzhled stropu.\n<\/p>\n<p><\/p>\n<p><b>2.Jak\u00e9 jsou v\u00fdhody stropn\u00edho syst\u00e9mu se sponami?<\/b><\/p>\n<p>Stropn\u00ed syst\u00e9my s kazetami Clip-in poskytuj\u00ed elegantn\u00ed povrchovou \u00fapravu, snadnou instalaci, vynikaj\u00edc\u00ed akustick\u00e9 vlastnosti, po\u017e\u00e1rn\u00ed odolnost a rychl\u00fd p\u0159\u00edstup ke stropn\u00edm in\u017een\u00fdrsk\u00fdm s\u00edt\u00edm pro \u00fadr\u017ebu.\n<\/p>\n<p><\/p>\n<p><b>3.Kde se b\u011b\u017en\u011b pou\u017e\u00edv\u00e1 stropn\u00ed syst\u00e9m clip-in?<\/b><\/p>\n<p>Tento syst\u00e9m se hojn\u011b pou\u017e\u00edv\u00e1 v kancel\u00e1\u0159\u00edch, na leti\u0161t\u00edch, v nemocnic\u00edch, n\u00e1kupn\u00edch centrech, stanic\u00edch metra a v komer\u010dn\u00edch interi\u00e9rech, kter\u00e9 vy\u017eaduj\u00ed modern\u00ed a profesion\u00e1ln\u00ed \u0159e\u0161en\u00ed stropu.\n<\/p>\n<p><\/p>\n<p><b>4.Jak mechanismus clip-in zlep\u0161uje v\u00fdkon stropu?<\/b><\/p>\n<p>Syst\u00e9m clip-in zaji\u0161\u0165uje bezpe\u010dn\u00e9 vyrovn\u00e1n\u00ed panel\u016f, minimalizuje vibrace a umo\u017e\u0148uje snadn\u00e9 vyjmut\u00ed jednotliv\u00fdch dla\u017edic bez pou\u017eit\u00ed speci\u00e1ln\u00edho n\u00e1\u0159ad\u00ed.\n<\/p>\n<p><\/p>\n<p><b>5.Jak\u00e9 materi\u00e1ly se pou\u017e\u00edvaj\u00ed v syst\u00e9mech stropn\u00edch kazet?<\/b><\/p>\n<p>Stropn\u00ed desky Clip-in jsou obvykle vyrobeny z vysoce kvalitn\u00edho hlin\u00edku nebo pozinkovan\u00e9 oceli, co\u017e zaru\u010duje jejich trvanlivost, lehkou konstrukci a odolnost proti korozi.\n<\/p>\n<p><\/p>\n<p><b>6.Lze stropn\u00ed syst\u00e9my clip-in p\u0159izp\u016fsobit?<\/b><\/p>\n<p>Ano, rozm\u011bry panel\u016f, vzory perforace, povrchov\u00e9 textury a barvy lze pln\u011b p\u0159izp\u016fsobit konkr\u00e9tn\u00edm konstruk\u010dn\u00edm a akustick\u00fdm pot\u0159eb\u00e1m.\n<\/p>\n<p><\/p>\n<p><b>7.Je mo\u017en\u00e1 integrace osv\u011btlen\u00ed se stropn\u00edm syst\u00e9mem clip-in?<\/b><\/p>\n<p>Do stropn\u00edch syst\u00e9m\u016f s p\u0159ipevn\u011bn\u00fdmi kazetami lze bezpodm\u00edne\u010dn\u011b um\u00edstit zapu\u0161t\u011bn\u00e9 osv\u011btlen\u00ed, line\u00e1rn\u00ed sv\u00edtidla, vzduchov\u00e9 difuzory a dal\u0161\u00ed stropn\u00ed prvky.\n<\/p>\n<p><\/p>\n<p><b>8.Je instalace a \u00fadr\u017eba stropn\u00edch syst\u00e9m\u016f clip-in snadn\u00e1?<\/b><\/p>\n<p>Ano, modul\u00e1rn\u00ed konstrukce a skryt\u00e9 zav\u011b\u0161en\u00ed umo\u017e\u0148uj\u00ed rychlou instalaci a snadn\u00fd p\u0159\u00edstup do prostoru pro \u010di\u0161t\u011bn\u00ed nebo modernizaci syst\u00e9mu.\n<\/p>\n<p><\/p>\n<p><b>9.Jak\u00e9 povrchov\u00e9 \u00fapravy jsou k dispozici pro stropn\u00ed syst\u00e9my clip-in?<\/b><\/p>\n<p>K dispozici jsou pr\u00e1\u0161kov\u00e9 lakov\u00e1n\u00ed, eloxov\u00e1n\u00ed, kart\u00e1\u010dovan\u00fd kov, mat, d\u0159ev\u011bn\u00e1 struktura a vlastn\u00ed barvy RAL, kter\u00e9 se hod\u00ed k jak\u00e9mukoli stylu interi\u00e9ru.\n<\/p>\n<p><\/p>\n<p><b>10.Je stropn\u00ed syst\u00e9m clip-in \u0161etrn\u00fd k \u017eivotn\u00edmu prost\u0159ed\u00ed?<\/b><\/p>\n<p>Ano, stropn\u00ed syst\u00e9my clip-in jsou vyrobeny z recyklovateln\u00fdch materi\u00e1l\u016f, jako je hlin\u00edk, a podporuj\u00ed udr\u017eiteln\u00e9 stavebn\u00ed postupy a p\u0159isp\u00edvaj\u00ed k z\u00edsk\u00e1n\u00ed ekologick\u00fdch certifik\u00e1t\u016f.\n<\/p>\n<p><\/p>","protected":false},"featured_media":3377,"template":"","categories":[47],"class_list":["post-3374","product","type-product","status-publish","has-post-thumbnail","hentry","category-tile-ceiling-systems"],"meta_box":{"hilight_text_group":{"product_hilight_text":"Clip-in tile ceiling with hidden frame, adopts the suspension system withthe ceiling clamped into the hidden frame, which is convenient forinstallation and dis-assembly, very flexible while making changes on theinterval in the room, The structure of the hidden frame mounting systemis stable and concealed, the surface of the panel is smooth with conciseand beautiful lines, which adds a modern sense for the interior space.There are different panel specifications and models to match with differentdesign and demand, can be widely used in a variety of architecturaldecoration design.","product_tu_tu":"<img width=\"320\" height=\"210\"  src=\"https:\/\/sinoextrud.com\/wp-content\/uploads\/Clip-in-Tile-Ceiling-System-xiaoguo.webp\" alt=\"Clip-in Tile Ceiling System\" title=\"Clip-in Tile Ceiling System\">","product_chanpin_chanpin":"<li><a href=\"https:\/\/sinoextrud.com\/product\/aluminium-profile-accessories\/\" target=\"_blank\">Aluminium Profile Accessories<\/a><\/li>\r\n<li><a href=\"https:\/\/sinoextrud.com\/product\/round-aluminum-extrusion-tubular-cnc-bending\/\" target=\"_blank\">Round Aluminum Extrusion Tubular Cnc Bending<\/a><\/li>\r\n<li><a href=\"https:\/\/sinoextrud.com\/product\/controller-shell-instrument-box-industrial-aluminum-profile-electromechanical-shell\/\" target=\"_blank\">Controller Shell Instrument Box Industrial Aluminum Profile Electromechanical Shell<\/a><\/li>\r\n<li><a href=\"https:\/\/sinoextrud.com\/product\/lay-in-tile-ceiling-system\/\" target=\"_blank\">Lay-in Tile Ceiling System<\/a><\/li>\r\n<li><a href=\"https:\/\/sinoextrud.com\/product\/clip-in-tile-ceiling-system\/\" target=\"_blank\">Clip-in Tile Ceiling System<\/a><\/li>\r\n<li><a href=\"https:\/\/sinoextrud.com\/product\/triangle-ceiling-system\/\" target=\"_blank\">Triangle Ceiling System (Triangle Ceiling)<\/a><\/li>\r\n<li><a href=\"https:\/\/sinoextrud.com\/product\/the-hexagonal-type-ceiling-system\/\" target=\"_blank\">The Hexagonal Type Ceiling System (Hexagonal Ceiling)<\/a><\/li>\r\n<li><a href=\"https:\/\/sinoextrud.com\/product\/diamond-type-ceiling-system\/\" target=\"_blank\">Diamond Type Ceiling System (Diamond plate Ceiling Tiles)<\/a><\/li>\r\n<li><a href=\"https:\/\/sinoextrud.com\/product\/trapezoidal-type-ceiling-system\/\" target=\"_blank\">Trapezoidal Type Ceiling System<\/a><\/li>\r\n<li><a href=\"https:\/\/sinoextrud.com\/product\/cnc-machining-aluminum-hat-channel-extrusions\/\" target=\"_blank\">CNC Machining Aluminum Hat Channel Extrusions<\/a><\/li>\r\n<li><a href=\"https:\/\/sinoextrud.com\/product\/cutting-aluminium-extrusion\/\" target=\"_blank\">Cutting Aluminium Extrusion<\/a><\/li>"},"feature_list":[]},"_links":{"self":[{"href":"https:\/\/sinoextrud.com\/cs\/wp-json\/wp\/v2\/product\/3374","targetHints":{"allow":["GET"]}}],"collection":[{"href":"https:\/\/sinoextrud.com\/cs\/wp-json\/wp\/v2\/product"}],"about":[{"href":"https:\/\/sinoextrud.com\/cs\/wp-json\/wp\/v2\/types\/product"}],"wp:featuredmedia":[{"embeddable":true,"href":"https:\/\/sinoextrud.com\/cs\/wp-json\/wp\/v2\/media\/3377"}],"wp:attachment":[{"href":"https:\/\/sinoextrud.com\/cs\/wp-json\/wp\/v2\/media?parent=3374"}],"wp:term":[{"taxonomy":"category","embeddable":true,"href":"https:\/\/sinoextrud.com\/cs\/wp-json\/wp\/v2\/categories?post=3374"}],"curies":[{"name":"wp","href":"https:\/\/api.w.org\/{rel}","templated":true}]}}