{"id":11019,"date":"2025-08-01T03:40:17","date_gmt":"2025-08-01T03:40:17","guid":{"rendered":"https:\/\/sinoextrud.com\/product\/water-cooled-led-heat-sink-for-thermal-management\/"},"modified":"2025-08-01T03:40:17","modified_gmt":"2025-08-01T03:40:17","slug":"vodou-chlazeny-chladic-pro-tepelny-management","status":"publish","type":"product","link":"https:\/\/sinoextrud.com\/cs\/product\/water-cooled-led-heat-sink-for-thermal-management\/","title":{"rendered":"Vodou chlazen\u00fd chladi\u010d LED pro tepeln\u00fd management"},"content":{"rendered":"<h2>Podrobnosti o produktech<\/h2>\n<div class=\"product-table\">\n<div class=\"row\">\n<div class=\"cell label\">T\u0159\u00edda<\/div>\n<div class=\"cell value\">\u0158ada 6000<\/div>\n<\/div>\n<div class=\"row\">\n<div class=\"cell label\">Tolerance<\/div>\n<div class=\"cell value\">\u00c2\u00b11%<\/div>\n<\/div>\n<div class=\"row\">\n<div class=\"cell label\">Doba dod\u00e1n\u00ed<\/div>\n<div class=\"cell value\">15-21 dn\u00ed<\/div>\n<\/div>\n<div class=\"row\">\n<div class=\"cell label\">Temperament<\/div>\n<div class=\"cell value\">T3-T8<\/div>\n<\/div>\n<div class=\"row\">\n<div class=\"cell label\">Aplikace<\/div>\n<div class=\"cell value\">Chladi\u010d<\/div>\n<\/div>\n<div class=\"row\">\n<div class=\"cell label\">Tvar<\/div>\n<div class=\"cell value\">flat<\/div>\n<\/div>\n<div class=\"row\">\n<div class=\"cell label\">Slitina nebo ne<\/div>\n<div class=\"cell value\">Je slitina<\/div>\n<\/div>\n<div class=\"row\">\n<div class=\"cell label\">Slu\u017eba zpracov\u00e1n\u00ed<\/div>\n<div class=\"cell value\">Oh\u00fdb\u00e1n\u00ed, odv\u00edjen\u00ed, sva\u0159ov\u00e1n\u00ed, d\u011brov\u00e1n\u00ed, \u0159ez\u00e1n\u00ed<\/div>\n<\/div>\n<div class=\"row\">\n<div class=\"cell label\">N\u00e1zev produktu<\/div>\n<div class=\"cell value\">Hlin\u00edkov\u00fd chladi\u010d<\/div>\n<\/div>\n<div class=\"row\">\n<div class=\"cell label\">Materi\u00e1l<\/div>\n<div class=\"cell value\">Hlin\u00edkov\u00e1 slitina<\/div>\n<\/div>\n<div class=\"row\">\n<div class=\"cell label\">Povrchov\u00e1 \u00faprava<\/div>\n<div class=\"cell value\">Vlastn\u00ed povrchov\u00e1 \u00faprava<\/div>\n<\/div>\n<div class=\"row\">\n<div class=\"cell label\">Hloubkov\u00fd proces<\/div>\n<div class=\"cell value\">D\u011brov\u00e1n\u00ed Vrt\u00e1n\u00ed P\u0159esn\u00e9 \u0159ez\u00e1n\u00ed CNC<\/div>\n<\/div>\n<div class=\"row\">\n<div class=\"cell label\">Barva<\/div>\n<div class=\"cell value\">Silver<\/div>\n<\/div>\n<div class=\"row\">\n<div class=\"cell label\">Velikost<\/div>\n<div class=\"cell value\">Po\u017eadavky z\u00e1kazn\u00edka<\/div>\n<\/div>\n<div class=\"row\">\n<div class=\"cell label\">MOQ<\/div>\n<div class=\"cell value\">1 kus<\/div>\n<\/div>\n<div class=\"row\">\n<div class=\"cell label\">D\u00e9lka<\/div>\n<div class=\"cell value\">Vlastn\u00ed d\u00e9lka<\/div>\n<\/div>\n<div class=\"row\">\n<div class=\"cell label\">Bal\u00ed\u010dek<\/div>\n<div class=\"cell value\">Plastov\u00e1 ta\u0161ka+krabice+karton<\/div>\n<\/div>\n<div class=\"row\">\n<div class=\"cell label\">Slu\u017eba<\/div>\n<div class=\"cell value\">OEM ODM Na m\u00edru<\/div>\n<\/div>\n<div class=\"row\">\n<div class=\"cell label\">Prodejn\u00ed jednotky<\/div>\n<div class=\"cell value\">Jednotliv\u00e1 polo\u017eka<\/div>\n<\/div>\n<div class=\"row\">\n<div class=\"cell label\">Velikost jednoho balen\u00ed<\/div>\n<div class=\"cell value\">10X10X10 cm<\/div>\n<\/div>\n<div class=\"row\">\n<div class=\"cell label\">Jednotliv\u00e1 hrub\u00e1 hmotnost<\/div>\n<div class=\"cell value\">1.000 KG<\/div>\n<\/div>\n<div class=\"row\">\n<div class=\"cell label\">Schopnost z\u00e1sobov\u00e1n\u00ed<\/div>\n<div class=\"cell value\">50000 karton\u016f t\u00fddn\u011b<\/div>\n<\/div>\n<\/div>\n<p><\/p>\n<h2>Na\u0161e v\u00fdrobn\u00ed z\u00e1kladna<\/h2>\n<h3>Panorama tov\u00e1rny<\/h3>\n<p><img decoding=\"async\" src=\"\/wp-content\/uploads\/factory-01.webp\"\/><\/p>\n<h3>D\u00edlna na v\u00fdrobu hlin\u00edkov\u00fdch ty\u010d\u00ed<\/h3>\n<p><img decoding=\"async\" src=\"\/wp-content\/uploads\/factory-02.webp\"\/><\/p>\n<p><img decoding=\"async\" src=\"\/wp-content\/uploads\/factory-03.webp\"\/><\/p>\n<h3>Sklad pl\u00edsn\u00ed<\/h3>\n<p><img decoding=\"async\" src=\"\/wp-content\/uploads\/factory-04.webp\"\/><\/p>\n<h3>43 linek na vytla\u010dov\u00e1n\u00ed hlin\u00edku (500-5500 tun)<\/h3>\n<p><img decoding=\"async\" src=\"\/wp-content\/uploads\/factory-05.webp\"\/><\/p>\n<p><img decoding=\"async\" src=\"\/wp-content\/uploads\/factory-06.webp\"\/><\/p>\n<p><img decoding=\"async\" src=\"\/wp-content\/uploads\/factory-07.webp\"\/><\/p>\n<h3>D\u00edlna pr\u00e1\u0161kov\u00e9ho lakov\u00e1n\u00ed<\/h3>\n<p><img decoding=\"async\" src=\"\/wp-content\/uploads\/factory-09.webp\"\/><\/p>\n<h3>D\u00edlna eloxov\u00e1n\u00ed<\/h3>\n<p><img decoding=\"async\" src=\"\/wp-content\/uploads\/factory-10.webp\"\/><\/p>\n<h3>Workshop o hloubkov\u00e9m zpracov\u00e1n\u00ed<\/h3>\n<p><img decoding=\"async\" src=\"\/wp-content\/uploads\/factory-11.webp\"\/><\/p>\n<h3>D\u00edlna CNC p\u0159esn\u00e9ho obr\u00e1b\u011bn\u00ed<\/h3>\n<p><img decoding=\"async\" src=\"\/wp-content\/uploads\/factory-11.5.webp\"\/><\/p>\n<h3>Sklad hotov\u00fdch v\u00fdrobk\u016f a exportn\u00ed sklad<\/h3>\n<p><img decoding=\"async\" src=\"\/wp-content\/uploads\/factory-12.webp\"\/><\/p>\n<p><img decoding=\"async\" src=\"\/wp-content\/uploads\/factory-13.webp\"\/><\/p>\n<p><img decoding=\"async\" src=\"\/wp-content\/uploads\/factory-14.webp\"\/><\/p>\n<h2>\u010cASTO KLADEN\u00c9 DOTAZY<\/h2>\n<p><strong>1. Jak\u00e9 jsou hlavn\u00ed v\u00fdhody vodou chlazen\u00e9ho chladi\u010de LED?<\/strong><br \/>Zaji\u0161\u0165uje vynikaj\u00edc\u00ed tepeln\u00fd management, \u010d\u00edm\u017e prodlu\u017euje \u017eivotnost a v\u00fdkon LED.<\/p>\n<p><strong>2. Lze chladi\u010d LED chlazen\u00fd vodou p\u0159izp\u016fsobit?<\/strong><br \/>Ano, nab\u00edz\u00edme p\u0159izp\u016fsobiteln\u00e9 proveden\u00ed pro konkr\u00e9tn\u00ed konfigurace LED.<\/p>\n<p><strong>3. Je tento chladi\u010d kompatibiln\u00ed se v\u0161emi LED sv\u00edtidly?<\/strong><br \/>V\u00fdrobek je navr\u017een tak, aby byl kompatibiln\u00ed se \u0161irokou \u0161k\u00e1lou sv\u00edtidel LED.<\/p>\n<p><strong>4. Jak funguje syst\u00e9m vodn\u00edho chlazen\u00ed?<\/strong><br \/>Syst\u00e9m vyu\u017e\u00edv\u00e1 cirkulaci vody k \u00fa\u010dinn\u00e9mu odv\u00e1d\u011bn\u00ed tepla z LED diod.<\/p>\n<p><strong>5. Pro jak\u00e9 aplikace je tento chladi\u010d vhodn\u00fd?<\/strong><br \/>Je ide\u00e1ln\u00ed pro vysoce v\u00fdkonn\u00e9 aplikace v pr\u016fmyslov\u00e9m, komer\u010dn\u00edm a obytn\u00e9m prost\u0159ed\u00ed.<\/p>\n<p><strong>6. Vy\u017eaduje chladi\u010d pravidelnou \u00fadr\u017ebu?<\/strong><br \/>Syst\u00e9m vodn\u00edho chlazen\u00ed m\u016f\u017ee vy\u017eadovat ob\u010dasn\u00e9 kontroly, aby byl zaji\u0161t\u011bn optim\u00e1ln\u00ed v\u00fdkon.<\/p>\n<p><strong>7. Je instalace chladi\u010de snadn\u00e1?<\/strong><br \/>Ano, je navr\u017een pro snadnou instalaci s r\u016fzn\u00fdmi nastaven\u00edmi LED.<\/p>\n<p><\/p>","protected":false},"featured_media":10755,"template":"","categories":[72],"class_list":["post-11019","product","type-product","status-publish","has-post-thumbnail","hentry","category-extruded-aluminum-heatsink"],"meta_box":{"hilight_text_group":[{"product_hilight_text":"<li>Advanced thermal management for high-performance LED applications<\/li>\n<li>Customizable designs to fit various LED configurations<\/li>\n<li>Efficient cooling enhances LED lifespan and reliability<\/li>\n<li>Compatible with a wide range of LED fixtures<\/li>\n<li>Designed for industrial, commercial, and residential lighting solutions<\/li>"}],"feature_list":[]},"_links":{"self":[{"href":"https:\/\/sinoextrud.com\/cs\/wp-json\/wp\/v2\/product\/11019","targetHints":{"allow":["GET"]}}],"collection":[{"href":"https:\/\/sinoextrud.com\/cs\/wp-json\/wp\/v2\/product"}],"about":[{"href":"https:\/\/sinoextrud.com\/cs\/wp-json\/wp\/v2\/types\/product"}],"wp:featuredmedia":[{"embeddable":true,"href":"https:\/\/sinoextrud.com\/cs\/wp-json\/wp\/v2\/media\/10755"}],"wp:attachment":[{"href":"https:\/\/sinoextrud.com\/cs\/wp-json\/wp\/v2\/media?parent=11019"}],"wp:term":[{"taxonomy":"category","embeddable":true,"href":"https:\/\/sinoextrud.com\/cs\/wp-json\/wp\/v2\/categories?post=11019"}],"curies":[{"name":"wp","href":"https:\/\/api.w.org\/{rel}","templated":true}]}}