{"id":11018,"date":"2025-08-01T03:40:02","date_gmt":"2025-08-01T03:40:02","guid":{"rendered":"https:\/\/sinoextrud.com\/product\/phase-change-cooling-heat-sink-for-electronics\/"},"modified":"2025-08-01T03:40:02","modified_gmt":"2025-08-01T03:40:02","slug":"chladic-s-fazovou-zmenou-pro-elektroniku","status":"publish","type":"product","link":"https:\/\/sinoextrud.com\/cs\/product\/phase-change-cooling-heat-sink-for-electronics\/","title":{"rendered":"Chladi\u010d s f\u00e1zovou zm\u011bnou pro elektroniku"},"content":{"rendered":"<h2>Podrobnosti o produktech<\/h2>\n<div class=\"product-table\">\n<div class=\"row\">\n<div class=\"cell label\">CNC obr\u00e1b\u011bn\u00ed nebo ne<\/div>\n<div class=\"cell value\">CNC obr\u00e1b\u011bn\u00ed<\/div>\n<\/div>\n<div class=\"row\">\n<div class=\"cell label\">Materi\u00e1lov\u00e9 schopnosti<\/div>\n<div class=\"cell value\">Hlin\u00edk, mosaz, bronz, m\u011b\u010f, tvrzen\u00e9 kovy, drah\u00e9 kovy, nerezov\u00e1 ocel, slitiny oceli<\/div>\n<\/div>\n<div class=\"row\">\n<div class=\"cell label\">Typ<\/div>\n<div class=\"cell value\">Laserov\u00e9 obr\u00e1b\u011bn\u00ed, Fr\u00e9zov\u00e1n\u00ed, Ostatn\u00ed obr\u00e1b\u011bc\u00ed slu\u017eby, Soustru\u017een\u00ed<\/div>\n<\/div>\n<div class=\"row\">\n<div class=\"cell label\">Mikroobr\u00e1b\u011bn\u00ed nebo ne<\/div>\n<div class=\"cell value\">Mikroobr\u00e1b\u011bn\u00ed<\/div>\n<\/div>\n<div class=\"row\">\n<div class=\"cell label\">Materi\u00e1l<\/div>\n<div class=\"cell value\">Slitina hlin\u00edku, mosaz, nerezov\u00e1 ocel<\/div>\n<\/div>\n<div class=\"row\">\n<div class=\"cell label\">N\u00e1zev produktu<\/div>\n<div class=\"cell value\">Chladi\u010d<\/div>\n<\/div>\n<div class=\"row\">\n<div class=\"cell label\">Proces<\/div>\n<div class=\"cell value\">Fr\u00e9zov\u00e1n\u00ed, soustru\u017een\u00ed<\/div>\n<\/div>\n<div class=\"row\">\n<div class=\"cell label\">Povrchov\u00e1 \u00faprava<\/div>\n<div class=\"cell value\">Po\u017eadavek z\u00e1kazn\u00edka<\/div>\n<\/div>\n<div class=\"row\">\n<div class=\"cell label\">Slu\u017eba<\/div>\n<div class=\"cell value\">P\u0159izp\u016fsoben\u00e9 OEM<\/div>\n<\/div>\n<div class=\"row\">\n<div class=\"cell label\">Aplikace<\/div>\n<div class=\"cell value\">Kryt \u0159\u00eddic\u00ed jednotky, komunika\u010dn\u00ed za\u0159\u00edzen\u00ed, nap\u00e1jen\u00ed m\u011bni\u010de<\/div>\n<\/div>\n<div class=\"row\">\n<div class=\"cell label\">Barva<\/div>\n<div class=\"cell value\">P\u0159izp\u016fsoben\u00e1 barva<\/div>\n<\/div>\n<div class=\"row\">\n<div class=\"cell label\">Vybaven\u00ed<\/div>\n<div class=\"cell value\">CNC obr\u00e1b\u011bc\u00ed centra<\/div>\n<\/div>\n<div class=\"row\">\n<div class=\"cell label\">Velikost<\/div>\n<div class=\"cell value\">P\u0159izp\u016fsoben\u00e9 velikosti jsou p\u0159ijateln\u00e9<\/div>\n<\/div>\n<div class=\"row\">\n<div class=\"cell label\">Kl\u00ed\u010dov\u00e9 slovo<\/div>\n<div class=\"cell value\">Cnc obr\u00e1b\u011bn\u00ed d\u00edl\u016f Cnc obr\u00e1b\u011bn\u00ed Service<\/div>\n<\/div>\n<div class=\"row\">\n<div class=\"cell label\">Prodejn\u00ed jednotky<\/div>\n<div class=\"cell value\">Jednotliv\u00e1 polo\u017eka<\/div>\n<\/div>\n<\/div>\n<p><\/p>\n<h2>Na\u0161e v\u00fdrobn\u00ed z\u00e1kladna<\/h2>\n<h3>Panorama tov\u00e1rny<\/h3>\n<p><img decoding=\"async\" src=\"\/wp-content\/uploads\/factory-01.webp\"\/><\/p>\n<h3>D\u00edlna na v\u00fdrobu hlin\u00edkov\u00fdch ty\u010d\u00ed<\/h3>\n<p><img decoding=\"async\" src=\"\/wp-content\/uploads\/factory-02.webp\"\/><\/p>\n<p><img decoding=\"async\" src=\"\/wp-content\/uploads\/factory-03.webp\"\/><\/p>\n<h3>Sklad pl\u00edsn\u00ed<\/h3>\n<p><img decoding=\"async\" src=\"\/wp-content\/uploads\/factory-04.webp\"\/><\/p>\n<h3>43 linek na vytla\u010dov\u00e1n\u00ed hlin\u00edku (500-5500 tun)<\/h3>\n<p><img decoding=\"async\" src=\"\/wp-content\/uploads\/factory-05.webp\"\/><\/p>\n<p><img decoding=\"async\" src=\"\/wp-content\/uploads\/factory-06.webp\"\/><\/p>\n<p><img decoding=\"async\" src=\"\/wp-content\/uploads\/factory-07.webp\"\/><\/p>\n<h3>D\u00edlna pr\u00e1\u0161kov\u00e9ho lakov\u00e1n\u00ed<\/h3>\n<p><img decoding=\"async\" src=\"\/wp-content\/uploads\/factory-09.webp\"\/><\/p>\n<h3>D\u00edlna eloxov\u00e1n\u00ed<\/h3>\n<p><img decoding=\"async\" src=\"\/wp-content\/uploads\/factory-10.webp\"\/><\/p>\n<h3>Workshop o hloubkov\u00e9m zpracov\u00e1n\u00ed<\/h3>\n<p><img decoding=\"async\" src=\"\/wp-content\/uploads\/factory-11.webp\"\/><\/p>\n<h3>D\u00edlna CNC p\u0159esn\u00e9ho obr\u00e1b\u011bn\u00ed<\/h3>\n<p><img decoding=\"async\" src=\"\/wp-content\/uploads\/factory-11.5.webp\"\/><\/p>\n<h3>Sklad hotov\u00fdch v\u00fdrobk\u016f a exportn\u00ed sklad<\/h3>\n<p><img decoding=\"async\" src=\"\/wp-content\/uploads\/factory-12.webp\"\/><\/p>\n<p><img decoding=\"async\" src=\"\/wp-content\/uploads\/factory-13.webp\"\/><\/p>\n<p><img decoding=\"async\" src=\"\/wp-content\/uploads\/factory-14.webp\"\/><\/p>\n<h2>\u010cASTO KLADEN\u00c9 DOTAZY<\/h2>\n<p><strong>1. Co je chladi\u010d s f\u00e1zovou zm\u011bnou?<\/strong><br \/>Jedn\u00e1 se o za\u0159\u00edzen\u00ed ur\u010den\u00e9 k \u00fa\u010dinn\u00e9mu odv\u00e1d\u011bn\u00ed tepla pomoc\u00ed materi\u00e1l\u016f s f\u00e1zovou zm\u011bnou, kter\u00e9 zlep\u0161uje tepeln\u00fd management.<\/p>\n<p><strong>2. Jak funguje materi\u00e1l s f\u00e1zovou zm\u011bnou?<\/strong><br \/>Materi\u00e1l absorbuje teplo a m\u011bn\u00ed stav, \u010d\u00edm\u017e \u00fa\u010dinn\u011b rozptyluje tepelnou energii a ochlazuje syst\u00e9m.<\/p>\n<p><strong>3. Lze chladi\u010d p\u0159izp\u016fsobit konkr\u00e9tn\u00edm pot\u0159eb\u00e1m?<\/strong><br \/>Ano, nab\u00edz\u00edme mo\u017enosti p\u0159izp\u016fsoben\u00ed v\u010detn\u011b rozm\u011br\u016f a konfigurac\u00ed pro r\u016fzn\u00e9 aplikace.<\/p>\n<p><strong>4. Je tento chladi\u010d vhodn\u00fd pro vysoce v\u00fdkonn\u00e9 po\u010d\u00edta\u010de?<\/strong><br \/>Ano, je navr\u017een tak, aby zvl\u00e1dal zv\u00fd\u0161enou tepelnou z\u00e1t\u011b\u017e ve vysoce v\u00fdkonn\u00fdch v\u00fdpo\u010detn\u00edch za\u0159\u00edzen\u00edch.<\/p>\n<p><strong>5. Jak\u00e1 odv\u011btv\u00ed mohou tento chladi\u010d vyu\u017e\u00edt?<\/strong><br \/>Jej\u00ed chladic\u00ed schopnosti mohou vyu\u017e\u00edvat odv\u011btv\u00ed, jako je elektronika, automobilov\u00fd pr\u016fmysl a telekomunikace.<\/p>\n<p><strong>6. Podporuje chladi\u010d v\u00fdrobu OEM?<\/strong><br \/>Ano, v\u00fdroba OEM je k dispozici a my m\u016f\u017eeme v\u00fdrobek p\u0159izp\u016fsobit va\u0161im specifick\u00fdm po\u017eadavk\u016fm.<\/p>\n<p><strong>7. Jak\u00e9 jsou ekologick\u00e9 v\u00fdhody pou\u017e\u00edv\u00e1n\u00ed chladi\u010d\u016f s f\u00e1zovou zm\u011bnou?<\/strong><br \/>Nab\u00edzej\u00ed \u00fa\u010dinn\u00fd tepeln\u00fd management, sni\u017euj\u00ed spot\u0159ebu energie a dopad na \u017eivotn\u00ed prost\u0159ed\u00ed.<\/p>\n<p><\/p>","protected":false},"featured_media":10753,"template":"","categories":[72],"class_list":["post-11018","product","type-product","status-publish","has-post-thumbnail","hentry","category-extruded-aluminum-heatsink"],"meta_box":{"hilight_text_group":[{"product_hilight_text":"<li>Designed for efficient thermal management in high-performance applications<\/li>\n<li>Customizable configurations to meet specific industrial needs<\/li>\n<li>Integrated phase change material for superior heat dissipation<\/li>\n<li>Durable construction supporting long life cycles<\/li>\n<li>Compatible with a wide range of electronic devices and systems<\/li>"}],"feature_list":[]},"_links":{"self":[{"href":"https:\/\/sinoextrud.com\/cs\/wp-json\/wp\/v2\/product\/11018","targetHints":{"allow":["GET"]}}],"collection":[{"href":"https:\/\/sinoextrud.com\/cs\/wp-json\/wp\/v2\/product"}],"about":[{"href":"https:\/\/sinoextrud.com\/cs\/wp-json\/wp\/v2\/types\/product"}],"wp:featuredmedia":[{"embeddable":true,"href":"https:\/\/sinoextrud.com\/cs\/wp-json\/wp\/v2\/media\/10753"}],"wp:attachment":[{"href":"https:\/\/sinoextrud.com\/cs\/wp-json\/wp\/v2\/media?parent=11018"}],"wp:term":[{"taxonomy":"category","embeddable":true,"href":"https:\/\/sinoextrud.com\/cs\/wp-json\/wp\/v2\/categories?post=11018"}],"curies":[{"name":"wp","href":"https:\/\/api.w.org\/{rel}","templated":true}]}}