{"id":11016,"date":"2025-08-01T03:39:12","date_gmt":"2025-08-01T03:39:12","guid":{"rendered":"https:\/\/sinoextrud.com\/product\/water-cooling-plate-heat-sink-for-led-modules\/"},"modified":"2025-08-01T03:39:12","modified_gmt":"2025-08-01T03:39:12","slug":"vodni-chladici-deska-chladic-pro-led-moduly","status":"publish","type":"product","link":"https:\/\/sinoextrud.com\/cs\/product\/water-cooling-plate-heat-sink-for-led-modules\/","title":{"rendered":"Vodn\u00ed chladic\u00ed deska chladi\u010de pro LED moduly"},"content":{"rendered":"<h2>Podrobnosti o produktech<\/h2>\n<div class=\"product-table\">\n<div class=\"row\">\n<div class=\"cell label\">protokol o zkou\u0161ce strojn\u00edho za\u0159\u00edzen\u00ed<\/div>\n<div class=\"cell value\">Poskytnuto<\/div>\n<\/div>\n<div class=\"row\">\n<div class=\"cell label\">video odchoz\u00ed inspekce<\/div>\n<div class=\"cell value\">Poskytnuto<\/div>\n<\/div>\n<div class=\"row\">\n<div class=\"cell label\">z\u00e1ruka<\/div>\n<div class=\"cell value\">1 rok<\/div>\n<\/div>\n<div class=\"row\">\n<div class=\"cell label\">aplikace<\/div>\n<div class=\"cell value\">N\u00e1hradn\u00ed d\u00edly pro topen\u00ed<\/div>\n<\/div>\n<div class=\"row\">\n<div class=\"cell label\">typ<\/div>\n<div class=\"cell value\">kapaln\u00e1 studen\u00e1 deska<\/div>\n<\/div>\n<div class=\"row\">\n<div class=\"cell label\">hmotnost (kg)<\/div>\n<div class=\"cell value\">5<\/div>\n<\/div>\n<div class=\"row\">\n<div class=\"cell label\">N\u00e1zev produktu<\/div>\n<div class=\"cell value\">hlin\u00edkov\u00e1 deska vodn\u00edho chlazen\u00ed<\/div>\n<\/div>\n<div class=\"row\">\n<div class=\"cell label\">Materi\u00e1l<\/div>\n<div class=\"cell value\">Slitina hlin\u00edku<\/div>\n<\/div>\n<div class=\"row\">\n<div class=\"cell label\">Rozm\u011bry (D*\u0160*V)<\/div>\n<div class=\"cell value\">A\u017e 1,2*1m D*\u0160<\/div>\n<\/div>\n<div class=\"row\">\n<div class=\"cell label\">Drsnost povrchu<\/div>\n<div class=\"cell value\">3.2 um<\/div>\n<\/div>\n<div class=\"row\">\n<div class=\"cell label\">Rovinnost povrchu<\/div>\n<div class=\"cell value\">0,1 mm<\/div>\n<\/div>\n<div class=\"row\">\n<div class=\"cell label\">Pracovn\u00ed tlak<\/div>\n<div class=\"cell value\">Nejm\u00e9n\u011b 1 bar<\/div>\n<\/div>\n<div class=\"row\">\n<div class=\"cell label\">Hlavn\u00ed technika<\/div>\n<div class=\"cell value\">CNC obr\u00e1b\u011bn\u00ed<\/div>\n<\/div>\n<div class=\"row\">\n<div class=\"cell label\">Technika lepen\u00ed<\/div>\n<div class=\"cell value\">Vakuov\u00e9 p\u00e1jen\u00ed<\/div>\n<\/div>\n<div class=\"row\">\n<div class=\"cell label\">Chladic\u00ed kapalina<\/div>\n<div class=\"cell value\">Deionizovan\u00e1 voda, inhibovan\u00fd glykol a voda, dielektrick\u00e1 kapalina<\/div>\n<\/div>\n<div class=\"row\">\n<div class=\"cell label\">Povrchov\u00e1 \u00faprava<\/div>\n<div class=\"cell value\">Povrchov\u00e1 \u00faprava fr\u00e9zov\u00e1n\u00edm nebo eloxov\u00e1n\u00edm<\/div>\n<\/div>\n<div class=\"row\">\n<div class=\"cell label\">Prodejn\u00ed jednotky<\/div>\n<div class=\"cell value\">Jednotliv\u00e1 polo\u017eka<\/div>\n<\/div>\n<div class=\"row\">\n<div class=\"cell label\">Velikost jednoho balen\u00ed<\/div>\n<div class=\"cell value\">21X14X11 cm<\/div>\n<\/div>\n<div class=\"row\">\n<div class=\"cell label\">Jednotliv\u00e1 hrub\u00e1 hmotnost<\/div>\n<div class=\"cell value\">5.000 KG<\/div>\n<\/div>\n<\/div>\n<p><\/p>\n<h2>Na\u0161e v\u00fdrobn\u00ed z\u00e1kladna<\/h2>\n<h3>Panorama tov\u00e1rny<\/h3>\n<p><img decoding=\"async\" src=\"\/wp-content\/uploads\/factory-01.webp\"\/><\/p>\n<h3>D\u00edlna na v\u00fdrobu hlin\u00edkov\u00fdch ty\u010d\u00ed<\/h3>\n<p><img decoding=\"async\" src=\"\/wp-content\/uploads\/factory-02.webp\"\/><\/p>\n<p><img decoding=\"async\" src=\"\/wp-content\/uploads\/factory-03.webp\"\/><\/p>\n<h3>Sklad pl\u00edsn\u00ed<\/h3>\n<p><img decoding=\"async\" src=\"\/wp-content\/uploads\/factory-04.webp\"\/><\/p>\n<h3>43 linek na vytla\u010dov\u00e1n\u00ed hlin\u00edku (500-5500 tun)<\/h3>\n<p><img decoding=\"async\" src=\"\/wp-content\/uploads\/factory-05.webp\"\/><\/p>\n<p><img decoding=\"async\" src=\"\/wp-content\/uploads\/factory-06.webp\"\/><\/p>\n<p><img decoding=\"async\" src=\"\/wp-content\/uploads\/factory-07.webp\"\/><\/p>\n<h3>D\u00edlna pr\u00e1\u0161kov\u00e9ho lakov\u00e1n\u00ed<\/h3>\n<p><img decoding=\"async\" src=\"\/wp-content\/uploads\/factory-09.webp\"\/><\/p>\n<h3>D\u00edlna eloxov\u00e1n\u00ed<\/h3>\n<p><img decoding=\"async\" src=\"\/wp-content\/uploads\/factory-10.webp\"\/><\/p>\n<h3>Workshop o hloubkov\u00e9m zpracov\u00e1n\u00ed<\/h3>\n<p><img decoding=\"async\" src=\"\/wp-content\/uploads\/factory-11.webp\"\/><\/p>\n<h3>D\u00edlna CNC p\u0159esn\u00e9ho obr\u00e1b\u011bn\u00ed<\/h3>\n<p><img decoding=\"async\" src=\"\/wp-content\/uploads\/factory-11.5.webp\"\/><\/p>\n<h3>Sklad hotov\u00fdch v\u00fdrobk\u016f a exportn\u00ed sklad<\/h3>\n<p><img decoding=\"async\" src=\"\/wp-content\/uploads\/factory-12.webp\"\/><\/p>\n<p><img decoding=\"async\" src=\"\/wp-content\/uploads\/factory-13.webp\"\/><\/p>\n<p><img decoding=\"async\" src=\"\/wp-content\/uploads\/factory-14.webp\"\/><\/p>\n<h2>\u010cASTO KLADEN\u00c9 DOTAZY<\/h2>\n<p><strong>1. Jak\u00e9 materi\u00e1ly jsou pou\u017eity p\u0159i konstrukci chladi\u010de s vodn\u00ed chladic\u00ed deskou?<\/strong><br \/>Deskov\u00fd chladi\u010d vodn\u00edho chlazen\u00ed je obvykle vyroben z vysoce kvalitn\u00edho hlin\u00edku nebo m\u011bdi pro optim\u00e1ln\u00ed tepelnou vodivost.<\/p>\n<p><strong>2. Lze deskov\u00fd chladi\u010d vodn\u00edho chlazen\u00ed p\u0159izp\u016fsobit pro r\u016fzn\u00e9 aplikace?<\/strong><br \/>Ano, nab\u00edz\u00edme mo\u017enosti p\u0159izp\u016fsoben\u00ed v\u010detn\u011b velikosti, um\u00edst\u011bn\u00ed port\u016f a mont\u00e1\u017en\u00edch \u0159e\u0161en\u00ed pro r\u016fzn\u00e9 aplikace.<\/p>\n<p><strong>3. Je chladi\u010d s vodn\u00ed chladic\u00ed deskou kompatibiln\u00ed se v\u0161emi typy chladic\u00edch kapalin?<\/strong><br \/>N\u00e1\u0161 chladi\u010d je kompatibiln\u00ed s v\u011bt\u0161inou pr\u016fmyslov\u00fdch chladic\u00edch kapalin; m\u016f\u017eeme v\u00e1m v\u0161ak poskytnout konkr\u00e9tn\u00ed doporu\u010den\u00ed na z\u00e1klad\u011b po\u017eadavk\u016f va\u0161eho syst\u00e9mu.<\/p>\n<p><strong>4. Jak chladi\u010d s vodn\u00ed chladic\u00ed deskou zlep\u0161uje v\u00fdkon za\u0159\u00edzen\u00ed?<\/strong><br \/>\u00da\u010dinn\u00fdm odv\u00e1d\u011bn\u00edm tepla pom\u00e1h\u00e1 udr\u017eovat optim\u00e1ln\u00ed teplotu za\u0159\u00edzen\u00ed, a t\u00edm zvy\u0161uje jeho v\u00fdkon a spolehlivost.<\/p>\n<p><strong>5. Jak\u00e1 je dodac\u00ed lh\u016fta pro hromadn\u00e9 objedn\u00e1vky chladi\u010de s vodn\u00ed chladic\u00ed deskou?<\/strong><br \/>Doba realizace se li\u0161\u00ed v z\u00e1vislosti na velikosti objedn\u00e1vky a po\u017eadavc\u00edch na p\u0159izp\u016fsoben\u00ed, ale standardn\u00ed objedn\u00e1vky se obvykle odes\u00edlaj\u00ed do 4-6 t\u00fddn\u016f.<\/p>\n<p><strong>6. Poskytujete konstruk\u010dn\u00ed podporu pro integraci deskov\u00e9ho chladi\u010de vodn\u00edho chlazen\u00ed do na\u0161eho syst\u00e9mu?<\/strong><br \/>Ano, n\u00e1\u0161 technick\u00fd t\u00fdm v\u00e1m pom\u016f\u017ee s n\u00e1vrhem a integrac\u00ed, aby zajistil optim\u00e1ln\u00ed v\u00fdkon ve va\u0161\u00ed konkr\u00e9tn\u00ed aplikaci.<\/p>\n<p><strong>7. Podporuje chladi\u010d s vodn\u00ed chladic\u00ed deskou vysokotlak\u00e9 syst\u00e9my?<\/strong><br \/>Ano, je navr\u017een tak, aby efektivn\u011b fungoval v prost\u0159ed\u00ed s vysok\u00fdm tlakem a zaji\u0161\u0165oval konzistentn\u00ed tepeln\u00e9 \u0159\u00edzen\u00ed.<\/p>\n<p><\/p>","protected":false},"featured_media":10768,"template":"","categories":[72],"class_list":["post-11016","product","type-product","status-publish","has-post-thumbnail","hentry","category-extruded-aluminum-heatsink"],"meta_box":{"hilight_text_group":[{"product_hilight_text":"<li>Efficient heat dissipation for high-performance electronics<\/li>\n<li>Customizable dimensions and port configurations for various applications<\/li>\n<li>Durable construction for long-lasting performance in demanding environments<\/li>\n<li>Compatible with a wide range of cooling fluids<\/li>\n<li>Supports both OEM and ODM projects with flexible order quantities<\/li>"}],"feature_list":[]},"_links":{"self":[{"href":"https:\/\/sinoextrud.com\/cs\/wp-json\/wp\/v2\/product\/11016","targetHints":{"allow":["GET"]}}],"collection":[{"href":"https:\/\/sinoextrud.com\/cs\/wp-json\/wp\/v2\/product"}],"about":[{"href":"https:\/\/sinoextrud.com\/cs\/wp-json\/wp\/v2\/types\/product"}],"wp:featuredmedia":[{"embeddable":true,"href":"https:\/\/sinoextrud.com\/cs\/wp-json\/wp\/v2\/media\/10768"}],"wp:attachment":[{"href":"https:\/\/sinoextrud.com\/cs\/wp-json\/wp\/v2\/media?parent=11016"}],"wp:term":[{"taxonomy":"category","embeddable":true,"href":"https:\/\/sinoextrud.com\/cs\/wp-json\/wp\/v2\/categories?post=11016"}],"curies":[{"name":"wp","href":"https:\/\/api.w.org\/{rel}","templated":true}]}}