{"id":11012,"date":"2025-08-01T03:39:02","date_gmt":"2025-08-01T03:39:02","guid":{"rendered":"https:\/\/sinoextrud.com\/product\/vapor-chamber-phase-change-heat-sink-for-cooling\/"},"modified":"2025-08-01T03:39:02","modified_gmt":"2025-08-01T03:39:02","slug":"chladic-s-fazovou-zmenou-v-parni-komore-pro-chlazeni","status":"publish","type":"product","link":"https:\/\/sinoextrud.com\/cs\/product\/vapor-chamber-phase-change-heat-sink-for-cooling\/","title":{"rendered":"Chladi\u010d s f\u00e1zovou zm\u011bnou v parn\u00ed komo\u0159e pro chlazen\u00ed"},"content":{"rendered":"<h2>Podrobnosti o produktech<\/h2>\n<div class=\"product-table\">\n<div class=\"row\">\n<div class=\"cell label\">T\u0159\u00edda<\/div>\n<div class=\"cell value\">\u0158ada 6000<\/div>\n<\/div>\n<div class=\"row\">\n<div class=\"cell label\">Tolerance<\/div>\n<div class=\"cell value\">\u00c2\u00b11%<\/div>\n<\/div>\n<div class=\"row\">\n<div class=\"cell label\">Doba dod\u00e1n\u00ed<\/div>\n<div class=\"cell value\">22-30 dn\u00ed<\/div>\n<\/div>\n<div class=\"row\">\n<div class=\"cell label\">Temperament<\/div>\n<div class=\"cell value\">T3-T8<\/div>\n<\/div>\n<div class=\"row\">\n<div class=\"cell label\">Aplikace<\/div>\n<div class=\"cell value\">led\/elektronika\/cpu\/pr\u016fmysl<\/div>\n<\/div>\n<div class=\"row\">\n<div class=\"cell label\">Tvar<\/div>\n<div class=\"cell value\">vlastn\u00ed<\/div>\n<\/div>\n<div class=\"row\">\n<div class=\"cell label\">Slitina nebo ne<\/div>\n<div class=\"cell value\">Je slitina<\/div>\n<\/div>\n<div class=\"row\">\n<div class=\"cell label\">Slu\u017eba zpracov\u00e1n\u00ed<\/div>\n<div class=\"cell value\">Oh\u00fdb\u00e1n\u00ed, odv\u00edjen\u00ed, sva\u0159ov\u00e1n\u00ed, d\u011brov\u00e1n\u00ed, \u0159ez\u00e1n\u00ed<\/div>\n<\/div>\n<div class=\"row\">\n<div class=\"cell label\">N\u00e1zev produktu<\/div>\n<div class=\"cell value\">Vlastn\u00ed hlin\u00edkov\u00fd chladi\u010d<\/div>\n<\/div>\n<div class=\"row\">\n<div class=\"cell label\">Materi\u00e1l<\/div>\n<div class=\"cell value\">6063 6061 6005 Hlin\u00edkov\u00e1 slitina<\/div>\n<\/div>\n<div class=\"row\">\n<div class=\"cell label\">Barva<\/div>\n<div class=\"cell value\">St\u0159\u00edbrn\u00e1, \u010dern\u00e1, zlato\u010dern\u00e1 atd.<\/div>\n<\/div>\n<div class=\"row\">\n<div class=\"cell label\">Povrchov\u00e1 \u00faprava<\/div>\n<div class=\"cell value\">Ml\u00fdnsk\u00e1 \u00faprava, eloxov\u00e1n\u00ed, pr\u00e1\u0161kov\u00e9 lakov\u00e1n\u00ed<\/div>\n<\/div>\n<div class=\"row\">\n<div class=\"cell label\">Funkce<\/div>\n<div class=\"cell value\">Vysok\u00e1 odolnost proti korozi<\/div>\n<\/div>\n<div class=\"row\">\n<div class=\"cell label\">tvar<\/div>\n<div class=\"cell value\">P\u0159izp\u016fsoben\u00e9<\/div>\n<\/div>\n<div class=\"row\">\n<div class=\"cell label\">Pou\u017eit\u00ed<\/div>\n<div class=\"cell value\">Led\/elektronika\/cpu\/pr\u016fmysl<\/div>\n<\/div>\n<div class=\"row\">\n<div class=\"cell label\">Uk\u00e1zka<\/div>\n<div class=\"cell value\">Vzorek zdarma<\/div>\n<\/div>\n<div class=\"row\">\n<div class=\"cell label\">D\u00e9lka<\/div>\n<div class=\"cell value\">Vlastn\u00ed d\u00e9lka<\/div>\n<\/div>\n<div class=\"row\">\n<div class=\"cell label\">Slu\u017eba<\/div>\n<div class=\"cell value\">OEM ODM<\/div>\n<\/div>\n<div class=\"row\">\n<div class=\"cell label\">Prodejn\u00ed jednotky<\/div>\n<div class=\"cell value\">Jednotliv\u00e1 polo\u017eka<\/div>\n<\/div>\n<div class=\"row\">\n<div class=\"cell label\">Velikost jednoho balen\u00ed<\/div>\n<div class=\"cell value\">30X20X20 cm<\/div>\n<\/div>\n<div class=\"row\">\n<div class=\"cell label\">Jednotliv\u00e1 hrub\u00e1 hmotnost<\/div>\n<div class=\"cell value\">3.000 KG<\/div>\n<\/div>\n<\/div>\n<p><\/p>\n<h2>Na\u0161e v\u00fdrobn\u00ed z\u00e1kladna<\/h2>\n<h3>Panorama tov\u00e1rny<\/h3>\n<p><img decoding=\"async\" src=\"\/wp-content\/uploads\/factory-01.webp\"\/><\/p>\n<h3>D\u00edlna na v\u00fdrobu hlin\u00edkov\u00fdch ty\u010d\u00ed<\/h3>\n<p><img decoding=\"async\" src=\"\/wp-content\/uploads\/factory-02.webp\"\/><\/p>\n<p><img decoding=\"async\" src=\"\/wp-content\/uploads\/factory-03.webp\"\/><\/p>\n<h3>Sklad pl\u00edsn\u00ed<\/h3>\n<p><img decoding=\"async\" src=\"\/wp-content\/uploads\/factory-04.webp\"\/><\/p>\n<h3>43 linek na vytla\u010dov\u00e1n\u00ed hlin\u00edku (500-5500 tun)<\/h3>\n<p><img decoding=\"async\" src=\"\/wp-content\/uploads\/factory-05.webp\"\/><\/p>\n<p><img decoding=\"async\" src=\"\/wp-content\/uploads\/factory-06.webp\"\/><\/p>\n<p><img decoding=\"async\" src=\"\/wp-content\/uploads\/factory-07.webp\"\/><\/p>\n<h3>D\u00edlna pr\u00e1\u0161kov\u00e9ho lakov\u00e1n\u00ed<\/h3>\n<p><img decoding=\"async\" src=\"\/wp-content\/uploads\/factory-09.webp\"\/><\/p>\n<h3>D\u00edlna eloxov\u00e1n\u00ed<\/h3>\n<p><img decoding=\"async\" src=\"\/wp-content\/uploads\/factory-10.webp\"\/><\/p>\n<h3>Workshop o hloubkov\u00e9m zpracov\u00e1n\u00ed<\/h3>\n<p><img decoding=\"async\" src=\"\/wp-content\/uploads\/factory-11.webp\"\/><\/p>\n<h3>D\u00edlna CNC p\u0159esn\u00e9ho obr\u00e1b\u011bn\u00ed<\/h3>\n<p><img decoding=\"async\" src=\"\/wp-content\/uploads\/factory-11.5.webp\"\/><\/p>\n<h3>Sklad hotov\u00fdch v\u00fdrobk\u016f a exportn\u00ed sklad<\/h3>\n<p><img decoding=\"async\" src=\"\/wp-content\/uploads\/factory-12.webp\"\/><\/p>\n<p><img decoding=\"async\" src=\"\/wp-content\/uploads\/factory-13.webp\"\/><\/p>\n<p><img decoding=\"async\" src=\"\/wp-content\/uploads\/factory-14.webp\"\/><\/p>\n<h2>\u010cASTO KLADEN\u00c9 DOTAZY<\/h2>\n<p><strong>1. Jak\u00e1 je hlavn\u00ed funkce chladi\u010de s f\u00e1zovou zm\u011bnou v parn\u00ed komo\u0159e?<\/strong><br \/>Je navr\u017een tak, aby efektivn\u011b \u0159\u00eddil teplo ve vysoce v\u00fdkonn\u00fdch elektronick\u00fdch za\u0159\u00edzen\u00edch.<\/p>\n<p><strong>2. Lze velikost tohoto chladi\u010de p\u0159izp\u016fsobit?<\/strong><br \/>Ano, lze jej p\u0159izp\u016fsobit konkr\u00e9tn\u00edm po\u017eadavk\u016fm za\u0159\u00edzen\u00ed.<\/p>\n<p><strong>3. Je tento chladi\u010d vhodn\u00fd pro pou\u017eit\u00ed v datov\u00fdch centrech?<\/strong><br \/>Ano, je ide\u00e1ln\u00ed pro v\u00fdpo\u010detn\u00ed prost\u0159ed\u00ed s vysokou hustotou, jako jsou datov\u00e1 centra.<\/p>\n<p><strong>4. Umo\u017e\u0148uje chladi\u010d r\u016fznou orientaci p\u0159i instalaci?<\/strong><br \/>Ano, lze jej instalovat vertik\u00e1ln\u011b i horizont\u00e1ln\u011b.<\/p>\n<p><strong>5. Z jak\u00e9ho materi\u00e1lu je vyroben chladi\u010d?<\/strong><br \/>Je vyroben z vysoce kvalitn\u00edch materi\u00e1l\u016f, kter\u00e9 zaru\u010duj\u00ed dlouhou \u017eivotnost a tepelnou \u00fa\u010dinnost.<\/p>\n<p><strong>6. Existuj\u00ed n\u011bjak\u00e9 pr\u016fmyslov\u00e9 normy, kter\u00e9 v\u00fdrobek spl\u0148uje?<\/strong><br \/>Ano, spl\u0148uje p\u0159\u00edslu\u0161n\u00e9 normy pro tepeln\u00fd management elektroniky.<\/p>\n<p><strong>7. Nab\u00edz\u00edte technickou podporu pro integraci se za\u0159\u00edzen\u00edmi?<\/strong><br \/>Ano, poskytujeme technickou podporu pro usnadn\u011bn\u00ed integrace do r\u016fzn\u00fdch syst\u00e9m\u016f.<\/p>\n<p><\/p>","protected":false},"featured_media":10773,"template":"","categories":[72],"class_list":["post-11012","product","type-product","status-publish","has-post-thumbnail","hentry","category-extruded-aluminum-heatsink"],"meta_box":{"hilight_text_group":[{"product_hilight_text":"<li>Efficient thermal management for high-performance electronics<\/li>\n<li>Customizable dimensions to fit various device specifications<\/li>\n<li>Ideal for use in data centers and high-density computing environments<\/li>\n<li>Robust construction for prolonged operational stability<\/li>\n<li>Support for both vertical and horizontal installation orientations<\/li>"}],"feature_list":[]},"_links":{"self":[{"href":"https:\/\/sinoextrud.com\/cs\/wp-json\/wp\/v2\/product\/11012","targetHints":{"allow":["GET"]}}],"collection":[{"href":"https:\/\/sinoextrud.com\/cs\/wp-json\/wp\/v2\/product"}],"about":[{"href":"https:\/\/sinoextrud.com\/cs\/wp-json\/wp\/v2\/types\/product"}],"wp:featuredmedia":[{"embeddable":true,"href":"https:\/\/sinoextrud.com\/cs\/wp-json\/wp\/v2\/media\/10773"}],"wp:attachment":[{"href":"https:\/\/sinoextrud.com\/cs\/wp-json\/wp\/v2\/media?parent=11012"}],"wp:term":[{"taxonomy":"category","embeddable":true,"href":"https:\/\/sinoextrud.com\/cs\/wp-json\/wp\/v2\/categories?post=11012"}],"curies":[{"name":"wp","href":"https:\/\/api.w.org\/{rel}","templated":true}]}}