{"id":11009,"date":"2025-08-01T03:38:56","date_gmt":"2025-08-01T03:38:56","guid":{"rendered":"https:\/\/sinoextrud.com\/product\/led-housing-for-outdoor-and-indoor-fixtures\/"},"modified":"2025-08-01T03:38:56","modified_gmt":"2025-08-01T03:38:56","slug":"led-pouzdra-pro-venkovni-a-vnitrni-svitidla","status":"publish","type":"product","link":"https:\/\/sinoextrud.com\/cs\/product\/led-housing-for-outdoor-and-indoor-fixtures\/","title":{"rendered":"Pouzdra LED pro venkovn\u00ed a vnit\u0159n\u00ed sv\u00edtidla"},"content":{"rendered":"<h2>Podrobnosti o produktech<\/h2>\n<div class=\"product-table\">\n<div class=\"row\">\n<div class=\"cell label\">N\u00e1zev produktu<\/div>\n<div class=\"cell value\">Hlin\u00edkov\u00e9 slitiny odl\u00e9v\u00e1n\u00ed d\u00edl\u016f pro LED lampy sv\u011btla pouzdro<\/div>\n<\/div>\n<div class=\"row\">\n<div class=\"cell label\">Materi\u00e1l<\/div>\n<div class=\"cell value\">hlin\u00edk ZL101, A356, A360 AC2C nebo podle po\u017eadavk\u016f z\u00e1kazn\u00edka<\/div>\n<\/div>\n<div class=\"row\">\n<div class=\"cell label\">Proces<\/div>\n<div class=\"cell value\">Odl\u00e9v\u00e1n\u00ed + obr\u00e1b\u011bn\u00ed (v p\u0159\u00edpad\u011b pot\u0159eby) + povrchov\u00e1 \u00faprava<\/div>\n<\/div>\n<div class=\"row\">\n<div class=\"cell label\">Povrchov\u00e1 \u00faprava<\/div>\n<div class=\"cell value\">P\u00edskov\u00e1n\u00ed, lakov\u00e1n\u00ed, le\u0161t\u011bn\u00ed nebo podle po\u017eadavk\u016f z\u00e1kazn\u00edka<\/div>\n<\/div>\n<div class=\"row\">\n<div class=\"cell label\">Form\u00e1t v\u00fdkresu<\/div>\n<div class=\"cell value\">pdf, stp, krok, stl atd.<\/div>\n<\/div>\n<div class=\"row\">\n<div class=\"cell label\">Certifik\u00e1t<\/div>\n<div class=\"cell value\">ISO nebo podle pot\u0159eb z\u00e1kazn\u00edka<\/div>\n<\/div>\n<div class=\"row\">\n<div class=\"cell label\">Hmotnost<\/div>\n<div class=\"cell value\">0,05 kg ~ 20 kg pro odl\u00e9v\u00e1n\u00ed hlin\u00edkov\u00e9ho sv\u011bteln\u00e9ho pouzdra<\/div>\n<\/div>\n<div class=\"row\">\n<div class=\"cell label\">Bal\u00ed\u010dek<\/div>\n<div class=\"cell value\">Velk\u00fd plastov\u00fd s\u00e1\u010dek uvnit\u0159, v\u00edcevrstv\u00e1 d\u0159ev\u011bn\u00e1 krabice venku<\/div>\n<\/div>\n<div class=\"row\">\n<div class=\"cell label\">Doba dod\u00e1n\u00ed<\/div>\n<div class=\"cell value\">Pro vzorek asi 45 dn\u00ed<\/div>\n<\/div>\n<div class=\"row\">\n<div class=\"cell label\">Slu\u017eby<\/div>\n<div class=\"cell value\">Kovov\u00e9 d\u00edly na zak\u00e1zku podle va\u0161ich v\u00fdkres\u016f nebo vzork\u016f<\/div>\n<\/div>\n<div class=\"row\">\n<div class=\"cell label\">Prodejn\u00ed jednotky<\/div>\n<div class=\"cell value\">Jednotliv\u00e1 polo\u017eka<\/div>\n<\/div>\n<div class=\"row\">\n<div class=\"cell label\">Velikost jednoho balen\u00ed<\/div>\n<div class=\"cell value\">20X40X20 cm<\/div>\n<\/div>\n<div class=\"row\">\n<div class=\"cell label\">Jednotliv\u00e1 hrub\u00e1 hmotnost<\/div>\n<div class=\"cell value\">5.000 KG<\/div>\n<\/div>\n<\/div>\n<p><\/p>\n<h2>Na\u0161e v\u00fdrobn\u00ed z\u00e1kladna<\/h2>\n<h3>Panorama tov\u00e1rny<\/h3>\n<p><img decoding=\"async\" src=\"\/wp-content\/uploads\/factory-01.webp\"\/><\/p>\n<h3>D\u00edlna na v\u00fdrobu hlin\u00edkov\u00fdch ty\u010d\u00ed<\/h3>\n<p><img decoding=\"async\" src=\"\/wp-content\/uploads\/factory-02.webp\"\/><\/p>\n<p><img decoding=\"async\" src=\"\/wp-content\/uploads\/factory-03.webp\"\/><\/p>\n<h3>Sklad pl\u00edsn\u00ed<\/h3>\n<p><img decoding=\"async\" src=\"\/wp-content\/uploads\/factory-04.webp\"\/><\/p>\n<h3>43 linek na vytla\u010dov\u00e1n\u00ed hlin\u00edku (500-5500 tun)<\/h3>\n<p><img decoding=\"async\" src=\"\/wp-content\/uploads\/factory-05.webp\"\/><\/p>\n<p><img decoding=\"async\" src=\"\/wp-content\/uploads\/factory-06.webp\"\/><\/p>\n<p><img decoding=\"async\" src=\"\/wp-content\/uploads\/factory-07.webp\"\/><\/p>\n<h3>D\u00edlna pr\u00e1\u0161kov\u00e9ho lakov\u00e1n\u00ed<\/h3>\n<p><img decoding=\"async\" src=\"\/wp-content\/uploads\/factory-09.webp\"\/><\/p>\n<h3>D\u00edlna eloxov\u00e1n\u00ed<\/h3>\n<p><img decoding=\"async\" src=\"\/wp-content\/uploads\/factory-10.webp\"\/><\/p>\n<h3>Workshop o hloubkov\u00e9m zpracov\u00e1n\u00ed<\/h3>\n<p><img decoding=\"async\" src=\"\/wp-content\/uploads\/factory-11.webp\"\/><\/p>\n<h3>D\u00edlna CNC p\u0159esn\u00e9ho obr\u00e1b\u011bn\u00ed<\/h3>\n<p><img decoding=\"async\" src=\"\/wp-content\/uploads\/factory-11.5.webp\"\/><\/p>\n<h3>Sklad hotov\u00fdch v\u00fdrobk\u016f a exportn\u00ed sklad<\/h3>\n<p><img decoding=\"async\" src=\"\/wp-content\/uploads\/factory-12.webp\"\/><\/p>\n<p><img decoding=\"async\" src=\"\/wp-content\/uploads\/factory-13.webp\"\/><\/p>\n<p><img decoding=\"async\" src=\"\/wp-content\/uploads\/factory-14.webp\"\/><\/p>\n<h2>\u010cASTO KLADEN\u00c9 DOTAZY<\/h2>\n<p><strong>1. Jak\u00e9 materi\u00e1ly se pou\u017e\u00edvaj\u00ed v pouzdrech LED?<\/strong><br \/>Pouzdro LED je vyrobeno z vysoce kvalitn\u00edho hlin\u00edku nebo plastu, co\u017e zaji\u0161\u0165uje odolnost a tepelnou spr\u00e1vu.<\/p>\n<p><strong>2. Lze pouzdro LED p\u0159izp\u016fsobit r\u016fzn\u00fdm typ\u016fm LED?<\/strong><br \/>Ano, na\u0161e pouzdra LED lze p\u0159izp\u016fsobit r\u016fzn\u00fdm konfigurac\u00edm a velikostem LED.<\/p>\n<p><strong>3. Je pouzdro LED odoln\u00e9 v\u016f\u010di pov\u011btrnostn\u00edm vliv\u016fm?<\/strong><br \/>Ano, na\u0161e pouzdro LED je navr\u017eeno tak, aby bylo odoln\u00e9 proti pov\u011btrnostn\u00edm vliv\u016fm a vhodn\u00e9 pro venkovn\u00ed instalace.<\/p>\n<p><strong>4. Podporuje LED pouzdro \u00fa\u010dinn\u00fd odvod tepla?<\/strong><br \/>Konstrukce zahrnuje funkce pro optim\u00e1ln\u00ed \u0159\u00edzen\u00ed tepla, kter\u00e9 zvy\u0161uj\u00ed \u017eivotnost LED diod.<\/p>\n<p><strong>5. Jsou k dispozici barevn\u00e9 varianty pro LED pouzdra?<\/strong><br \/>Ano, pouzdra LED lze p\u0159izp\u016fsobit r\u016fzn\u00fdm barv\u00e1m, aby odpov\u00eddala va\u0161im estetick\u00fdm po\u017eadavk\u016fm.<\/p>\n<p><strong>6. Jak\u00e1 je dodac\u00ed lh\u016fta pro zak\u00e1zky na LED pouzdra na m\u00edru?<\/strong><br \/>Dodac\u00ed lh\u016fty se li\u0161\u00ed v z\u00e1vislosti na objemu objedn\u00e1vky a \u00farovni p\u0159izp\u016fsoben\u00ed, ale obvykle se pohybuj\u00ed od 2 do 4 t\u00fddn\u016f.<\/p>\n<p><strong>7. Je k dispozici hromadn\u00fd n\u00e1kup pro pouzdra LED?<\/strong><br \/>Ano, nab\u00edz\u00edme mo\u017enost hromadn\u00e9ho n\u00e1kupu za konkurenceschopn\u00e9 ceny pro velk\u00e9 mno\u017estv\u00ed objedn\u00e1vek.<\/p>\n<p><\/p>","protected":false},"featured_media":10757,"template":"","categories":[55],"class_list":["post-11009","product","type-product","status-publish","has-post-thumbnail","hentry","category-extruded-aluminum-profiles"],"meta_box":{"hilight_text_group":[{"product_hilight_text":"<li>High-quality design suitable for various LED lighting applications<\/li>\n<li>Durable materials ensure protection and longevity<\/li>\n<li>Customizable in size and finish to fit client needs<\/li>\n<li>Compatible with a wide range of LED models<\/li>\n<li>Efficient heat dissipation design for optimal LED performance<\/li>"}],"feature_list":[]},"_links":{"self":[{"href":"https:\/\/sinoextrud.com\/cs\/wp-json\/wp\/v2\/product\/11009","targetHints":{"allow":["GET"]}}],"collection":[{"href":"https:\/\/sinoextrud.com\/cs\/wp-json\/wp\/v2\/product"}],"about":[{"href":"https:\/\/sinoextrud.com\/cs\/wp-json\/wp\/v2\/types\/product"}],"wp:featuredmedia":[{"embeddable":true,"href":"https:\/\/sinoextrud.com\/cs\/wp-json\/wp\/v2\/media\/10757"}],"wp:attachment":[{"href":"https:\/\/sinoextrud.com\/cs\/wp-json\/wp\/v2\/media?parent=11009"}],"wp:term":[{"taxonomy":"category","embeddable":true,"href":"https:\/\/sinoextrud.com\/cs\/wp-json\/wp\/v2\/categories?post=11009"}],"curies":[{"name":"wp","href":"https:\/\/api.w.org\/{rel}","templated":true}]}}