{"id":11006,"date":"2025-08-01T03:38:50","date_gmt":"2025-08-01T03:38:50","guid":{"rendered":"https:\/\/sinoextrud.com\/product\/large-led-extruded-heat-sinks-for-lighting\/"},"modified":"2025-08-01T03:38:50","modified_gmt":"2025-08-01T03:38:50","slug":"velke-led-extrudovane-chladice-pro-osvetleni","status":"publish","type":"product","link":"https:\/\/sinoextrud.com\/cs\/product\/large-led-extruded-heat-sinks-for-lighting\/","title":{"rendered":"Velk\u00e9 vytla\u010dovan\u00e9 chladi\u010de LED pro osv\u011btlen\u00ed"},"content":{"rendered":"<h2>Podrobnosti o produktech<\/h2>\n<div class=\"product-table\">\n<div class=\"row\">\n<div class=\"cell label\">T\u0159\u00edda<\/div>\n<div class=\"cell value\">\u0158ada 1000<\/div>\n<\/div>\n<div class=\"row\">\n<div class=\"cell label\">Tolerance<\/div>\n<div class=\"cell value\">\u00c2\u00b11%<\/div>\n<\/div>\n<div class=\"row\">\n<div class=\"cell label\">Doba dod\u00e1n\u00ed<\/div>\n<div class=\"cell value\">15-21 dn\u00ed<\/div>\n<\/div>\n<div class=\"row\">\n<div class=\"cell label\">Temperament<\/div>\n<div class=\"cell value\">T3-T8<\/div>\n<\/div>\n<div class=\"row\">\n<div class=\"cell label\">Aplikace<\/div>\n<div class=\"cell value\">Chladi\u010d<\/div>\n<\/div>\n<div class=\"row\">\n<div class=\"cell label\">Tvar<\/div>\n<div class=\"cell value\">\u010ctverec<\/div>\n<\/div>\n<div class=\"row\">\n<div class=\"cell label\">Slitina nebo ne<\/div>\n<div class=\"cell value\">Je slitina<\/div>\n<\/div>\n<div class=\"row\">\n<div class=\"cell label\">Slu\u017eba zpracov\u00e1n\u00ed<\/div>\n<div class=\"cell value\">Oh\u00fdb\u00e1n\u00ed, odv\u00edjen\u00ed, sva\u0159ov\u00e1n\u00ed, d\u011brov\u00e1n\u00ed, \u0159ez\u00e1n\u00ed, \u0159ez\u00e1n\u00ed ploutv\u00ed, v\u00e1lcov\u00e1n\u00ed ploutv\u00ed<\/div>\n<\/div>\n<div class=\"row\">\n<div class=\"cell label\">N\u00e1zev produktu<\/div>\n<div class=\"cell value\">Extrudovan\u00fd chladi\u010d<\/div>\n<\/div>\n<div class=\"row\">\n<div class=\"cell label\">Proces<\/div>\n<div class=\"cell value\">Extrudovan\u00e9 + CNC obr\u00e1b\u011bn\u00ed<\/div>\n<\/div>\n<div class=\"row\">\n<div class=\"cell label\">Pou\u017eit\u00ed<\/div>\n<div class=\"cell value\">Mont\u00e1\u017e<\/div>\n<\/div>\n<div class=\"row\">\n<div class=\"cell label\">Barva<\/div>\n<div class=\"cell value\">Silver<\/div>\n<\/div>\n<div class=\"row\">\n<div class=\"cell label\">Povrchov\u00e1 \u00faprava<\/div>\n<div class=\"cell value\">Eloxov\u00e1n\u00ed<\/div>\n<\/div>\n<div class=\"row\">\n<div class=\"cell label\">MOQ<\/div>\n<div class=\"cell value\">2ks<\/div>\n<\/div>\n<div class=\"row\">\n<div class=\"cell label\">Materi\u00e1l<\/div>\n<div class=\"cell value\">Slitina\/m\u011b\u010f<\/div>\n<\/div>\n<div class=\"row\">\n<div class=\"cell label\">Bal\u00ed\u010dek<\/div>\n<div class=\"cell value\">P\u011bna + karton<\/div>\n<\/div>\n<div class=\"row\">\n<div class=\"cell label\">Rozm\u011br<\/div>\n<div class=\"cell value\">P\u0159izp\u016fsoben\u00e9<\/div>\n<\/div>\n<div class=\"row\">\n<div class=\"cell label\">Tolerance<\/div>\n<div class=\"cell value\">0,01-0,05 mm<\/div>\n<\/div>\n<div class=\"row\">\n<div class=\"cell label\">Prodejn\u00ed jednotky<\/div>\n<div class=\"cell value\">Jednotliv\u00e1 polo\u017eka<\/div>\n<\/div>\n<div class=\"row\">\n<div class=\"cell label\">Velikost jednoho balen\u00ed<\/div>\n<div class=\"cell value\">35X30X25 cm<\/div>\n<\/div>\n<div class=\"row\">\n<div class=\"cell label\">Jednotliv\u00e1 hrub\u00e1 hmotnost<\/div>\n<div class=\"cell value\">2.000 KG<\/div>\n<\/div>\n<\/div>\n<p><\/p>\n<h2>Na\u0161e v\u00fdrobn\u00ed z\u00e1kladna<\/h2>\n<h3>Panorama tov\u00e1rny<\/h3>\n<p><img decoding=\"async\" src=\"\/wp-content\/uploads\/factory-01.webp\"\/><\/p>\n<h3>D\u00edlna na v\u00fdrobu hlin\u00edkov\u00fdch ty\u010d\u00ed<\/h3>\n<p><img decoding=\"async\" src=\"\/wp-content\/uploads\/factory-02.webp\"\/><\/p>\n<p><img decoding=\"async\" src=\"\/wp-content\/uploads\/factory-03.webp\"\/><\/p>\n<h3>Sklad pl\u00edsn\u00ed<\/h3>\n<p><img decoding=\"async\" src=\"\/wp-content\/uploads\/factory-04.webp\"\/><\/p>\n<h3>43 linek na vytla\u010dov\u00e1n\u00ed hlin\u00edku (500-5500 tun)<\/h3>\n<p><img decoding=\"async\" src=\"\/wp-content\/uploads\/factory-05.webp\"\/><\/p>\n<p><img decoding=\"async\" src=\"\/wp-content\/uploads\/factory-06.webp\"\/><\/p>\n<p><img decoding=\"async\" src=\"\/wp-content\/uploads\/factory-07.webp\"\/><\/p>\n<h3>D\u00edlna pr\u00e1\u0161kov\u00e9ho lakov\u00e1n\u00ed<\/h3>\n<p><img decoding=\"async\" src=\"\/wp-content\/uploads\/factory-09.webp\"\/><\/p>\n<h3>D\u00edlna eloxov\u00e1n\u00ed<\/h3>\n<p><img decoding=\"async\" src=\"\/wp-content\/uploads\/factory-10.webp\"\/><\/p>\n<h3>Workshop o hloubkov\u00e9m zpracov\u00e1n\u00ed<\/h3>\n<p><img decoding=\"async\" src=\"\/wp-content\/uploads\/factory-11.webp\"\/><\/p>\n<h3>D\u00edlna CNC p\u0159esn\u00e9ho obr\u00e1b\u011bn\u00ed<\/h3>\n<p><img decoding=\"async\" src=\"\/wp-content\/uploads\/factory-11.5.webp\"\/><\/p>\n<h3>Sklad hotov\u00fdch v\u00fdrobk\u016f a exportn\u00ed sklad<\/h3>\n<p><img decoding=\"async\" src=\"\/wp-content\/uploads\/factory-12.webp\"\/><\/p>\n<p><img decoding=\"async\" src=\"\/wp-content\/uploads\/factory-13.webp\"\/><\/p>\n<p><img decoding=\"async\" src=\"\/wp-content\/uploads\/factory-14.webp\"\/><\/p>\n<h2>\u010cASTO KLADEN\u00c9 DOTAZY<\/h2>\n<p><strong>1. K \u010demu se pou\u017e\u00edvaj\u00ed velk\u00e9 vytla\u010dovan\u00e9 chladi\u010de LED?<\/strong><br \/>Slou\u017e\u00ed k odv\u00e1d\u011bn\u00ed tepla, kter\u00e9 vytv\u00e1\u0159ej\u00ed sv\u011btla LED, a prodlu\u017euj\u00ed tak jejich \u017eivotnost a v\u00fdkon.<\/p>\n<p><strong>2. Lze chladi\u010de p\u0159izp\u016fsobit?<\/strong><br \/>Ano, nab\u00edz\u00edme mo\u017enosti p\u0159izp\u016fsoben\u00ed v\u010detn\u011b velikosti, tvaru a povrchov\u00e9 \u00fapravy, abychom splnili konkr\u00e9tn\u00ed po\u017eadavky.<\/p>\n<p><strong>3. Jak\u00e9 materi\u00e1ly se pou\u017e\u00edvaj\u00ed v t\u011bchto chladi\u010d\u00edch?<\/strong><br \/>Vyr\u00e1b\u011bj\u00ed se p\u0159edev\u0161\u00edm z hlin\u00edku, kter\u00fd je zn\u00e1m\u00fd svou vynikaj\u00edc\u00ed tepelnou vodivost\u00ed a n\u00edzkou hmotnost\u00ed.<\/p>\n<p><strong>4. Jsou tyto chladi\u010de vhodn\u00e9 pro venkovn\u00ed pou\u017eit\u00ed?<\/strong><br \/>Ano, pokud jsou eloxovan\u00e9, poskytuj\u00ed odolnost proti korozi vhodnou pro venkovn\u00ed prost\u0159ed\u00ed.<\/p>\n<p><strong>5. Jak\u00e1 je v\u00fdhoda pou\u017eit\u00ed extrudovan\u00fdch chladi\u010d\u016f pro LED diody?<\/strong><br \/>Extrudovan\u00e9 chladi\u010de nab\u00edzej\u00ed \u00fa\u010dinn\u00fd tepeln\u00fd management, \u010d\u00edm\u017e zvy\u0161uj\u00ed v\u00fdkon a \u017eivotnost LED.<\/p>\n<p><strong>6. Jak vybrat spr\u00e1vnou velikost chladi\u010de pro aplikaci LED?<\/strong><br \/>Zva\u017ete tepeln\u00fd v\u00fdkon modulu LED, abyste zajistili dostate\u010dn\u00fd odvod tepla.<\/p>\n<p><strong>7. Poskytujete technickou podporu pro integraci t\u011bchto chladi\u010d\u016f?<\/strong><br \/>Ano, n\u00e1\u0161 t\u00fdm v\u00e1m m\u016f\u017ee pomoci s integrac\u00ed a technick\u00fdmi po\u017eadavky na optim\u00e1ln\u00ed v\u00fdkon.<\/p>\n<p><\/p>","protected":false},"featured_media":10746,"template":"","categories":[72],"class_list":["post-11006","product","type-product","status-publish","has-post-thumbnail","hentry","category-extruded-aluminum-heatsink"],"meta_box":{"hilight_text_group":[{"product_hilight_text":"<li>Optimized for efficient heat dissipation in LED applications<\/li>\n<li>Customizable sizes to fit different LED modules and fixtures<\/li>\n<li>High thermal conductivity for enhanced LED lifespan<\/li>\n<li>Lightweight aluminum construction for ease of installation<\/li>\n<li>Available in anodized finishes for corrosion resistance<\/li>"}],"feature_list":[]},"_links":{"self":[{"href":"https:\/\/sinoextrud.com\/cs\/wp-json\/wp\/v2\/product\/11006","targetHints":{"allow":["GET"]}}],"collection":[{"href":"https:\/\/sinoextrud.com\/cs\/wp-json\/wp\/v2\/product"}],"about":[{"href":"https:\/\/sinoextrud.com\/cs\/wp-json\/wp\/v2\/types\/product"}],"wp:featuredmedia":[{"embeddable":true,"href":"https:\/\/sinoextrud.com\/cs\/wp-json\/wp\/v2\/media\/10746"}],"wp:attachment":[{"href":"https:\/\/sinoextrud.com\/cs\/wp-json\/wp\/v2\/media?parent=11006"}],"wp:term":[{"taxonomy":"category","embeddable":true,"href":"https:\/\/sinoextrud.com\/cs\/wp-json\/wp\/v2\/categories?post=11006"}],"curies":[{"name":"wp","href":"https:\/\/api.w.org\/{rel}","templated":true}]}}