{"id":11004,"date":"2025-08-01T03:38:46","date_gmt":"2025-08-01T03:38:46","guid":{"rendered":"https:\/\/sinoextrud.com\/product\/sliver-aluminum-heat-sink-vapor-chamber\/"},"modified":"2025-08-01T03:38:46","modified_gmt":"2025-08-01T03:38:46","slug":"stihly-hlinikovy-chladic-parni-komory","status":"publish","type":"product","link":"https:\/\/sinoextrud.com\/cs\/product\/sliver-aluminum-heat-sink-vapor-chamber\/","title":{"rendered":"Hlin\u00edkov\u00fd chladi\u010d Sliver Vapor Chamber"},"content":{"rendered":"<h2>Podrobnosti o produktech<\/h2>\n<div class=\"product-table\">\n<div class=\"row\">\n<div class=\"cell label\">protokol o zkou\u0161ce strojn\u00edho za\u0159\u00edzen\u00ed<\/div>\n<div class=\"cell value\">Poskytnuto<\/div>\n<\/div>\n<div class=\"row\">\n<div class=\"cell label\">video odchoz\u00ed inspekce<\/div>\n<div class=\"cell value\">Poskytnuto<\/div>\n<\/div>\n<div class=\"row\">\n<div class=\"cell label\">z\u00e1ruka<\/div>\n<div class=\"cell value\">1 rok<\/div>\n<\/div>\n<div class=\"row\">\n<div class=\"cell label\">aplikace<\/div>\n<div class=\"cell value\">Chladic\u00ed d\u00edly<\/div>\n<\/div>\n<div class=\"row\">\n<div class=\"cell label\">typ<\/div>\n<div class=\"cell value\">D\u00edly chladic\u00edch kompresor\u016f<\/div>\n<\/div>\n<div class=\"row\">\n<div class=\"cell label\">hmotnost (kg)<\/div>\n<div class=\"cell value\">4.3<\/div>\n<\/div>\n<div class=\"row\">\n<div class=\"cell label\">Materi\u00e1l<\/div>\n<div class=\"cell value\">Hlin\u00edk<\/div>\n<\/div>\n<div class=\"row\">\n<div class=\"cell label\">Zp\u016fsob chlazen\u00ed<\/div>\n<div class=\"cell value\">Kapalinov\u00e9 chlazen\u00ed<\/div>\n<\/div>\n<div class=\"row\">\n<div class=\"cell label\">Pracovn\u00ed tlak<\/div>\n<div class=\"cell value\">Nejm\u00e9n\u011b 1 bar<\/div>\n<\/div>\n<div class=\"row\">\n<div class=\"cell label\">Metoda spojov\u00e1n\u00ed<\/div>\n<div class=\"cell value\">P\u00e1jen\u00ed nebo sva\u0159ov\u00e1n\u00ed nebo jin\u00e9<\/div>\n<\/div>\n<div class=\"row\">\n<div class=\"cell label\">Povrchov\u00e1 \u00faprava<\/div>\n<div class=\"cell value\">Povrchov\u00e1 \u00faprava fr\u00e9zov\u00e1n\u00edm nebo eloxov\u00e1n\u00edm<\/div>\n<\/div>\n<div class=\"row\">\n<div class=\"cell label\">Chladic\u00ed kapalina<\/div>\n<div class=\"cell value\">Deionizovan\u00e1 voda, inhibovan\u00fd glykol a voda, dielektrick\u00e1 kapalina<\/div>\n<\/div>\n<div class=\"row\">\n<div class=\"cell label\">Prodejn\u00ed jednotky<\/div>\n<div class=\"cell value\">Jednotliv\u00e1 polo\u017eka<\/div>\n<\/div>\n<div class=\"row\">\n<div class=\"cell label\">Velikost jednoho balen\u00ed<\/div>\n<div class=\"cell value\">XX cm<\/div>\n<\/div>\n<\/div>\n<p><\/p>\n<h2>Na\u0161e v\u00fdrobn\u00ed z\u00e1kladna<\/h2>\n<h3>Panorama tov\u00e1rny<\/h3>\n<p><img decoding=\"async\" src=\"\/wp-content\/uploads\/factory-01.webp\"\/><\/p>\n<h3>D\u00edlna na v\u00fdrobu hlin\u00edkov\u00fdch ty\u010d\u00ed<\/h3>\n<p><img decoding=\"async\" src=\"\/wp-content\/uploads\/factory-02.webp\"\/><\/p>\n<p><img decoding=\"async\" src=\"\/wp-content\/uploads\/factory-03.webp\"\/><\/p>\n<h3>Sklad pl\u00edsn\u00ed<\/h3>\n<p><img decoding=\"async\" src=\"\/wp-content\/uploads\/factory-04.webp\"\/><\/p>\n<h3>43 linek na vytla\u010dov\u00e1n\u00ed hlin\u00edku (500-5500 tun)<\/h3>\n<p><img decoding=\"async\" src=\"\/wp-content\/uploads\/factory-05.webp\"\/><\/p>\n<p><img decoding=\"async\" src=\"\/wp-content\/uploads\/factory-06.webp\"\/><\/p>\n<p><img decoding=\"async\" src=\"\/wp-content\/uploads\/factory-07.webp\"\/><\/p>\n<h3>D\u00edlna pr\u00e1\u0161kov\u00e9ho lakov\u00e1n\u00ed<\/h3>\n<p><img decoding=\"async\" src=\"\/wp-content\/uploads\/factory-09.webp\"\/><\/p>\n<h3>D\u00edlna eloxov\u00e1n\u00ed<\/h3>\n<p><img decoding=\"async\" src=\"\/wp-content\/uploads\/factory-10.webp\"\/><\/p>\n<h3>Workshop o hloubkov\u00e9m zpracov\u00e1n\u00ed<\/h3>\n<p><img decoding=\"async\" src=\"\/wp-content\/uploads\/factory-11.webp\"\/><\/p>\n<h3>D\u00edlna CNC p\u0159esn\u00e9ho obr\u00e1b\u011bn\u00ed<\/h3>\n<p><img decoding=\"async\" src=\"\/wp-content\/uploads\/factory-11.5.webp\"\/><\/p>\n<h3>Sklad hotov\u00fdch v\u00fdrobk\u016f a exportn\u00ed sklad<\/h3>\n<p><img decoding=\"async\" src=\"\/wp-content\/uploads\/factory-12.webp\"\/><\/p>\n<p><img decoding=\"async\" src=\"\/wp-content\/uploads\/factory-13.webp\"\/><\/p>\n<p><img decoding=\"async\" src=\"\/wp-content\/uploads\/factory-14.webp\"\/><\/p>\n<h2>\u010cASTO KLADEN\u00c9 DOTAZY<\/h2>\n<p><strong>1. Jak\u00e1 je hlavn\u00ed funkce chladic\u00ed komory?<\/strong><br \/>Prim\u00e1rn\u00ed funkc\u00ed chladic\u00ed komory je \u00fa\u010dinn\u011b \u0159\u00eddit a odv\u00e1d\u011bt teplo v elektronick\u00fdch za\u0159\u00edzen\u00edch.<\/p>\n<p><strong>2. Lze velikost chladi\u010de p\u0159izp\u016fsobit?<\/strong><br \/>Ano, nab\u00edz\u00edme p\u0159izp\u016fsobiteln\u00e9 velikosti, kter\u00e9 odpov\u00eddaj\u00ed specifick\u00fdm po\u017eadavk\u016fm pro r\u016fzn\u00e9 aplikace.<\/p>\n<p><strong>3. Je hlin\u00edk nejlep\u0161\u00edm materi\u00e1lem pro odvod tepla?<\/strong><br \/>Hlin\u00edk je d\u00edky sv\u00e9 vynikaj\u00edc\u00ed tepeln\u00e9 vodivosti velmi \u00fa\u010dinn\u00fd p\u0159i odvodu tepla.<\/p>\n<p><strong>4. Pro jak\u00e1 odv\u011btv\u00ed m\u016f\u017ee b\u00fdt pou\u017eit\u00ed t\u00e9to chladic\u00ed komory v\u00fdhodn\u00e9?<\/strong><br \/>Na\u0161e odpa\u0159ovac\u00ed komory chladi\u010d\u016f mohou b\u00fdt p\u0159\u00ednosem pro odv\u011btv\u00ed, jako je elektronika, automobilov\u00fd pr\u016fmysl a telekomunikace.<\/p>\n<p><strong>5. M\u016f\u017eeme si p\u0159ed zad\u00e1n\u00edm hromadn\u00e9 objedn\u00e1vky vy\u017e\u00e1dat prototyp?<\/strong><br \/>Ano, p\u0159ed hromadn\u00fdmi objedn\u00e1vkami jsou k dispozici prototypy pro otestov\u00e1n\u00ed kompatibility a v\u00fdkonu.<\/p>\n<p><strong>6. Jak\u00fd p\u0159\u00ednos m\u00e1 odleh\u010den\u00e1 konstrukce pro integraci produktu?<\/strong><br \/>Lehk\u00e1 konstrukce zaji\u0161\u0165uje snadnou integraci a nezvy\u0161uje v\u00fdznamn\u011b hmotnost kone\u010dn\u00e9ho v\u00fdrobku.<\/p>\n<p><strong>7. Poskytujete technickou podporu pro integraci chladi\u010de?<\/strong><br \/>Ano, nab\u00edz\u00edme plnou technickou podporu pro zaji\u0161t\u011bn\u00ed spr\u00e1vn\u00e9 integrace a v\u00fdkonu va\u0161ich aplikac\u00ed.<\/p>\n<p><\/p>","protected":false},"featured_media":10785,"template":"","categories":[55],"class_list":["post-11004","product","type-product","status-publish","has-post-thumbnail","hentry","category-extruded-aluminum-profiles"],"meta_box":{"hilight_text_group":[{"product_hilight_text":"<li>Optimized for efficient thermal management in electronic devices<\/li>\n<li>Customizable designs to fit specific product requirements<\/li>\n<li>Premium aluminum material ensures superior heat dissipation<\/li>\n<li>Suitable for a wide range of industrial applications<\/li>\n<li>Lightweight design for easy integration with other components<\/li>"}],"feature_list":[]},"_links":{"self":[{"href":"https:\/\/sinoextrud.com\/cs\/wp-json\/wp\/v2\/product\/11004","targetHints":{"allow":["GET"]}}],"collection":[{"href":"https:\/\/sinoextrud.com\/cs\/wp-json\/wp\/v2\/product"}],"about":[{"href":"https:\/\/sinoextrud.com\/cs\/wp-json\/wp\/v2\/types\/product"}],"wp:featuredmedia":[{"embeddable":true,"href":"https:\/\/sinoextrud.com\/cs\/wp-json\/wp\/v2\/media\/10785"}],"wp:attachment":[{"href":"https:\/\/sinoextrud.com\/cs\/wp-json\/wp\/v2\/media?parent=11004"}],"wp:term":[{"taxonomy":"category","embeddable":true,"href":"https:\/\/sinoextrud.com\/cs\/wp-json\/wp\/v2\/categories?post=11004"}],"curies":[{"name":"wp","href":"https:\/\/api.w.org\/{rel}","templated":true}]}}