{"id":11002,"date":"2025-08-01T03:38:41","date_gmt":"2025-08-01T03:38:41","guid":{"rendered":"https:\/\/sinoextrud.com\/product\/led-heat-sink-for-thermal-control\/"},"modified":"2025-08-01T03:38:41","modified_gmt":"2025-08-01T03:38:41","slug":"led-chladic-pro-tepelnou-regulaci","status":"publish","type":"product","link":"https:\/\/sinoextrud.com\/cs\/product\/led-heat-sink-for-thermal-control\/","title":{"rendered":"Chladi\u010d LED pro tepelnou regulaci"},"content":{"rendered":"<h2>Podrobnosti o produktech<\/h2>\n<div class=\"product-table\">\n<div class=\"row\">\n<div class=\"cell label\">Typ<\/div>\n<div class=\"cell value\">Chladi\u010d<\/div>\n<\/div>\n<div class=\"row\">\n<div class=\"cell label\">Metoda p\u0159ipevn\u011bn\u00ed<\/div>\n<div class=\"cell value\">P\u00e1jen\u00ed<\/div>\n<\/div>\n<div class=\"row\">\n<div class=\"cell label\">Materi\u00e1l<\/div>\n<div class=\"cell value\">Hlin\u00edk a m\u011b\u010f<\/div>\n<\/div>\n<div class=\"row\">\n<div class=\"cell label\">Aplikace<\/div>\n<div class=\"cell value\">Chladic\u00ed syst\u00e9m LED; sc\u00e9nick\u00e9 sv\u011btlo LED<\/div>\n<\/div>\n<div class=\"row\">\n<div class=\"cell label\">Certifikace<\/div>\n<div class=\"cell value\">ISO9001:2015; IATF 16949: 2016<\/div>\n<\/div>\n<div class=\"row\">\n<div class=\"cell label\">Prodejn\u00ed jednotky<\/div>\n<div class=\"cell value\">Jednotliv\u00e1 polo\u017eka<\/div>\n<\/div>\n<\/div>\n<p><\/p>\n<h2>Na\u0161e v\u00fdrobn\u00ed z\u00e1kladna<\/h2>\n<h3>Panorama tov\u00e1rny<\/h3>\n<p><img decoding=\"async\" src=\"\/wp-content\/uploads\/factory-01.webp\"\/><\/p>\n<h3>D\u00edlna na v\u00fdrobu hlin\u00edkov\u00fdch ty\u010d\u00ed<\/h3>\n<p><img decoding=\"async\" src=\"\/wp-content\/uploads\/factory-02.webp\"\/><\/p>\n<p><img decoding=\"async\" src=\"\/wp-content\/uploads\/factory-03.webp\"\/><\/p>\n<h3>Sklad pl\u00edsn\u00ed<\/h3>\n<p><img decoding=\"async\" src=\"\/wp-content\/uploads\/factory-04.webp\"\/><\/p>\n<h3>43 linek na vytla\u010dov\u00e1n\u00ed hlin\u00edku (500-5500 tun)<\/h3>\n<p><img decoding=\"async\" src=\"\/wp-content\/uploads\/factory-05.webp\"\/><\/p>\n<p><img decoding=\"async\" src=\"\/wp-content\/uploads\/factory-06.webp\"\/><\/p>\n<p><img decoding=\"async\" src=\"\/wp-content\/uploads\/factory-07.webp\"\/><\/p>\n<h3>D\u00edlna pr\u00e1\u0161kov\u00e9ho lakov\u00e1n\u00ed<\/h3>\n<p><img decoding=\"async\" src=\"\/wp-content\/uploads\/factory-09.webp\"\/><\/p>\n<h3>D\u00edlna eloxov\u00e1n\u00ed<\/h3>\n<p><img decoding=\"async\" src=\"\/wp-content\/uploads\/factory-10.webp\"\/><\/p>\n<h3>Workshop o hloubkov\u00e9m zpracov\u00e1n\u00ed<\/h3>\n<p><img decoding=\"async\" src=\"\/wp-content\/uploads\/factory-11.webp\"\/><\/p>\n<h3>D\u00edlna CNC p\u0159esn\u00e9ho obr\u00e1b\u011bn\u00ed<\/h3>\n<p><img decoding=\"async\" src=\"\/wp-content\/uploads\/factory-11.5.webp\"\/><\/p>\n<h3>Sklad hotov\u00fdch v\u00fdrobk\u016f a exportn\u00ed sklad<\/h3>\n<p><img decoding=\"async\" src=\"\/wp-content\/uploads\/factory-12.webp\"\/><\/p>\n<p><img decoding=\"async\" src=\"\/wp-content\/uploads\/factory-13.webp\"\/><\/p>\n<p><img decoding=\"async\" src=\"\/wp-content\/uploads\/factory-14.webp\"\/><\/p>\n<h2>\u010cASTO KLADEN\u00c9 DOTAZY<\/h2>\n<p><strong>1. Jak\u00e1 je hlavn\u00ed funkce chladi\u010de LED?<\/strong><br \/>Chladi\u010d LED je navr\u017een tak, aby \u00fa\u010dinn\u011b odv\u00e1d\u011bl teplo, a t\u00edm prodlu\u017eoval \u017eivotnost a \u00fa\u010dinnost sv\u011btel LED.<\/p>\n<p><strong>2. Lze chladi\u010d LED p\u0159izp\u016fsobit?<\/strong><br \/>Ano, nab\u00edz\u00edme p\u0159izp\u016fsoben\u00ed velikosti, tvaru a mo\u017enosti mont\u00e1\u017ee pro konkr\u00e9tn\u00ed aplikace LED.<\/p>\n<p><strong>3. Je chladi\u010d LED kompatibiln\u00ed se v\u0161emi typy LED?<\/strong><br \/>Na\u0161e chladi\u010de jsou kompatibiln\u00ed se \u0161irokou \u0161k\u00e1lou modul\u016f LED, tak\u017ee jsou vhodn\u00e9 pro r\u016fzn\u00e9 aplikace.<\/p>\n<p><strong>4. Z jak\u00fdch materi\u00e1l\u016f je vyroben chladi\u010d LED?<\/strong><br \/>Chladi\u010de jsou vyrobeny p\u0159edev\u0161\u00edm z vysoce kvalitn\u00edho hlin\u00edku pro optim\u00e1ln\u00ed tepeln\u00fd v\u00fdkon.<\/p>\n<p><strong>5. Jak\u00e9 v\u00fdhody p\u0159in\u00e1\u0161ej\u00ed chladi\u010di vysoce kvalitn\u00ed materi\u00e1ly?<\/strong><br \/>Pou\u017eit\u00ed vysoce kvalitn\u00edch materi\u00e1l\u016f zaji\u0161\u0165uje \u00fa\u010dinn\u00fd odvod tepla a prodlu\u017euje \u017eivotnost va\u0161ich LED aplikac\u00ed.<\/p>\n<p><strong>6. Jak ovliv\u0148uje konstrukce chladi\u010de jeho v\u00fdkon?<\/strong><br \/>Dob\u0159e navr\u017een\u00fd chladi\u010d zlep\u0161uje odvod tepla a m\u016f\u017ee v\u00fdrazn\u011b zlep\u0161it \u00fa\u010dinnost sv\u011btel LED.<\/p>\n<p><strong>7. Je chladi\u010d \u0161etrn\u00fd k \u017eivotn\u00edmu prost\u0159ed\u00ed?<\/strong><br \/>Ano, na\u0161e v\u00fdrobky jsou vyrobeny z recyklovateln\u00fdch materi\u00e1l\u016f a navr\u017eeny s ohledem na udr\u017eitelnost.<\/p>\n<p><\/p>","protected":false},"featured_media":10789,"template":"","categories":[72],"class_list":["post-11002","product","type-product","status-publish","has-post-thumbnail","hentry","category-extruded-aluminum-heatsink"],"meta_box":{"hilight_text_group":[{"product_hilight_text":"<li>Optimized for superior thermal management in LED applications<\/li>\n<li>Available in various shapes and sizes to fit different LED designs<\/li>\n<li>Manufactured with high-quality aluminum for efficient heat dissipation<\/li>\n<li>Supports customized solutions for unique project requirements<\/li>\n<li>Compatible with a wide range of LED modules and systems<\/li>"}],"feature_list":[]},"_links":{"self":[{"href":"https:\/\/sinoextrud.com\/cs\/wp-json\/wp\/v2\/product\/11002","targetHints":{"allow":["GET"]}}],"collection":[{"href":"https:\/\/sinoextrud.com\/cs\/wp-json\/wp\/v2\/product"}],"about":[{"href":"https:\/\/sinoextrud.com\/cs\/wp-json\/wp\/v2\/types\/product"}],"wp:featuredmedia":[{"embeddable":true,"href":"https:\/\/sinoextrud.com\/cs\/wp-json\/wp\/v2\/media\/10789"}],"wp:attachment":[{"href":"https:\/\/sinoextrud.com\/cs\/wp-json\/wp\/v2\/media?parent=11002"}],"wp:term":[{"taxonomy":"category","embeddable":true,"href":"https:\/\/sinoextrud.com\/cs\/wp-json\/wp\/v2\/categories?post=11002"}],"curies":[{"name":"wp","href":"https:\/\/api.w.org\/{rel}","templated":true}]}}