{"id":11001,"date":"2025-08-01T03:38:39","date_gmt":"2025-08-01T03:38:39","guid":{"rendered":"https:\/\/sinoextrud.com\/product\/miniature-heat-sink-for-compact-electronics\/"},"modified":"2025-08-01T03:38:39","modified_gmt":"2025-08-01T03:38:39","slug":"miniaturni-chladic-pro-kompaktni-elektroniku","status":"publish","type":"product","link":"https:\/\/sinoextrud.com\/cs\/product\/miniature-heat-sink-for-compact-electronics\/","title":{"rendered":"Miniaturn\u00ed chladi\u010d pro kompaktn\u00ed elektroniku"},"content":{"rendered":"<h2>Podrobnosti o produktech<\/h2>\n<div class=\"product-table\">\n<div class=\"row\">\n<div class=\"cell label\">T\u0159\u00edda<\/div>\n<div class=\"cell value\">\u0158ada 6000<\/div>\n<\/div>\n<div class=\"row\">\n<div class=\"cell label\">Tolerance<\/div>\n<div class=\"cell value\">\u00c2\u00b11%<\/div>\n<\/div>\n<div class=\"row\">\n<div class=\"cell label\">Doba dod\u00e1n\u00ed<\/div>\n<div class=\"cell value\">22-30 dn\u00ed<\/div>\n<\/div>\n<div class=\"row\">\n<div class=\"cell label\">Temperament<\/div>\n<div class=\"cell value\">T3-T8<\/div>\n<\/div>\n<div class=\"row\">\n<div class=\"cell label\">Aplikace<\/div>\n<div class=\"cell value\">led\/elektronika\/cpu\/pr\u016fmysl<\/div>\n<\/div>\n<div class=\"row\">\n<div class=\"cell label\">Tvar<\/div>\n<div class=\"cell value\">vlastn\u00ed<\/div>\n<\/div>\n<div class=\"row\">\n<div class=\"cell label\">Slitina nebo ne<\/div>\n<div class=\"cell value\">Je slitina<\/div>\n<\/div>\n<div class=\"row\">\n<div class=\"cell label\">Slu\u017eba zpracov\u00e1n\u00ed<\/div>\n<div class=\"cell value\">Oh\u00fdb\u00e1n\u00ed, odv\u00edjen\u00ed, sva\u0159ov\u00e1n\u00ed, d\u011brov\u00e1n\u00ed, \u0159ez\u00e1n\u00ed<\/div>\n<\/div>\n<div class=\"row\">\n<div class=\"cell label\">N\u00e1zev produktu<\/div>\n<div class=\"cell value\">Vlastn\u00ed hlin\u00edkov\u00fd chladi\u010d<\/div>\n<\/div>\n<div class=\"row\">\n<div class=\"cell label\">Materi\u00e1l<\/div>\n<div class=\"cell value\">6063 6061 6005 Hlin\u00edkov\u00e1 slitina<\/div>\n<\/div>\n<div class=\"row\">\n<div class=\"cell label\">Barva<\/div>\n<div class=\"cell value\">St\u0159\u00edbrn\u00e1, \u010dern\u00e1, zlato\u010dern\u00e1 atd.<\/div>\n<\/div>\n<div class=\"row\">\n<div class=\"cell label\">Povrchov\u00e1 \u00faprava<\/div>\n<div class=\"cell value\">Ml\u00fdnsk\u00e1 \u00faprava, eloxov\u00e1n\u00ed, pr\u00e1\u0161kov\u00e9 lakov\u00e1n\u00ed<\/div>\n<\/div>\n<div class=\"row\">\n<div class=\"cell label\">Certifikace<\/div>\n<div class=\"cell value\">ISO9001:2008<\/div>\n<\/div>\n<div class=\"row\">\n<div class=\"cell label\">tvar<\/div>\n<div class=\"cell value\">P\u0159izp\u016fsoben\u00e9<\/div>\n<\/div>\n<div class=\"row\">\n<div class=\"cell label\">Pou\u017eit\u00ed<\/div>\n<div class=\"cell value\">Led\/elektronika\/cpu\/pr\u016fmysl<\/div>\n<\/div>\n<div class=\"row\">\n<div class=\"cell label\">Uk\u00e1zka<\/div>\n<div class=\"cell value\">Vzorek zdarma<\/div>\n<\/div>\n<div class=\"row\">\n<div class=\"cell label\">D\u00e9lka<\/div>\n<div class=\"cell value\">Vlastn\u00ed d\u00e9lka<\/div>\n<\/div>\n<div class=\"row\">\n<div class=\"cell label\">Slu\u017eba<\/div>\n<div class=\"cell value\">OEM ODM<\/div>\n<\/div>\n<div class=\"row\">\n<div class=\"cell label\">Prodejn\u00ed jednotky<\/div>\n<div class=\"cell value\">Jednotliv\u00e1 polo\u017eka<\/div>\n<\/div>\n<div class=\"row\">\n<div class=\"cell label\">Velikost jednoho balen\u00ed<\/div>\n<div class=\"cell value\">30X20X20 cm<\/div>\n<\/div>\n<div class=\"row\">\n<div class=\"cell label\">Jednotliv\u00e1 hrub\u00e1 hmotnost<\/div>\n<div class=\"cell value\">3.000 KG<\/div>\n<\/div>\n<\/div>\n<p><\/p>\n<h2>Na\u0161e v\u00fdrobn\u00ed z\u00e1kladna<\/h2>\n<h3>Panorama tov\u00e1rny<\/h3>\n<p><img decoding=\"async\" src=\"\/wp-content\/uploads\/factory-01.webp\"\/><\/p>\n<h3>D\u00edlna na v\u00fdrobu hlin\u00edkov\u00fdch ty\u010d\u00ed<\/h3>\n<p><img decoding=\"async\" src=\"\/wp-content\/uploads\/factory-02.webp\"\/><\/p>\n<p><img decoding=\"async\" src=\"\/wp-content\/uploads\/factory-03.webp\"\/><\/p>\n<h3>Sklad pl\u00edsn\u00ed<\/h3>\n<p><img decoding=\"async\" src=\"\/wp-content\/uploads\/factory-04.webp\"\/><\/p>\n<h3>43 linek na vytla\u010dov\u00e1n\u00ed hlin\u00edku (500-5500 tun)<\/h3>\n<p><img decoding=\"async\" src=\"\/wp-content\/uploads\/factory-05.webp\"\/><\/p>\n<p><img decoding=\"async\" src=\"\/wp-content\/uploads\/factory-06.webp\"\/><\/p>\n<p><img decoding=\"async\" src=\"\/wp-content\/uploads\/factory-07.webp\"\/><\/p>\n<h3>D\u00edlna pr\u00e1\u0161kov\u00e9ho lakov\u00e1n\u00ed<\/h3>\n<p><img decoding=\"async\" src=\"\/wp-content\/uploads\/factory-09.webp\"\/><\/p>\n<h3>D\u00edlna eloxov\u00e1n\u00ed<\/h3>\n<p><img decoding=\"async\" src=\"\/wp-content\/uploads\/factory-10.webp\"\/><\/p>\n<h3>Workshop o hloubkov\u00e9m zpracov\u00e1n\u00ed<\/h3>\n<p><img decoding=\"async\" src=\"\/wp-content\/uploads\/factory-11.webp\"\/><\/p>\n<h3>D\u00edlna CNC p\u0159esn\u00e9ho obr\u00e1b\u011bn\u00ed<\/h3>\n<p><img decoding=\"async\" src=\"\/wp-content\/uploads\/factory-11.5.webp\"\/><\/p>\n<h3>Sklad hotov\u00fdch v\u00fdrobk\u016f a exportn\u00ed sklad<\/h3>\n<p><img decoding=\"async\" src=\"\/wp-content\/uploads\/factory-12.webp\"\/><\/p>\n<p><img decoding=\"async\" src=\"\/wp-content\/uploads\/factory-13.webp\"\/><\/p>\n<p><img decoding=\"async\" src=\"\/wp-content\/uploads\/factory-14.webp\"\/><\/p>\n<h2>\u010cASTO KLADEN\u00c9 DOTAZY<\/h2>\n<p><strong>1. Pro jak\u00e1 konkr\u00e9tn\u00ed za\u0159\u00edzen\u00ed lze miniaturn\u00ed chladi\u010d pou\u017e\u00edt?<\/strong><br \/>Miniaturn\u00ed chladi\u010d je ide\u00e1ln\u00ed pro mal\u00e1 elektronick\u00e1 za\u0159\u00edzen\u00ed v\u010detn\u011b CPU, GPU a dal\u0161\u00ed kompaktn\u00ed elektroniky.<\/p>\n<p><strong>2. Lze velikost miniaturn\u00edho chladi\u010de p\u0159izp\u016fsobit?<\/strong><br \/>Ano, nab\u00edz\u00edme p\u0159izp\u016fsoben\u00ed velikosti tak, aby vyhovovala va\u0161im specifick\u00fdm po\u017eadavk\u016fm na za\u0159\u00edzen\u00ed.<\/p>\n<p><strong>3. Jak\u00e9 materi\u00e1ly jsou pou\u017eity p\u0159i v\u00fdrob\u011b miniaturn\u00edho chladi\u010de?<\/strong><br \/>Miniaturn\u00ed chladi\u010d je vyroben z vysoce kvalitn\u00edch tepeln\u011b vodiv\u00fdch materi\u00e1l\u016f, jako je hlin\u00edk a m\u011b\u010f.<\/p>\n<p><strong>4. Jak miniaturn\u00ed chladi\u010d zvy\u0161uje v\u00fdkon za\u0159\u00edzen\u00ed?<\/strong><br \/>\u00da\u010dinn\u011b odv\u00e1d\u00ed teplo, udr\u017euje optim\u00e1ln\u00ed provozn\u00ed teplotu a zabra\u0148uje p\u0159eh\u0159\u00e1t\u00ed.<\/p>\n<p><strong>5. M\u016f\u017eeme objedn\u00e1vat ve velk\u00e9m pro komer\u010dn\u00ed projekty?<\/strong><br \/>Ano, poskytujeme flexibiln\u00ed mno\u017estv\u00ed objedn\u00e1vek vhodn\u00e9 pro mal\u00e9 i velk\u00e9 komer\u010dn\u00ed projekty.<\/p>\n<p><strong>6. Je k dispozici technick\u00e1 podpora pro instalaci miniaturn\u00edho chladi\u010de?<\/strong><br \/>K zaji\u0161t\u011bn\u00ed spr\u00e1vn\u00e9 instalace je k dispozici technick\u00e1 podpora a pokyny.<\/p>\n<p><strong>7. Nab\u00edz\u00edte pro miniaturn\u00ed chladi\u010d glob\u00e1ln\u00ed p\u0159epravu?<\/strong><br \/>Ano, glob\u00e1ln\u00ed p\u0159eprava je k dispozici a m\u016f\u017eeme v\u00e1m pomoci s logistikou a dokumentac\u00ed.<\/p>\n<p><\/p>","protected":false},"featured_media":10790,"template":"","categories":[72],"class_list":["post-11001","product","type-product","status-publish","has-post-thumbnail","hentry","category-extruded-aluminum-heatsink"],"meta_box":{"hilight_text_group":[{"product_hilight_text":"<li>Compact design suitable for small electronic devices<\/li>\n<li>Highly efficient thermal management for improved device performance<\/li>\n<li>Customizable sizes and shapes to fit unique specifications<\/li>\n<li>Manufactured with high-quality materials for enhanced durability<\/li>\n<li>Available for OEM and ODM partnerships with flexible order quantities<\/li>"}],"feature_list":[]},"_links":{"self":[{"href":"https:\/\/sinoextrud.com\/cs\/wp-json\/wp\/v2\/product\/11001","targetHints":{"allow":["GET"]}}],"collection":[{"href":"https:\/\/sinoextrud.com\/cs\/wp-json\/wp\/v2\/product"}],"about":[{"href":"https:\/\/sinoextrud.com\/cs\/wp-json\/wp\/v2\/types\/product"}],"wp:featuredmedia":[{"embeddable":true,"href":"https:\/\/sinoextrud.com\/cs\/wp-json\/wp\/v2\/media\/10790"}],"wp:attachment":[{"href":"https:\/\/sinoextrud.com\/cs\/wp-json\/wp\/v2\/media?parent=11001"}],"wp:term":[{"taxonomy":"category","embeddable":true,"href":"https:\/\/sinoextrud.com\/cs\/wp-json\/wp\/v2\/categories?post=11001"}],"curies":[{"name":"wp","href":"https:\/\/api.w.org\/{rel}","templated":true}]}}