{"id":10999,"date":"2025-08-01T03:38:35","date_gmt":"2025-08-01T03:38:35","guid":{"rendered":"https:\/\/sinoextrud.com\/product\/inflatable-vapor-chamber-for-flexible-cooling\/"},"modified":"2025-08-01T03:38:35","modified_gmt":"2025-08-01T03:38:35","slug":"nafukovaci-parni-komora-pro-flexibilni-chlazeni","status":"publish","type":"product","link":"https:\/\/sinoextrud.com\/cs\/product\/inflatable-vapor-chamber-for-flexible-cooling\/","title":{"rendered":"Nafukovac\u00ed parn\u00ed komora pro flexibiln\u00ed chlazen\u00ed"},"content":{"rendered":"<h2>Podrobnosti o produktech<\/h2>\n<div class=\"product-table\">\n<div class=\"row\">\n<div class=\"cell label\">Typ v\u00fdm\u011bn\u00edku tepla<\/div>\n<div class=\"cell value\">Deskov\u00fd v\u00fdm\u011bn\u00edk tepla<\/div>\n<\/div>\n<div class=\"row\">\n<div class=\"cell label\">z\u00e1ruka<\/div>\n<div class=\"cell value\">1 rok<\/div>\n<\/div>\n<div class=\"row\">\n<div class=\"cell label\">Materi\u00e1l<\/div>\n<div class=\"cell value\">hlin\u00edk<\/div>\n<\/div>\n<div class=\"row\">\n<div class=\"cell label\">z\u00e1kladn\u00ed sou\u010d\u00e1sti<\/div>\n<div class=\"cell value\">PLC<\/div>\n<\/div>\n<div class=\"row\">\n<div class=\"cell label\">protokol o zkou\u0161ce strojn\u00edho za\u0159\u00edzen\u00ed<\/div>\n<div class=\"cell value\">Poskytnuto<\/div>\n<\/div>\n<div class=\"row\">\n<div class=\"cell label\">video odchoz\u00ed inspekce<\/div>\n<div class=\"cell value\">Poskytnuto<\/div>\n<\/div>\n<div class=\"row\">\n<div class=\"cell label\">Hmotnost (KG)<\/div>\n<div class=\"cell value\">2<\/div>\n<\/div>\n<div class=\"row\">\n<div class=\"cell label\">N\u00e1zev produktu<\/div>\n<div class=\"cell value\">V\u00fdrobce PC m\u011bd\u011bn\u00e9 heatpipe tepeln\u00e9 potrub\u00ed disipador Heat Sink<\/div>\n<\/div>\n<div class=\"row\">\n<div class=\"cell label\">Povrchov\u00e1 \u00faprava<\/div>\n<div class=\"cell value\">Ml\u00fdnsk\u00e1 \u00faprava, le\u0161t\u011bn\u00ed nebo p\u0159izp\u016fsoben\u00ed<\/div>\n<\/div>\n<div class=\"row\">\n<div class=\"cell label\">Materi\u00e1l<\/div>\n<div class=\"cell value\">Slitina hlin\u00edku \u0159ady 6063 nebo na m\u00edru<\/div>\n<\/div>\n<div class=\"row\">\n<div class=\"cell label\">Barva<\/div>\n<div class=\"cell value\">P\u0159izp\u016fsoben\u00e1 barva<\/div>\n<\/div>\n<div class=\"row\">\n<div class=\"cell label\">Dimesions<\/div>\n<div class=\"cell value\">\u0160*V*L mm P\u0159izp\u016fsoben\u00e9<\/div>\n<\/div>\n<div class=\"row\">\n<div class=\"cell label\">Hlavn\u00ed proces<\/div>\n<div class=\"cell value\">Vytla\u010dov\u00e1n\u00ed, \u0159ez\u00e1n\u00ed, CNC obr\u00e1b\u011bn\u00ed<\/div>\n<\/div>\n<div class=\"row\">\n<div class=\"cell label\">Standardn\u00ed doba dod\u00e1n\u00ed vzorku<\/div>\n<div class=\"cell value\">7 dn\u00ed<\/div>\n<\/div>\n<div class=\"row\">\n<div class=\"cell label\">Uk\u00e1zkov\u00e1 platba<\/div>\n<div class=\"cell value\">PayPal<\/div>\n<\/div>\n<div class=\"row\">\n<div class=\"cell label\">Certifikace<\/div>\n<div class=\"cell value\">CE, SGS, ISO.<\/div>\n<\/div>\n<div class=\"row\">\n<div class=\"cell label\">MOQ<\/div>\n<div class=\"cell value\">1 kus<\/div>\n<\/div>\n<div class=\"row\">\n<div class=\"cell label\">Prodejn\u00ed jednotky<\/div>\n<div class=\"cell value\">Jednotliv\u00e1 polo\u017eka<\/div>\n<\/div>\n<div class=\"row\">\n<div class=\"cell label\">Velikost jednoho balen\u00ed<\/div>\n<div class=\"cell value\">30X30X20 cm<\/div>\n<\/div>\n<div class=\"row\">\n<div class=\"cell label\">Jednotliv\u00e1 hrub\u00e1 hmotnost<\/div>\n<div class=\"cell value\">9.900 KG<\/div>\n<\/div>\n<\/div>\n<p><\/p>\n<h2>Na\u0161e v\u00fdrobn\u00ed z\u00e1kladna<\/h2>\n<h3>Panorama tov\u00e1rny<\/h3>\n<p><img decoding=\"async\" src=\"\/wp-content\/uploads\/factory-01.webp\"\/><\/p>\n<h3>D\u00edlna na v\u00fdrobu hlin\u00edkov\u00fdch ty\u010d\u00ed<\/h3>\n<p><img decoding=\"async\" src=\"\/wp-content\/uploads\/factory-02.webp\"\/><\/p>\n<p><img decoding=\"async\" src=\"\/wp-content\/uploads\/factory-03.webp\"\/><\/p>\n<h3>Sklad pl\u00edsn\u00ed<\/h3>\n<p><img decoding=\"async\" src=\"\/wp-content\/uploads\/factory-04.webp\"\/><\/p>\n<h3>43 linek na vytla\u010dov\u00e1n\u00ed hlin\u00edku (500-5500 tun)<\/h3>\n<p><img decoding=\"async\" src=\"\/wp-content\/uploads\/factory-05.webp\"\/><\/p>\n<p><img decoding=\"async\" src=\"\/wp-content\/uploads\/factory-06.webp\"\/><\/p>\n<p><img decoding=\"async\" src=\"\/wp-content\/uploads\/factory-07.webp\"\/><\/p>\n<h3>D\u00edlna pr\u00e1\u0161kov\u00e9ho lakov\u00e1n\u00ed<\/h3>\n<p><img decoding=\"async\" src=\"\/wp-content\/uploads\/factory-09.webp\"\/><\/p>\n<h3>D\u00edlna eloxov\u00e1n\u00ed<\/h3>\n<p><img decoding=\"async\" src=\"\/wp-content\/uploads\/factory-10.webp\"\/><\/p>\n<h3>Workshop o hloubkov\u00e9m zpracov\u00e1n\u00ed<\/h3>\n<p><img decoding=\"async\" src=\"\/wp-content\/uploads\/factory-11.webp\"\/><\/p>\n<h3>D\u00edlna CNC p\u0159esn\u00e9ho obr\u00e1b\u011bn\u00ed<\/h3>\n<p><img decoding=\"async\" src=\"\/wp-content\/uploads\/factory-11.5.webp\"\/><\/p>\n<h3>Sklad hotov\u00fdch v\u00fdrobk\u016f a exportn\u00ed sklad<\/h3>\n<p><img decoding=\"async\" src=\"\/wp-content\/uploads\/factory-12.webp\"\/><\/p>\n<p><img decoding=\"async\" src=\"\/wp-content\/uploads\/factory-13.webp\"\/><\/p>\n<p><img decoding=\"async\" src=\"\/wp-content\/uploads\/factory-14.webp\"\/><\/p>\n<h2>\u010cASTO KLADEN\u00c9 DOTAZY<\/h2>\n<p><strong>1. K \u010demu slou\u017e\u00ed nafukovac\u00ed parn\u00ed komora?<\/strong><br \/>Nafukovac\u00ed parn\u00ed komora se pou\u017e\u00edv\u00e1 pro efektivn\u00ed \u0159\u00edzen\u00ed tepla v elektronick\u00fdch za\u0159\u00edzen\u00edch.<\/p>\n<p><strong>2. Lze nafukovac\u00ed parn\u00ed komoru p\u0159izp\u016fsobit specifick\u00fdm po\u017eadavk\u016fm?<\/strong><br \/>Ano, jeho velikost a design lze p\u0159izp\u016fsobit va\u0161im konkr\u00e9tn\u00edm pot\u0159eb\u00e1m.<\/p>\n<p><strong>3. Je nafukovac\u00ed parn\u00ed komora kompatibiln\u00ed se st\u00e1vaj\u00edc\u00edmi chladic\u00edmi syst\u00e9my?<\/strong><br \/>Ano, je navr\u017een pro snadnou integraci s r\u016fzn\u00fdmi chladic\u00edmi syst\u00e9my.<\/p>\n<p><strong>4. Jak\u00e9 materi\u00e1ly se pou\u017e\u00edvaj\u00ed v nafukovac\u00ed parn\u00ed komo\u0159e?<\/strong><br \/>Komora je vyrobena z vysoce kvalitn\u00edch a odoln\u00fdch materi\u00e1l\u016f, kter\u00e9 zaru\u010duj\u00ed spolehlivost a dlouhodob\u00e9 pou\u017e\u00edv\u00e1n\u00ed.<\/p>\n<p><strong>5. Je nafukovac\u00ed parn\u00ed komora p\u0159enosn\u00e1?<\/strong><br \/>Ano, d\u00edky sv\u00e9 lehk\u00e9 konstrukci je snadno p\u0159enosn\u00fd a snadno se nasazuje.<\/p>\n<p><strong>6. Nab\u00edz\u00edte podporu pro mezin\u00e1rodn\u00ed p\u0159epravu nafukovac\u00ed parn\u00ed komory?<\/strong><br \/>Ano, poskytujeme glob\u00e1ln\u00ed p\u0159epravn\u00ed a logistickou podporu, abychom zajistili hladk\u00e9 doru\u010den\u00ed.<\/p>\n<p><strong>7. Jak nafukovac\u00ed parn\u00ed komora zlep\u0161uje tepeln\u00e9 \u0159\u00edzen\u00ed?<\/strong><br \/>Zlep\u0161uje tepeln\u00fd management t\u00edm, \u017ee \u00fa\u010dinn\u011b odv\u00e1d\u00ed teplo z elektronick\u00fdch komponent.<\/p>\n<p><\/p>","protected":false},"featured_media":10792,"template":"","categories":[74],"class_list":["post-10999","product","type-product","status-publish","has-post-thumbnail","hentry","category-vapor-chamber"],"meta_box":{"hilight_text_group":[{"product_hilight_text":"<li>Offers superior thermal management for electronic devices<\/li>\n<li>Lightweight and portable design suitable for varied applications<\/li>\n<li>Customizable sizes to meet specific industry needs<\/li>\n<li>Durable construction with high-quality materials<\/li>\n<li>Easy integration with existing cooling systems<\/li>"}],"feature_list":[]},"_links":{"self":[{"href":"https:\/\/sinoextrud.com\/cs\/wp-json\/wp\/v2\/product\/10999","targetHints":{"allow":["GET"]}}],"collection":[{"href":"https:\/\/sinoextrud.com\/cs\/wp-json\/wp\/v2\/product"}],"about":[{"href":"https:\/\/sinoextrud.com\/cs\/wp-json\/wp\/v2\/types\/product"}],"wp:featuredmedia":[{"embeddable":true,"href":"https:\/\/sinoextrud.com\/cs\/wp-json\/wp\/v2\/media\/10792"}],"wp:attachment":[{"href":"https:\/\/sinoextrud.com\/cs\/wp-json\/wp\/v2\/media?parent=10999"}],"wp:term":[{"taxonomy":"category","embeddable":true,"href":"https:\/\/sinoextrud.com\/cs\/wp-json\/wp\/v2\/categories?post=10999"}],"curies":[{"name":"wp","href":"https:\/\/api.w.org\/{rel}","templated":true}]}}