{"id":10993,"date":"2025-08-01T03:33:49","date_gmt":"2025-08-01T03:33:49","guid":{"rendered":"https:\/\/sinoextrud.com\/product\/extruded-aluminum-heat-sink-for-industrial-use\/"},"modified":"2025-08-01T03:33:49","modified_gmt":"2025-08-01T03:33:49","slug":"extrudovany-hlinikovy-chladic-pro-prumyslove-pouziti","status":"publish","type":"product","link":"https:\/\/sinoextrud.com\/cs\/product\/extruded-aluminum-heat-sink-for-industrial-use\/","title":{"rendered":"Extrudovan\u00fd hlin\u00edkov\u00fd chladi\u010d pro pr\u016fmyslov\u00e9 pou\u017eit\u00ed"},"content":{"rendered":"<h2>Podrobnosti o produktech<\/h2>\n<div class=\"product-table\">\n<div class=\"row\">\n<div class=\"cell label\">T\u0159\u00edda<\/div>\n<div class=\"cell value\">\u0158ada 6000<\/div>\n<\/div>\n<div class=\"row\">\n<div class=\"cell label\">Tolerance<\/div>\n<div class=\"cell value\">+\/-1 mm<\/div>\n<\/div>\n<div class=\"row\">\n<div class=\"cell label\">Doba dod\u00e1n\u00ed<\/div>\n<div class=\"cell value\">do 7 dn\u016f<\/div>\n<\/div>\n<div class=\"row\">\n<div class=\"cell label\">Temperament<\/div>\n<div class=\"cell value\">T3-T8<\/div>\n<\/div>\n<div class=\"row\">\n<div class=\"cell label\">Aplikace<\/div>\n<div class=\"cell value\">V\u00edcen\u00e1sobn\u00e9 pou\u017eit\u00ed<\/div>\n<\/div>\n<div class=\"row\">\n<div class=\"cell label\">Tvar<\/div>\n<div class=\"cell value\">Vlastn\u00ed<\/div>\n<\/div>\n<div class=\"row\">\n<div class=\"cell label\">Slitina nebo ne<\/div>\n<div class=\"cell value\">Je slitina<\/div>\n<\/div>\n<div class=\"row\">\n<div class=\"cell label\">Slu\u017eba zpracov\u00e1n\u00ed<\/div>\n<div class=\"cell value\">Oh\u00fdb\u00e1n\u00ed, odv\u00edjen\u00ed, sva\u0159ov\u00e1n\u00ed, d\u011brov\u00e1n\u00ed, \u0159ez\u00e1n\u00ed<\/div>\n<\/div>\n<div class=\"row\">\n<div class=\"cell label\">N\u00e1zev produktu<\/div>\n<div class=\"cell value\">CNC fr\u00e9zov\u00e1n\u00ed hlin\u00edkov\u00e9 vytla\u010dov\u00e1n\u00ed chladi\u010de<\/div>\n<\/div>\n<div class=\"row\">\n<div class=\"cell label\">Povrchov\u00e1 \u00faprava<\/div>\n<div class=\"cell value\">eloxov\u00e1n\u00ed, p\u00edskov\u00e1n\u00ed, pr\u00e1\u0161kov\u00e9 lakov\u00e1n\u00ed, le\u0161t\u011bn\u00ed atd.<\/div>\n<\/div>\n<div class=\"row\">\n<div class=\"cell label\">Velikost<\/div>\n<div class=\"cell value\">po\u017eadavek z\u00e1kazn\u00edka<\/div>\n<\/div>\n<div class=\"row\">\n<div class=\"cell label\">Hloubkov\u00fd proces<\/div>\n<div class=\"cell value\">Oh\u00fdb\u00e1n\u00ed, sva\u0159ov\u00e1n\u00ed, d\u011brov\u00e1n\u00ed, \u0159ez\u00e1n\u00ed<\/div>\n<\/div>\n<div class=\"row\">\n<div class=\"cell label\">D\u00e9lka<\/div>\n<div class=\"cell value\">Jak\u00e1koli d\u00e9lka<\/div>\n<\/div>\n<div class=\"row\">\n<div class=\"cell label\">Materi\u00e1l<\/div>\n<div class=\"cell value\">6063 6061 6005 Hlin\u00edkov\u00e1 slitina<\/div>\n<\/div>\n<div class=\"row\">\n<div class=\"cell label\">Barva<\/div>\n<div class=\"cell value\">st\u0159\u00edbrn\u00e1, \u010dern\u00e1, zlat\u00e1 \u010dern\u00e1 a tak d\u00e1le<\/div>\n<\/div>\n<div class=\"row\">\n<div class=\"cell label\">Vytla\u010dovac\u00ed stroj<\/div>\n<div class=\"cell value\">600 tun-10000 tun<\/div>\n<\/div>\n<div class=\"row\">\n<div class=\"cell label\">Certifikace<\/div>\n<div class=\"cell value\">ISO 9001:2008<\/div>\n<\/div>\n<div class=\"row\">\n<div class=\"cell label\">Slu\u017eba<\/div>\n<div class=\"cell value\">OEM ODM<\/div>\n<\/div>\n<div class=\"row\">\n<div class=\"cell label\">Prodejn\u00ed jednotky<\/div>\n<div class=\"cell value\">Jednotliv\u00e1 polo\u017eka<\/div>\n<\/div>\n<div class=\"row\">\n<div class=\"cell label\">Velikost jednoho balen\u00ed<\/div>\n<div class=\"cell value\">30X20X10 cm<\/div>\n<\/div>\n<div class=\"row\">\n<div class=\"cell label\">Jednotliv\u00e1 hrub\u00e1 hmotnost<\/div>\n<div class=\"cell value\">2.000 KG<\/div>\n<\/div>\n<\/div>\n<p><\/p>\n<h2>Na\u0161e v\u00fdrobn\u00ed z\u00e1kladna<\/h2>\n<h3>Panorama tov\u00e1rny<\/h3>\n<p><img decoding=\"async\" src=\"\/wp-content\/uploads\/factory-01.webp\"\/><\/p>\n<h3>D\u00edlna na v\u00fdrobu hlin\u00edkov\u00fdch ty\u010d\u00ed<\/h3>\n<p><img decoding=\"async\" src=\"\/wp-content\/uploads\/factory-02.webp\"\/><\/p>\n<p><img decoding=\"async\" src=\"\/wp-content\/uploads\/factory-03.webp\"\/><\/p>\n<h3>Sklad pl\u00edsn\u00ed<\/h3>\n<p><img decoding=\"async\" src=\"\/wp-content\/uploads\/factory-04.webp\"\/><\/p>\n<h3>43 linek na vytla\u010dov\u00e1n\u00ed hlin\u00edku (500-5500 tun)<\/h3>\n<p><img decoding=\"async\" src=\"\/wp-content\/uploads\/factory-05.webp\"\/><\/p>\n<p><img decoding=\"async\" src=\"\/wp-content\/uploads\/factory-06.webp\"\/><\/p>\n<p><img decoding=\"async\" src=\"\/wp-content\/uploads\/factory-07.webp\"\/><\/p>\n<h3>D\u00edlna pr\u00e1\u0161kov\u00e9ho lakov\u00e1n\u00ed<\/h3>\n<p><img decoding=\"async\" src=\"\/wp-content\/uploads\/factory-09.webp\"\/><\/p>\n<h3>D\u00edlna eloxov\u00e1n\u00ed<\/h3>\n<p><img decoding=\"async\" src=\"\/wp-content\/uploads\/factory-10.webp\"\/><\/p>\n<h3>Workshop o hloubkov\u00e9m zpracov\u00e1n\u00ed<\/h3>\n<p><img decoding=\"async\" src=\"\/wp-content\/uploads\/factory-11.webp\"\/><\/p>\n<h3>D\u00edlna CNC p\u0159esn\u00e9ho obr\u00e1b\u011bn\u00ed<\/h3>\n<p><img decoding=\"async\" src=\"\/wp-content\/uploads\/factory-11.5.webp\"\/><\/p>\n<h3>Sklad hotov\u00fdch v\u00fdrobk\u016f a exportn\u00ed sklad<\/h3>\n<p><img decoding=\"async\" src=\"\/wp-content\/uploads\/factory-12.webp\"\/><\/p>\n<p><img decoding=\"async\" src=\"\/wp-content\/uploads\/factory-13.webp\"\/><\/p>\n<p><img decoding=\"async\" src=\"\/wp-content\/uploads\/factory-14.webp\"\/><\/p>\n<h2>\u010cASTO KLADEN\u00c9 DOTAZY<\/h2>\n<p><strong>1. Lze extrudovan\u00fd hlin\u00edkov\u00fd chladi\u010d p\u0159izp\u016fsobit konkr\u00e9tn\u00edm rozm\u011br\u016fm?<\/strong><br \/>Ano, nab\u00edz\u00edme \u00fapln\u00e9 p\u0159izp\u016fsoben\u00ed va\u0161im konkr\u00e9tn\u00edm rozm\u011brov\u00fdm po\u017eadavk\u016fm.<\/p>\n<p><strong>2. Jak\u00e9 jsou hlavn\u00ed v\u00fdhody pou\u017eit\u00ed extrudovan\u00e9ho hlin\u00edkov\u00e9ho chladi\u010de?<\/strong><br \/>V\u00fdborn\u011b odv\u00e1d\u00ed teplo a je lehk\u00fd, ale odoln\u00fd, tak\u017ee je ide\u00e1ln\u00ed pro r\u016fzn\u00e9 aplikace.<\/p>\n<p><strong>3. Je extrudovan\u00fd hlin\u00edkov\u00fd chladi\u010d vhodn\u00fd pro v\u00fdkonn\u00e1 za\u0159\u00edzen\u00ed?<\/strong><br \/>Ano, je navr\u017een pro efektivn\u00ed \u0159\u00edzen\u00ed tepeln\u00e9ho v\u00fdkonu v za\u0159\u00edzen\u00edch s vysok\u00fdm v\u00fdkonem.<\/p>\n<p><strong>4. M\u016f\u017eete poskytnout anal\u00fdzu tepeln\u00e9ho v\u00fdkonu extrudovan\u00e9ho hlin\u00edkov\u00e9ho chladi\u010de?<\/strong><br \/>Ano, na po\u017e\u00e1d\u00e1n\u00ed m\u016f\u017eeme poskytnout podrobn\u00e9 \u00fadaje o tepeln\u00e9m v\u00fdkonu.<\/p>\n<p><strong>5. Existuj\u00ed ekologick\u00e9 mo\u017enosti pro extrudovan\u00fd hlin\u00edkov\u00fd chladi\u010d?<\/strong><br \/>Ano, pou\u017e\u00edv\u00e1me recyklovateln\u00e9 materi\u00e1ly a k dispozici jsou i ekologick\u00e9 varianty.<\/p>\n<p><strong>6. Podporuje extrudovan\u00fd hlin\u00edkov\u00fd chladi\u010d rychlou instalaci?<\/strong><br \/>Ano, je navr\u017een pro snadnou a rychlou instalaci se standardn\u00edmi mo\u017enostmi mont\u00e1\u017ee.<\/p>\n<p><strong>7. Je k dispozici mezin\u00e1rodn\u00ed doprava pro extrudovan\u00fd hlin\u00edkov\u00fd chladi\u010d?<\/strong><br \/>Ano, nab\u00edz\u00edme glob\u00e1ln\u00ed p\u0159epravu a komplexn\u00ed logistickou podporu.<\/p>\n<p><\/p>","protected":false},"featured_media":10802,"template":"","categories":[72],"class_list":["post-10993","product","type-product","status-publish","has-post-thumbnail","hentry","category-extruded-aluminum-heatsink"],"meta_box":{"hilight_text_group":[{"product_hilight_text":"<li>Provides efficient thermal management for various electronic applications<\/li>\n<li>Customizable dimensions and finishes to meet specific project requirements<\/li>\n<li>Lightweight and durable construction ideal for B2B integration<\/li>\n<li>Standard and custom profiles available for easy installation<\/li>\n<li>Manufactured with high-quality aluminum for superior heat dissipation<\/li>"}],"feature_list":[]},"_links":{"self":[{"href":"https:\/\/sinoextrud.com\/cs\/wp-json\/wp\/v2\/product\/10993","targetHints":{"allow":["GET"]}}],"collection":[{"href":"https:\/\/sinoextrud.com\/cs\/wp-json\/wp\/v2\/product"}],"about":[{"href":"https:\/\/sinoextrud.com\/cs\/wp-json\/wp\/v2\/types\/product"}],"wp:featuredmedia":[{"embeddable":true,"href":"https:\/\/sinoextrud.com\/cs\/wp-json\/wp\/v2\/media\/10802"}],"wp:attachment":[{"href":"https:\/\/sinoextrud.com\/cs\/wp-json\/wp\/v2\/media?parent=10993"}],"wp:term":[{"taxonomy":"category","embeddable":true,"href":"https:\/\/sinoextrud.com\/cs\/wp-json\/wp\/v2\/categories?post=10993"}],"curies":[{"name":"wp","href":"https:\/\/api.w.org\/{rel}","templated":true}]}}