{"id":10992,"date":"2025-08-01T03:33:38","date_gmt":"2025-08-01T03:33:38","guid":{"rendered":"https:\/\/sinoextrud.com\/product\/heatsink-extruded-for-thermal-management\/"},"modified":"2025-08-01T03:33:38","modified_gmt":"2025-08-01T03:33:38","slug":"vytlacovany-chladic-pro-tepelny-management","status":"publish","type":"product","link":"https:\/\/sinoextrud.com\/cs\/product\/heatsink-extruded-for-thermal-management\/","title":{"rendered":"Extrudovan\u00fd chladi\u010d pro tepeln\u00fd management"},"content":{"rendered":"<h2>Podrobnosti o produktech<\/h2>\n<div class=\"product-table\">\n<div class=\"row\">\n<div class=\"cell label\">T\u0159\u00edda<\/div>\n<div class=\"cell value\">\u0158ada 6000<\/div>\n<\/div>\n<div class=\"row\">\n<div class=\"cell label\">Tolerance<\/div>\n<div class=\"cell value\">+\/-1 mm<\/div>\n<\/div>\n<div class=\"row\">\n<div class=\"cell label\">Doba dod\u00e1n\u00ed<\/div>\n<div class=\"cell value\">do 7 dn\u016f<\/div>\n<\/div>\n<div class=\"row\">\n<div class=\"cell label\">Temperament<\/div>\n<div class=\"cell value\">T3-T8<\/div>\n<\/div>\n<div class=\"row\">\n<div class=\"cell label\">Aplikace<\/div>\n<div class=\"cell value\">V\u00edcen\u00e1sobn\u00e9 pou\u017eit\u00ed<\/div>\n<\/div>\n<div class=\"row\">\n<div class=\"cell label\">Tvar<\/div>\n<div class=\"cell value\">Vlastn\u00ed<\/div>\n<\/div>\n<div class=\"row\">\n<div class=\"cell label\">Slitina nebo ne<\/div>\n<div class=\"cell value\">Je slitina<\/div>\n<\/div>\n<div class=\"row\">\n<div class=\"cell label\">Slu\u017eba zpracov\u00e1n\u00ed<\/div>\n<div class=\"cell value\">Oh\u00fdb\u00e1n\u00ed, odv\u00edjen\u00ed, sva\u0159ov\u00e1n\u00ed, d\u011brov\u00e1n\u00ed, \u0159ez\u00e1n\u00ed<\/div>\n<\/div>\n<div class=\"row\">\n<div class=\"cell label\">N\u00e1zev produktu<\/div>\n<div class=\"cell value\">Vlastn\u00ed vytla\u010dov\u00e1n\u00ed hlin\u00edkov\u00e9ho chladi\u010de s CNC obr\u00e1b\u011bn\u00edm<\/div>\n<\/div>\n<div class=\"row\">\n<div class=\"cell label\">Povrchov\u00e1 \u00faprava<\/div>\n<div class=\"cell value\">eloxov\u00e1n\u00ed, p\u00edskov\u00e1n\u00ed, pr\u00e1\u0161kov\u00e9 lakov\u00e1n\u00ed, le\u0161t\u011bn\u00ed atd.<\/div>\n<\/div>\n<div class=\"row\">\n<div class=\"cell label\">Velikost<\/div>\n<div class=\"cell value\">po\u017eadavek z\u00e1kazn\u00edka<\/div>\n<\/div>\n<div class=\"row\">\n<div class=\"cell label\">Hloubkov\u00fd proces<\/div>\n<div class=\"cell value\">Oh\u00fdb\u00e1n\u00ed, sva\u0159ov\u00e1n\u00ed, d\u011brov\u00e1n\u00ed, \u0159ez\u00e1n\u00ed<\/div>\n<\/div>\n<div class=\"row\">\n<div class=\"cell label\">D\u00e9lka<\/div>\n<div class=\"cell value\">Jak\u00e1koli d\u00e9lka<\/div>\n<\/div>\n<div class=\"row\">\n<div class=\"cell label\">Materi\u00e1l<\/div>\n<div class=\"cell value\">6063 6061 6005 Hlin\u00edkov\u00e1 slitina<\/div>\n<\/div>\n<div class=\"row\">\n<div class=\"cell label\">Barva<\/div>\n<div class=\"cell value\">st\u0159\u00edbrn\u00e1, \u010dern\u00e1, zlat\u00e1 \u010dern\u00e1 a tak d\u00e1le<\/div>\n<\/div>\n<div class=\"row\">\n<div class=\"cell label\">Vytla\u010dovac\u00ed stroj<\/div>\n<div class=\"cell value\">600 tun-10000 tun<\/div>\n<\/div>\n<div class=\"row\">\n<div class=\"cell label\">Certifikace<\/div>\n<div class=\"cell value\">ISO 9001:2008<\/div>\n<\/div>\n<div class=\"row\">\n<div class=\"cell label\">Slu\u017eba<\/div>\n<div class=\"cell value\">OEM ODM<\/div>\n<\/div>\n<div class=\"row\">\n<div class=\"cell label\">Podrobnosti o balen\u00ed<\/div>\n<div class=\"cell value\">Balen\u00ed na m\u00edru podle p\u0159\u00e1n\u00ed z\u00e1kazn\u00edka, obvykle:<\/div>\n<\/div>\n<div class=\"row\">\n<div class=\"cell label\">A<\/div>\n<div class=\"cell value\">Ml\u00fdnsk\u00e1 \u00faprava, plastov\u00e1 smr\u0161\u0165ovac\u00ed f\u00f3lie.<\/div>\n<\/div>\n<div class=\"row\">\n<div class=\"cell label\">B<\/div>\n<div class=\"cell value\">Eloxov\u00e1n\u00ed nebo povrchov\u00e1 \u00faprava, uvnit\u0159 zabaleno s plastovou ochrannou f\u00f3li\u00ed + PE p\u011bnou + smr\u0161\u0165ovac\u00ed f\u00f3li\u00ed nebo vodot\u011bsn\u00fdm kraftov\u00fdm pap\u00edrem.<\/div>\n<\/div>\n<div class=\"row\">\n<div class=\"cell label\">C<\/div>\n<div class=\"cell value\">V p\u0159\u00edpad\u011b mal\u00fdch d\u00edl\u016f pro CNC obr\u00e1b\u011bn\u00ed p\u011bna EPE + kartony.<\/div>\n<\/div>\n<div class=\"row\">\n<div class=\"cell label\">D<\/div>\n<div class=\"cell value\">Pokud m\u00e1 z\u00e1kazn\u00edk speci\u00e1ln\u00ed po\u017eadavek, m\u016f\u017eeme poskytnout d\u0159ev\u011bnou krabici.<\/div>\n<\/div>\n<div class=\"row\">\n<div class=\"cell label\">P\u0159\u00edstav odesl\u00e1n\u00ed<\/div>\n<div class=\"cell value\">P\u0159\u00edstav Tinajin, p\u0159\u00edstav Qingdao, p\u0159\u00edstav Ningbo<\/div>\n<\/div>\n<div class=\"row\">\n<div class=\"cell label\">Prodejn\u00ed jednotky<\/div>\n<div class=\"cell value\">Jednotliv\u00e1 polo\u017eka<\/div>\n<\/div>\n<div class=\"row\">\n<div class=\"cell label\">Velikost jednoho balen\u00ed<\/div>\n<div class=\"cell value\">30X20X10 cm<\/div>\n<\/div>\n<div class=\"row\">\n<div class=\"cell label\">Jednotliv\u00e1 hrub\u00e1 hmotnost<\/div>\n<div class=\"cell value\">2.000 KG<\/div>\n<\/div>\n<div class=\"row\">\n<div class=\"cell label\">Schopnost z\u00e1sobov\u00e1n\u00ed<\/div>\n<div class=\"cell value\">5000 tun za m\u011bs\u00edc<\/div>\n<\/div>\n<\/div>\n<p><\/p>\n<h2>Na\u0161e v\u00fdrobn\u00ed z\u00e1kladna<\/h2>\n<h3>Panorama tov\u00e1rny<\/h3>\n<p><img decoding=\"async\" src=\"\/wp-content\/uploads\/factory-01.webp\"\/><\/p>\n<h3>D\u00edlna na v\u00fdrobu hlin\u00edkov\u00fdch ty\u010d\u00ed<\/h3>\n<p><img decoding=\"async\" src=\"\/wp-content\/uploads\/factory-02.webp\"\/><\/p>\n<p><img decoding=\"async\" src=\"\/wp-content\/uploads\/factory-03.webp\"\/><\/p>\n<h3>Sklad pl\u00edsn\u00ed<\/h3>\n<p><img decoding=\"async\" src=\"\/wp-content\/uploads\/factory-04.webp\"\/><\/p>\n<h3>43 linek na vytla\u010dov\u00e1n\u00ed hlin\u00edku (500-5500 tun)<\/h3>\n<p><img decoding=\"async\" src=\"\/wp-content\/uploads\/factory-05.webp\"\/><\/p>\n<p><img decoding=\"async\" src=\"\/wp-content\/uploads\/factory-06.webp\"\/><\/p>\n<p><img decoding=\"async\" src=\"\/wp-content\/uploads\/factory-07.webp\"\/><\/p>\n<h3>D\u00edlna pr\u00e1\u0161kov\u00e9ho lakov\u00e1n\u00ed<\/h3>\n<p><img decoding=\"async\" src=\"\/wp-content\/uploads\/factory-09.webp\"\/><\/p>\n<h3>D\u00edlna eloxov\u00e1n\u00ed<\/h3>\n<p><img decoding=\"async\" src=\"\/wp-content\/uploads\/factory-10.webp\"\/><\/p>\n<h3>Workshop o hloubkov\u00e9m zpracov\u00e1n\u00ed<\/h3>\n<p><img decoding=\"async\" src=\"\/wp-content\/uploads\/factory-11.webp\"\/><\/p>\n<h3>D\u00edlna CNC p\u0159esn\u00e9ho obr\u00e1b\u011bn\u00ed<\/h3>\n<p><img decoding=\"async\" src=\"\/wp-content\/uploads\/factory-11.5.webp\"\/><\/p>\n<h3>Sklad hotov\u00fdch v\u00fdrobk\u016f a exportn\u00ed sklad<\/h3>\n<p><img decoding=\"async\" src=\"\/wp-content\/uploads\/factory-12.webp\"\/><\/p>\n<p><img decoding=\"async\" src=\"\/wp-content\/uploads\/factory-13.webp\"\/><\/p>\n<p><img decoding=\"async\" src=\"\/wp-content\/uploads\/factory-14.webp\"\/><\/p>\n<h2>\u010cASTO KLADEN\u00c9 DOTAZY<\/h2>\n<p><strong>1. Jak\u00e9 je hlavn\u00ed pou\u017eit\u00ed vytla\u010dovan\u00e9ho chladi\u010de?<\/strong><br \/>Vytla\u010dovan\u00fd chladi\u010d se pou\u017e\u00edv\u00e1 p\u0159edev\u0161\u00edm k odv\u00e1d\u011bn\u00ed tepla v elektronice a stroj\u00edch, aby se zachoval optim\u00e1ln\u00ed v\u00fdkon.<\/p>\n<p><strong>2. Lze vytla\u010dovan\u00fd chladi\u010d p\u0159izp\u016fsobit velikosti?<\/strong><br \/>Ano, n\u00e1\u0161 extrudovan\u00fd chladi\u010d lze p\u0159izp\u016fsobit velikosti a tvaru tak, aby vyhovoval konkr\u00e9tn\u00edm pot\u0159eb\u00e1m chlazen\u00ed.<\/p>\n<p><strong>3. Je extrudovan\u00fd chladi\u010d vhodn\u00fd pro aplikace s vysok\u00fdm v\u00fdkonem?<\/strong><br \/>Ano, na\u0161e extrudovan\u00e9 chladi\u010de jsou d\u00edky sv\u00e9 vysok\u00e9 tepeln\u00e9 vodivosti vhodn\u00e9 pro vysoce v\u00fdkonn\u00e9 aplikace.<\/p>\n<p><strong>4. Jak\u00e9 materi\u00e1ly se pou\u017e\u00edvaj\u00ed p\u0159i v\u00fdrob\u011b extrudovan\u00fdch chladi\u010d\u016f?<\/strong><br \/>Extrudovan\u00e9 chladi\u010de se obvykle vyr\u00e1b\u011bj\u00ed z hlin\u00edku kv\u016fli jeho n\u00edzk\u00e9 hmotnosti a tepeln\u011b vodiv\u00fdm vlastnostem.<\/p>\n<p><strong>5. Poskytujete vzorky vytla\u010den\u00e9ho chladi\u010de?<\/strong><br \/>Ano, p\u0159ed hromadn\u00fdm n\u00e1kupem jsou k dispozici vzorky, abyste se ujistili, \u017ee vytla\u010den\u00fd chladi\u010d spl\u0148uje va\u0161e specifikace.<\/p>\n<p><strong>6. Jak nainstalovat extrudovan\u00fd chladi\u010d na za\u0159\u00edzen\u00ed?<\/strong><br \/>Instalace obvykle zahrnuje p\u0159ipevn\u011bn\u00ed extrudovan\u00e9ho chladi\u010de pomoc\u00ed jeho mont\u00e1\u017en\u00edch mo\u017enost\u00ed, kter\u00e9 mohou zahrnovat \u0161rouby nebo lepic\u00ed podlo\u017eku.<\/p>\n<p><strong>7. Lze extrudovan\u00fd chladi\u010d pou\u017e\u00edt ve venkovn\u00edm prost\u0159ed\u00ed?<\/strong><br \/>Ano, na\u0161e extrudovan\u00e9 modely chladi\u010d\u016f jsou vyrobeny z materi\u00e1l\u016f odoln\u00fdch proti korozi, tak\u017ee jsou vhodn\u00e9 do venkovn\u00edho prost\u0159ed\u00ed.<\/p>\n<p><\/p>","protected":false},"featured_media":10803,"template":"","categories":[72],"class_list":["post-10992","product","type-product","status-publish","has-post-thumbnail","hentry","category-extruded-aluminum-heatsink"],"meta_box":{"hilight_text_group":[{"product_hilight_text":"<li>High thermal conductivity for efficient heat dissipation<\/li>\n<li>Customizable designs to meet specific cooling requirements<\/li>\n<li>Lightweight and durable aluminum construction<\/li>\n<li>Available in various sizes and profiles for different applications<\/li>\n<li>Corrosion-resistant material for long-lasting performance<\/li>"}],"feature_list":[]},"_links":{"self":[{"href":"https:\/\/sinoextrud.com\/cs\/wp-json\/wp\/v2\/product\/10992","targetHints":{"allow":["GET"]}}],"collection":[{"href":"https:\/\/sinoextrud.com\/cs\/wp-json\/wp\/v2\/product"}],"about":[{"href":"https:\/\/sinoextrud.com\/cs\/wp-json\/wp\/v2\/types\/product"}],"wp:featuredmedia":[{"embeddable":true,"href":"https:\/\/sinoextrud.com\/cs\/wp-json\/wp\/v2\/media\/10803"}],"wp:attachment":[{"href":"https:\/\/sinoextrud.com\/cs\/wp-json\/wp\/v2\/media?parent=10992"}],"wp:term":[{"taxonomy":"category","embeddable":true,"href":"https:\/\/sinoextrud.com\/cs\/wp-json\/wp\/v2\/categories?post=10992"}],"curies":[{"name":"wp","href":"https:\/\/api.w.org\/{rel}","templated":true}]}}