{"id":10985,"date":"2025-08-01T03:29:17","date_gmt":"2025-08-01T03:29:17","guid":{"rendered":"https:\/\/sinoextrud.com\/product\/electrical-heat-sink-for-power-equipment\/"},"modified":"2025-08-01T03:29:17","modified_gmt":"2025-08-01T03:29:17","slug":"elektricky-chladic-pro-energeticka-zarizeni","status":"publish","type":"product","link":"https:\/\/sinoextrud.com\/cs\/product\/electrical-heat-sink-for-power-equipment\/","title":{"rendered":"Elektrick\u00fd chladi\u010d pro energetick\u00e1 za\u0159\u00edzen\u00ed"},"content":{"rendered":"<h2>Podrobnosti o produktech<\/h2>\n<div class=\"product-table\">\n<div class=\"row\">\n<div class=\"cell label\">T\u0159\u00edda<\/div>\n<div class=\"cell value\">\u0158ada 6000<\/div>\n<\/div>\n<div class=\"row\">\n<div class=\"cell label\">Tolerance<\/div>\n<div class=\"cell value\">\u00c2\u00b11%<\/div>\n<\/div>\n<div class=\"row\">\n<div class=\"cell label\">Doba dod\u00e1n\u00ed<\/div>\n<div class=\"cell value\">15-21 dn\u00ed<\/div>\n<\/div>\n<div class=\"row\">\n<div class=\"cell label\">Temperament<\/div>\n<div class=\"cell value\">T3-T8<\/div>\n<\/div>\n<div class=\"row\">\n<div class=\"cell label\">Aplikace<\/div>\n<div class=\"cell value\">Sklen\u011bn\u00e1 st\u011bna<\/div>\n<\/div>\n<div class=\"row\">\n<div class=\"cell label\">Tvar<\/div>\n<div class=\"cell value\">flat<\/div>\n<\/div>\n<div class=\"row\">\n<div class=\"cell label\">Slitina nebo ne<\/div>\n<div class=\"cell value\">Je slitina<\/div>\n<\/div>\n<div class=\"row\">\n<div class=\"cell label\">Slu\u017eba zpracov\u00e1n\u00ed<\/div>\n<div class=\"cell value\">Oh\u00fdb\u00e1n\u00ed, odv\u00edjen\u00ed, sva\u0159ov\u00e1n\u00ed, d\u011brov\u00e1n\u00ed, \u0159ez\u00e1n\u00ed<\/div>\n<\/div>\n<div class=\"row\">\n<div class=\"cell label\">N\u00e1zev produktu<\/div>\n<div class=\"cell value\">hlin\u00edkov\u00fd vytla\u010dovan\u00fd chladi\u010d<\/div>\n<\/div>\n<div class=\"row\">\n<div class=\"cell label\">T\u0159\u00edda<\/div>\n<div class=\"cell value\">6063\/6061\/6005\/6060 T5\/T6<\/div>\n<\/div>\n<div class=\"row\">\n<div class=\"cell label\">Barva<\/div>\n<div class=\"cell value\">St\u0159\u00edbrn\u00e1\/\u010derven\u00e1\/\u010dern\u00e1\/barevn\u00e1<\/div>\n<\/div>\n<div class=\"row\">\n<div class=\"cell label\">Certifikace<\/div>\n<div class=\"cell value\">ISO9001<\/div>\n<\/div>\n<div class=\"row\">\n<div class=\"cell label\">Dokon\u010den\u00ed<\/div>\n<div class=\"cell value\">r\u016fzn\u00e9 eloxov\u00e1n\u00ed\/le\u0161t\u011bn\u00ed\/kart\u00e1\u010dov\u00e1n\u00ed\/povlakov\u00e1n\u00ed<\/div>\n<\/div>\n<div class=\"row\">\n<div class=\"cell label\">Povrchov\u00e1 \u00faprava<\/div>\n<div class=\"cell value\">Anodizovan\u00e1 povrchov\u00e1 \u00faprava<\/div>\n<\/div>\n<div class=\"row\">\n<div class=\"cell label\">Tlou\u0161\u0165ka<\/div>\n<div class=\"cell value\">0,8 mm ~ 30 mm<\/div>\n<\/div>\n<div class=\"row\">\n<div class=\"cell label\">N\u00e1klad kontejneru<\/div>\n<div class=\"cell value\">400 karton\u016f\/20\u2032,830 karton\u016f\/40HQ<\/div>\n<\/div>\n<div class=\"row\">\n<div class=\"cell label\">Materi\u00e1l<\/div>\n<div class=\"cell value\">Eloxovan\u00fd hlin\u00edkov\u00fd v\u00fdlisek<\/div>\n<\/div>\n<div class=\"row\">\n<div class=\"cell label\">Typ<\/div>\n<div class=\"cell value\">OEM hlin\u00edkov\u00e9 v\u00fdlisky chladi\u010de<\/div>\n<\/div>\n<div class=\"row\">\n<div class=\"cell label\">Prodejn\u00ed jednotky<\/div>\n<div class=\"cell value\">Jednotliv\u00e1 polo\u017eka<\/div>\n<\/div>\n<div class=\"row\">\n<div class=\"cell label\">Velikost jednoho balen\u00ed<\/div>\n<div class=\"cell value\">110X110X50 cm<\/div>\n<\/div>\n<div class=\"row\">\n<div class=\"cell label\">Jednotliv\u00e1 hrub\u00e1 hmotnost<\/div>\n<div class=\"cell value\">1.000 KG<\/div>\n<\/div>\n<\/div>\n<p><\/p>\n<h2>Na\u0161e v\u00fdrobn\u00ed z\u00e1kladna<\/h2>\n<h3>Panorama tov\u00e1rny<\/h3>\n<p><img decoding=\"async\" src=\"\/wp-content\/uploads\/factory-01.webp\"\/><\/p>\n<h3>D\u00edlna na v\u00fdrobu hlin\u00edkov\u00fdch ty\u010d\u00ed<\/h3>\n<p><img decoding=\"async\" src=\"\/wp-content\/uploads\/factory-02.webp\"\/><\/p>\n<p><img decoding=\"async\" src=\"\/wp-content\/uploads\/factory-03.webp\"\/><\/p>\n<h3>Sklad pl\u00edsn\u00ed<\/h3>\n<p><img decoding=\"async\" src=\"\/wp-content\/uploads\/factory-04.webp\"\/><\/p>\n<h3>43 linek na vytla\u010dov\u00e1n\u00ed hlin\u00edku (500-5500 tun)<\/h3>\n<p><img decoding=\"async\" src=\"\/wp-content\/uploads\/factory-05.webp\"\/><\/p>\n<p><img decoding=\"async\" src=\"\/wp-content\/uploads\/factory-06.webp\"\/><\/p>\n<p><img decoding=\"async\" src=\"\/wp-content\/uploads\/factory-07.webp\"\/><\/p>\n<h3>D\u00edlna pr\u00e1\u0161kov\u00e9ho lakov\u00e1n\u00ed<\/h3>\n<p><img decoding=\"async\" src=\"\/wp-content\/uploads\/factory-09.webp\"\/><\/p>\n<h3>D\u00edlna eloxov\u00e1n\u00ed<\/h3>\n<p><img decoding=\"async\" src=\"\/wp-content\/uploads\/factory-10.webp\"\/><\/p>\n<h3>Workshop o hloubkov\u00e9m zpracov\u00e1n\u00ed<\/h3>\n<p><img decoding=\"async\" src=\"\/wp-content\/uploads\/factory-11.webp\"\/><\/p>\n<h3>D\u00edlna CNC p\u0159esn\u00e9ho obr\u00e1b\u011bn\u00ed<\/h3>\n<p><img decoding=\"async\" src=\"\/wp-content\/uploads\/factory-11.5.webp\"\/><\/p>\n<h3>Sklad hotov\u00fdch v\u00fdrobk\u016f a exportn\u00ed sklad<\/h3>\n<p><img decoding=\"async\" src=\"\/wp-content\/uploads\/factory-12.webp\"\/><\/p>\n<p><img decoding=\"async\" src=\"\/wp-content\/uploads\/factory-13.webp\"\/><\/p>\n<p><img decoding=\"async\" src=\"\/wp-content\/uploads\/factory-14.webp\"\/><\/p>\n<h2>\u010cASTO KLADEN\u00c9 DOTAZY<\/h2>\n<p><strong>1. Jak\u00e1 je hlavn\u00ed funkce elektrick\u00e9ho chladi\u010de?<\/strong><br \/>Jej\u00ed hlavn\u00ed funkc\u00ed je odv\u00e1d\u011bt teplo z elektrick\u00fdch sou\u010d\u00e1st\u00ed, aby se zabr\u00e1nilo p\u0159eh\u0159\u00e1t\u00ed.<\/p>\n<p><strong>2. Lze elektrick\u00fd chladi\u010d p\u0159izp\u016fsobit konkr\u00e9tn\u00edm komponent\u00e1m?<\/strong><br \/>Ano, jsou k dispozici mo\u017enosti p\u0159izp\u016fsoben\u00ed pro r\u016fzn\u00e9 velikosti a tvary komponent.<\/p>\n<p><strong>3. Z jak\u00fdch materi\u00e1l\u016f se vyr\u00e1b\u011bj\u00ed elektrick\u00e9 chladi\u010de?<\/strong><br \/>Obvykle se vyr\u00e1b\u011bj\u00ed z hlin\u00edku nebo m\u011bdi, aby m\u011bly \u00fa\u010dinnou tepelnou vodivost.<\/p>\n<p><strong>4. Existuje minim\u00e1ln\u00ed objednac\u00ed mno\u017estv\u00ed pro chladi\u010de na m\u00edru?<\/strong><br \/>MOQ z\u00e1vis\u00ed na pot\u0159eb\u011b p\u0159izp\u016fsoben\u00ed, ale obvykle za\u010d\u00edn\u00e1 na 100 jednotk\u00e1ch.<\/p>\n<p><strong>5. Jsou elektrick\u00e9 chladi\u010de lehk\u00e9 pro snadnou instalaci?<\/strong><br \/>Ano, jsou navr\u017eeny tak, aby byly lehk\u00e9 a snadno se instalovaly do r\u016fzn\u00fdch syst\u00e9m\u016f.<\/p>\n<p><strong>6. Poskytujete \u0159e\u0161en\u00ed chladi\u010d\u016f pro r\u016fzn\u00e1 pr\u016fmyslov\u00e1 odv\u011btv\u00ed?<\/strong><br \/>Ano, poskytujeme slu\u017eby pro r\u016fzn\u00e1 odv\u011btv\u00ed v\u010detn\u011b automobilov\u00e9ho pr\u016fmyslu, elektroniky a telekomunikac\u00ed.<\/p>\n<p><strong>7. Jak\u00e9 je ide\u00e1ln\u00ed provozn\u00ed prost\u0159ed\u00ed pro tyto chladi\u010de?<\/strong><br \/>Jsou vhodn\u00e9 do prost\u0159ed\u00ed, kde je pro v\u00fdkon za\u0159\u00edzen\u00ed rozhoduj\u00edc\u00ed \u00fa\u010dinn\u00fd odvod tepla.<\/p>\n<p><\/p>","protected":false},"featured_media":10796,"template":"","categories":[72],"class_list":["post-10985","product","type-product","status-publish","has-post-thumbnail","hentry","category-extruded-aluminum-heatsink"],"meta_box":{"hilight_text_group":[{"product_hilight_text":"<li>Designed to efficiently dissipate heat in electrical systems<\/li>\n<li>Available in various sizes to fit different components<\/li>\n<li>Constructed with high-quality materials for excellent thermal conductivity<\/li>\n<li>Offers lightweight solutions that are easy to integrate<\/li>\n<li>Customizable design for specific client requirements<\/li>"}],"feature_list":[]},"_links":{"self":[{"href":"https:\/\/sinoextrud.com\/cs\/wp-json\/wp\/v2\/product\/10985","targetHints":{"allow":["GET"]}}],"collection":[{"href":"https:\/\/sinoextrud.com\/cs\/wp-json\/wp\/v2\/product"}],"about":[{"href":"https:\/\/sinoextrud.com\/cs\/wp-json\/wp\/v2\/types\/product"}],"wp:featuredmedia":[{"embeddable":true,"href":"https:\/\/sinoextrud.com\/cs\/wp-json\/wp\/v2\/media\/10796"}],"wp:attachment":[{"href":"https:\/\/sinoextrud.com\/cs\/wp-json\/wp\/v2\/media?parent=10985"}],"wp:term":[{"taxonomy":"category","embeddable":true,"href":"https:\/\/sinoextrud.com\/cs\/wp-json\/wp\/v2\/categories?post=10985"}],"curies":[{"name":"wp","href":"https:\/\/api.w.org\/{rel}","templated":true}]}}