{"id":10981,"date":"2025-08-01T03:29:09","date_gmt":"2025-08-01T03:29:09","guid":{"rendered":"https:\/\/sinoextrud.com\/product\/cylindrical-heat-sink-for-led-and-sensors\/"},"modified":"2025-08-01T03:29:09","modified_gmt":"2025-08-01T03:29:09","slug":"valcovy-chladic-pro-led-a-senzory","status":"publish","type":"product","link":"https:\/\/sinoextrud.com\/cs\/product\/cylindrical-heat-sink-for-led-and-sensors\/","title":{"rendered":"V\u00e1lcov\u00fd chladi\u010d pro LED a senzory"},"content":{"rendered":"<h2>Podrobnosti o produktech<\/h2>\n<div class=\"product-table\">\n<div class=\"row\">\n<div class=\"cell label\">T\u0159\u00edda<\/div>\n<div class=\"cell value\">\u0158ada 6000<\/div>\n<\/div>\n<div class=\"row\">\n<div class=\"cell label\">Tolerance<\/div>\n<div class=\"cell value\">P\u0159izp\u016fsoben\u00e9<\/div>\n<\/div>\n<div class=\"row\">\n<div class=\"cell label\">Doba dod\u00e1n\u00ed<\/div>\n<div class=\"cell value\">8-14 dn\u00ed<\/div>\n<\/div>\n<div class=\"row\">\n<div class=\"cell label\">Temperament<\/div>\n<div class=\"cell value\">T3-T8<\/div>\n<\/div>\n<div class=\"row\">\n<div class=\"cell label\">Aplikace<\/div>\n<div class=\"cell value\">Chladi\u010d LED, chladi\u010d s vysok\u00fdm p\u0159\u00edkonem, elektronick\u00fd chladi\u010d<\/div>\n<\/div>\n<div class=\"row\">\n<div class=\"cell label\">Tvar<\/div>\n<div class=\"cell value\">P\u0159izp\u016fsoben\u00e9<\/div>\n<\/div>\n<div class=\"row\">\n<div class=\"cell label\">Slitina nebo ne<\/div>\n<div class=\"cell value\">Je slitina<\/div>\n<\/div>\n<div class=\"row\">\n<div class=\"cell label\">Slu\u017eba zpracov\u00e1n\u00ed<\/div>\n<div class=\"cell value\">Oh\u00fdb\u00e1n\u00ed, odv\u00edjen\u00ed, sva\u0159ov\u00e1n\u00ed, d\u011brov\u00e1n\u00ed, \u0159ez\u00e1n\u00ed, vrt\u00e1n\u00ed<\/div>\n<\/div>\n<div class=\"row\">\n<div class=\"cell label\">N\u00e1zev produktu<\/div>\n<div class=\"cell value\">V\u00e1lcov\u00fd vedl hlin\u00edkov\u00fd extrudovan\u00fd v\u00fdlisek chladi\u010d<\/div>\n<\/div>\n<div class=\"row\">\n<div class=\"cell label\">Povrchov\u00e1 \u00faprava<\/div>\n<div class=\"cell value\">Ml\u00fdnsk\u00e1 \u00faprava, le\u0161t\u011bn\u00ed nebo p\u0159izp\u016fsoben\u00ed<\/div>\n<\/div>\n<div class=\"row\">\n<div class=\"cell label\">Materi\u00e1l<\/div>\n<div class=\"cell value\">Slitina hlin\u00edku \u0159ady 6000 nebo na m\u00edru<\/div>\n<\/div>\n<div class=\"row\">\n<div class=\"cell label\">Barva<\/div>\n<div class=\"cell value\">P\u0159izp\u016fsoben\u00e1 barva<\/div>\n<\/div>\n<div class=\"row\">\n<div class=\"cell label\">Dimesions<\/div>\n<div class=\"cell value\">\u0160*V*L mm P\u0159izp\u016fsoben\u00e9<\/div>\n<\/div>\n<div class=\"row\">\n<div class=\"cell label\">Hlavn\u00ed proces<\/div>\n<div class=\"cell value\">Vytla\u010dov\u00e1n\u00ed, \u0159ez\u00e1n\u00ed, CNC obr\u00e1b\u011bn\u00ed<\/div>\n<\/div>\n<div class=\"row\">\n<div class=\"cell label\">Standardn\u00ed doba dod\u00e1n\u00ed vzorku<\/div>\n<div class=\"cell value\">7 dn\u00ed<\/div>\n<\/div>\n<div class=\"row\">\n<div class=\"cell label\">Uk\u00e1zkov\u00e1 platba<\/div>\n<div class=\"cell value\">PayPal<\/div>\n<\/div>\n<div class=\"row\">\n<div class=\"cell label\">Certifikace<\/div>\n<div class=\"cell value\">CE, SGS, ISO.<\/div>\n<\/div>\n<div class=\"row\">\n<div class=\"cell label\">MOQ<\/div>\n<div class=\"cell value\">1 kus<\/div>\n<\/div>\n<div class=\"row\">\n<div class=\"cell label\">Podrobnosti o balen\u00ed<\/div>\n<div class=\"cell value\">Hlin\u00edkov\u00fd extrudovan\u00fd chladi\u010d, kter\u00fd m\u00e1 b\u00fdt zabalen v norm\u00e1ln\u00edm p\u0159ekli\u017ekov\u00e9m pouzd\u0159e<\/div>\n<\/div>\n<div class=\"row\">\n<div class=\"cell label\">P\u0159\u00edstav odesl\u00e1n\u00ed<\/div>\n<div class=\"cell value\">\u0160anghaj<\/div>\n<\/div>\n<div class=\"row\">\n<div class=\"cell label\">Prodejn\u00ed jednotky<\/div>\n<div class=\"cell value\">Jednotliv\u00e1 polo\u017eka<\/div>\n<\/div>\n<div class=\"row\">\n<div class=\"cell label\">Velikost jednoho balen\u00ed<\/div>\n<div class=\"cell value\">15X15X15 cm<\/div>\n<\/div>\n<div class=\"row\">\n<div class=\"cell label\">Jednotliv\u00e1 hrub\u00e1 hmotnost<\/div>\n<div class=\"cell value\">2.000 KG<\/div>\n<\/div>\n<div class=\"row\">\n<div class=\"cell label\">Schopnost z\u00e1sobov\u00e1n\u00ed<\/div>\n<div class=\"cell value\">100000 kus\u016f za m\u011bs\u00edc<\/div>\n<\/div>\n<\/div>\n<p><\/p>\n<h2>Na\u0161e v\u00fdrobn\u00ed z\u00e1kladna<\/h2>\n<h3>Panorama tov\u00e1rny<\/h3>\n<p><img decoding=\"async\" src=\"\/wp-content\/uploads\/factory-01.webp\"\/><\/p>\n<h3>D\u00edlna na v\u00fdrobu hlin\u00edkov\u00fdch ty\u010d\u00ed<\/h3>\n<p><img decoding=\"async\" src=\"\/wp-content\/uploads\/factory-02.webp\"\/><\/p>\n<p><img decoding=\"async\" src=\"\/wp-content\/uploads\/factory-03.webp\"\/><\/p>\n<h3>Sklad pl\u00edsn\u00ed<\/h3>\n<p><img decoding=\"async\" src=\"\/wp-content\/uploads\/factory-04.webp\"\/><\/p>\n<h3>43 linek na vytla\u010dov\u00e1n\u00ed hlin\u00edku (500-5500 tun)<\/h3>\n<p><img decoding=\"async\" src=\"\/wp-content\/uploads\/factory-05.webp\"\/><\/p>\n<p><img decoding=\"async\" src=\"\/wp-content\/uploads\/factory-06.webp\"\/><\/p>\n<p><img decoding=\"async\" src=\"\/wp-content\/uploads\/factory-07.webp\"\/><\/p>\n<h3>D\u00edlna pr\u00e1\u0161kov\u00e9ho lakov\u00e1n\u00ed<\/h3>\n<p><img decoding=\"async\" src=\"\/wp-content\/uploads\/factory-09.webp\"\/><\/p>\n<h3>D\u00edlna eloxov\u00e1n\u00ed<\/h3>\n<p><img decoding=\"async\" src=\"\/wp-content\/uploads\/factory-10.webp\"\/><\/p>\n<h3>Workshop o hloubkov\u00e9m zpracov\u00e1n\u00ed<\/h3>\n<p><img decoding=\"async\" src=\"\/wp-content\/uploads\/factory-11.webp\"\/><\/p>\n<h3>D\u00edlna CNC p\u0159esn\u00e9ho obr\u00e1b\u011bn\u00ed<\/h3>\n<p><img decoding=\"async\" src=\"\/wp-content\/uploads\/factory-11.5.webp\"\/><\/p>\n<h3>Sklad hotov\u00fdch v\u00fdrobk\u016f a exportn\u00ed sklad<\/h3>\n<p><img decoding=\"async\" src=\"\/wp-content\/uploads\/factory-12.webp\"\/><\/p>\n<p><img decoding=\"async\" src=\"\/wp-content\/uploads\/factory-13.webp\"\/><\/p>\n<p><img decoding=\"async\" src=\"\/wp-content\/uploads\/factory-14.webp\"\/><\/p>\n<h2>\u010cASTO KLADEN\u00c9 DOTAZY<\/h2>\n<p><strong>1. Jak\u00e9 materi\u00e1ly jsou k dispozici pro v\u00e1lcov\u00fd chladi\u010d?<\/strong><br \/>V\u00e1lcov\u00fd chladi\u010d je k dispozici z hlin\u00edku, m\u011bdi a dal\u0161\u00edch slitin v z\u00e1vislosti na tepeln\u00fdch po\u017eadavc\u00edch.<\/p>\n<p><strong>2. Lze v\u00e1lcov\u00fd chladi\u010d pou\u017e\u00edt pro chladic\u00ed syst\u00e9my LED?<\/strong><br \/>Ano, je ide\u00e1ln\u00ed pro aplikace LED vy\u017eaduj\u00edc\u00ed \u00fa\u010dinn\u00fd odvod tepla.<\/p>\n<p><strong>3. Je mo\u017en\u00e9 p\u0159izp\u016fsobit velikost v\u00e1lcov\u00e9ho chladi\u010de?<\/strong><br \/>Ano, lze vyrobit zak\u00e1zkov\u00e9 velikosti, kter\u00e9 spln\u00ed va\u0161e specifick\u00e9 pot\u0159eby projektu.<\/p>\n<p><strong>4. Jak\u00fd p\u0159\u00ednos m\u00e1 v\u00e1lcov\u00e1 konstrukce pro tepeln\u00fd v\u00fdkon?<\/strong><br \/>V\u00e1lcov\u00e1 konstrukce zaji\u0161\u0165uje 360stup\u0148ov\u00fd rozptyl tepla a zvy\u0161uje \u00fa\u010dinnost chlazen\u00ed.<\/p>\n<p><strong>5. Existuj\u00ed n\u011bjak\u00e9 specifick\u00e9 aplikace, pro kter\u00e9 je chladi\u010d nejvhodn\u011bj\u0161\u00ed?<\/strong><br \/>Je \u0161iroce pou\u017e\u00edv\u00e1n v elektronice, leteck\u00e9m a automobilov\u00e9m pr\u016fmyslu a v osv\u011btlen\u00ed LED.<\/p>\n<p><strong>6. Jak\u00e1 je dodac\u00ed lh\u016fta pro hromadn\u00e9 objedn\u00e1vky v\u00e1lcov\u00fdch chladi\u010d\u016f?<\/strong><br \/>Doba dod\u00e1n\u00ed se li\u0161\u00ed, obvykle se pohybuje od 4 do 6 t\u00fddn\u016f v z\u00e1vislosti na velikosti objedn\u00e1vky a p\u0159izp\u016fsoben\u00ed.<\/p>\n<p><strong>7. Vy\u017eaduje v\u00e1lcov\u00fd chladi\u010d n\u011bjakou zvl\u00e1\u0161tn\u00ed \u00fadr\u017ebu?<\/strong><br \/>Chladi\u010d je navr\u017een tak, aby vy\u017eadoval minim\u00e1ln\u00ed \u00fadr\u017ebu a pouze ob\u010dasn\u00e9 \u010di\u0161t\u011bn\u00ed za b\u011b\u017en\u00fdch podm\u00ednek pou\u017e\u00edv\u00e1n\u00ed.<\/p>\n<p><\/p>","protected":false},"featured_media":10794,"template":"","categories":[72],"class_list":["post-10981","product","type-product","status-publish","has-post-thumbnail","hentry","category-extruded-aluminum-heatsink"],"meta_box":{"hilight_text_group":[{"product_hilight_text":"<li>Optimized for superior thermal management in various applications<\/li>\n<li>Available in multiple sizes and materials to suit specific needs<\/li>\n<li>Designed for easy installation and maintenance<\/li>\n<li>Custom engineering support to meet unique specifications<\/li>\n<li>Enhanced durability for long-lasting performance in harsh environments<\/li>"}],"feature_list":[]},"_links":{"self":[{"href":"https:\/\/sinoextrud.com\/cs\/wp-json\/wp\/v2\/product\/10981","targetHints":{"allow":["GET"]}}],"collection":[{"href":"https:\/\/sinoextrud.com\/cs\/wp-json\/wp\/v2\/product"}],"about":[{"href":"https:\/\/sinoextrud.com\/cs\/wp-json\/wp\/v2\/types\/product"}],"wp:featuredmedia":[{"embeddable":true,"href":"https:\/\/sinoextrud.com\/cs\/wp-json\/wp\/v2\/media\/10794"}],"wp:attachment":[{"href":"https:\/\/sinoextrud.com\/cs\/wp-json\/wp\/v2\/media?parent=10981"}],"wp:term":[{"taxonomy":"category","embeddable":true,"href":"https:\/\/sinoextrud.com\/cs\/wp-json\/wp\/v2\/categories?post=10981"}],"curies":[{"name":"wp","href":"https:\/\/api.w.org\/{rel}","templated":true}]}}