{"id":10976,"date":"2025-08-01T03:28:59","date_gmt":"2025-08-01T03:28:59","guid":{"rendered":"https:\/\/sinoextrud.com\/product\/custom-cnc-aluminum-case-for-electronics\/"},"modified":"2025-08-01T03:28:59","modified_gmt":"2025-08-01T03:28:59","slug":"hlinikove-pouzdro-na-zakazku-pro-elektroniku","status":"publish","type":"product","link":"https:\/\/sinoextrud.com\/cs\/product\/custom-cnc-aluminum-case-for-electronics\/","title":{"rendered":"Vlastn\u00ed hlin\u00edkov\u00e9 pouzdro CNC pro elektroniku"},"content":{"rendered":"<h2>Podrobnosti o produktech<\/h2>\n<div class=\"product-table\">\n<div class=\"row\">\n<div class=\"cell label\">T\u0159\u00edda<\/div>\n<div class=\"cell value\">\u0158ada 6000<\/div>\n<\/div>\n<div class=\"row\">\n<div class=\"cell label\">Tolerance<\/div>\n<div class=\"cell value\">\u00c2\u00b11%<\/div>\n<\/div>\n<div class=\"row\">\n<div class=\"cell label\">Doba dod\u00e1n\u00ed<\/div>\n<div class=\"cell value\">15-21 dn\u00ed<\/div>\n<\/div>\n<div class=\"row\">\n<div class=\"cell label\">Temperament<\/div>\n<div class=\"cell value\">T3-T8<\/div>\n<\/div>\n<div class=\"row\">\n<div class=\"cell label\">Aplikace<\/div>\n<div class=\"cell value\">Dekorace<\/div>\n<\/div>\n<div class=\"row\">\n<div class=\"cell label\">Tvar<\/div>\n<div class=\"cell value\">ve tvaru<\/div>\n<\/div>\n<div class=\"row\">\n<div class=\"cell label\">Slitina nebo ne<\/div>\n<div class=\"cell value\">Je slitina<\/div>\n<\/div>\n<div class=\"row\">\n<div class=\"cell label\">Slu\u017eba zpracov\u00e1n\u00ed<\/div>\n<div class=\"cell value\">D\u011brov\u00e1n\u00ed, \u0159ez\u00e1n\u00ed, CNC, fr\u00e9zov\u00e1n\u00ed<\/div>\n<\/div>\n<div class=\"row\">\n<div class=\"cell label\">Materi\u00e1l<\/div>\n<div class=\"cell value\">Slitina \u0159ady 6000<\/div>\n<\/div>\n<div class=\"row\">\n<div class=\"cell label\">Povrchov\u00e1 \u00faprava<\/div>\n<div class=\"cell value\">eloxovan\u00e9<\/div>\n<\/div>\n<div class=\"row\">\n<div class=\"cell label\">Barva<\/div>\n<div class=\"cell value\">st\u0159\u00edb\u0159it\u00fd<\/div>\n<\/div>\n<div class=\"row\">\n<div class=\"cell label\">N\u00e1zev produktu<\/div>\n<div class=\"cell value\">vysoce p\u0159esn\u00e9 vybran\u00e9 materi\u00e1ly radi\u00e1torov\u00fd hlin\u00edkov\u00fd profil<\/div>\n<\/div>\n<div class=\"row\">\n<div class=\"cell label\">Pou\u017eit\u00ed<\/div>\n<div class=\"cell value\">pr\u016fmysl<\/div>\n<\/div>\n<div class=\"row\">\n<div class=\"cell label\">D\u00e9lka<\/div>\n<div class=\"cell value\">na m\u00edru<\/div>\n<\/div>\n<div class=\"row\">\n<div class=\"cell label\">Dokon\u010den\u00ed<\/div>\n<div class=\"cell value\">eloxovan\u00e9<\/div>\n<\/div>\n<div class=\"row\">\n<div class=\"cell label\">N\u00e1zev<\/div>\n<div class=\"cell value\">vysoce p\u0159esn\u00e9 vybran\u00e9 materi\u00e1ly radi\u00e1torov\u00fd hlin\u00edkov\u00fd profil<\/div>\n<\/div>\n<div class=\"row\">\n<div class=\"cell label\">Prodejn\u00ed jednotky<\/div>\n<div class=\"cell value\">Jednotliv\u00e1 polo\u017eka<\/div>\n<\/div>\n<\/div>\n<p><\/p>\n<h2>Na\u0161e v\u00fdrobn\u00ed z\u00e1kladna<\/h2>\n<h3>Panorama tov\u00e1rny<\/h3>\n<p><img decoding=\"async\" src=\"\/wp-content\/uploads\/factory-01.webp\"\/><\/p>\n<h3>D\u00edlna na v\u00fdrobu hlin\u00edkov\u00fdch ty\u010d\u00ed<\/h3>\n<p><img decoding=\"async\" src=\"\/wp-content\/uploads\/factory-02.webp\"\/><\/p>\n<p><img decoding=\"async\" src=\"\/wp-content\/uploads\/factory-03.webp\"\/><\/p>\n<h3>Sklad pl\u00edsn\u00ed<\/h3>\n<p><img decoding=\"async\" src=\"\/wp-content\/uploads\/factory-04.webp\"\/><\/p>\n<h3>43 linek na vytla\u010dov\u00e1n\u00ed hlin\u00edku (500-5500 tun)<\/h3>\n<p><img decoding=\"async\" src=\"\/wp-content\/uploads\/factory-05.webp\"\/><\/p>\n<p><img decoding=\"async\" src=\"\/wp-content\/uploads\/factory-06.webp\"\/><\/p>\n<p><img decoding=\"async\" src=\"\/wp-content\/uploads\/factory-07.webp\"\/><\/p>\n<h3>D\u00edlna pr\u00e1\u0161kov\u00e9ho lakov\u00e1n\u00ed<\/h3>\n<p><img decoding=\"async\" src=\"\/wp-content\/uploads\/factory-09.webp\"\/><\/p>\n<h3>D\u00edlna eloxov\u00e1n\u00ed<\/h3>\n<p><img decoding=\"async\" src=\"\/wp-content\/uploads\/factory-10.webp\"\/><\/p>\n<h3>Workshop o hloubkov\u00e9m zpracov\u00e1n\u00ed<\/h3>\n<p><img decoding=\"async\" src=\"\/wp-content\/uploads\/factory-11.webp\"\/><\/p>\n<h3>D\u00edlna CNC p\u0159esn\u00e9ho obr\u00e1b\u011bn\u00ed<\/h3>\n<p><img decoding=\"async\" src=\"\/wp-content\/uploads\/factory-11.5.webp\"\/><\/p>\n<h3>Sklad hotov\u00fdch v\u00fdrobk\u016f a exportn\u00ed sklad<\/h3>\n<p><img decoding=\"async\" src=\"\/wp-content\/uploads\/factory-12.webp\"\/><\/p>\n<p><img decoding=\"async\" src=\"\/wp-content\/uploads\/factory-13.webp\"\/><\/p>\n<p><img decoding=\"async\" src=\"\/wp-content\/uploads\/factory-14.webp\"\/><\/p>\n<h2>\u010cASTO KLADEN\u00c9 DOTAZY<\/h2>\n<p><strong>1. Jak\u00e9 materi\u00e1ly jsou pou\u017eity v hlin\u00edkov\u00e9m pouzd\u0159e?<\/strong><br \/>Hlin\u00edkov\u00e9 pouzdro je vyrobeno z vysoce kvalitn\u00edho hlin\u00edku, kter\u00fd zaru\u010duje vynikaj\u00edc\u00ed odolnost.<\/p>\n<p><strong>2. Lze hlin\u00edkov\u00e9 pouzdro p\u0159izp\u016fsobit?<\/strong><br \/>Ano, nab\u00edz\u00edme p\u0159izp\u016fsoben\u00ed velikosti, barvy a designu tak, aby spl\u0148ovaly konkr\u00e9tn\u00ed obchodn\u00ed po\u017eadavky.<\/p>\n<p><strong>3. Odol\u00e1 hlin\u00edkov\u00e9 pouzdro korozi a rzi?<\/strong><br \/>Ano, pouzdro je navr\u017eeno tak, aby bylo vysoce odoln\u00e9 proti korozi a korozi a vydr\u017eelo dlouho.<\/p>\n<p><strong>4. Je hlin\u00edkov\u00e9 pouzdro vhodn\u00e9 pro elektronick\u00e9 sou\u010d\u00e1stky?<\/strong><br \/>Je ide\u00e1ln\u00ed pro ochranu citliv\u00fdch elektronick\u00fdch sou\u010d\u00e1stek.<\/p>\n<p><strong>5. Nab\u00edz\u00edte hromadn\u00e9 slevy pro velk\u00e9 objedn\u00e1vky?<\/strong><br \/>Ano, p\u0159i v\u011bt\u0161\u00edch objedn\u00e1vk\u00e1ch jsou k dispozici konkuren\u010dn\u00ed ceny a mno\u017estevn\u00ed slevy.<\/p>\n<p><strong>6. Jak\u00e9 povrchov\u00e9 \u00fapravy jsou k dispozici pro hlin\u00edkov\u00e9 pouzdro?<\/strong><br \/>Nab\u00edz\u00edme r\u016fzn\u00e9 povrchov\u00e9 \u00fapravy v\u010detn\u011b eloxovan\u00fdch a pr\u00e1\u0161kov\u00fdch barev.<\/p>\n<p><strong>7. Lze hlin\u00edkov\u00e9 pouzdro pou\u017e\u00edt v pr\u016fmyslov\u00e9m prost\u0159ed\u00ed?<\/strong><br \/>Ano, je dostate\u010dn\u011b robustn\u00ed pro n\u00e1ro\u010dn\u00e1 pr\u016fmyslov\u00e1 prost\u0159ed\u00ed a aplikace.<\/p>\n<p><\/p>","protected":false},"featured_media":10739,"template":"","categories":[55],"class_list":["post-10976","product","type-product","status-publish","has-post-thumbnail","hentry","category-extruded-aluminum-profiles"],"meta_box":{"hilight_text_group":[{"product_hilight_text":"<li>Lightweight yet durable construction for various uses<\/li>\n<li>Highly resistant to corrosion and rust, ensuring long-term reliability<\/li>\n<li>Customizable dimensions and design to fit specific business needs<\/li>\n<li>Premium quality finish with options for anodized or powder coating<\/li>\n<li>Well-suited for both electronic and industrial applications<\/li>"}],"feature_list":[]},"_links":{"self":[{"href":"https:\/\/sinoextrud.com\/cs\/wp-json\/wp\/v2\/product\/10976","targetHints":{"allow":["GET"]}}],"collection":[{"href":"https:\/\/sinoextrud.com\/cs\/wp-json\/wp\/v2\/product"}],"about":[{"href":"https:\/\/sinoextrud.com\/cs\/wp-json\/wp\/v2\/types\/product"}],"wp:featuredmedia":[{"embeddable":true,"href":"https:\/\/sinoextrud.com\/cs\/wp-json\/wp\/v2\/media\/10739"}],"wp:attachment":[{"href":"https:\/\/sinoextrud.com\/cs\/wp-json\/wp\/v2\/media?parent=10976"}],"wp:term":[{"taxonomy":"category","embeddable":true,"href":"https:\/\/sinoextrud.com\/cs\/wp-json\/wp\/v2\/categories?post=10976"}],"curies":[{"name":"wp","href":"https:\/\/api.w.org\/{rel}","templated":true}]}}