{"id":10973,"date":"2025-08-01T03:22:27","date_gmt":"2025-08-01T03:22:27","guid":{"rendered":"https:\/\/sinoextrud.com\/product\/cooling-plate-for-thermal-management-systems\/"},"modified":"2025-08-01T03:22:27","modified_gmt":"2025-08-01T03:22:27","slug":"chladici-deska-pro-systemy-tepelneho-rizeni","status":"publish","type":"product","link":"https:\/\/sinoextrud.com\/cs\/product\/cooling-plate-for-thermal-management-systems\/","title":{"rendered":"Chladic\u00ed deska pro syst\u00e9my tepeln\u00e9ho \u0159\u00edzen\u00ed"},"content":{"rendered":"<h2>Podrobnosti o produktech<\/h2>\n<div class=\"product-table\">\n<div class=\"row\">\n<div class=\"cell label\">T\u0159\u00edda<\/div>\n<div class=\"cell value\">\u0158ada 6000<\/div>\n<\/div>\n<div class=\"row\">\n<div class=\"cell label\">Tolerance<\/div>\n<div class=\"cell value\">\u00c2\u00b11%<\/div>\n<\/div>\n<div class=\"row\">\n<div class=\"cell label\">Doba dod\u00e1n\u00ed<\/div>\n<div class=\"cell value\">22-30 dn\u00ed<\/div>\n<\/div>\n<div class=\"row\">\n<div class=\"cell label\">Temperament<\/div>\n<div class=\"cell value\">T3-T8<\/div>\n<\/div>\n<div class=\"row\">\n<div class=\"cell label\">Aplikace<\/div>\n<div class=\"cell value\">led\/elektronika\/cpu\/pr\u016fmysl<\/div>\n<\/div>\n<div class=\"row\">\n<div class=\"cell label\">Tvar<\/div>\n<div class=\"cell value\">vlastn\u00ed<\/div>\n<\/div>\n<div class=\"row\">\n<div class=\"cell label\">Slitina nebo ne<\/div>\n<div class=\"cell value\">Je slitina<\/div>\n<\/div>\n<div class=\"row\">\n<div class=\"cell label\">Slu\u017eba zpracov\u00e1n\u00ed<\/div>\n<div class=\"cell value\">Oh\u00fdb\u00e1n\u00ed, odv\u00edjen\u00ed, sva\u0159ov\u00e1n\u00ed, d\u011brov\u00e1n\u00ed, \u0159ez\u00e1n\u00ed<\/div>\n<\/div>\n<div class=\"row\">\n<div class=\"cell label\">N\u00e1zev produktu<\/div>\n<div class=\"cell value\">Vlastn\u00ed hlin\u00edkov\u00fd chladi\u010d<\/div>\n<\/div>\n<div class=\"row\">\n<div class=\"cell label\">Materi\u00e1l<\/div>\n<div class=\"cell value\">6063 6061 6005 Hlin\u00edkov\u00e1 slitina<\/div>\n<\/div>\n<div class=\"row\">\n<div class=\"cell label\">Barva<\/div>\n<div class=\"cell value\">St\u0159\u00edbrn\u00e1, \u010dern\u00e1, zlato\u010dern\u00e1 atd.<\/div>\n<\/div>\n<div class=\"row\">\n<div class=\"cell label\">Povrchov\u00e1 \u00faprava<\/div>\n<div class=\"cell value\">Ml\u00fdnsk\u00e1 \u00faprava, eloxov\u00e1n\u00ed, pr\u00e1\u0161kov\u00e9 lakov\u00e1n\u00ed<\/div>\n<\/div>\n<div class=\"row\">\n<div class=\"cell label\">Certifikace<\/div>\n<div class=\"cell value\">ISO9001:2008<\/div>\n<\/div>\n<div class=\"row\">\n<div class=\"cell label\">tvar<\/div>\n<div class=\"cell value\">P\u0159izp\u016fsoben\u00e9<\/div>\n<\/div>\n<div class=\"row\">\n<div class=\"cell label\">Pou\u017eit\u00ed<\/div>\n<div class=\"cell value\">Led\/elektronika\/cpu\/pr\u016fmysl<\/div>\n<\/div>\n<div class=\"row\">\n<div class=\"cell label\">Uk\u00e1zka<\/div>\n<div class=\"cell value\">Vzorek zdarma<\/div>\n<\/div>\n<div class=\"row\">\n<div class=\"cell label\">D\u00e9lka<\/div>\n<div class=\"cell value\">Vlastn\u00ed d\u00e9lka<\/div>\n<\/div>\n<div class=\"row\">\n<div class=\"cell label\">Slu\u017eba<\/div>\n<div class=\"cell value\">OEM ODM<\/div>\n<\/div>\n<div class=\"row\">\n<div class=\"cell label\">Prodejn\u00ed jednotky<\/div>\n<div class=\"cell value\">Jednotliv\u00e1 polo\u017eka<\/div>\n<\/div>\n<div class=\"row\">\n<div class=\"cell label\">Velikost jednoho balen\u00ed<\/div>\n<div class=\"cell value\">30X20X20 cm<\/div>\n<\/div>\n<div class=\"row\">\n<div class=\"cell label\">Jednotliv\u00e1 hrub\u00e1 hmotnost<\/div>\n<div class=\"cell value\">3.000 KG<\/div>\n<\/div>\n<\/div>\n<p><\/p>\n<h2>Na\u0161e v\u00fdrobn\u00ed z\u00e1kladna<\/h2>\n<h3>Panorama tov\u00e1rny<\/h3>\n<p><img decoding=\"async\" src=\"\/wp-content\/uploads\/factory-01.webp\"\/><\/p>\n<h3>D\u00edlna na v\u00fdrobu hlin\u00edkov\u00fdch ty\u010d\u00ed<\/h3>\n<p><img decoding=\"async\" src=\"\/wp-content\/uploads\/factory-02.webp\"\/><\/p>\n<p><img decoding=\"async\" src=\"\/wp-content\/uploads\/factory-03.webp\"\/><\/p>\n<h3>Sklad pl\u00edsn\u00ed<\/h3>\n<p><img decoding=\"async\" src=\"\/wp-content\/uploads\/factory-04.webp\"\/><\/p>\n<h3>43 linek na vytla\u010dov\u00e1n\u00ed hlin\u00edku (500-5500 tun)<\/h3>\n<p><img decoding=\"async\" src=\"\/wp-content\/uploads\/factory-05.webp\"\/><\/p>\n<p><img decoding=\"async\" src=\"\/wp-content\/uploads\/factory-06.webp\"\/><\/p>\n<p><img decoding=\"async\" src=\"\/wp-content\/uploads\/factory-07.webp\"\/><\/p>\n<h3>D\u00edlna pr\u00e1\u0161kov\u00e9ho lakov\u00e1n\u00ed<\/h3>\n<p><img decoding=\"async\" src=\"\/wp-content\/uploads\/factory-09.webp\"\/><\/p>\n<h3>D\u00edlna eloxov\u00e1n\u00ed<\/h3>\n<p><img decoding=\"async\" src=\"\/wp-content\/uploads\/factory-10.webp\"\/><\/p>\n<h3>Workshop o hloubkov\u00e9m zpracov\u00e1n\u00ed<\/h3>\n<p><img decoding=\"async\" src=\"\/wp-content\/uploads\/factory-11.webp\"\/><\/p>\n<h3>D\u00edlna CNC p\u0159esn\u00e9ho obr\u00e1b\u011bn\u00ed<\/h3>\n<p><img decoding=\"async\" src=\"\/wp-content\/uploads\/factory-11.5.webp\"\/><\/p>\n<h3>Sklad hotov\u00fdch v\u00fdrobk\u016f a exportn\u00ed sklad<\/h3>\n<p><img decoding=\"async\" src=\"\/wp-content\/uploads\/factory-12.webp\"\/><\/p>\n<p><img decoding=\"async\" src=\"\/wp-content\/uploads\/factory-13.webp\"\/><\/p>\n<p><img decoding=\"async\" src=\"\/wp-content\/uploads\/factory-14.webp\"\/><\/p>\n<h2>\u010cASTO KLADEN\u00c9 DOTAZY<\/h2>\n<p><strong>1. K \u010demu se pou\u017e\u00edv\u00e1 chladic\u00ed deska?<\/strong><br \/>Chladic\u00ed deska se pou\u017e\u00edv\u00e1 k \u00fa\u010dinn\u00e9mu odv\u00e1d\u011bn\u00ed tepla v elektronick\u00fdch za\u0159\u00edzen\u00edch a dal\u0161\u00edch aplikac\u00edch.<\/p>\n<p><strong>2. Lze chladic\u00ed desku p\u0159izp\u016fsobit konkr\u00e9tn\u00edm pot\u0159eb\u00e1m?<\/strong><br \/>Ano, na\u0161e chladic\u00ed desky lze p\u0159izp\u016fsobit velikosti, materi\u00e1lu a designu tak, aby vyhovovaly va\u0161im po\u017eadavk\u016fm.<\/p>\n<p><strong>3. Jak\u00e9 materi\u00e1ly jsou pou\u017eity v chladic\u00ed desce?<\/strong><br \/>Na\u0161e chladic\u00ed desky jsou vyrobeny z vysoce kvalitn\u00edch materi\u00e1l\u016f, kter\u00e9 zaji\u0161\u0165uj\u00ed maxim\u00e1ln\u00ed \u00fa\u010dinnost a trvanlivost.<\/p>\n<p><strong>4. Je u chladic\u00edch desek stanoveno minim\u00e1ln\u00ed objednac\u00ed mno\u017estv\u00ed?<\/strong><br \/>Ano, MOQ pro vlastn\u00ed chladic\u00ed desky obvykle za\u010d\u00edn\u00e1 na 200 kusech.<\/p>\n<p><strong>5. Nab\u00edz\u00edte mezin\u00e1rodn\u00ed p\u0159epravu chladic\u00edch desek?<\/strong><br \/>Ano, zaji\u0161\u0165ujeme glob\u00e1ln\u00ed p\u0159epravu a vy\u0159izujeme ve\u0161kerou logistiku za v\u00e1s.<\/p>\n<p><strong>6. Lze chladic\u00ed desku pou\u017e\u00edvat v prost\u0159ed\u00ed s vysok\u00fdmi teplotami?<\/strong><br \/>Ano, chladic\u00ed deska je navr\u017eena tak, aby odol\u00e1vala vysok\u00fdm teplot\u00e1m pro pr\u016fmyslov\u00e9 pou\u017eit\u00ed.<\/p>\n<p><strong>7. Jsou p\u0159ed zad\u00e1n\u00edm hromadn\u00e9 objedn\u00e1vky k dispozici vzorky?<\/strong><br \/>Ano, nab\u00edz\u00edme vzorky, kter\u00e9 v\u00e1m pomohou posoudit kvalitu a v\u00fdkon na\u0161ich chladic\u00edch desek.<\/p>\n<p><\/p>","protected":false},"featured_media":10770,"template":"","categories":[72],"class_list":["post-10973","product","type-product","status-publish","has-post-thumbnail","hentry","category-extruded-aluminum-heatsink"],"meta_box":{"hilight_text_group":[{"product_hilight_text":"<li>Designed for optimal heat dissipation in various applications<\/li>\n<li>Available in customizable sizes and materials<\/li>\n<li>Highly efficient for extended use in industrial settings<\/li>\n<li>Supports OEM and ODM services for tailored solutions<\/li>\n<li>Constructed with high-grade, durable materials<\/li>"}],"feature_list":[]},"_links":{"self":[{"href":"https:\/\/sinoextrud.com\/cs\/wp-json\/wp\/v2\/product\/10973","targetHints":{"allow":["GET"]}}],"collection":[{"href":"https:\/\/sinoextrud.com\/cs\/wp-json\/wp\/v2\/product"}],"about":[{"href":"https:\/\/sinoextrud.com\/cs\/wp-json\/wp\/v2\/types\/product"}],"wp:featuredmedia":[{"embeddable":true,"href":"https:\/\/sinoextrud.com\/cs\/wp-json\/wp\/v2\/media\/10770"}],"wp:attachment":[{"href":"https:\/\/sinoextrud.com\/cs\/wp-json\/wp\/v2\/media?parent=10973"}],"wp:term":[{"taxonomy":"category","embeddable":true,"href":"https:\/\/sinoextrud.com\/cs\/wp-json\/wp\/v2\/categories?post=10973"}],"curies":[{"name":"wp","href":"https:\/\/api.w.org\/{rel}","templated":true}]}}