{"id":10972,"date":"2025-08-01T03:22:25","date_gmt":"2025-08-01T03:22:25","guid":{"rendered":"https:\/\/sinoextrud.com\/product\/led-aluminum-heatsink-for-lighting-fixtures\/"},"modified":"2025-08-01T03:22:25","modified_gmt":"2025-08-01T03:22:25","slug":"vedl-hlinikovy-chladic-pro-svitidla","status":"publish","type":"product","link":"https:\/\/sinoextrud.com\/cs\/product\/led-aluminum-heatsink-for-lighting-fixtures\/","title":{"rendered":"Hlin\u00edkov\u00fd chladi\u010d LED pro sv\u00edtidla"},"content":{"rendered":"<h2>Podrobnosti o produktech<\/h2>\n<div class=\"product-table\">\n<div class=\"row\">\n<div class=\"cell label\">Materi\u00e1lov\u00e9 schopnosti<\/div>\n<div class=\"cell value\">Hlin\u00edk<\/div>\n<\/div>\n<div class=\"row\">\n<div class=\"cell label\">Materi\u00e1l<\/div>\n<div class=\"cell value\">Hlin\u00edk, nerezov\u00e1 ocel, mosaz, bronz, m\u011b\u010f<\/div>\n<\/div>\n<div class=\"row\">\n<div class=\"cell label\">Zpracov\u00e1n\u00ed<\/div>\n<div class=\"cell value\">Lisov\u00e1n\u00ed, oh\u00fdb\u00e1n\u00ed, n\u00fdtov\u00e1n\u00ed, sva\u0159ov\u00e1n\u00ed, povrchov\u00e1 \u00faprava na m\u00edru<\/div>\n<\/div>\n<div class=\"row\">\n<div class=\"cell label\">N\u00e1zev<\/div>\n<div class=\"cell value\">chladi\u010d procesoru intel<\/div>\n<\/div>\n<div class=\"row\">\n<div class=\"cell label\">Pou\u017eit\u00ed<\/div>\n<div class=\"cell value\">Chladi\u010d LED hlin\u00edkov\u00fd chladi\u010d pro \u017e\u00e1rovku LED<\/div>\n<\/div>\n<div class=\"row\">\n<div class=\"cell label\">Povrchov\u00e1 \u00faprava<\/div>\n<div class=\"cell value\">Pr\u00e1\u0161kov\u011b lakovan\u00e9 nebo pozinkovan\u00e9, kart\u00e1\u010dovan\u00e9<\/div>\n<\/div>\n<div class=\"row\">\n<div class=\"cell label\">Vlastn\u00ed logo<\/div>\n<div class=\"cell value\">Dostupn\u00e9 na<\/div>\n<\/div>\n<div class=\"row\">\n<div class=\"cell label\">Certifik\u00e1ty<\/div>\n<div class=\"cell value\">ISO9001:2008<\/div>\n<\/div>\n<div class=\"row\">\n<div class=\"cell label\">Uk\u00e1zka<\/div>\n<div class=\"cell value\">Dostupn\u00e9 na<\/div>\n<\/div>\n<div class=\"row\">\n<div class=\"cell label\">Tolerance<\/div>\n<div class=\"cell value\">0,05 mm ~ 0,10 mm<\/div>\n<\/div>\n<div class=\"row\">\n<div class=\"cell label\">RoHs<\/div>\n<div class=\"cell value\">V souladu s RoHs<\/div>\n<\/div>\n<div class=\"row\">\n<div class=\"cell label\">Podrobnosti o balen\u00ed<\/div>\n<div class=\"cell value\">hlin\u00edkov\u00fd chladi\u010d<\/div>\n<\/div>\n<div class=\"row\">\n<div class=\"cell label\">P\u0159\u00edstav odesl\u00e1n\u00ed<\/div>\n<div class=\"cell value\">ShenZhen<\/div>\n<\/div>\n<div class=\"row\">\n<div class=\"cell label\">Prodejn\u00ed jednotky<\/div>\n<div class=\"cell value\">Jednotliv\u00e1 polo\u017eka<\/div>\n<\/div>\n<div class=\"row\">\n<div class=\"cell label\">Velikost jednoho balen\u00ed<\/div>\n<div class=\"cell value\">3X3X2 cm<\/div>\n<\/div>\n<div class=\"row\">\n<div class=\"cell label\">Jednotliv\u00e1 hrub\u00e1 hmotnost<\/div>\n<div class=\"cell value\">0,550 KG<\/div>\n<\/div>\n<div class=\"row\">\n<div class=\"cell label\">Schopnost z\u00e1sobov\u00e1n\u00ed<\/div>\n<div class=\"cell value\">1000 kus\u016f za den<\/div>\n<\/div>\n<\/div>\n<p><\/p>\n<h2>Na\u0161e v\u00fdrobn\u00ed z\u00e1kladna<\/h2>\n<h3>Panorama tov\u00e1rny<\/h3>\n<p><img decoding=\"async\" src=\"\/wp-content\/uploads\/factory-01.webp\"\/><\/p>\n<h3>D\u00edlna na v\u00fdrobu hlin\u00edkov\u00fdch ty\u010d\u00ed<\/h3>\n<p><img decoding=\"async\" src=\"\/wp-content\/uploads\/factory-02.webp\"\/><\/p>\n<p><img decoding=\"async\" src=\"\/wp-content\/uploads\/factory-03.webp\"\/><\/p>\n<h3>Sklad pl\u00edsn\u00ed<\/h3>\n<p><img decoding=\"async\" src=\"\/wp-content\/uploads\/factory-04.webp\"\/><\/p>\n<h3>43 linek na vytla\u010dov\u00e1n\u00ed hlin\u00edku (500-5500 tun)<\/h3>\n<p><img decoding=\"async\" src=\"\/wp-content\/uploads\/factory-05.webp\"\/><\/p>\n<p><img decoding=\"async\" src=\"\/wp-content\/uploads\/factory-06.webp\"\/><\/p>\n<p><img decoding=\"async\" src=\"\/wp-content\/uploads\/factory-07.webp\"\/><\/p>\n<h3>D\u00edlna pr\u00e1\u0161kov\u00e9ho lakov\u00e1n\u00ed<\/h3>\n<p><img decoding=\"async\" src=\"\/wp-content\/uploads\/factory-09.webp\"\/><\/p>\n<h3>D\u00edlna eloxov\u00e1n\u00ed<\/h3>\n<p><img decoding=\"async\" src=\"\/wp-content\/uploads\/factory-10.webp\"\/><\/p>\n<h3>Workshop o hloubkov\u00e9m zpracov\u00e1n\u00ed<\/h3>\n<p><img decoding=\"async\" src=\"\/wp-content\/uploads\/factory-11.webp\"\/><\/p>\n<h3>D\u00edlna CNC p\u0159esn\u00e9ho obr\u00e1b\u011bn\u00ed<\/h3>\n<p><img decoding=\"async\" src=\"\/wp-content\/uploads\/factory-11.5.webp\"\/><\/p>\n<h3>Sklad hotov\u00fdch v\u00fdrobk\u016f a exportn\u00ed sklad<\/h3>\n<p><img decoding=\"async\" src=\"\/wp-content\/uploads\/factory-12.webp\"\/><\/p>\n<p><img decoding=\"async\" src=\"\/wp-content\/uploads\/factory-13.webp\"\/><\/p>\n<p><img decoding=\"async\" src=\"\/wp-content\/uploads\/factory-14.webp\"\/><\/p>\n<h2>\u010cASTO KLADEN\u00c9 DOTAZY<\/h2>\n<p><strong>1. Jak\u00fd je hlavn\u00ed \u00fa\u010del hlin\u00edkov\u00e9ho chladi\u010de LED?<\/strong><br \/>Hlin\u00edkov\u00fd chladi\u010d LED je navr\u017een tak, aby \u00fa\u010dinn\u011b odv\u00e1d\u011bl teplo a zaji\u0161\u0165oval dlouhou \u017eivotnost a optim\u00e1ln\u00ed v\u00fdkon syst\u00e9m\u016f LED.<\/p>\n<p><strong>2. Lze hlin\u00edkov\u00fd chladi\u010d LED p\u0159izp\u016fsobit?<\/strong><br \/>Ano, nab\u00edz\u00edme p\u0159izp\u016fsoben\u00ed konkr\u00e9tn\u00edm velikostem a konfigurac\u00edm pro r\u016fzn\u00e9 aplikace LED.<\/p>\n<p><strong>3. Jak\u00fd p\u0159\u00ednos m\u00e1 hlin\u00edkov\u00fd materi\u00e1l pro v\u00fdkon chladi\u010de?<\/strong><br \/>Hlin\u00edk poskytuje vynikaj\u00edc\u00ed tepelnou vodivost, kter\u00e1 je pro efektivn\u00ed odvod tepla v aplikac\u00edch LED kl\u00ed\u010dov\u00e1.<\/p>\n<p><strong>4. Je hlin\u00edkov\u00fd chladi\u010d LED vhodn\u00fd pro venkovn\u00ed pou\u017eit\u00ed?<\/strong><br \/>Ano, chladi\u010d je navr\u017een tak, aby odol\u00e1val okoln\u00edm podm\u00ednk\u00e1m, tak\u017ee je odoln\u00fd pro venkovn\u00ed syst\u00e9my LED.<\/p>\n<p><strong>5. Jak\u00e9 jsou v\u00fdhody pou\u017eit\u00ed hlin\u00edkov\u00e9ho chladi\u010de pro LED diody?<\/strong><br \/>Mezi v\u00fdhody pat\u0159\u00ed lehk\u00e1 konstrukce, \u00fa\u010dinn\u00fd odvod tepla a odolnost proti korozi.<\/p>\n<p><strong>6. M\u016f\u017eeme si chladi\u010d objednat v r\u016fzn\u00fdch velikostech?<\/strong><br \/>Ano, nab\u00edz\u00edme \u0159adu velikost\u00ed pro r\u016fzn\u00e9 moduly a syst\u00e9my LED.<\/p>\n<p><strong>7. Podporuje chladi\u010d aktivn\u00ed zp\u016fsoby chlazen\u00ed?<\/strong><br \/>Ano, konstrukci lze v p\u0159\u00edpad\u011b pot\u0159eby p\u0159izp\u016fsobit pro integraci s aktivn\u00edmi chladic\u00edmi \u0159e\u0161en\u00edmi, jako jsou ventil\u00e1tory.<\/p>\n<p><\/p>","protected":false},"featured_media":10815,"template":"","categories":[72],"class_list":["post-10972","product","type-product","status-publish","has-post-thumbnail","hentry","category-extruded-aluminum-heatsink"],"meta_box":{"hilight_text_group":[{"product_hilight_text":"<li>Efficient thermal management for LED applications<\/li>\n<li>Customizable design to fit specific LED module configurations<\/li>\n<li>High-quality aluminum for superior heat dissipation<\/li>\n<li>Lightweight construction for easy installation<\/li>\n<li>Available in various sizes to accommodate different LED systems<\/li>"}],"feature_list":[]},"_links":{"self":[{"href":"https:\/\/sinoextrud.com\/cs\/wp-json\/wp\/v2\/product\/10972","targetHints":{"allow":["GET"]}}],"collection":[{"href":"https:\/\/sinoextrud.com\/cs\/wp-json\/wp\/v2\/product"}],"about":[{"href":"https:\/\/sinoextrud.com\/cs\/wp-json\/wp\/v2\/types\/product"}],"wp:featuredmedia":[{"embeddable":true,"href":"https:\/\/sinoextrud.com\/cs\/wp-json\/wp\/v2\/media\/10815"}],"wp:attachment":[{"href":"https:\/\/sinoextrud.com\/cs\/wp-json\/wp\/v2\/media?parent=10972"}],"wp:term":[{"taxonomy":"category","embeddable":true,"href":"https:\/\/sinoextrud.com\/cs\/wp-json\/wp\/v2\/categories?post=10972"}],"curies":[{"name":"wp","href":"https:\/\/api.w.org\/{rel}","templated":true}]}}