{"id":10969,"date":"2025-08-01T03:20:05","date_gmt":"2025-08-01T03:20:05","guid":{"rendered":"https:\/\/sinoextrud.com\/product\/large-aluminum-heat-sink-for-heavy-duty-devices\/"},"modified":"2025-08-01T03:20:05","modified_gmt":"2025-08-01T03:20:05","slug":"velky-hlinikovy-chladic-pro-narocna-zarizeni","status":"publish","type":"product","link":"https:\/\/sinoextrud.com\/cs\/product\/large-aluminum-heat-sink-for-heavy-duty-devices\/","title":{"rendered":"Velk\u00fd hlin\u00edkov\u00fd chladi\u010d pro n\u00e1ro\u010dn\u00e1 za\u0159\u00edzen\u00ed"},"content":{"rendered":"<h2>Podrobnosti o produktech<\/h2>\n<div class=\"product-table\">\n<div class=\"row\">\n<div class=\"cell label\">T\u0159\u00edda<\/div>\n<div class=\"cell value\">\u0158ada 6000<\/div>\n<\/div>\n<div class=\"row\">\n<div class=\"cell label\">Tolerance<\/div>\n<div class=\"cell value\">GB\/T 3190-2008,GB\/T 14846-2008,ISO 2768<\/div>\n<\/div>\n<div class=\"row\">\n<div class=\"cell label\">Doba dod\u00e1n\u00ed<\/div>\n<div class=\"cell value\">22-30 dn\u00ed<\/div>\n<\/div>\n<div class=\"row\">\n<div class=\"cell label\">Temperament<\/div>\n<div class=\"cell value\">T3-T8<\/div>\n<\/div>\n<div class=\"row\">\n<div class=\"cell label\">Aplikace<\/div>\n<div class=\"cell value\">Chladi\u010d<\/div>\n<\/div>\n<div class=\"row\">\n<div class=\"cell label\">Tvar<\/div>\n<div class=\"cell value\">Vlastn\u00ed<\/div>\n<\/div>\n<div class=\"row\">\n<div class=\"cell label\">Slitina nebo ne<\/div>\n<div class=\"cell value\">Je slitina<\/div>\n<\/div>\n<div class=\"row\">\n<div class=\"cell label\">Slu\u017eba zpracov\u00e1n\u00ed<\/div>\n<div class=\"cell value\">\u0158ez\u00e1n\u00ed, vrt\u00e1n\u00ed a z\u00e1vitov\u00e1n\u00ed, CNC obr\u00e1b\u011bn\u00ed, eloxov\u00e1n\u00ed<\/div>\n<\/div>\n<div class=\"row\">\n<div class=\"cell label\">Hmotnost<\/div>\n<div class=\"cell value\">26,4 kgs\/m<\/div>\n<\/div>\n<div class=\"row\">\n<div class=\"cell label\">Povrchov\u00e1 \u00faprava<\/div>\n<div class=\"cell value\">(\u010dern\u00fd) elox<\/div>\n<\/div>\n<div class=\"row\">\n<div class=\"cell label\">Standardn\u00ed formy Mno\u017estv\u00ed<\/div>\n<div class=\"cell value\">V\u00edce ne\u017e 30 000 sad<\/div>\n<\/div>\n<div class=\"row\">\n<div class=\"cell label\">Prodejn\u00ed jednotky<\/div>\n<div class=\"cell value\">Jednotliv\u00e1 polo\u017eka<\/div>\n<\/div>\n<div class=\"row\">\n<div class=\"cell label\">Velikost jednoho balen\u00ed<\/div>\n<div class=\"cell value\">62X42X8 cm<\/div>\n<\/div>\n<div class=\"row\">\n<div class=\"cell label\">Jednotliv\u00e1 hrub\u00e1 hmotnost<\/div>\n<div class=\"cell value\">18.000 KG<\/div>\n<\/div>\n<\/div>\n<p><\/p>\n<h2>Na\u0161e v\u00fdrobn\u00ed z\u00e1kladna<\/h2>\n<h3>Panorama tov\u00e1rny<\/h3>\n<p><img decoding=\"async\" src=\"\/wp-content\/uploads\/factory-01.webp\"\/><\/p>\n<h3>D\u00edlna na v\u00fdrobu hlin\u00edkov\u00fdch ty\u010d\u00ed<\/h3>\n<p><img decoding=\"async\" src=\"\/wp-content\/uploads\/factory-02.webp\"\/><\/p>\n<p><img decoding=\"async\" src=\"\/wp-content\/uploads\/factory-03.webp\"\/><\/p>\n<h3>Sklad pl\u00edsn\u00ed<\/h3>\n<p><img decoding=\"async\" src=\"\/wp-content\/uploads\/factory-04.webp\"\/><\/p>\n<h3>43 linek na vytla\u010dov\u00e1n\u00ed hlin\u00edku (500-5500 tun)<\/h3>\n<p><img decoding=\"async\" src=\"\/wp-content\/uploads\/factory-05.webp\"\/><\/p>\n<p><img decoding=\"async\" src=\"\/wp-content\/uploads\/factory-06.webp\"\/><\/p>\n<p><img decoding=\"async\" src=\"\/wp-content\/uploads\/factory-07.webp\"\/><\/p>\n<h3>D\u00edlna pr\u00e1\u0161kov\u00e9ho lakov\u00e1n\u00ed<\/h3>\n<p><img decoding=\"async\" src=\"\/wp-content\/uploads\/factory-09.webp\"\/><\/p>\n<h3>D\u00edlna eloxov\u00e1n\u00ed<\/h3>\n<p><img decoding=\"async\" src=\"\/wp-content\/uploads\/factory-10.webp\"\/><\/p>\n<h3>Workshop o hloubkov\u00e9m zpracov\u00e1n\u00ed<\/h3>\n<p><img decoding=\"async\" src=\"\/wp-content\/uploads\/factory-11.webp\"\/><\/p>\n<h3>D\u00edlna CNC p\u0159esn\u00e9ho obr\u00e1b\u011bn\u00ed<\/h3>\n<p><img decoding=\"async\" src=\"\/wp-content\/uploads\/factory-11.5.webp\"\/><\/p>\n<h3>Sklad hotov\u00fdch v\u00fdrobk\u016f a exportn\u00ed sklad<\/h3>\n<p><img decoding=\"async\" src=\"\/wp-content\/uploads\/factory-12.webp\"\/><\/p>\n<p><img decoding=\"async\" src=\"\/wp-content\/uploads\/factory-13.webp\"\/><\/p>\n<p><img decoding=\"async\" src=\"\/wp-content\/uploads\/factory-14.webp\"\/><\/p>\n<h2>\u010cASTO KLADEN\u00c9 DOTAZY<\/h2>\n<p><strong>1. Jak\u00e9 materi\u00e1ly jsou pou\u017eity ve velk\u00e9m hlin\u00edkov\u00e9m chladi\u010di?<\/strong><br \/>Velk\u00fd hlin\u00edkov\u00fd chladi\u010d je vyroben z vysoce kvalitn\u00edho hlin\u00edku, kter\u00fd je zn\u00e1m\u00fd svou vynikaj\u00edc\u00ed tepelnou vodivost\u00ed.<\/p>\n<p><strong>2. Lze velikost hlin\u00edkov\u00e9ho chladi\u010de p\u0159izp\u016fsobit?<\/strong><br \/>Ano, nab\u00edz\u00edme p\u0159izp\u016fsobiteln\u00e9 rozm\u011bry, kter\u00e9 odpov\u00eddaj\u00ed va\u0161im specifick\u00fdm pot\u0159eb\u00e1m.<\/p>\n<p><strong>3. Jak velk\u00fd hlin\u00edkov\u00fd chladi\u010d zlep\u0161uje tepeln\u00fd management?<\/strong><br \/>\u00da\u010dinn\u011b odv\u00e1d\u00ed teplo, \u010d\u00edm\u017e zabra\u0148uje p\u0159eh\u0159\u00edv\u00e1n\u00ed a zvy\u0161uje v\u00fdkon za\u0159\u00edzen\u00ed.<\/p>\n<p><strong>4. Je chladi\u010d vhodn\u00fd pro v\u00fdkonnou elektroniku?<\/strong><br \/>Ano, je navr\u017een tak, aby zvl\u00e1dal tepeln\u00fd v\u00fdkon v\u00fdkonn\u00fdch elektronick\u00fdch za\u0159\u00edzen\u00ed.<\/p>\n<p><strong>5. Pro jak\u00e1 odv\u011btv\u00ed m\u016f\u017ee b\u00fdt pou\u017eit\u00ed tohoto hlin\u00edkov\u00e9ho chladi\u010de p\u0159\u00ednosem?<\/strong><br \/>Je ide\u00e1ln\u00ed pro odv\u011btv\u00ed, jako je elektronika, automobilov\u00fd pr\u016fmysl a telekomunikace.<\/p>\n<p><strong>6. Jak\u00e9 je minim\u00e1ln\u00ed objednac\u00ed mno\u017estv\u00ed pro velk\u00fd hlin\u00edkov\u00fd chladi\u010d?<\/strong><br \/>MOQ z\u00e1vis\u00ed na \u00farovni p\u0159izp\u016fsoben\u00ed, obvykle od 500 kus\u016f.<\/p>\n<p><strong>7. Vy\u017eaduje velk\u00fd hlin\u00edkov\u00fd chladi\u010d speci\u00e1ln\u00ed zp\u016fsob mont\u00e1\u017ee?<\/strong><br \/>Ne, m\u00e1 univerz\u00e1ln\u00ed design umo\u017e\u0148uj\u00edc\u00ed snadnou integraci do r\u016fzn\u00fdch syst\u00e9m\u016f.<\/p>\n<p><\/p>","protected":false},"featured_media":10817,"template":"","categories":[72],"class_list":["post-10969","product","type-product","status-publish","has-post-thumbnail","hentry","category-extruded-aluminum-heatsink"],"meta_box":{"hilight_text_group":[{"product_hilight_text":"<li>Efficient heat dissipation for enhanced thermal management<\/li>\n<li>Constructed from high-grade aluminum for superior heat conduction<\/li>\n<li>Customizable dimensions and finishes to fit specific applications<\/li>\n<li>Lightweight yet durable design for easy integration<\/li>\n<li>Compatible with a wide range of electronic devices and components<\/li>"}],"feature_list":[]},"_links":{"self":[{"href":"https:\/\/sinoextrud.com\/cs\/wp-json\/wp\/v2\/product\/10969","targetHints":{"allow":["GET"]}}],"collection":[{"href":"https:\/\/sinoextrud.com\/cs\/wp-json\/wp\/v2\/product"}],"about":[{"href":"https:\/\/sinoextrud.com\/cs\/wp-json\/wp\/v2\/types\/product"}],"wp:featuredmedia":[{"embeddable":true,"href":"https:\/\/sinoextrud.com\/cs\/wp-json\/wp\/v2\/media\/10817"}],"wp:attachment":[{"href":"https:\/\/sinoextrud.com\/cs\/wp-json\/wp\/v2\/media?parent=10969"}],"wp:term":[{"taxonomy":"category","embeddable":true,"href":"https:\/\/sinoextrud.com\/cs\/wp-json\/wp\/v2\/categories?post=10969"}],"curies":[{"name":"wp","href":"https:\/\/api.w.org\/{rel}","templated":true}]}}