{"id":10968,"date":"2025-08-01T03:19:08","date_gmt":"2025-08-01T03:19:08","guid":{"rendered":"https:\/\/sinoextrud.com\/product\/compositionalc-aluminum-heat-sink-vapor-chamber\/"},"modified":"2025-08-01T03:19:08","modified_gmt":"2025-08-01T03:19:08","slug":"slozeni-hlinikoveho-chladice-s-odparovaci-komorou","status":"publish","type":"product","link":"https:\/\/sinoextrud.com\/cs\/product\/compositionalc-aluminum-heat-sink-vapor-chamber\/","title":{"rendered":"Slo\u017een\u00edc Hlin\u00edkov\u00fd chladi\u010d Parn\u00ed komora"},"content":{"rendered":"<h2>Podrobnosti o produktech<\/h2>\n<div class=\"product-table\">\n<div class=\"row\">\n<div class=\"cell label\">N\u00e1zev produktu<\/div>\n<div class=\"cell value\">chladic\u00ed deska<\/div>\n<\/div>\n<div class=\"row\">\n<div class=\"cell label\">Barva<\/div>\n<div class=\"cell value\">P\u0159izp\u016fsoben\u00e9 barvy<\/div>\n<\/div>\n<div class=\"row\">\n<div class=\"cell label\">N\u00e1zev<\/div>\n<div class=\"cell value\">chladic\u00ed deska<\/div>\n<\/div>\n<div class=\"row\">\n<div class=\"cell label\">Balen\u00ed<\/div>\n<div class=\"cell value\">Karton<\/div>\n<\/div>\n<div class=\"row\">\n<div class=\"cell label\">Kl\u00ed\u010dov\u00e9 slovo<\/div>\n<div class=\"cell value\">chladic\u00ed deska<\/div>\n<\/div>\n<div class=\"row\">\n<div class=\"cell label\">Pou\u017e\u00edv\u00e1 se v<\/div>\n<div class=\"cell value\">pro chlazen\u00ed bateri\u00ed ev<\/div>\n<\/div>\n<div class=\"row\">\n<div class=\"cell label\">Platba<\/div>\n<div class=\"cell value\">T\/T<\/div>\n<\/div>\n<div class=\"row\">\n<div class=\"cell label\">Styl<\/div>\n<div class=\"cell value\">chladic\u00ed deska<\/div>\n<\/div>\n<div class=\"row\">\n<div class=\"cell label\">Velikost<\/div>\n<div class=\"cell value\">P\u0159izp\u016fsoben\u00e1 velikost<\/div>\n<\/div>\n<div class=\"row\">\n<div class=\"cell label\">Kvalita<\/div>\n<div class=\"cell value\">Vysoce kvalitn\u00ed<\/div>\n<\/div>\n<div class=\"row\">\n<div class=\"cell label\">Prodejn\u00ed jednotky<\/div>\n<div class=\"cell value\">Jednotliv\u00e1 polo\u017eka<\/div>\n<\/div>\n<\/div>\n<p><\/p>\n<h2>Na\u0161e v\u00fdrobn\u00ed z\u00e1kladna<\/h2>\n<h3>Panorama tov\u00e1rny<\/h3>\n<p><img decoding=\"async\" src=\"\/wp-content\/uploads\/factory-01.webp\"\/><\/p>\n<h3>D\u00edlna na v\u00fdrobu hlin\u00edkov\u00fdch ty\u010d\u00ed<\/h3>\n<p><img decoding=\"async\" src=\"\/wp-content\/uploads\/factory-02.webp\"\/><\/p>\n<p><img decoding=\"async\" src=\"\/wp-content\/uploads\/factory-03.webp\"\/><\/p>\n<h3>Sklad pl\u00edsn\u00ed<\/h3>\n<p><img decoding=\"async\" src=\"\/wp-content\/uploads\/factory-04.webp\"\/><\/p>\n<h3>43 linek na vytla\u010dov\u00e1n\u00ed hlin\u00edku (500-5500 tun)<\/h3>\n<p><img decoding=\"async\" src=\"\/wp-content\/uploads\/factory-05.webp\"\/><\/p>\n<p><img decoding=\"async\" src=\"\/wp-content\/uploads\/factory-06.webp\"\/><\/p>\n<p><img decoding=\"async\" src=\"\/wp-content\/uploads\/factory-07.webp\"\/><\/p>\n<h3>D\u00edlna pr\u00e1\u0161kov\u00e9ho lakov\u00e1n\u00ed<\/h3>\n<p><img decoding=\"async\" src=\"\/wp-content\/uploads\/factory-09.webp\"\/><\/p>\n<h3>D\u00edlna eloxov\u00e1n\u00ed<\/h3>\n<p><img decoding=\"async\" src=\"\/wp-content\/uploads\/factory-10.webp\"\/><\/p>\n<h3>Workshop o hloubkov\u00e9m zpracov\u00e1n\u00ed<\/h3>\n<p><img decoding=\"async\" src=\"\/wp-content\/uploads\/factory-11.webp\"\/><\/p>\n<h3>D\u00edlna CNC p\u0159esn\u00e9ho obr\u00e1b\u011bn\u00ed<\/h3>\n<p><img decoding=\"async\" src=\"\/wp-content\/uploads\/factory-11.5.webp\"\/><\/p>\n<h3>Sklad hotov\u00fdch v\u00fdrobk\u016f a exportn\u00ed sklad<\/h3>\n<p><img decoding=\"async\" src=\"\/wp-content\/uploads\/factory-12.webp\"\/><\/p>\n<p><img decoding=\"async\" src=\"\/wp-content\/uploads\/factory-13.webp\"\/><\/p>\n<p><img decoding=\"async\" src=\"\/wp-content\/uploads\/factory-14.webp\"\/><\/p>\n<h2>\u010cASTO KLADEN\u00c9 DOTAZY<\/h2>\n<p><strong>1. Co je to odpa\u0159ovac\u00ed komora v chladi\u010di?<\/strong><br \/>Odpa\u0159ovac\u00ed komora je sou\u010d\u00e1stka ur\u010den\u00e1 k rovnom\u011brn\u00e9mu rozlo\u017een\u00ed tepla po chladi\u010di pomoc\u00ed proces\u016f odpa\u0159ov\u00e1n\u00ed a kondenzace.<\/p>\n<p><strong>2. Jak ovliv\u0148uje slo\u017een\u00ed hlin\u00edku v\u00fdkon chladi\u010de?<\/strong><br \/>Hlin\u00edk je lehk\u00fd a m\u00e1 vysokou tepelnou vodivost, kter\u00e1 je nezbytn\u00e1 pro \u00fa\u010dinn\u00fd odvod tepla.<\/p>\n<p><strong>3. Lze chladi\u010d p\u0159izp\u016fsobit pro konkr\u00e9tn\u00ed za\u0159\u00edzen\u00ed?<\/strong><br \/>Ano, nab\u00edz\u00edme p\u0159izp\u016fsoben\u00ed na m\u00edru r\u016fzn\u00fdm po\u017eadavk\u016fm a velikostem za\u0159\u00edzen\u00ed.<\/p>\n<p><strong>4. Je tento chladi\u010d vhodn\u00fd pro v\u00fdkonn\u00e9 elektronick\u00e9 aplikace?<\/strong><br \/>Rozhodn\u011b je navr\u017een tak, aby zvl\u00e1dal intenzivn\u00ed \u00falohy chlazen\u00ed v\u00fdkonn\u00e9 elektroniky.<\/p>\n<p><strong>5. Vy\u017eaduje odpa\u0159ovac\u00ed komora \u00fadr\u017ebu?<\/strong><br \/>Ne, odpa\u0159ovac\u00ed komora je ut\u011bsn\u011bn\u00e1 jednotka a b\u011bhem sv\u00e9 \u017eivotnosti nevy\u017eaduje \u00fadr\u017ebu.<\/p>\n<p><strong>6. Jak\u00e1 odv\u011btv\u00ed mohou tento chladi\u010d vyu\u017e\u00edt?<\/strong><br \/>V\u00fdrazn\u011b z toho mohou t\u011b\u017eit odv\u011btv\u00ed jako telekomunikace, v\u00fdpo\u010detn\u00ed technika a automobilov\u00e1 elektronika.<\/p>\n<p><strong>7. Podporuje tento v\u00fdrobek energeticky \u00fa\u010dinn\u00e9 postupy?<\/strong><br \/>Ano, d\u00edky lep\u0161\u00edmu odvodu tepla p\u0159isp\u00edv\u00e1 k celkov\u00e9 energetick\u00e9 \u00fa\u010dinnosti za\u0159\u00edzen\u00ed.<\/p>\n<p><\/p>","protected":false},"featured_media":10787,"template":"","categories":[74],"class_list":["post-10968","product","type-product","status-publish","has-post-thumbnail","hentry","category-vapor-chamber"],"meta_box":{"hilight_text_group":[{"product_hilight_text":"<li>Engineered for efficient heat dissipation in electronics<\/li>\n<li>Lightweight aluminum construction for easy integration<\/li>\n<li>Features advanced vapor chamber technology for optimized cooling<\/li>\n<li>Customizable dimensions and profiles for diverse applications<\/li>\n<li>Excellent thermal conductivity enhancing device performance<\/li>"}],"feature_list":[]},"_links":{"self":[{"href":"https:\/\/sinoextrud.com\/cs\/wp-json\/wp\/v2\/product\/10968","targetHints":{"allow":["GET"]}}],"collection":[{"href":"https:\/\/sinoextrud.com\/cs\/wp-json\/wp\/v2\/product"}],"about":[{"href":"https:\/\/sinoextrud.com\/cs\/wp-json\/wp\/v2\/types\/product"}],"wp:featuredmedia":[{"embeddable":true,"href":"https:\/\/sinoextrud.com\/cs\/wp-json\/wp\/v2\/media\/10787"}],"wp:attachment":[{"href":"https:\/\/sinoextrud.com\/cs\/wp-json\/wp\/v2\/media?parent=10968"}],"wp:term":[{"taxonomy":"category","embeddable":true,"href":"https:\/\/sinoextrud.com\/cs\/wp-json\/wp\/v2\/categories?post=10968"}],"curies":[{"name":"wp","href":"https:\/\/api.w.org\/{rel}","templated":true}]}}