{"id":10965,"date":"2025-08-01T03:18:15","date_gmt":"2025-08-01T03:18:15","guid":{"rendered":"https:\/\/sinoextrud.com\/product\/round-aluminum-heat-sink-for-led-modules\/"},"modified":"2025-08-01T03:18:15","modified_gmt":"2025-08-01T03:18:15","slug":"kulaty-hlinikovy-chladic-pro-led-moduly","status":"publish","type":"product","link":"https:\/\/sinoextrud.com\/cs\/product\/round-aluminum-heat-sink-for-led-modules\/","title":{"rendered":"Kulat\u00fd hlin\u00edkov\u00fd chladi\u010d pro LED moduly"},"content":{"rendered":"<h2>Podrobnosti o produktech<\/h2>\n<div class=\"product-table\">\n<div class=\"row\">\n<div class=\"cell label\">Typ<\/div>\n<div class=\"cell value\">Chladi\u010d<\/div>\n<\/div>\n<div class=\"row\">\n<div class=\"cell label\">Metoda p\u0159ipevn\u011bn\u00ed<\/div>\n<div class=\"cell value\">Vytla\u010dov\u00e1n\u00ed<\/div>\n<\/div>\n<div class=\"row\">\n<div class=\"cell label\">Materi\u00e1l<\/div>\n<div class=\"cell value\">Hlin\u00edkov\u00e1 slitina<\/div>\n<\/div>\n<div class=\"row\">\n<div class=\"cell label\">Velikost \/ rozm\u011br<\/div>\n<div class=\"cell value\">D86*30 mm<\/div>\n<\/div>\n<div class=\"row\">\n<div class=\"cell label\">Aplikace<\/div>\n<div class=\"cell value\">LED sv\u011btlo, LED pouli\u010dn\u00ed osv\u011btlen\u00ed, \u010delovka, bodov\u00e9 osv\u011btlen\u00ed atd.<\/div>\n<\/div>\n<div class=\"row\">\n<div class=\"cell label\">Prodejn\u00ed jednotky<\/div>\n<div class=\"cell value\">Jednotliv\u00e1 polo\u017eka<\/div>\n<\/div>\n<\/div>\n<p><\/p>\n<h2>Na\u0161e v\u00fdrobn\u00ed z\u00e1kladna<\/h2>\n<h3>Panorama tov\u00e1rny<\/h3>\n<p><img decoding=\"async\" src=\"\/wp-content\/uploads\/factory-01.webp\"\/><\/p>\n<h3>D\u00edlna na v\u00fdrobu hlin\u00edkov\u00fdch ty\u010d\u00ed<\/h3>\n<p><img decoding=\"async\" src=\"\/wp-content\/uploads\/factory-02.webp\"\/><\/p>\n<p><img decoding=\"async\" src=\"\/wp-content\/uploads\/factory-03.webp\"\/><\/p>\n<h3>Sklad pl\u00edsn\u00ed<\/h3>\n<p><img decoding=\"async\" src=\"\/wp-content\/uploads\/factory-04.webp\"\/><\/p>\n<h3>43 linek na vytla\u010dov\u00e1n\u00ed hlin\u00edku (500-5500 tun)<\/h3>\n<p><img decoding=\"async\" src=\"\/wp-content\/uploads\/factory-05.webp\"\/><\/p>\n<p><img decoding=\"async\" src=\"\/wp-content\/uploads\/factory-06.webp\"\/><\/p>\n<p><img decoding=\"async\" src=\"\/wp-content\/uploads\/factory-07.webp\"\/><\/p>\n<h3>D\u00edlna pr\u00e1\u0161kov\u00e9ho lakov\u00e1n\u00ed<\/h3>\n<p><img decoding=\"async\" src=\"\/wp-content\/uploads\/factory-09.webp\"\/><\/p>\n<h3>D\u00edlna eloxov\u00e1n\u00ed<\/h3>\n<p><img decoding=\"async\" src=\"\/wp-content\/uploads\/factory-10.webp\"\/><\/p>\n<h3>Workshop o hloubkov\u00e9m zpracov\u00e1n\u00ed<\/h3>\n<p><img decoding=\"async\" src=\"\/wp-content\/uploads\/factory-11.webp\"\/><\/p>\n<h3>D\u00edlna CNC p\u0159esn\u00e9ho obr\u00e1b\u011bn\u00ed<\/h3>\n<p><img decoding=\"async\" src=\"\/wp-content\/uploads\/factory-11.5.webp\"\/><\/p>\n<h3>Sklad hotov\u00fdch v\u00fdrobk\u016f a exportn\u00ed sklad<\/h3>\n<p><img decoding=\"async\" src=\"\/wp-content\/uploads\/factory-12.webp\"\/><\/p>\n<p><img decoding=\"async\" src=\"\/wp-content\/uploads\/factory-13.webp\"\/><\/p>\n<p><img decoding=\"async\" src=\"\/wp-content\/uploads\/factory-14.webp\"\/><\/p>\n<h2>\u010cASTO KLADEN\u00c9 DOTAZY<\/h2>\n<p><strong>1. K \u010demu se pou\u017e\u00edv\u00e1 kulat\u00fd hlin\u00edkov\u00fd chladi\u010d?<\/strong><br \/>Kulat\u00e9 hlin\u00edkov\u00e9 chladi\u010de se pou\u017e\u00edvaj\u00ed pro \u00fa\u010dinn\u00e9 \u0159\u00edzen\u00ed tepla v r\u016fzn\u00fdch elektronick\u00fdch aplikac\u00edch.<\/p>\n<p><strong>2. Lze hlin\u00edkov\u00fd chladi\u010d p\u0159izp\u016fsobit?<\/strong><br \/>Ano, nab\u00edz\u00edme p\u0159izp\u016fsoben\u00ed velikost\u00ed a tvar\u016f tak, aby vyhovovaly konkr\u00e9tn\u00edm po\u017eadavk\u016fm.<\/p>\n<p><strong>3. Pro\u010d je hlin\u00edk vhodnou volbou pro chladi\u010de?<\/strong><br \/>Hlin\u00edk je lehk\u00fd a m\u00e1 vynikaj\u00edc\u00ed tepelnou vodivost, co\u017e ho \u010din\u00ed ide\u00e1ln\u00edm materi\u00e1lem pro odvod tepla.<\/p>\n<p><strong>4. Je materi\u00e1l chladi\u010de odoln\u00fd proti korozi?<\/strong><br \/>Ano, hlin\u00edkov\u00fd chladi\u010d je navr\u017een tak, aby byl odoln\u00fd proti korozi a m\u011bl tak del\u0161\u00ed \u017eivotnost.<\/p>\n<p><strong>5. Jak\u00fd vliv m\u00e1 konstrukce na odvod tepla?<\/strong><br \/>Kruhov\u00fd design umo\u017e\u0148uje optim\u00e1ln\u00ed proud\u011bn\u00ed vzduchu, \u010d\u00edm\u017e zlep\u0161uje odvod tepla.<\/p>\n<p><strong>6. Jsou tyto chladi\u010de vhodn\u00e9 pro pr\u016fmyslov\u00e9 aplikace?<\/strong><br \/>Ano, na\u0161e kulat\u00e9 hlin\u00edkov\u00e9 chladi\u010de jsou vhodn\u00e9 pro celou \u0159adu pr\u016fmyslov\u00fdch aplikac\u00ed.<\/p>\n<p><strong>7. Poskytujete mezin\u00e1rodn\u00ed dopravu pro tyto chladi\u010de?<\/strong><br \/>Ano, nab\u00edz\u00edme mezin\u00e1rodn\u00ed dopravu s komplexn\u00ed logistickou podporou.<\/p>\n<p><\/p>","protected":false},"featured_media":10819,"template":"","categories":[55],"class_list":["post-10965","product","type-product","status-publish","has-post-thumbnail","hentry","category-extruded-aluminum-profiles"],"meta_box":{"hilight_text_group":[{"product_hilight_text":"<li>Efficient thermal management for electronic components<\/li>\n<li>Lightweight design with high-quality aluminum construction<\/li>\n<li>Customizable sizes and shapes for specific applications<\/li>\n<li>High-performance heat dissipation with optimal airflow design<\/li>\n<li>Corrosion-resistant and durable for long-term use<\/li>"}],"feature_list":[]},"_links":{"self":[{"href":"https:\/\/sinoextrud.com\/cs\/wp-json\/wp\/v2\/product\/10965","targetHints":{"allow":["GET"]}}],"collection":[{"href":"https:\/\/sinoextrud.com\/cs\/wp-json\/wp\/v2\/product"}],"about":[{"href":"https:\/\/sinoextrud.com\/cs\/wp-json\/wp\/v2\/types\/product"}],"wp:featuredmedia":[{"embeddable":true,"href":"https:\/\/sinoextrud.com\/cs\/wp-json\/wp\/v2\/media\/10819"}],"wp:attachment":[{"href":"https:\/\/sinoextrud.com\/cs\/wp-json\/wp\/v2\/media?parent=10965"}],"wp:term":[{"taxonomy":"category","embeddable":true,"href":"https:\/\/sinoextrud.com\/cs\/wp-json\/wp\/v2\/categories?post=10965"}],"curies":[{"name":"wp","href":"https:\/\/api.w.org\/{rel}","templated":true}]}}