{"id":10964,"date":"2025-08-01T03:18:13","date_gmt":"2025-08-01T03:18:13","guid":{"rendered":"https:\/\/sinoextrud.com\/product\/color-anodized-heat-sink-for-led-lighting\/"},"modified":"2025-08-01T03:18:13","modified_gmt":"2025-08-01T03:18:13","slug":"barevny-eloxovany-chladic-pro-led-osvetleni","status":"publish","type":"product","link":"https:\/\/sinoextrud.com\/cs\/product\/color-anodized-heat-sink-for-led-lighting\/","title":{"rendered":"Barevn\u011b eloxovan\u00fd chladi\u010d pro LED osv\u011btlen\u00ed"},"content":{"rendered":"<h2>Podrobnosti o produktech<\/h2>\n<div class=\"product-table\">\n<div class=\"row\">\n<div class=\"cell label\">T\u0159\u00edda<\/div>\n<div class=\"cell value\">\u0158ada 6000<\/div>\n<\/div>\n<div class=\"row\">\n<div class=\"cell label\">Tolerance<\/div>\n<div class=\"cell value\">+\/-0,01 mm<\/div>\n<\/div>\n<div class=\"row\">\n<div class=\"cell label\">Doba dod\u00e1n\u00ed<\/div>\n<div class=\"cell value\">8-14 dn\u00ed<\/div>\n<\/div>\n<div class=\"row\">\n<div class=\"cell label\">Temperament<\/div>\n<div class=\"cell value\">T3-T8<\/div>\n<\/div>\n<div class=\"row\">\n<div class=\"cell label\">Aplikace<\/div>\n<div class=\"cell value\">Chladi\u010d<\/div>\n<\/div>\n<div class=\"row\">\n<div class=\"cell label\">Tvar<\/div>\n<div class=\"cell value\">na m\u00edru<\/div>\n<\/div>\n<div class=\"row\">\n<div class=\"cell label\">Slitina nebo ne<\/div>\n<div class=\"cell value\">Je slitina<\/div>\n<\/div>\n<div class=\"row\">\n<div class=\"cell label\">Slu\u017eba zpracov\u00e1n\u00ed<\/div>\n<div class=\"cell value\">Oh\u00fdb\u00e1n\u00ed, odv\u00edjen\u00ed, sva\u0159ov\u00e1n\u00ed, d\u011brov\u00e1n\u00ed, \u0159ez\u00e1n\u00ed<\/div>\n<\/div>\n<div class=\"row\">\n<div class=\"cell label\">N\u00e1zev produktu<\/div>\n<div class=\"cell value\">P\u0159izp\u016fsoben\u00fd chladi\u010d z extrudovan\u00e9ho hlin\u00edkov\u00e9ho profilu<\/div>\n<\/div>\n<div class=\"row\">\n<div class=\"cell label\">Povrchov\u00e1 \u00faprava<\/div>\n<div class=\"cell value\">Ml\u00fdn dokon\u010dovac\u00ed, eloxov\u00e1n\u00ed, pr\u00e1\u0161kov\u00e9 lakov\u00e1n\u00ed ect.<\/div>\n<\/div>\n<div class=\"row\">\n<div class=\"cell label\">Barva<\/div>\n<div class=\"cell value\">OEM<\/div>\n<\/div>\n<div class=\"row\">\n<div class=\"cell label\">Materi\u00e1l<\/div>\n<div class=\"cell value\">Slitina hlin\u00edku 6063<\/div>\n<\/div>\n<div class=\"row\">\n<div class=\"cell label\">Tolerance<\/div>\n<div class=\"cell value\">GB5237-2008 nebo podle va\u0161eho standardu s vysokou p\u0159esnost\u00ed<\/div>\n<\/div>\n<div class=\"row\">\n<div class=\"cell label\">Certifikace<\/div>\n<div class=\"cell value\">ISO9001:2008<\/div>\n<\/div>\n<div class=\"row\">\n<div class=\"cell label\">Tlou\u0161\u0165ka st\u011bny<\/div>\n<div class=\"cell value\">0,4-100 mm nebo p\u0159ijmout p\u0159izp\u016fsoben\u00ed<\/div>\n<\/div>\n<div class=\"row\">\n<div class=\"cell label\">D\u00e9lka<\/div>\n<div class=\"cell value\">Vlastn\u00ed d\u00e9lka<\/div>\n<\/div>\n<div class=\"row\">\n<div class=\"cell label\">Typ<\/div>\n<div class=\"cell value\">Hlin\u00edkov\u00fd profil chladi\u010de OEM<\/div>\n<\/div>\n<div class=\"row\">\n<div class=\"cell label\">Pou\u017eit\u00ed<\/div>\n<div class=\"cell value\">V\u00edcen\u00e1sobn\u00e9 pou\u017eit\u00ed<\/div>\n<\/div>\n<div class=\"row\">\n<div class=\"cell label\">Podrobnosti o balen\u00ed<\/div>\n<div class=\"cell value\">balen\u00ed na m\u00edru podle p\u0159\u00e1n\u00ed z\u00e1kazn\u00edka, obvykle:   Pokud je mal\u00e1 CNC \u010d\u00e1st, EPE p\u011bna + kartony D, Pokud m\u00e1 z\u00e1kazn\u00edk zvl\u00e1\u0161tn\u00ed po\u017eadavek, m\u016f\u017eeme poskytnout d\u0159ev\u011bnou krabici.<\/div>\n<\/div>\n<div class=\"row\">\n<div class=\"cell label\">P\u0159\u00edstav odesl\u00e1n\u00ed<\/div>\n<div class=\"cell value\">P\u0159\u00edstav Tianjin, p\u0159\u00edstav Qingdao, p\u0159\u00edstav Shanghai a tak d\u00e1le<\/div>\n<\/div>\n<div class=\"row\">\n<div class=\"cell label\">Prodejn\u00ed jednotky<\/div>\n<div class=\"cell value\">Jednotliv\u00e1 polo\u017eka<\/div>\n<\/div>\n<div class=\"row\">\n<div class=\"cell label\">Velikost jednoho balen\u00ed<\/div>\n<div class=\"cell value\">50X40X30 cm<\/div>\n<\/div>\n<div class=\"row\">\n<div class=\"cell label\">Jednotliv\u00e1 hrub\u00e1 hmotnost<\/div>\n<div class=\"cell value\">1.000 KG<\/div>\n<\/div>\n<div class=\"row\">\n<div class=\"cell label\">Schopnost z\u00e1sobov\u00e1n\u00ed<\/div>\n<div class=\"cell value\">5000 metrick\u00fdch tun za m\u011bs\u00edc P\u0159izp\u016fsoben\u00fd chladi\u010d extrudovan\u00fd hlin\u00edkov\u00fd profil<\/div>\n<\/div>\n<\/div>\n<p><\/p>\n<h2>Na\u0161e v\u00fdrobn\u00ed z\u00e1kladna<\/h2>\n<h3>Panorama tov\u00e1rny<\/h3>\n<p><img decoding=\"async\" src=\"\/wp-content\/uploads\/factory-01.webp\"\/><\/p>\n<h3>D\u00edlna na v\u00fdrobu hlin\u00edkov\u00fdch ty\u010d\u00ed<\/h3>\n<p><img decoding=\"async\" src=\"\/wp-content\/uploads\/factory-02.webp\"\/><\/p>\n<p><img decoding=\"async\" src=\"\/wp-content\/uploads\/factory-03.webp\"\/><\/p>\n<h3>Sklad pl\u00edsn\u00ed<\/h3>\n<p><img decoding=\"async\" src=\"\/wp-content\/uploads\/factory-04.webp\"\/><\/p>\n<h3>43 linek na vytla\u010dov\u00e1n\u00ed hlin\u00edku (500-5500 tun)<\/h3>\n<p><img decoding=\"async\" src=\"\/wp-content\/uploads\/factory-05.webp\"\/><\/p>\n<p><img decoding=\"async\" src=\"\/wp-content\/uploads\/factory-06.webp\"\/><\/p>\n<p><img decoding=\"async\" src=\"\/wp-content\/uploads\/factory-07.webp\"\/><\/p>\n<h3>D\u00edlna pr\u00e1\u0161kov\u00e9ho lakov\u00e1n\u00ed<\/h3>\n<p><img decoding=\"async\" src=\"\/wp-content\/uploads\/factory-09.webp\"\/><\/p>\n<h3>D\u00edlna eloxov\u00e1n\u00ed<\/h3>\n<p><img decoding=\"async\" src=\"\/wp-content\/uploads\/factory-10.webp\"\/><\/p>\n<h3>Workshop o hloubkov\u00e9m zpracov\u00e1n\u00ed<\/h3>\n<p><img decoding=\"async\" src=\"\/wp-content\/uploads\/factory-11.webp\"\/><\/p>\n<h3>D\u00edlna CNC p\u0159esn\u00e9ho obr\u00e1b\u011bn\u00ed<\/h3>\n<p><img decoding=\"async\" src=\"\/wp-content\/uploads\/factory-11.5.webp\"\/><\/p>\n<h3>Sklad hotov\u00fdch v\u00fdrobk\u016f a exportn\u00ed sklad<\/h3>\n<p><img decoding=\"async\" src=\"\/wp-content\/uploads\/factory-12.webp\"\/><\/p>\n<p><img decoding=\"async\" src=\"\/wp-content\/uploads\/factory-13.webp\"\/><\/p>\n<p><img decoding=\"async\" src=\"\/wp-content\/uploads\/factory-14.webp\"\/><\/p>\n<h2>\u010cASTO KLADEN\u00c9 DOTAZY<\/h2>\n<p><strong>1. Jak\u00e9 typy eloxovan\u00fdch barev jsou k dispozici pro chladi\u010d?<\/strong><br \/>Nab\u00edz\u00edme \u0159adu eloxovan\u00fdch barev v\u010detn\u011b \u010dern\u00e9, modr\u00e9, zlat\u00e9 a dal\u0161\u00edch pro estetick\u00e9 a funk\u010dn\u00ed \u00fa\u010dely.<\/p>\n<p><strong>2. Jak proces eloxov\u00e1n\u00ed ovliv\u0148uje odvod tepla?<\/strong><br \/>Eloxov\u00e1n\u00ed zvy\u0161uje tepelnou \u00fa\u010dinnost zv\u011bt\u0161en\u00edm plochy povrchu a vodivou povrchovou \u00fapravou.<\/p>\n<p><strong>3. Lze barevn\u011b eloxovan\u00fd chladi\u010d pou\u017e\u00edt v automobilov\u00e9m pr\u016fmyslu?<\/strong><br \/>Ano, je ur\u010den pro vysoce v\u00fdkonn\u00fd tepeln\u00fd management vhodn\u00fd pro automobilov\u00fd pr\u016fmysl a dal\u0161\u00ed pr\u016fmyslov\u00e1 pou\u017eit\u00ed.<\/p>\n<p><strong>4. Poskytujete vlastn\u00ed tvary a velikosti chladi\u010de?<\/strong><br \/>Ano, na\u0161e chladi\u010de lze p\u0159izp\u016fsobit konkr\u00e9tn\u00edm po\u017eadavk\u016fm na elektronick\u00e1 a pr\u016fmyslov\u00e1 za\u0159\u00edzen\u00ed.<\/p>\n<p><strong>5. Je eloxovan\u00fd povrch odoln\u00fd proti korozi?<\/strong><br \/>Eloxovan\u00e1 vrstva zaji\u0161\u0165uje vynikaj\u00edc\u00ed odolnost proti korozi a prodlu\u017euje \u017eivotnost chladi\u010de.<\/p>\n<p><strong>6. M\u016f\u017eeme si vy\u017e\u00e1dat vzorek p\u0159ed zad\u00e1n\u00edm hromadn\u00e9 objedn\u00e1vky?<\/strong><br \/>Ano, vzorky jsou k dispozici pro posouzen\u00ed kvality a v\u00fdkonu p\u0159ed uzav\u0159en\u00edm v\u011bt\u0161\u00edch objedn\u00e1vek.<\/p>\n<p><strong>7. Jak\u00e1 je obvykl\u00e1 doba realizace zak\u00e1zky na m\u00edru?<\/strong><br \/>Doba realizace zak\u00e1zky na m\u00edru se li\u0161\u00ed, typicky je v z\u00e1vislosti na slo\u017eitosti hotov\u00e1 do 4-6 t\u00fddn\u016f.<\/p>\n<p><\/p>","protected":false},"featured_media":10788,"template":"","categories":[72],"class_list":["post-10964","product","type-product","status-publish","has-post-thumbnail","hentry","category-extruded-aluminum-heatsink"],"meta_box":{"hilight_text_group":[{"product_hilight_text":"<li>Enhances thermal management with efficient heat dissipation<\/li>\n<li>Available in a variety of colors to match specific design needs<\/li>\n<li>Made from durable, lightweight materials suitable for various applications<\/li>\n<li>Customizable sizes and shapes to fit different electronic components<\/li>\n<li>Corrosion-resistant finish ensures long-lasting performance<\/li>"}],"feature_list":[]},"_links":{"self":[{"href":"https:\/\/sinoextrud.com\/cs\/wp-json\/wp\/v2\/product\/10964","targetHints":{"allow":["GET"]}}],"collection":[{"href":"https:\/\/sinoextrud.com\/cs\/wp-json\/wp\/v2\/product"}],"about":[{"href":"https:\/\/sinoextrud.com\/cs\/wp-json\/wp\/v2\/types\/product"}],"wp:featuredmedia":[{"embeddable":true,"href":"https:\/\/sinoextrud.com\/cs\/wp-json\/wp\/v2\/media\/10788"}],"wp:attachment":[{"href":"https:\/\/sinoextrud.com\/cs\/wp-json\/wp\/v2\/media?parent=10964"}],"wp:term":[{"taxonomy":"category","embeddable":true,"href":"https:\/\/sinoextrud.com\/cs\/wp-json\/wp\/v2\/categories?post=10964"}],"curies":[{"name":"wp","href":"https:\/\/api.w.org\/{rel}","templated":true}]}}