{"id":10963,"date":"2025-08-01T03:18:12","date_gmt":"2025-08-01T03:18:12","guid":{"rendered":"https:\/\/sinoextrud.com\/product\/led-street-lamp-heat-sink-for-outdoor-use\/"},"modified":"2025-08-01T03:18:12","modified_gmt":"2025-08-01T03:18:12","slug":"vedl-poulicni-lampy-chladic-pro-venkovni-pouziti","status":"publish","type":"product","link":"https:\/\/sinoextrud.com\/cs\/product\/led-street-lamp-heat-sink-for-outdoor-use\/","title":{"rendered":"Chladi\u010d pouli\u010dn\u00edch lamp LED pro venkovn\u00ed pou\u017eit\u00ed"},"content":{"rendered":"<h2>Podrobnosti o produktech<\/h2>\n<div class=\"product-table\">\n<div class=\"row\">\n<div class=\"cell label\">Materi\u00e1lov\u00e9 schopnosti<\/div>\n<div class=\"cell value\">Hlin\u00edk, mosaz, bronz, m\u011b\u010f, tvrzen\u00e9 kovy, drah\u00e9 kovy, nerezov\u00e1 ocel, slitiny oceli<\/div>\n<\/div>\n<div class=\"row\">\n<div class=\"cell label\">Typ<\/div>\n<div class=\"cell value\">Protahov\u00e1n\u00ed, Fr\u00e9zov\u00e1n\u00ed, Fr\u00e9zov\u00e1n\u00ed, Lept\u00e1n\u00ed, Fr\u00e9zov\u00e1n\u00ed laserem, Ostatn\u00ed obr\u00e1b\u011bc\u00ed slu\u017eby, Soustru\u017een\u00ed, Dr\u00e1tov\u00e9 elektroerozivn\u00ed obr\u00e1b\u011bn\u00ed, Rychl\u00e9 prototypov\u00e1n\u00ed<\/div>\n<\/div>\n<div class=\"row\">\n<div class=\"cell label\">Mikroobr\u00e1b\u011bn\u00ed nebo ne<\/div>\n<div class=\"cell value\">Mikroobr\u00e1b\u011bn\u00ed<\/div>\n<\/div>\n<div class=\"row\">\n<div class=\"cell label\">Materi\u00e1l<\/div>\n<div class=\"cell value\">Hlin\u00edkov\u00e1 slitina<\/div>\n<\/div>\n<div class=\"row\">\n<div class=\"cell label\">Proces<\/div>\n<div class=\"cell value\">CNC obr\u00e1b\u011bn\u00ed<\/div>\n<\/div>\n<div class=\"row\">\n<div class=\"cell label\">Povrchov\u00e1 \u00faprava<\/div>\n<div class=\"cell value\">Barevn\u00fd elox, pr\u00e1\u0161kov\u00e9 lakov\u00e1n\u00ed<\/div>\n<\/div>\n<div class=\"row\">\n<div class=\"cell label\">Tolerance<\/div>\n<div class=\"cell value\">0,01-0,05 mm<\/div>\n<\/div>\n<div class=\"row\">\n<div class=\"cell label\">Aplikace<\/div>\n<div class=\"cell value\">Elektronick\u00e9\/sv\u011bteln\u00e9\/tepeln\u00e9 \u0159e\u0161en\u00ed<\/div>\n<\/div>\n<div class=\"row\">\n<div class=\"cell label\">Form\u00e1t v\u00fdkresu<\/div>\n<div class=\"cell value\">2D\/(PDF\/CAD)3D(IGES\/STEP)<\/div>\n<\/div>\n<div class=\"row\">\n<div class=\"cell label\">Barva<\/div>\n<div class=\"cell value\">P\u0159izp\u016fsoben\u00e9<\/div>\n<\/div>\n<div class=\"row\">\n<div class=\"cell label\">Balen\u00ed<\/div>\n<div class=\"cell value\">P\u0159izp\u016fsoben\u00e9<\/div>\n<\/div>\n<div class=\"row\">\n<div class=\"cell label\">Slu\u017eba<\/div>\n<div class=\"cell value\">P\u0159izp\u016fsoben\u00e9 OEM<\/div>\n<\/div>\n<div class=\"row\">\n<div class=\"cell label\">MOQ<\/div>\n<div class=\"cell value\">1ks<\/div>\n<\/div>\n<div class=\"row\">\n<div class=\"cell label\">Prodejn\u00ed jednotky<\/div>\n<div class=\"cell value\">Jednotliv\u00e1 polo\u017eka<\/div>\n<\/div>\n<div class=\"row\">\n<div class=\"cell label\">Velikost jednoho balen\u00ed<\/div>\n<div class=\"cell value\">60X4536X45 cm<\/div>\n<\/div>\n<div class=\"row\">\n<div class=\"cell label\">Jednotliv\u00e1 hrub\u00e1 hmotnost<\/div>\n<div class=\"cell value\">6.000 KG<\/div>\n<\/div>\n<\/div>\n<p><\/p>\n<h2>Na\u0161e v\u00fdrobn\u00ed z\u00e1kladna<\/h2>\n<h3>Panorama tov\u00e1rny<\/h3>\n<p><img decoding=\"async\" src=\"\/wp-content\/uploads\/factory-01.webp\"\/><\/p>\n<h3>D\u00edlna na v\u00fdrobu hlin\u00edkov\u00fdch ty\u010d\u00ed<\/h3>\n<p><img decoding=\"async\" src=\"\/wp-content\/uploads\/factory-02.webp\"\/><\/p>\n<p><img decoding=\"async\" src=\"\/wp-content\/uploads\/factory-03.webp\"\/><\/p>\n<h3>Sklad pl\u00edsn\u00ed<\/h3>\n<p><img decoding=\"async\" src=\"\/wp-content\/uploads\/factory-04.webp\"\/><\/p>\n<h3>43 linek na vytla\u010dov\u00e1n\u00ed hlin\u00edku (500-5500 tun)<\/h3>\n<p><img decoding=\"async\" src=\"\/wp-content\/uploads\/factory-05.webp\"\/><\/p>\n<p><img decoding=\"async\" src=\"\/wp-content\/uploads\/factory-06.webp\"\/><\/p>\n<p><img decoding=\"async\" src=\"\/wp-content\/uploads\/factory-07.webp\"\/><\/p>\n<h3>D\u00edlna pr\u00e1\u0161kov\u00e9ho lakov\u00e1n\u00ed<\/h3>\n<p><img decoding=\"async\" src=\"\/wp-content\/uploads\/factory-09.webp\"\/><\/p>\n<h3>D\u00edlna eloxov\u00e1n\u00ed<\/h3>\n<p><img decoding=\"async\" src=\"\/wp-content\/uploads\/factory-10.webp\"\/><\/p>\n<h3>Workshop o hloubkov\u00e9m zpracov\u00e1n\u00ed<\/h3>\n<p><img decoding=\"async\" src=\"\/wp-content\/uploads\/factory-11.webp\"\/><\/p>\n<h3>D\u00edlna CNC p\u0159esn\u00e9ho obr\u00e1b\u011bn\u00ed<\/h3>\n<p><img decoding=\"async\" src=\"\/wp-content\/uploads\/factory-11.5.webp\"\/><\/p>\n<h3>Sklad hotov\u00fdch v\u00fdrobk\u016f a exportn\u00ed sklad<\/h3>\n<p><img decoding=\"async\" src=\"\/wp-content\/uploads\/factory-12.webp\"\/><\/p>\n<p><img decoding=\"async\" src=\"\/wp-content\/uploads\/factory-13.webp\"\/><\/p>\n<p><img decoding=\"async\" src=\"\/wp-content\/uploads\/factory-14.webp\"\/><\/p>\n<h2>\u010cASTO KLADEN\u00c9 DOTAZY<\/h2>\n<p><strong>1. Jak\u00e9 materi\u00e1ly se pou\u017e\u00edvaj\u00ed v chladi\u010di pouli\u010dn\u00edch lamp LED?<\/strong><br \/>Chladi\u010d je vyroben z vysoce kvalitn\u00edho hlin\u00edku, kter\u00fd zaji\u0161\u0165uje vynikaj\u00edc\u00ed tepelnou vodivost.<\/p>\n<p><strong>2. Lze chladi\u010d p\u0159izp\u016fsobit pro r\u016fzn\u00e9 modely lamp?<\/strong><br \/>Ano, poskytujeme p\u0159izp\u016fsobiteln\u00e1 \u0159e\u0161en\u00ed pro r\u016fzn\u00e9 konstrukce pouli\u010dn\u00edch lamp LED.<\/p>\n<p><strong>3. Jak chladi\u010d zlep\u0161uje v\u00fdkon LED \u017e\u00e1rovek?<\/strong><br \/>\u00da\u010dinn\u011b odv\u00e1d\u00ed teplo a udr\u017euje optim\u00e1ln\u00ed teplotu pro del\u0161\u00ed \u017eivotnost a \u00fa\u010dinnost lampy.<\/p>\n<p><strong>4. Je instalace chladi\u010de pouli\u010dn\u00edch lamp LED snadn\u00e1?<\/strong><br \/>Ano, konstrukce umo\u017e\u0148uje jednoduchou instalaci a kompatibilitu se standardn\u00edmi sv\u00edtidly.<\/p>\n<p><strong>5. M\u016f\u017eeme si objednat vzorky chladi\u010de?<\/strong><br \/>Ano, pro testov\u00e1n\u00ed kompatibility a v\u00fdkonu jsou k dispozici vzorov\u00e9 objedn\u00e1vky.<\/p>\n<p><strong>6. Jak\u00e9 jsou v\u00fdhody pou\u017eit\u00ed va\u0161eho chladi\u010de v pouli\u010dn\u00edch lamp\u00e1ch LED?<\/strong><br \/>Na\u0161e chladi\u010de zvy\u0161uj\u00ed energetickou \u00fa\u010dinnost t\u00edm, \u017ee sni\u017euj\u00ed p\u0159eh\u0159\u00edv\u00e1n\u00ed, co\u017e prodlu\u017euje \u017eivotnost LED \u017e\u00e1rovek.<\/p>\n<p><strong>7. Nab\u00edz\u00edte mo\u017enost hromadn\u00e9ho n\u00e1kupu se slevou?<\/strong><br \/>Ano, pro hromadn\u00e9 objedn\u00e1vky jsou k dispozici konkurenceschopn\u00e9 ceny, p\u0159i\u010dem\u017e dal\u0161\u00ed jedn\u00e1n\u00ed jsou mo\u017en\u00e1 na z\u00e1klad\u011b velikosti objedn\u00e1vky.<\/p>\n<p><\/p>","protected":false},"featured_media":10820,"template":"","categories":[72],"class_list":["post-10963","product","type-product","status-publish","has-post-thumbnail","hentry","category-extruded-aluminum-heatsink"],"meta_box":{"hilight_text_group":[{"product_hilight_text":"<li>Optimized for effective heat dissipation in street lighting<\/li>\n<li>Customizable to fit different LED street lamp models<\/li>\n<li>Constructed with high-quality, durable materials<\/li>\n<li>Compatible with a range of LED modules for flexibility<\/li>\n<li>Supports energy efficiency by maintaining optimal lamp temperature<\/li>"}],"feature_list":[]},"_links":{"self":[{"href":"https:\/\/sinoextrud.com\/cs\/wp-json\/wp\/v2\/product\/10963","targetHints":{"allow":["GET"]}}],"collection":[{"href":"https:\/\/sinoextrud.com\/cs\/wp-json\/wp\/v2\/product"}],"about":[{"href":"https:\/\/sinoextrud.com\/cs\/wp-json\/wp\/v2\/types\/product"}],"wp:featuredmedia":[{"embeddable":true,"href":"https:\/\/sinoextrud.com\/cs\/wp-json\/wp\/v2\/media\/10820"}],"wp:attachment":[{"href":"https:\/\/sinoextrud.com\/cs\/wp-json\/wp\/v2\/media?parent=10963"}],"wp:term":[{"taxonomy":"category","embeddable":true,"href":"https:\/\/sinoextrud.com\/cs\/wp-json\/wp\/v2\/categories?post=10963"}],"curies":[{"name":"wp","href":"https:\/\/api.w.org\/{rel}","templated":true}]}}