{"id":10962,"date":"2025-08-01T03:18:10","date_gmt":"2025-08-01T03:18:10","guid":{"rendered":"https:\/\/sinoextrud.com\/product\/cold-transfer-heat-sink-for-industrial-cooling\/"},"modified":"2025-08-01T03:18:10","modified_gmt":"2025-08-01T03:18:10","slug":"chladic-pro-prenos-tepla-za-studena-pro-prumyslove-chlazeni","status":"publish","type":"product","link":"https:\/\/sinoextrud.com\/cs\/product\/cold-transfer-heat-sink-for-industrial-cooling\/","title":{"rendered":"Chladi\u010d pro pr\u016fmyslov\u00e9 chlazen\u00ed"},"content":{"rendered":"<h2>Podrobnosti o produktech<\/h2>\n<div class=\"product-table\">\n<div class=\"row\">\n<div class=\"cell label\">protokol o zkou\u0161ce strojn\u00edho za\u0159\u00edzen\u00ed<\/div>\n<div class=\"cell value\">Poskytnuto<\/div>\n<\/div>\n<div class=\"row\">\n<div class=\"cell label\">video odchoz\u00ed inspekce<\/div>\n<div class=\"cell value\">Poskytnuto<\/div>\n<\/div>\n<div class=\"row\">\n<div class=\"cell label\">z\u00e1ruka<\/div>\n<div class=\"cell value\">1 rok<\/div>\n<\/div>\n<div class=\"row\">\n<div class=\"cell label\">aplikace<\/div>\n<div class=\"cell value\">N\u00e1hradn\u00ed d\u00edly pro topen\u00ed<\/div>\n<\/div>\n<div class=\"row\">\n<div class=\"cell label\">typ<\/div>\n<div class=\"cell value\">kapaln\u00e1 studen\u00e1 deska<\/div>\n<\/div>\n<div class=\"row\">\n<div class=\"cell label\">hmotnost (kg)<\/div>\n<div class=\"cell value\">5<\/div>\n<\/div>\n<div class=\"row\">\n<div class=\"cell label\">N\u00e1zev produktu<\/div>\n<div class=\"cell value\">hlin\u00edkov\u00e1 deska vodn\u00edho chlazen\u00ed<\/div>\n<\/div>\n<div class=\"row\">\n<div class=\"cell label\">Materi\u00e1l<\/div>\n<div class=\"cell value\">Slitina hlin\u00edku<\/div>\n<\/div>\n<div class=\"row\">\n<div class=\"cell label\">Rozm\u011bry (D*\u0160*V)<\/div>\n<div class=\"cell value\">A\u017e 1,2*1m D*\u0160<\/div>\n<\/div>\n<div class=\"row\">\n<div class=\"cell label\">Drsnost povrchu<\/div>\n<div class=\"cell value\">3.2 um<\/div>\n<\/div>\n<div class=\"row\">\n<div class=\"cell label\">Rovinnost povrchu<\/div>\n<div class=\"cell value\">0,1 mm<\/div>\n<\/div>\n<div class=\"row\">\n<div class=\"cell label\">Pracovn\u00ed tlak<\/div>\n<div class=\"cell value\">Nejm\u00e9n\u011b 1 bar<\/div>\n<\/div>\n<div class=\"row\">\n<div class=\"cell label\">Hlavn\u00ed technika<\/div>\n<div class=\"cell value\">CNC obr\u00e1b\u011bn\u00ed<\/div>\n<\/div>\n<div class=\"row\">\n<div class=\"cell label\">Technika lepen\u00ed<\/div>\n<div class=\"cell value\">Vakuov\u00e9 p\u00e1jen\u00ed<\/div>\n<\/div>\n<div class=\"row\">\n<div class=\"cell label\">Chladic\u00ed kapalina<\/div>\n<div class=\"cell value\">Deionizovan\u00e1 voda, inhibovan\u00fd glykol a voda, dielektrick\u00e1 kapalina<\/div>\n<\/div>\n<div class=\"row\">\n<div class=\"cell label\">Povrchov\u00e1 \u00faprava<\/div>\n<div class=\"cell value\">Povrchov\u00e1 \u00faprava fr\u00e9zov\u00e1n\u00edm nebo eloxov\u00e1n\u00edm<\/div>\n<\/div>\n<div class=\"row\">\n<div class=\"cell label\">Prodejn\u00ed jednotky<\/div>\n<div class=\"cell value\">Jednotliv\u00e1 polo\u017eka<\/div>\n<\/div>\n<div class=\"row\">\n<div class=\"cell label\">Velikost jednoho balen\u00ed<\/div>\n<div class=\"cell value\">21X14X11 cm<\/div>\n<\/div>\n<div class=\"row\">\n<div class=\"cell label\">Jednotliv\u00e1 hrub\u00e1 hmotnost<\/div>\n<div class=\"cell value\">5.000 KG<\/div>\n<\/div>\n<\/div>\n<p><\/p>\n<h2>Na\u0161e v\u00fdrobn\u00ed z\u00e1kladna<\/h2>\n<h3>Panorama tov\u00e1rny<\/h3>\n<p><img decoding=\"async\" src=\"\/wp-content\/uploads\/factory-01.webp\"\/><\/p>\n<h3>D\u00edlna na v\u00fdrobu hlin\u00edkov\u00fdch ty\u010d\u00ed<\/h3>\n<p><img decoding=\"async\" src=\"\/wp-content\/uploads\/factory-02.webp\"\/><\/p>\n<p><img decoding=\"async\" src=\"\/wp-content\/uploads\/factory-03.webp\"\/><\/p>\n<h3>Sklad pl\u00edsn\u00ed<\/h3>\n<p><img decoding=\"async\" src=\"\/wp-content\/uploads\/factory-04.webp\"\/><\/p>\n<h3>43 linek na vytla\u010dov\u00e1n\u00ed hlin\u00edku (500-5500 tun)<\/h3>\n<p><img decoding=\"async\" src=\"\/wp-content\/uploads\/factory-05.webp\"\/><\/p>\n<p><img decoding=\"async\" src=\"\/wp-content\/uploads\/factory-06.webp\"\/><\/p>\n<p><img decoding=\"async\" src=\"\/wp-content\/uploads\/factory-07.webp\"\/><\/p>\n<h3>D\u00edlna pr\u00e1\u0161kov\u00e9ho lakov\u00e1n\u00ed<\/h3>\n<p><img decoding=\"async\" src=\"\/wp-content\/uploads\/factory-09.webp\"\/><\/p>\n<h3>D\u00edlna eloxov\u00e1n\u00ed<\/h3>\n<p><img decoding=\"async\" src=\"\/wp-content\/uploads\/factory-10.webp\"\/><\/p>\n<h3>Workshop o hloubkov\u00e9m zpracov\u00e1n\u00ed<\/h3>\n<p><img decoding=\"async\" src=\"\/wp-content\/uploads\/factory-11.webp\"\/><\/p>\n<h3>D\u00edlna CNC p\u0159esn\u00e9ho obr\u00e1b\u011bn\u00ed<\/h3>\n<p><img decoding=\"async\" src=\"\/wp-content\/uploads\/factory-11.5.webp\"\/><\/p>\n<h3>Sklad hotov\u00fdch v\u00fdrobk\u016f a exportn\u00ed sklad<\/h3>\n<p><img decoding=\"async\" src=\"\/wp-content\/uploads\/factory-12.webp\"\/><\/p>\n<p><img decoding=\"async\" src=\"\/wp-content\/uploads\/factory-13.webp\"\/><\/p>\n<p><img decoding=\"async\" src=\"\/wp-content\/uploads\/factory-14.webp\"\/><\/p>\n<h2>\u010cASTO KLADEN\u00c9 DOTAZY<\/h2>\n<p><strong>1. K \u010demu se pou\u017e\u00edv\u00e1 chladi\u010d pro p\u0159enos tepla za studena?<\/strong><br \/>Pou\u017e\u00edv\u00e1 se k \u00fa\u010dinn\u00e9mu odv\u00e1d\u011bn\u00ed tepla z elektronick\u00fdch sou\u010d\u00e1stek, aby se zabr\u00e1nilo p\u0159eh\u0159\u00e1t\u00ed.<\/p>\n<p><strong>2. Lze chladi\u010d pro p\u0159enos tepla za studena p\u0159izp\u016fsobit?<\/strong><br \/>Ano, lze jej p\u0159izp\u016fsobit velikosti, tvaru a materi\u00e1lu tak, aby vyhovoval konkr\u00e9tn\u00edm tepeln\u00fdm po\u017eadavk\u016fm.<\/p>\n<p><strong>3. Je chladi\u010d s p\u0159enosem tepla za studena vhodn\u00fd pro vysoce v\u00fdkonnou elektroniku?<\/strong><br \/>Ano, je navr\u017een pro vysok\u00e9 tepeln\u00e9 zat\u00ed\u017een\u00ed elektronick\u00fdch za\u0159\u00edzen\u00ed.<\/p>\n<p><strong>4. Nab\u00edz\u00edte mo\u017enost hromadn\u00e9ho n\u00e1kupu chladi\u010de pro p\u0159enos tepla za studena?<\/strong><br \/>Ano, k dispozici jsou hromadn\u00e9 objedn\u00e1vky s konkurenceschopn\u00fdmi cenami a mo\u017enostmi p\u0159izp\u016fsoben\u00ed.<\/p>\n<p><strong>5. Jak\u00e9 materi\u00e1ly se pou\u017e\u00edvaj\u00ed v chladi\u010di pro p\u0159enos tepla za studena?<\/strong><br \/>Obvykle se vyr\u00e1b\u00ed z hlin\u00edku nebo m\u011bdi pro vynikaj\u00edc\u00ed tepelnou vodivost.<\/p>\n<p><strong>6. Jak chladi\u010d s p\u0159enosem tepla za studena zlep\u0161uje \u017eivotnost za\u0159\u00edzen\u00ed?<\/strong><br \/>\u00da\u010dinn\u00fdm odv\u00e1d\u011bn\u00edm tepla pom\u00e1h\u00e1 p\u0159edch\u00e1zet po\u0161kozen\u00ed sou\u010d\u00e1stek a prodlu\u017euje \u017eivotnost za\u0159\u00edzen\u00ed.<\/p>\n<p><strong>7. Jsou k dispozici ekologick\u00e9 varianty chladi\u010de pro p\u0159enos tepla za studena?<\/strong><br \/>Ano, nab\u00edz\u00edme materi\u00e1ly a v\u00fdrobn\u00ed postupy \u0161etrn\u00e9 k \u017eivotn\u00edmu prost\u0159ed\u00ed.<\/p>\n<p><\/p>","protected":false},"featured_media":10765,"template":"","categories":[72],"class_list":["post-10962","product","type-product","status-publish","has-post-thumbnail","hentry","category-extruded-aluminum-heatsink"],"meta_box":{"hilight_text_group":[{"product_hilight_text":"<li>Optimized for efficient heat dissipation in electronic devices<\/li>\n<li>Customizable design to fit diverse thermal management needs<\/li>\n<li>Constructed from high-quality materials for superior performance<\/li>\n<li>Available in various sizes to accommodate different systems<\/li>\n<li>Supports OEM and ODM services with flexible order quantities<\/li>"}],"feature_list":[]},"_links":{"self":[{"href":"https:\/\/sinoextrud.com\/cs\/wp-json\/wp\/v2\/product\/10962","targetHints":{"allow":["GET"]}}],"collection":[{"href":"https:\/\/sinoextrud.com\/cs\/wp-json\/wp\/v2\/product"}],"about":[{"href":"https:\/\/sinoextrud.com\/cs\/wp-json\/wp\/v2\/types\/product"}],"wp:featuredmedia":[{"embeddable":true,"href":"https:\/\/sinoextrud.com\/cs\/wp-json\/wp\/v2\/media\/10765"}],"wp:attachment":[{"href":"https:\/\/sinoextrud.com\/cs\/wp-json\/wp\/v2\/media?parent=10962"}],"wp:term":[{"taxonomy":"category","embeddable":true,"href":"https:\/\/sinoextrud.com\/cs\/wp-json\/wp\/v2\/categories?post=10962"}],"curies":[{"name":"wp","href":"https:\/\/api.w.org\/{rel}","templated":true}]}}