{"id":10959,"date":"2025-08-01T03:18:05","date_gmt":"2025-08-01T03:18:05","guid":{"rendered":"https:\/\/sinoextrud.com\/product\/liquid-cooled-plate-heat-sink-for-electronics\/"},"modified":"2025-08-01T03:18:05","modified_gmt":"2025-08-01T03:18:05","slug":"kapalinou-chlazeny-deskovy-chladic-pro-elektroniku","status":"publish","type":"product","link":"https:\/\/sinoextrud.com\/cs\/product\/liquid-cooled-plate-heat-sink-for-electronics\/","title":{"rendered":"Kapalinou chlazen\u00fd deskov\u00fd chladi\u010d pro elektroniku"},"content":{"rendered":"<h2>Podrobnosti o produktech<\/h2>\n<div class=\"product-table\">\n<div class=\"row\">\n<div class=\"cell label\">CNC obr\u00e1b\u011bn\u00ed nebo ne<\/div>\n<div class=\"cell value\">CNC obr\u00e1b\u011bn\u00ed<\/div>\n<\/div>\n<div class=\"row\">\n<div class=\"cell label\">Materi\u00e1lov\u00e9 schopnosti<\/div>\n<div class=\"cell value\">Hlin\u00edk<\/div>\n<\/div>\n<div class=\"row\">\n<div class=\"cell label\">Typ<\/div>\n<div class=\"cell value\">Ostatn\u00ed slu\u017eby obr\u00e1b\u011bn\u00ed<\/div>\n<\/div>\n<div class=\"row\">\n<div class=\"cell label\">Mikroobr\u00e1b\u011bn\u00ed nebo ne<\/div>\n<div class=\"cell value\">Mikroobr\u00e1b\u011bn\u00ed<\/div>\n<\/div>\n<div class=\"row\">\n<div class=\"cell label\">Prodejn\u00ed jednotky<\/div>\n<div class=\"cell value\">Jednotliv\u00e1 polo\u017eka<\/div>\n<\/div>\n<\/div>\n<p><\/p>\n<h2>Na\u0161e v\u00fdrobn\u00ed z\u00e1kladna<\/h2>\n<h3>Panorama tov\u00e1rny<\/h3>\n<p><img decoding=\"async\" src=\"\/wp-content\/uploads\/factory-01.webp\"\/><\/p>\n<h3>D\u00edlna na v\u00fdrobu hlin\u00edkov\u00fdch ty\u010d\u00ed<\/h3>\n<p><img decoding=\"async\" src=\"\/wp-content\/uploads\/factory-02.webp\"\/><\/p>\n<p><img decoding=\"async\" src=\"\/wp-content\/uploads\/factory-03.webp\"\/><\/p>\n<h3>Sklad pl\u00edsn\u00ed<\/h3>\n<p><img decoding=\"async\" src=\"\/wp-content\/uploads\/factory-04.webp\"\/><\/p>\n<h3>43 linek na vytla\u010dov\u00e1n\u00ed hlin\u00edku (500-5500 tun)<\/h3>\n<p><img decoding=\"async\" src=\"\/wp-content\/uploads\/factory-05.webp\"\/><\/p>\n<p><img decoding=\"async\" src=\"\/wp-content\/uploads\/factory-06.webp\"\/><\/p>\n<p><img decoding=\"async\" src=\"\/wp-content\/uploads\/factory-07.webp\"\/><\/p>\n<h3>D\u00edlna pr\u00e1\u0161kov\u00e9ho lakov\u00e1n\u00ed<\/h3>\n<p><img decoding=\"async\" src=\"\/wp-content\/uploads\/factory-09.webp\"\/><\/p>\n<h3>D\u00edlna eloxov\u00e1n\u00ed<\/h3>\n<p><img decoding=\"async\" src=\"\/wp-content\/uploads\/factory-10.webp\"\/><\/p>\n<h3>Workshop o hloubkov\u00e9m zpracov\u00e1n\u00ed<\/h3>\n<p><img decoding=\"async\" src=\"\/wp-content\/uploads\/factory-11.webp\"\/><\/p>\n<h3>D\u00edlna CNC p\u0159esn\u00e9ho obr\u00e1b\u011bn\u00ed<\/h3>\n<p><img decoding=\"async\" src=\"\/wp-content\/uploads\/factory-11.5.webp\"\/><\/p>\n<h3>Sklad hotov\u00fdch v\u00fdrobk\u016f a exportn\u00ed sklad<\/h3>\n<p><img decoding=\"async\" src=\"\/wp-content\/uploads\/factory-12.webp\"\/><\/p>\n<p><img decoding=\"async\" src=\"\/wp-content\/uploads\/factory-13.webp\"\/><\/p>\n<p><img decoding=\"async\" src=\"\/wp-content\/uploads\/factory-14.webp\"\/><\/p>\n<h2>\u010cASTO KLADEN\u00c9 DOTAZY<\/h2>\n<p><strong>1. Co je to kapalinou chlazen\u00fd deskov\u00fd chladi\u010d?<\/strong><br \/>Kapalinou chlazen\u00fd deskov\u00fd chladi\u010d je za\u0159\u00edzen\u00ed, kter\u00e9 se pou\u017e\u00edv\u00e1 k odv\u00e1d\u011bn\u00ed tepla z elektroniky cirkulac\u00ed chladic\u00ed kapaliny p\u0159es deskovou strukturu.<\/p>\n<p><strong>2. Jak funguje kapalinou chlazen\u00fd deskov\u00fd chladi\u010d?<\/strong><br \/>Funguje tak, \u017ee odv\u00e1d\u00ed teplo z elektronick\u00fdch komponent do chladic\u00ed kapaliny, kter\u00e1 je pak odv\u00e1d\u011bna pry\u010d, \u010d\u00edm\u017e se sni\u017euje teplota.<\/p>\n<p><strong>3. Lze velikost chladi\u010de p\u0159izp\u016fsobit?<\/strong><br \/>Ano, na\u0161e kapalinou chlazen\u00e9 deskov\u00e9 chladi\u010de lze p\u0159izp\u016fsobit konkr\u00e9tn\u00edm aplikac\u00edm.<\/p>\n<p><strong>4. Je chladi\u010d vhodn\u00fd pro pr\u016fmyslov\u00e9 aplikace?<\/strong><br \/>Rozhodn\u011b je navr\u017een tak, aby vyhovoval pot\u0159eb\u00e1m pr\u016fmyslov\u00e9ho i komer\u010dn\u00edho tepeln\u00e9ho managementu.<\/p>\n<p><strong>5. Jak\u00e9 materi\u00e1ly jsou pou\u017eity v chladi\u010di?<\/strong><br \/>Obvykle se vyr\u00e1b\u00ed z vysoce kvalitn\u00edch kov\u016f, jako je hlin\u00edk nebo m\u011b\u010f, pro optim\u00e1ln\u00ed veden\u00ed tepla.<\/p>\n<p><strong>6. Podporuje aplikace s vysok\u00fdm v\u00fdkonem?<\/strong><br \/>Ano, tento chladi\u010d je ide\u00e1ln\u00ed pro elektronick\u00e9 syst\u00e9my s vysokou hustotou v\u00fdkonu.<\/p>\n<p><strong>7. Vy\u017eaduje chladi\u010d n\u011bjakou \u00fadr\u017ebu?<\/strong><br \/>Pro zachov\u00e1n\u00ed \u00fa\u010dinnosti se doporu\u010duje pravideln\u00e1 kontrola a \u010di\u0161t\u011bn\u00ed cest chladic\u00ed kapaliny.<\/p>\n<p><\/p>","protected":false},"featured_media":10822,"template":"","categories":[72],"class_list":["post-10959","product","type-product","status-publish","has-post-thumbnail","hentry","category-extruded-aluminum-heatsink"],"meta_box":{"hilight_text_group":[{"product_hilight_text":"<li>Efficient thermal management solution for high-performance electronics<\/li>\n<li>Customizable design to meet specific cooling requirements<\/li>\n<li>High durability and resistance to thermal cycling<\/li>\n<li>Compatible with a wide range of electronic components and systems<\/li>\n<li>Supports high power density applications<\/li>"}],"feature_list":[]},"_links":{"self":[{"href":"https:\/\/sinoextrud.com\/cs\/wp-json\/wp\/v2\/product\/10959","targetHints":{"allow":["GET"]}}],"collection":[{"href":"https:\/\/sinoextrud.com\/cs\/wp-json\/wp\/v2\/product"}],"about":[{"href":"https:\/\/sinoextrud.com\/cs\/wp-json\/wp\/v2\/types\/product"}],"wp:featuredmedia":[{"embeddable":true,"href":"https:\/\/sinoextrud.com\/cs\/wp-json\/wp\/v2\/media\/10822"}],"wp:attachment":[{"href":"https:\/\/sinoextrud.com\/cs\/wp-json\/wp\/v2\/media?parent=10959"}],"wp:term":[{"taxonomy":"category","embeddable":true,"href":"https:\/\/sinoextrud.com\/cs\/wp-json\/wp\/v2\/categories?post=10959"}],"curies":[{"name":"wp","href":"https:\/\/api.w.org\/{rel}","templated":true}]}}