{"id":10958,"date":"2025-08-01T03:18:02","date_gmt":"2025-08-01T03:18:02","guid":{"rendered":"https:\/\/sinoextrud.com\/product\/round-aluminum-radiator-for-industrial-cooling\/"},"modified":"2025-08-01T03:18:02","modified_gmt":"2025-08-01T03:18:02","slug":"kulaty-hlinikovy-chladic-pro-prumyslove-chlazeni","status":"publish","type":"product","link":"https:\/\/sinoextrud.com\/cs\/product\/round-aluminum-radiator-for-industrial-cooling\/","title":{"rendered":"Kulat\u00fd hlin\u00edkov\u00fd chladi\u010d pro pr\u016fmyslov\u00e9 chlazen\u00ed"},"content":{"rendered":"<h2>Podrobnosti o produktech<\/h2>\n<div class=\"product-table\">\n<div class=\"row\">\n<div class=\"cell label\">Povrchov\u00e1 \u00faprava<\/div>\n<div class=\"cell value\">Eloxovan\u00e9<\/div>\n<\/div>\n<div class=\"row\">\n<div class=\"cell label\">Tvar<\/div>\n<div class=\"cell value\">P\u0159izp\u016fsoben\u00e9<\/div>\n<\/div>\n<div class=\"row\">\n<div class=\"cell label\">Materi\u00e1l t\u011bla<\/div>\n<div class=\"cell value\">Hlin\u00edk<\/div>\n<\/div>\n<div class=\"row\">\n<div class=\"cell label\">Typ<\/div>\n<div class=\"cell value\">Chladi\u010de<\/div>\n<\/div>\n<div class=\"row\">\n<div class=\"cell label\">Slu\u017eba \u0159e\u0161en\u00ed osv\u011btlen\u00ed<\/div>\n<div class=\"cell value\">N\u00e1vrh osv\u011btlen\u00ed a obvod\u016f, rozvr\u017een\u00ed DIALux evo, rozvr\u017een\u00ed LitePro DLX, rozvr\u017een\u00ed Agi32, automatick\u00e9 rozvr\u017een\u00ed CAD, m\u011b\u0159en\u00ed na m\u00edst\u011b, instalace projektu<\/div>\n<\/div>\n<div class=\"row\">\n<div class=\"cell label\">Z\u00e1ruka (rok)<\/div>\n<div class=\"cell value\">3<\/div>\n<\/div>\n<div class=\"row\">\n<div class=\"cell label\">Proces<\/div>\n<div class=\"cell value\">\u0158ez\u00e1n\u00ed, vrt\u00e1n\u00ed, d\u011brov\u00e1n\u00ed atd.<\/div>\n<\/div>\n<div class=\"row\">\n<div class=\"cell label\">Stupe\u0148 kryt\u00ed IP<\/div>\n<div class=\"cell value\">ip55<\/div>\n<\/div>\n<div class=\"row\">\n<div class=\"cell label\">Barva t\u011bla<\/div>\n<div class=\"cell value\">P\u0159izp\u016fsoben\u00e9<\/div>\n<\/div>\n<div class=\"row\">\n<div class=\"cell label\">Typ<\/div>\n<div class=\"cell value\">Hlin\u00edkov\u00fd chladi\u010d<\/div>\n<\/div>\n<div class=\"row\">\n<div class=\"cell label\">Barva<\/div>\n<div class=\"cell value\">St\u0159\u00edbrn\u00e1 nebo na m\u00edru<\/div>\n<\/div>\n<div class=\"row\">\n<div class=\"cell label\">Tlou\u0161\u0165ka<\/div>\n<div class=\"cell value\">0,5 mm - na m\u00edru<\/div>\n<\/div>\n<div class=\"row\">\n<div class=\"cell label\">Povrchov\u00e1 \u00faprava<\/div>\n<div class=\"cell value\">Ml\u00fdn, eloxovan\u00fd, pr\u00e1\u0161kov\u00fd povlak, elektrofor\u00e9za nebo p\u0159izp\u016fsoben\u00fd<\/div>\n<\/div>\n<div class=\"row\">\n<div class=\"cell label\">Typy produkt\u016f<\/div>\n<div class=\"cell value\">Chladi\u010d<\/div>\n<\/div>\n<div class=\"row\">\n<div class=\"cell label\">Certifikace<\/div>\n<div class=\"cell value\">ISO9001-2015, COC<\/div>\n<\/div>\n<div class=\"row\">\n<div class=\"cell label\">V\u00fdroba<\/div>\n<div class=\"cell value\">\u0158ez\u00e1n\u00ed, fr\u00e9zov\u00e1n\u00ed, vrt\u00e1n\u00ed, d\u011brov\u00e1n\u00ed atd.<\/div>\n<\/div>\n<div class=\"row\">\n<div class=\"cell label\">Term\u00edn platby<\/div>\n<div class=\"cell value\">T\/T, L\/C atd.<\/div>\n<\/div>\n<div class=\"row\">\n<div class=\"cell label\">Hlavn\u00ed trh<\/div>\n<div class=\"cell value\">Evropa,Amerika,Jihov\u00fdchodn\u00ed Asie,MIDE<\/div>\n<\/div>\n<div class=\"row\">\n<div class=\"cell label\">Podrobnosti o balen\u00ed<\/div>\n<div class=\"cell value\">Kraftov\u00fd pap\u00edr\/plastov\u00fd s\u00e1\u010dek\/b\u00edl\u00e1 perle\u0165ov\u00e1 bavlna\/PE f\u00f3lie\/smr\u0161\u0165ovac\u00ed f\u00f3lie\/kartonov\u00e1 krabice<\/div>\n<\/div>\n<div class=\"row\">\n<div class=\"cell label\">Prodejn\u00ed jednotky<\/div>\n<div class=\"cell value\">Jednotliv\u00e1 polo\u017eka<\/div>\n<\/div>\n<div class=\"row\">\n<div class=\"cell label\">Velikost jednoho balen\u00ed<\/div>\n<div class=\"cell value\">10X10X10 cm<\/div>\n<\/div>\n<div class=\"row\">\n<div class=\"cell label\">Jednotliv\u00e1 hrub\u00e1 hmotnost<\/div>\n<div class=\"cell value\">1.000 KG<\/div>\n<\/div>\n<\/div>\n<p><\/p>\n<h2>Na\u0161e v\u00fdrobn\u00ed z\u00e1kladna<\/h2>\n<h3>Panorama tov\u00e1rny<\/h3>\n<p><img decoding=\"async\" src=\"\/wp-content\/uploads\/factory-01.webp\"\/><\/p>\n<h3>D\u00edlna na v\u00fdrobu hlin\u00edkov\u00fdch ty\u010d\u00ed<\/h3>\n<p><img decoding=\"async\" src=\"\/wp-content\/uploads\/factory-02.webp\"\/><\/p>\n<p><img decoding=\"async\" src=\"\/wp-content\/uploads\/factory-03.webp\"\/><\/p>\n<h3>Sklad pl\u00edsn\u00ed<\/h3>\n<p><img decoding=\"async\" src=\"\/wp-content\/uploads\/factory-04.webp\"\/><\/p>\n<h3>43 linek na vytla\u010dov\u00e1n\u00ed hlin\u00edku (500-5500 tun)<\/h3>\n<p><img decoding=\"async\" src=\"\/wp-content\/uploads\/factory-05.webp\"\/><\/p>\n<p><img decoding=\"async\" src=\"\/wp-content\/uploads\/factory-06.webp\"\/><\/p>\n<p><img decoding=\"async\" src=\"\/wp-content\/uploads\/factory-07.webp\"\/><\/p>\n<h3>D\u00edlna pr\u00e1\u0161kov\u00e9ho lakov\u00e1n\u00ed<\/h3>\n<p><img decoding=\"async\" src=\"\/wp-content\/uploads\/factory-09.webp\"\/><\/p>\n<h3>D\u00edlna eloxov\u00e1n\u00ed<\/h3>\n<p><img decoding=\"async\" src=\"\/wp-content\/uploads\/factory-10.webp\"\/><\/p>\n<h3>Workshop o hloubkov\u00e9m zpracov\u00e1n\u00ed<\/h3>\n<p><img decoding=\"async\" src=\"\/wp-content\/uploads\/factory-11.webp\"\/><\/p>\n<h3>D\u00edlna CNC p\u0159esn\u00e9ho obr\u00e1b\u011bn\u00ed<\/h3>\n<p><img decoding=\"async\" src=\"\/wp-content\/uploads\/factory-11.5.webp\"\/><\/p>\n<h3>Sklad hotov\u00fdch v\u00fdrobk\u016f a exportn\u00ed sklad<\/h3>\n<p><img decoding=\"async\" src=\"\/wp-content\/uploads\/factory-12.webp\"\/><\/p>\n<p><img decoding=\"async\" src=\"\/wp-content\/uploads\/factory-13.webp\"\/><\/p>\n<p><img decoding=\"async\" src=\"\/wp-content\/uploads\/factory-14.webp\"\/><\/p>\n<h2>\u010cASTO KLADEN\u00c9 DOTAZY<\/h2>\n<p><strong>1. Jak\u00e1 je hlavn\u00ed v\u00fdhoda pou\u017eit\u00ed kulat\u00e9ho hlin\u00edkov\u00e9ho chladi\u010de?<\/strong><br \/>Kulat\u00fd tvar umo\u017e\u0148uje \u00fa\u010dinn\u00fd odvod tepla a rovnom\u011brn\u00e9 rozlo\u017een\u00ed proud\u011bn\u00ed vzduchu.<\/p>\n<p><strong>2. Lze hlin\u00edkov\u00fd chladi\u010d p\u0159izp\u016fsobit na\u0161\u00ed aplikaci?<\/strong><br \/>Ano, nab\u00edz\u00edme p\u0159izp\u016fsoben\u00ed velikosti a mo\u017enosti mont\u00e1\u017ee podle konkr\u00e9tn\u00edch pot\u0159eb.<\/p>\n<p><strong>3. Jak p\u0159isp\u00edv\u00e1 hlin\u00edk k v\u00fdkonu chladi\u010de?<\/strong><br \/>Hlin\u00edk m\u00e1 vynikaj\u00edc\u00ed tepelnou vodivost a odolnost proti korozi, co\u017e zvy\u0161uje p\u0159enos tepla a \u017eivotnost.<\/p>\n<p><strong>4. Je tento chladi\u010d vhodn\u00fd pro automobilov\u00e9 nebo pr\u016fmyslov\u00e9 pou\u017eit\u00ed?<\/strong><br \/>Ano, je univerz\u00e1ln\u00ed a pou\u017e\u00edv\u00e1 se v automobilov\u00fdch i pr\u016fmyslov\u00fdch syst\u00e9mech \u0159\u00edzen\u00ed tepla.<\/p>\n<p><strong>5. Jak\u00e9 jsou v\u00fdhody hlin\u00edkov\u00e9ho chladi\u010de oproti m\u011bd\u011bn\u00e9mu?<\/strong><br \/>Hlin\u00edkov\u00e9 radi\u00e1tory jsou leh\u010d\u00ed a \u010dasto cenov\u011b v\u00fdhodn\u011bj\u0161\u00ed, p\u0159itom v\u0161ak st\u00e1le poskytuj\u00ed vynikaj\u00edc\u00ed tepeln\u00fd v\u00fdkon.<\/p>\n<p><strong>6. Poskytujete pomoc p\u0159i navrhov\u00e1n\u00ed konkr\u00e9tn\u00edch projekt\u016f?<\/strong><br \/>Ano, nab\u00edz\u00edme podporu n\u00e1vrhu, abychom zajistili kompatibilitu s va\u0161imi st\u00e1vaj\u00edc\u00edmi syst\u00e9my.<\/p>\n<p><strong>7. Jak\u00e1 je p\u0159edpokl\u00e1dan\u00e1 \u017eivotnost kulat\u00e9ho hlin\u00edkov\u00e9ho chladi\u010de?<\/strong><br \/>P\u0159i spr\u00e1vn\u00e9 \u00fadr\u017eb\u011b jsou tyto radi\u00e1tory navr\u017eeny tak, aby m\u011bly dlouhou \u017eivotnost.<\/p>\n<p><\/p>","protected":false},"featured_media":0,"template":"","categories":[55],"class_list":["post-10958","product","type-product","status-publish","hentry","category-extruded-aluminum-profiles"],"meta_box":{"hilight_text_group":[{"product_hilight_text":"<li>High thermal conductivity for efficient heat dissipation<\/li>\n<li>Lightweight and corrosion-resistant for enhanced durability<\/li>\n<li>Available in various sizes tailored to specific industry needs<\/li>\n<li>Customizable design options to fit unique application requirements<\/li>\n<li>Eco-friendly material with recyclable properties<\/li>"}],"feature_list":[]},"_links":{"self":[{"href":"https:\/\/sinoextrud.com\/cs\/wp-json\/wp\/v2\/product\/10958","targetHints":{"allow":["GET"]}}],"collection":[{"href":"https:\/\/sinoextrud.com\/cs\/wp-json\/wp\/v2\/product"}],"about":[{"href":"https:\/\/sinoextrud.com\/cs\/wp-json\/wp\/v2\/types\/product"}],"wp:attachment":[{"href":"https:\/\/sinoextrud.com\/cs\/wp-json\/wp\/v2\/media?parent=10958"}],"wp:term":[{"taxonomy":"category","embeddable":true,"href":"https:\/\/sinoextrud.com\/cs\/wp-json\/wp\/v2\/categories?post=10958"}],"curies":[{"name":"wp","href":"https:\/\/api.w.org\/{rel}","templated":true}]}}