{"id":10954,"date":"2025-08-01T03:17:25","date_gmt":"2025-08-01T03:17:25","guid":{"rendered":"https:\/\/sinoextrud.com\/product\/round-aluminum-heatsink-for-electrical-products\/"},"modified":"2025-08-01T03:17:25","modified_gmt":"2025-08-01T03:17:25","slug":"kulaty-hlinikovy-chladic-pro-elektricke-vyrobky","status":"publish","type":"product","link":"https:\/\/sinoextrud.com\/cs\/product\/round-aluminum-heatsink-for-electrical-products\/","title":{"rendered":"Kulat\u00fd hlin\u00edkov\u00fd chladi\u010d pro elektrick\u00e9 v\u00fdrobky"},"content":{"rendered":"<h2>Podrobnosti o produktech<\/h2>\n<div class=\"product-table\">\n<div class=\"row\">\n<div class=\"cell label\">T\u0159\u00edda<\/div>\n<div class=\"cell value\">\u0158ada 6000<\/div>\n<\/div>\n<div class=\"row\">\n<div class=\"cell label\">Tolerance<\/div>\n<div class=\"cell value\">\u00c2\u00b10.05<\/div>\n<\/div>\n<div class=\"row\">\n<div class=\"cell label\">Doba dod\u00e1n\u00ed<\/div>\n<div class=\"cell value\">15-25<\/div>\n<\/div>\n<div class=\"row\">\n<div class=\"cell label\">Temperament<\/div>\n<div class=\"cell value\">T3-T8<\/div>\n<\/div>\n<div class=\"row\">\n<div class=\"cell label\">Aplikace<\/div>\n<div class=\"cell value\">hlin\u00edkov\u00fd profil<\/div>\n<\/div>\n<div class=\"row\">\n<div class=\"cell label\">Tvar<\/div>\n<div class=\"cell value\">trubka<\/div>\n<\/div>\n<div class=\"row\">\n<div class=\"cell label\">Slitina nebo ne<\/div>\n<div class=\"cell value\">Je slitina<\/div>\n<\/div>\n<div class=\"row\">\n<div class=\"cell label\">Slu\u017eba zpracov\u00e1n\u00ed<\/div>\n<div class=\"cell value\">Oh\u00fdb\u00e1n\u00ed, odv\u00edjen\u00ed, sva\u0159ov\u00e1n\u00ed, d\u011brov\u00e1n\u00ed, \u0159ez\u00e1n\u00ed<\/div>\n<\/div>\n<div class=\"row\">\n<div class=\"cell label\">N\u00e1zev produktu<\/div>\n<div class=\"cell value\">Hlin\u00edkov\u00fd profil OEM<\/div>\n<\/div>\n<div class=\"row\">\n<div class=\"cell label\">tolerance<\/div>\n<div class=\"cell value\">0,05 mm<\/div>\n<\/div>\n<div class=\"row\">\n<div class=\"cell label\">Materi\u00e1l<\/div>\n<div class=\"cell value\">6063,6061,6005,6005A,6082,6463,7005,3003<\/div>\n<\/div>\n<div class=\"row\">\n<div class=\"cell label\">Temperament<\/div>\n<div class=\"cell value\">T4,T5,T6<\/div>\n<\/div>\n<div class=\"row\">\n<div class=\"cell label\">Dal\u0161\u00ed zpracov\u00e1n\u00ed<\/div>\n<div class=\"cell value\">na m\u00edru<\/div>\n<\/div>\n<div class=\"row\">\n<div class=\"cell label\">Povrchov\u00e1 \u00faprava<\/div>\n<div class=\"cell value\">Pr\u00e1\u0161kov\u00e9 lakov\u00e1n\u00ed, eloxov\u00e1n\u00ed, povrchov\u00e1 \u00faprava ml\u00fdnem, p\u00edskov\u00e1n\u00ed atd.<\/div>\n<\/div>\n<div class=\"row\">\n<div class=\"cell label\">materi\u00e1l<\/div>\n<div class=\"cell value\">6063,6061,6005,6005A,6082<\/div>\n<\/div>\n<div class=\"row\">\n<div class=\"cell label\">QC<\/div>\n<div class=\"cell value\">100% P\u0159\u00edsn\u00e1 kontrola p\u0159i ka\u017ed\u00e9m zpracov\u00e1n\u00ed<\/div>\n<\/div>\n<div class=\"row\">\n<div class=\"cell label\">Slu\u017eby na jednom m\u00edst\u011b<\/div>\n<div class=\"cell value\">N\u00e1vrh, v\u00fdroba, mont\u00e1\u017e a dod\u00e1vka na zak\u00e1zku<\/div>\n<\/div>\n<div class=\"row\">\n<div class=\"cell label\">Velikost<\/div>\n<div class=\"cell value\">na m\u00edru<\/div>\n<\/div>\n<div class=\"row\">\n<div class=\"cell label\">Prodejn\u00ed jednotky<\/div>\n<div class=\"cell value\">Jednotliv\u00e1 polo\u017eka<\/div>\n<\/div>\n<div class=\"row\">\n<div class=\"cell label\">Velikost jednoho balen\u00ed<\/div>\n<div class=\"cell value\">4X6X3 cm<\/div>\n<\/div>\n<div class=\"row\">\n<div class=\"cell label\">Jednotliv\u00e1 hrub\u00e1 hmotnost<\/div>\n<div class=\"cell value\">1.361 KG<\/div>\n<\/div>\n<\/div>\n<p><\/p>\n<h2>Na\u0161e v\u00fdrobn\u00ed z\u00e1kladna<\/h2>\n<h3>Panorama tov\u00e1rny<\/h3>\n<p><img decoding=\"async\" src=\"\/wp-content\/uploads\/factory-01.webp\"\/><\/p>\n<h3>D\u00edlna na v\u00fdrobu hlin\u00edkov\u00fdch ty\u010d\u00ed<\/h3>\n<p><img decoding=\"async\" src=\"\/wp-content\/uploads\/factory-02.webp\"\/><\/p>\n<p><img decoding=\"async\" src=\"\/wp-content\/uploads\/factory-03.webp\"\/><\/p>\n<h3>Sklad pl\u00edsn\u00ed<\/h3>\n<p><img decoding=\"async\" src=\"\/wp-content\/uploads\/factory-04.webp\"\/><\/p>\n<h3>43 linek na vytla\u010dov\u00e1n\u00ed hlin\u00edku (500-5500 tun)<\/h3>\n<p><img decoding=\"async\" src=\"\/wp-content\/uploads\/factory-05.webp\"\/><\/p>\n<p><img decoding=\"async\" src=\"\/wp-content\/uploads\/factory-06.webp\"\/><\/p>\n<p><img decoding=\"async\" src=\"\/wp-content\/uploads\/factory-07.webp\"\/><\/p>\n<h3>D\u00edlna pr\u00e1\u0161kov\u00e9ho lakov\u00e1n\u00ed<\/h3>\n<p><img decoding=\"async\" src=\"\/wp-content\/uploads\/factory-09.webp\"\/><\/p>\n<h3>D\u00edlna eloxov\u00e1n\u00ed<\/h3>\n<p><img decoding=\"async\" src=\"\/wp-content\/uploads\/factory-10.webp\"\/><\/p>\n<h3>Workshop o hloubkov\u00e9m zpracov\u00e1n\u00ed<\/h3>\n<p><img decoding=\"async\" src=\"\/wp-content\/uploads\/factory-11.webp\"\/><\/p>\n<h3>D\u00edlna CNC p\u0159esn\u00e9ho obr\u00e1b\u011bn\u00ed<\/h3>\n<p><img decoding=\"async\" src=\"\/wp-content\/uploads\/factory-11.5.webp\"\/><\/p>\n<h3>Sklad hotov\u00fdch v\u00fdrobk\u016f a exportn\u00ed sklad<\/h3>\n<p><img decoding=\"async\" src=\"\/wp-content\/uploads\/factory-12.webp\"\/><\/p>\n<p><img decoding=\"async\" src=\"\/wp-content\/uploads\/factory-13.webp\"\/><\/p>\n<p><img decoding=\"async\" src=\"\/wp-content\/uploads\/factory-14.webp\"\/><\/p>\n<h2>\u010cASTO KLADEN\u00c9 DOTAZY<\/h2>\n<p><strong>1. Jak\u00e9 jsou v\u00fdhody pou\u017eit\u00ed hlin\u00edkov\u00e9ho chladi\u010de?<\/strong><br \/>Hlin\u00edkov\u00e9 chladi\u010de poskytuj\u00ed vynikaj\u00edc\u00ed tepelnou vodivost a n\u00edzkou hmotnost, co\u017e je ide\u00e1ln\u00ed pro \u0159\u00edzen\u00ed tepla v elektronice.<\/p>\n<p><strong>2. Lze kulat\u00fd hlin\u00edkov\u00fd chladi\u010d p\u0159izp\u016fsobit?<\/strong><br \/>Ano, u hromadn\u00fdch objedn\u00e1vek nab\u00edz\u00edme mo\u017enosti p\u0159izp\u016fsoben\u00ed velikosti, konfigurace a zna\u010dky.<\/p>\n<p><strong>3. Je tento chladi\u010d kompatibiln\u00ed se v\u0161emi elektrick\u00fdmi v\u00fdrobky?<\/strong><br \/>P\u0159esto\u017ee jsou navr\u017eeny pro v\u0161estrann\u00e9 pou\u017eit\u00ed, jejich kompatibilita z\u00e1vis\u00ed na konkr\u00e9tn\u00edch rozm\u011brech v\u00fdrobku a tepeln\u00fdch po\u017eadavc\u00edch.<\/p>\n<p><strong>4. Jak kulat\u00fd tvar napom\u00e1h\u00e1 odvodu tepla?<\/strong><br \/>Kulat\u00fd tvar umo\u017e\u0148uje rovnom\u011brn\u011bj\u0161\u00ed rozlo\u017een\u00ed tepla a lep\u0161\u00ed proud\u011bn\u00ed vzduchu, co\u017e zlep\u0161uje tepelnou spr\u00e1vu.<\/p>\n<p><strong>5. Jak\u00e9 je minim\u00e1ln\u00ed objednac\u00ed mno\u017estv\u00ed pro n\u00e1kup chladi\u010d\u016f?<\/strong><br \/>Na\u0161e MOQ je flexibiln\u00ed v z\u00e1vislosti na konkr\u00e9tn\u00edch po\u017eadavc\u00edch a po\u017eadovan\u00fdch mo\u017enostech.<\/p>\n<p><strong>6. Poskytujete technickou podporu pro integraci chladi\u010de s na\u0161imi produkty?<\/strong><br \/>Ano, nab\u00edz\u00edme technick\u00e9 konzultace pro zaji\u0161t\u011bn\u00ed optim\u00e1ln\u00ed integrace s va\u0161imi elektrick\u00fdmi za\u0159\u00edzen\u00edmi.<\/p>\n<p><strong>7. Jsou pro chladi\u010de k dispozici ekologick\u00e9 materi\u00e1ly?<\/strong><br \/>Ano, na vy\u017e\u00e1d\u00e1n\u00ed m\u016f\u017eeme poskytnout mo\u017enosti ekologicky \u0161etrn\u00fdch materi\u00e1l\u016f.<\/p>\n<p><\/p>","protected":false},"featured_media":10826,"template":"","categories":[72],"class_list":["post-10954","product","type-product","status-publish","has-post-thumbnail","hentry","category-extruded-aluminum-heatsink"],"meta_box":{"hilight_text_group":[{"product_hilight_text":"<li>Efficient thermal management for improved electronics performance<\/li>\n<li>Lightweight and robust design specifically for electrical products<\/li>\n<li>Customizable dimensions and configurations to suit various applications<\/li>\n<li>Made from high-quality aluminum for superior thermal conductivity<\/li>\n<li>Supports bulk orders with custom logo and branding services<\/li>"}],"feature_list":[]},"_links":{"self":[{"href":"https:\/\/sinoextrud.com\/cs\/wp-json\/wp\/v2\/product\/10954","targetHints":{"allow":["GET"]}}],"collection":[{"href":"https:\/\/sinoextrud.com\/cs\/wp-json\/wp\/v2\/product"}],"about":[{"href":"https:\/\/sinoextrud.com\/cs\/wp-json\/wp\/v2\/types\/product"}],"wp:featuredmedia":[{"embeddable":true,"href":"https:\/\/sinoextrud.com\/cs\/wp-json\/wp\/v2\/media\/10826"}],"wp:attachment":[{"href":"https:\/\/sinoextrud.com\/cs\/wp-json\/wp\/v2\/media?parent=10954"}],"wp:term":[{"taxonomy":"category","embeddable":true,"href":"https:\/\/sinoextrud.com\/cs\/wp-json\/wp\/v2\/categories?post=10954"}],"curies":[{"name":"wp","href":"https:\/\/api.w.org\/{rel}","templated":true}]}}