{"id":10945,"date":"2025-08-01T03:17:05","date_gmt":"2025-08-01T03:17:05","guid":{"rendered":"https:\/\/sinoextrud.com\/product\/strobe-light-heat-sink-for-led-systems\/"},"modified":"2025-08-01T03:17:05","modified_gmt":"2025-08-01T03:17:05","slug":"chladic-stroboskopickeho-svetla-pro-led-systemy","status":"publish","type":"product","link":"https:\/\/sinoextrud.com\/cs\/product\/strobe-light-heat-sink-for-led-systems\/","title":{"rendered":"Chladi\u010d stroboskopick\u00e9ho sv\u011btla pro syst\u00e9my LED"},"content":{"rendered":"<h2>Podrobnosti o produktech<\/h2>\n<div class=\"product-table\">\n<div class=\"row\">\n<div class=\"cell label\">T\u0159\u00edda<\/div>\n<div class=\"cell value\">\u0158ada 6000<\/div>\n<\/div>\n<div class=\"row\">\n<div class=\"cell label\">Tolerance<\/div>\n<div class=\"cell value\">\u00c2\u00b11%<\/div>\n<\/div>\n<div class=\"row\">\n<div class=\"cell label\">Doba dod\u00e1n\u00ed<\/div>\n<div class=\"cell value\">do 7 dn\u016f<\/div>\n<\/div>\n<div class=\"row\">\n<div class=\"cell label\">Temperament<\/div>\n<div class=\"cell value\">T3-T8<\/div>\n<\/div>\n<div class=\"row\">\n<div class=\"cell label\">Aplikace<\/div>\n<div class=\"cell value\">Chladi\u010d<\/div>\n<\/div>\n<div class=\"row\">\n<div class=\"cell label\">Tvar<\/div>\n<div class=\"cell value\">\u010ctverec<\/div>\n<\/div>\n<div class=\"row\">\n<div class=\"cell label\">Slitina nebo ne<\/div>\n<div class=\"cell value\">Je slitina<\/div>\n<\/div>\n<div class=\"row\">\n<div class=\"cell label\">Slu\u017eba zpracov\u00e1n\u00ed<\/div>\n<div class=\"cell value\">Oh\u00fdb\u00e1n\u00ed, odv\u00edjen\u00ed, sva\u0159ov\u00e1n\u00ed, d\u011brov\u00e1n\u00ed, \u0159ez\u00e1n\u00ed<\/div>\n<\/div>\n<div class=\"row\">\n<div class=\"cell label\">N\u00e1zev produktu<\/div>\n<div class=\"cell value\">Vlastn\u00ed LED modul\u00e1rn\u00ed pouli\u010dn\u00ed sv\u011btlo vytla\u010dov\u00e1n\u00ed hlin\u00edkov\u00e9ho chladi\u010de<\/div>\n<\/div>\n<div class=\"row\">\n<div class=\"cell label\">Materi\u00e1l a teplota<\/div>\n<div class=\"cell value\">Profil hlin\u00edkov\u00e9 slitiny 6063-T5,6061-T6<\/div>\n<\/div>\n<div class=\"row\">\n<div class=\"cell label\">Aplikace<\/div>\n<div class=\"cell value\">Elektronika, stavebnictv\u00ed, konstrukce a dekorace.<\/div>\n<\/div>\n<div class=\"row\">\n<div class=\"cell label\">Hloubkov\u00e9 zpracov\u00e1n\u00ed<\/div>\n<div class=\"cell value\">CNC \/ \u0159ez\u00e1n\u00ed \/ d\u011brov\u00e1n\u00ed \/ z\u00e1vitov\u00e1n\u00ed \/ vrt\u00e1n\u00ed \/ fr\u00e9zov\u00e1n\u00ed<\/div>\n<\/div>\n<div class=\"row\">\n<div class=\"cell label\">MOQ<\/div>\n<div class=\"cell value\">200 kg pro b\u011b\u017enou objedn\u00e1vku.<\/div>\n<\/div>\n<div class=\"row\">\n<div class=\"cell label\">OEM\/ODM<\/div>\n<div class=\"cell value\">P\u0159ijateln\u00e9<\/div>\n<\/div>\n<div class=\"row\">\n<div class=\"cell label\">Doba dod\u00e1n\u00ed<\/div>\n<div class=\"cell value\">Obvykle 15-25 dn\u00ed<\/div>\n<\/div>\n<div class=\"row\">\n<div class=\"cell label\">Povrchov\u00e1 \u00faprava<\/div>\n<div class=\"cell value\">eloxov\u00e1n\u00ed, povlakov\u00e1n\u00ed, elektrofor\u00e9za, potisk d\u0159ezem, laserov\u00e9 zna\u010den\u00ed<\/div>\n<\/div>\n<div class=\"row\">\n<div class=\"cell label\">Barva<\/div>\n<div class=\"cell value\">St\u0159\u00edbrn\u00e1, \u010dern\u00e1, b\u00edl\u00e1 nebo p\u0159izp\u016fsoben\u00e1<\/div>\n<\/div>\n<div class=\"row\">\n<div class=\"cell label\">Po\u017eadavek na barvu<\/div>\n<div class=\"cell value\">\u010c\u00edslo Pantone, \u010d\u00edslo Ral nebo vzorek<\/div>\n<\/div>\n<div class=\"row\">\n<div class=\"cell label\">Prodejn\u00ed jednotky<\/div>\n<div class=\"cell value\">Jednotliv\u00e1 polo\u017eka<\/div>\n<\/div>\n<div class=\"row\">\n<div class=\"cell label\">Velikost jednoho balen\u00ed<\/div>\n<div class=\"cell value\">30X30X20 cm<\/div>\n<\/div>\n<div class=\"row\">\n<div class=\"cell label\">Jednotliv\u00e1 hrub\u00e1 hmotnost<\/div>\n<div class=\"cell value\">0,200 KG<\/div>\n<\/div>\n<\/div>\n<p><\/p>\n<h2>Na\u0161e v\u00fdrobn\u00ed z\u00e1kladna<\/h2>\n<h3>Panorama tov\u00e1rny<\/h3>\n<p><img decoding=\"async\" src=\"\/wp-content\/uploads\/factory-01.webp\"\/><\/p>\n<h3>D\u00edlna na v\u00fdrobu hlin\u00edkov\u00fdch ty\u010d\u00ed<\/h3>\n<p><img decoding=\"async\" src=\"\/wp-content\/uploads\/factory-02.webp\"\/><\/p>\n<p><img decoding=\"async\" src=\"\/wp-content\/uploads\/factory-03.webp\"\/><\/p>\n<h3>Sklad pl\u00edsn\u00ed<\/h3>\n<p><img decoding=\"async\" src=\"\/wp-content\/uploads\/factory-04.webp\"\/><\/p>\n<h3>43 linek na vytla\u010dov\u00e1n\u00ed hlin\u00edku (500-5500 tun)<\/h3>\n<p><img decoding=\"async\" src=\"\/wp-content\/uploads\/factory-05.webp\"\/><\/p>\n<p><img decoding=\"async\" src=\"\/wp-content\/uploads\/factory-06.webp\"\/><\/p>\n<p><img decoding=\"async\" src=\"\/wp-content\/uploads\/factory-07.webp\"\/><\/p>\n<h3>D\u00edlna pr\u00e1\u0161kov\u00e9ho lakov\u00e1n\u00ed<\/h3>\n<p><img decoding=\"async\" src=\"\/wp-content\/uploads\/factory-09.webp\"\/><\/p>\n<h3>D\u00edlna eloxov\u00e1n\u00ed<\/h3>\n<p><img decoding=\"async\" src=\"\/wp-content\/uploads\/factory-10.webp\"\/><\/p>\n<h3>Workshop o hloubkov\u00e9m zpracov\u00e1n\u00ed<\/h3>\n<p><img decoding=\"async\" src=\"\/wp-content\/uploads\/factory-11.webp\"\/><\/p>\n<h3>D\u00edlna CNC p\u0159esn\u00e9ho obr\u00e1b\u011bn\u00ed<\/h3>\n<p><img decoding=\"async\" src=\"\/wp-content\/uploads\/factory-11.5.webp\"\/><\/p>\n<h3>Sklad hotov\u00fdch v\u00fdrobk\u016f a exportn\u00ed sklad<\/h3>\n<p><img decoding=\"async\" src=\"\/wp-content\/uploads\/factory-12.webp\"\/><\/p>\n<p><img decoding=\"async\" src=\"\/wp-content\/uploads\/factory-13.webp\"\/><\/p>\n<p><img decoding=\"async\" src=\"\/wp-content\/uploads\/factory-14.webp\"\/><\/p>\n<h2>\u010cASTO KLADEN\u00c9 DOTAZY<\/h2>\n<p><strong>1. Co je to chladi\u010d stroboskopu?<\/strong><br \/>Chladi\u010d stroboskopu je sou\u010d\u00e1stka ur\u010den\u00e1 k odv\u00e1d\u011bn\u00ed tepla, kter\u00e9 stroboskopy produkuj\u00ed, a t\u00edm zvy\u0161uje jejich v\u00fdkon a \u017eivotnost.<\/p>\n<p><strong>2. Lze tento chladi\u010d pou\u017e\u00edt s jak\u00fdmkoli stroboskopem?<\/strong><br \/>Ano, je kompatibiln\u00ed s celou \u0159adou model\u016f stroboskop\u016f a v p\u0159\u00edpad\u011b pot\u0159eby jej lze p\u0159izp\u016fsobit.<\/p>\n<p><strong>3. Pro\u010d je u stroboskop\u016f d\u016fle\u017eit\u00fd chladi\u010d?<\/strong><br \/>Chladi\u010de zabra\u0148uj\u00ed p\u0159eh\u0159\u00e1t\u00ed, kter\u00e9 m\u016f\u017ee po\u0161kodit stroboskopy a sn\u00ed\u017eit jejich \u00fa\u010dinnost.<\/p>\n<p><strong>4. Jak nainstalovat chladi\u010d na stroboskop?<\/strong><br \/>Pokyny k instalaci jsou k dispozici; obvykle se jedn\u00e1 o upevn\u011bn\u00ed chladi\u010de k pouzdru stroboskopu.<\/p>\n<p><strong>5. Je tento chladi\u010d vyroben z odoln\u00fdch materi\u00e1l\u016f?<\/strong><br \/>Ano, obvykle je vyroben z vysoce kvalitn\u00edho hlin\u00edku pro efektivn\u00ed odvod tepla a dlouhodobou \u017eivotnost.<\/p>\n<p><strong>6. Lze chladi\u010d p\u0159izp\u016fsobit pro r\u016fzn\u00e9 aplikace stroboskopick\u00e9ho sv\u011btla?<\/strong><br \/>Ano, jsou k dispozici mo\u017enosti p\u0159izp\u016fsoben\u00ed, jako je velikost a povrchov\u00e1 \u00faprava, kter\u00e9 odpov\u00eddaj\u00ed specifick\u00fdm pot\u0159eb\u00e1m aplikace.<\/p>\n<p><strong>7. Zlep\u0161uje chladi\u010d v\u00fdkon stroboskop\u016f?<\/strong><br \/>Ano, zvy\u0161uje v\u00fdkon t\u00edm, \u017ee \u00fa\u010dinn\u011b \u0159\u00edd\u00ed teplo, prodlu\u017euje \u017eivotnost a stabilitu stroboskop\u016f.<\/p>\n<p><\/p>","protected":false},"featured_media":10836,"template":"","categories":[72],"class_list":["post-10945","product","type-product","status-publish","has-post-thumbnail","hentry","category-extruded-aluminum-heatsink"],"meta_box":{"hilight_text_group":[{"product_hilight_text":"<li>Engineered for optimal thermal management in strobe lighting systems<\/li>\n<li>High-efficiency design ensures prolonged strobe light lifespan<\/li>\n<li>Compatible with various strobe light models and brands<\/li>\n<li>Available in different materials like aluminum for superior heat dissipation<\/li>\n<li>Customizable dimensions and finishes to meet specific requirements<\/li>"}],"feature_list":[]},"_links":{"self":[{"href":"https:\/\/sinoextrud.com\/cs\/wp-json\/wp\/v2\/product\/10945","targetHints":{"allow":["GET"]}}],"collection":[{"href":"https:\/\/sinoextrud.com\/cs\/wp-json\/wp\/v2\/product"}],"about":[{"href":"https:\/\/sinoextrud.com\/cs\/wp-json\/wp\/v2\/types\/product"}],"wp:featuredmedia":[{"embeddable":true,"href":"https:\/\/sinoextrud.com\/cs\/wp-json\/wp\/v2\/media\/10836"}],"wp:attachment":[{"href":"https:\/\/sinoextrud.com\/cs\/wp-json\/wp\/v2\/media?parent=10945"}],"wp:term":[{"taxonomy":"category","embeddable":true,"href":"https:\/\/sinoextrud.com\/cs\/wp-json\/wp\/v2\/categories?post=10945"}],"curies":[{"name":"wp","href":"https:\/\/api.w.org\/{rel}","templated":true}]}}