{"id":10944,"date":"2025-08-01T03:17:03","date_gmt":"2025-08-01T03:17:03","guid":{"rendered":"https:\/\/sinoextrud.com\/product\/aluminum-profile-for-5g-signal-tower-systems\/"},"modified":"2025-08-01T03:17:03","modified_gmt":"2025-08-01T03:17:03","slug":"hlinikovy-profil-pro-systemy-signalizacnich-vezi-5g","status":"publish","type":"product","link":"https:\/\/sinoextrud.com\/cs\/product\/aluminum-profile-for-5g-signal-tower-systems\/","title":{"rendered":"Hlin\u00edkov\u00fd profil pro syst\u00e9my signaliza\u010dn\u00edch v\u011b\u017e\u00ed 5G"},"content":{"rendered":"<h2>Podrobnosti o produktech<\/h2>\n<div class=\"product-table\">\n<div class=\"row\">\n<div class=\"cell label\">T\u0159\u00edda<\/div>\n<div class=\"cell value\">\u0158ada 6000<\/div>\n<\/div>\n<div class=\"row\">\n<div class=\"cell label\">Tolerance<\/div>\n<div class=\"cell value\">\u00c2\u00b10,01%<\/div>\n<\/div>\n<div class=\"row\">\n<div class=\"cell label\">Doba dod\u00e1n\u00ed<\/div>\n<div class=\"cell value\">8-14 dn\u00ed<\/div>\n<\/div>\n<div class=\"row\">\n<div class=\"cell label\">Temperament<\/div>\n<div class=\"cell value\">T3-T8<\/div>\n<\/div>\n<div class=\"row\">\n<div class=\"cell label\">Aplikace<\/div>\n<div class=\"cell value\">led\/elektronika\/cpu\/pr\u016fmysl<\/div>\n<\/div>\n<div class=\"row\">\n<div class=\"cell label\">Tvar<\/div>\n<div class=\"cell value\">Vlastn\u00ed<\/div>\n<\/div>\n<div class=\"row\">\n<div class=\"cell label\">Slitina nebo ne<\/div>\n<div class=\"cell value\">Je slitina<\/div>\n<\/div>\n<div class=\"row\">\n<div class=\"cell label\">Slu\u017eba zpracov\u00e1n\u00ed<\/div>\n<div class=\"cell value\">Oh\u00fdb\u00e1n\u00ed, odv\u00edjen\u00ed, sva\u0159ov\u00e1n\u00ed, d\u011brov\u00e1n\u00ed, \u0159ez\u00e1n\u00ed<\/div>\n<\/div>\n<div class=\"row\">\n<div class=\"cell label\">N\u00e1zev produktu<\/div>\n<div class=\"cell value\">Vlastn\u00ed hlin\u00edkov\u00fd chladi\u010d<\/div>\n<\/div>\n<div class=\"row\">\n<div class=\"cell label\">Materi\u00e1l<\/div>\n<div class=\"cell value\">6063 6061 6005 Hlin\u00edkov\u00e1 slitina<\/div>\n<\/div>\n<div class=\"row\">\n<div class=\"cell label\">Barva<\/div>\n<div class=\"cell value\">St\u0159\u00edbrn\u00e1, \u010dern\u00e1, zlato\u010dern\u00e1 atd.<\/div>\n<\/div>\n<div class=\"row\">\n<div class=\"cell label\">Povrchov\u00e1 \u00faprava<\/div>\n<div class=\"cell value\">Ml\u00fdnsk\u00e1 \u00faprava, eloxov\u00e1n\u00ed, pr\u00e1\u0161kov\u00e9 lakov\u00e1n\u00ed<\/div>\n<\/div>\n<div class=\"row\">\n<div class=\"cell label\">Certifikace<\/div>\n<div class=\"cell value\">ISO9001:2008<\/div>\n<\/div>\n<div class=\"row\">\n<div class=\"cell label\">tvar<\/div>\n<div class=\"cell value\">P\u0159izp\u016fsoben\u00e9<\/div>\n<\/div>\n<div class=\"row\">\n<div class=\"cell label\">Pou\u017eit\u00ed<\/div>\n<div class=\"cell value\">Led\/elektronika\/cpu\/pr\u016fmysl<\/div>\n<\/div>\n<div class=\"row\">\n<div class=\"cell label\">Uk\u00e1zka<\/div>\n<div class=\"cell value\">Vzorek zdarma<\/div>\n<\/div>\n<div class=\"row\">\n<div class=\"cell label\">D\u00e9lka<\/div>\n<div class=\"cell value\">Vlastn\u00ed d\u00e9lka<\/div>\n<\/div>\n<div class=\"row\">\n<div class=\"cell label\">Slu\u017eba<\/div>\n<div class=\"cell value\">OEM ODM<\/div>\n<\/div>\n<div class=\"row\">\n<div class=\"cell label\">Prodejn\u00ed jednotky<\/div>\n<div class=\"cell value\">N\u00e1sobek 300<\/div>\n<\/div>\n<div class=\"row\">\n<div class=\"cell label\">Velikost balen\u00ed na d\u00e1vku<\/div>\n<div class=\"cell value\">200X150X80 cm<\/div>\n<\/div>\n<div class=\"row\">\n<div class=\"cell label\">Hrub\u00e1 hmotnost d\u00e1vky<\/div>\n<div class=\"cell value\">300 000 KG<\/div>\n<\/div>\n<\/div>\n<p><\/p>\n<h2>Na\u0161e v\u00fdrobn\u00ed z\u00e1kladna<\/h2>\n<h3>Panorama tov\u00e1rny<\/h3>\n<p><img decoding=\"async\" src=\"\/wp-content\/uploads\/factory-01.webp\"\/><\/p>\n<h3>D\u00edlna na v\u00fdrobu hlin\u00edkov\u00fdch ty\u010d\u00ed<\/h3>\n<p><img decoding=\"async\" src=\"\/wp-content\/uploads\/factory-02.webp\"\/><\/p>\n<p><img decoding=\"async\" src=\"\/wp-content\/uploads\/factory-03.webp\"\/><\/p>\n<h3>Sklad pl\u00edsn\u00ed<\/h3>\n<p><img decoding=\"async\" src=\"\/wp-content\/uploads\/factory-04.webp\"\/><\/p>\n<h3>43 linek na vytla\u010dov\u00e1n\u00ed hlin\u00edku (500-5500 tun)<\/h3>\n<p><img decoding=\"async\" src=\"\/wp-content\/uploads\/factory-05.webp\"\/><\/p>\n<p><img decoding=\"async\" src=\"\/wp-content\/uploads\/factory-06.webp\"\/><\/p>\n<p><img decoding=\"async\" src=\"\/wp-content\/uploads\/factory-07.webp\"\/><\/p>\n<h3>D\u00edlna pr\u00e1\u0161kov\u00e9ho lakov\u00e1n\u00ed<\/h3>\n<p><img decoding=\"async\" src=\"\/wp-content\/uploads\/factory-09.webp\"\/><\/p>\n<h3>D\u00edlna eloxov\u00e1n\u00ed<\/h3>\n<p><img decoding=\"async\" src=\"\/wp-content\/uploads\/factory-10.webp\"\/><\/p>\n<h3>Workshop o hloubkov\u00e9m zpracov\u00e1n\u00ed<\/h3>\n<p><img decoding=\"async\" src=\"\/wp-content\/uploads\/factory-11.webp\"\/><\/p>\n<h3>D\u00edlna CNC p\u0159esn\u00e9ho obr\u00e1b\u011bn\u00ed<\/h3>\n<p><img decoding=\"async\" src=\"\/wp-content\/uploads\/factory-11.5.webp\"\/><\/p>\n<h3>Sklad hotov\u00fdch v\u00fdrobk\u016f a exportn\u00ed sklad<\/h3>\n<p><img decoding=\"async\" src=\"\/wp-content\/uploads\/factory-12.webp\"\/><\/p>\n<p><img decoding=\"async\" src=\"\/wp-content\/uploads\/factory-13.webp\"\/><\/p>\n<p><img decoding=\"async\" src=\"\/wp-content\/uploads\/factory-14.webp\"\/><\/p>\n<h2>\u010cASTO KLADEN\u00c9 DOTAZY<\/h2>\n<p><strong>1. Pro\u010d jsou tyto hlin\u00edkov\u00e9 profily vhodn\u00e9 pro v\u011b\u017ee 5G?<\/strong><br \/>Hlin\u00edkov\u00e9 profily jsou speci\u00e1ln\u011b navr\u017eeny tak, aby zlep\u0161ovaly p\u0159\u00edjem a odolnost sign\u00e1lu, co\u017e je pro technologii 5G z\u00e1sadn\u00ed.<\/p>\n<p><strong>2. Jsou tyto profily odoln\u00e9 v\u016f\u010di pov\u011btrnostn\u00edm podm\u00ednk\u00e1m?<\/strong><br \/>Ano, jsou vyrobeny tak, aby byly odoln\u00e9 proti korozi, tak\u017ee jsou ide\u00e1ln\u00ed pro venkovn\u00ed instalace.<\/p>\n<p><strong>3. M\u016f\u017eeme si objednat profily ve vlastn\u00edch velikostech?<\/strong><br \/>Rozhodn\u011b poskytujeme p\u0159izp\u016fsobiteln\u00e9 d\u00e9lky a profily na m\u00edru po\u017eadavk\u016fm va\u0161eho projektu.<\/p>\n<p><strong>4. Podporuj\u00ed tyto hlin\u00edkov\u00e9 profily sou\u010dasn\u00e9 technologick\u00e9 standardy 5G?<\/strong><br \/>Ano, jsou pln\u011b v souladu se st\u00e1vaj\u00edc\u00edmi po\u017eadavky na infrastrukturu 5G.<\/p>\n<p><strong>5. Jak\u00e1 je obvykl\u00e1 doba realizace hromadn\u00fdch objedn\u00e1vek?<\/strong><br \/>Dodac\u00ed lh\u016fty se li\u0161\u00ed, ale obvykle se pohybuj\u00ed v rozmez\u00ed 4-6 t\u00fddn\u016f v z\u00e1vislosti na velikosti objedn\u00e1vky a p\u0159izp\u016fsoben\u00ed.<\/p>\n<p><strong>6. Je pro tyto profily stanoveno minim\u00e1ln\u00ed objednac\u00ed mno\u017estv\u00ed?<\/strong><br \/>Ano, v z\u00e1vislosti na pot\u0159eb\u011b p\u0159izp\u016fsoben\u00ed po\u017eadujeme minim\u00e1ln\u00ed mno\u017estv\u00ed objedn\u00e1vky.<\/p>\n<p><strong>7. Nab\u00edz\u00edte technickou podporu p\u0159i instalaci?<\/strong><br \/>Ano, na po\u017e\u00e1d\u00e1n\u00ed poskytujeme komplexn\u00ed instala\u010dn\u00ed p\u0159\u00edru\u010dky a technickou podporu.<\/p>\n<p><\/p>","protected":false},"featured_media":10759,"template":"","categories":[55],"class_list":["post-10944","product","type-product","status-publish","has-post-thumbnail","hentry","category-extruded-aluminum-profiles"],"meta_box":{"hilight_text_group":[{"product_hilight_text":"<li>Engineered specifically for 5G signal tower applications<\/li>\n<li>Lightweight yet durable, enhancing installation efficiency<\/li>\n<li>Corrosion-resistant features for extended outdoor use<\/li>\n<li>Compatible with current 5G technology standards<\/li>\n<li>Custom lengths and profiles available for B2B projects<\/li>"}],"feature_list":[]},"_links":{"self":[{"href":"https:\/\/sinoextrud.com\/cs\/wp-json\/wp\/v2\/product\/10944","targetHints":{"allow":["GET"]}}],"collection":[{"href":"https:\/\/sinoextrud.com\/cs\/wp-json\/wp\/v2\/product"}],"about":[{"href":"https:\/\/sinoextrud.com\/cs\/wp-json\/wp\/v2\/types\/product"}],"wp:featuredmedia":[{"embeddable":true,"href":"https:\/\/sinoextrud.com\/cs\/wp-json\/wp\/v2\/media\/10759"}],"wp:attachment":[{"href":"https:\/\/sinoextrud.com\/cs\/wp-json\/wp\/v2\/media?parent=10944"}],"wp:term":[{"taxonomy":"category","embeddable":true,"href":"https:\/\/sinoextrud.com\/cs\/wp-json\/wp\/v2\/categories?post=10944"}],"curies":[{"name":"wp","href":"https:\/\/api.w.org\/{rel}","templated":true}]}}