{"id":10943,"date":"2025-08-01T03:17:00","date_gmt":"2025-08-01T03:17:00","guid":{"rendered":"https:\/\/sinoextrud.com\/product\/small-aluminum-gaming-computer-case\/"},"modified":"2025-08-01T03:17:00","modified_gmt":"2025-08-01T03:17:00","slug":"mala-hlinikova-herni-pocitacova-skrin","status":"publish","type":"product","link":"https:\/\/sinoextrud.com\/cs\/product\/small-aluminum-gaming-computer-case\/","title":{"rendered":"Mal\u00e1 hlin\u00edkov\u00e1 hern\u00ed po\u010d\u00edta\u010dov\u00e1 sk\u0159\u00ed\u0148"},"content":{"rendered":"<h2>Podrobnosti o produktech<\/h2>\n<div class=\"product-table\">\n<div class=\"row\">\n<div class=\"cell label\">N\u00e1zev d\u00edlu<\/div>\n<div class=\"cell value\">Sk\u0159\u00ed\u0148 Mini ITX<\/div>\n<\/div>\n<div class=\"row\">\n<div class=\"cell label\">Rozm\u011br<\/div>\n<div class=\"cell value\">Podle v\u00fdkresu nebo vzorku na zak\u00e1zku<\/div>\n<\/div>\n<div class=\"row\">\n<div class=\"cell label\">Zku\u0161enosti<\/div>\n<div class=\"cell value\">Od roku 2000<\/div>\n<\/div>\n<div class=\"row\">\n<div class=\"cell label\">Certifikace<\/div>\n<div class=\"cell value\">ITAF16949:2016, ISO9001:2015, RoHS, HE report atd.<\/div>\n<\/div>\n<div class=\"row\">\n<div class=\"cell label\">OEM &amp; ODM<\/div>\n<div class=\"cell value\">ANO<\/div>\n<\/div>\n<div class=\"row\">\n<div class=\"cell label\">Inspekce<\/div>\n<div class=\"cell value\">Tov\u00e1rn\u00ed kontrola 100% ve v\u00fdrobn\u00edm z\u00e1vod\u011b<\/div>\n<\/div>\n<div class=\"row\">\n<div class=\"cell label\">MOQ<\/div>\n<div class=\"cell value\">100 KUS\u016e<\/div>\n<\/div>\n<div class=\"row\">\n<div class=\"cell label\">Tolerance<\/div>\n<div class=\"cell value\">+\/-0,01 nebo vlastn\u00ed<\/div>\n<\/div>\n<div class=\"row\">\n<div class=\"cell label\">Poprodejn\u00ed servis<\/div>\n<div class=\"cell value\">ANO<\/div>\n<\/div>\n<div class=\"row\">\n<div class=\"cell label\">Proces<\/div>\n<div class=\"cell value\">Laserov\u00e9 \u0159ez\u00e1n\u00ed Oh\u00fdb\u00e1n\u00ed Lisov\u00e1n\u00ed<\/div>\n<\/div>\n<div class=\"row\">\n<div class=\"cell label\">Prodejn\u00ed jednotky<\/div>\n<div class=\"cell value\">Jednotliv\u00e1 polo\u017eka<\/div>\n<\/div>\n<div class=\"row\">\n<div class=\"cell label\">Velikost jednoho balen\u00ed<\/div>\n<div class=\"cell value\">10X10X10 cm<\/div>\n<\/div>\n<div class=\"row\">\n<div class=\"cell label\">Jednotliv\u00e1 hrub\u00e1 hmotnost<\/div>\n<div class=\"cell value\">0,100 KG<\/div>\n<\/div>\n<\/div>\n<p><\/p>\n<h2>Na\u0161e v\u00fdrobn\u00ed z\u00e1kladna<\/h2>\n<h3>Panorama tov\u00e1rny<\/h3>\n<p><img decoding=\"async\" src=\"\/wp-content\/uploads\/factory-01.webp\"\/><\/p>\n<h3>D\u00edlna na v\u00fdrobu hlin\u00edkov\u00fdch ty\u010d\u00ed<\/h3>\n<p><img decoding=\"async\" src=\"\/wp-content\/uploads\/factory-02.webp\"\/><\/p>\n<p><img decoding=\"async\" src=\"\/wp-content\/uploads\/factory-03.webp\"\/><\/p>\n<h3>Sklad pl\u00edsn\u00ed<\/h3>\n<p><img decoding=\"async\" src=\"\/wp-content\/uploads\/factory-04.webp\"\/><\/p>\n<h3>43 linek na vytla\u010dov\u00e1n\u00ed hlin\u00edku (500-5500 tun)<\/h3>\n<p><img decoding=\"async\" src=\"\/wp-content\/uploads\/factory-05.webp\"\/><\/p>\n<p><img decoding=\"async\" src=\"\/wp-content\/uploads\/factory-06.webp\"\/><\/p>\n<p><img decoding=\"async\" src=\"\/wp-content\/uploads\/factory-07.webp\"\/><\/p>\n<h3>D\u00edlna pr\u00e1\u0161kov\u00e9ho lakov\u00e1n\u00ed<\/h3>\n<p><img decoding=\"async\" src=\"\/wp-content\/uploads\/factory-09.webp\"\/><\/p>\n<h3>D\u00edlna eloxov\u00e1n\u00ed<\/h3>\n<p><img decoding=\"async\" src=\"\/wp-content\/uploads\/factory-10.webp\"\/><\/p>\n<h3>Workshop o hloubkov\u00e9m zpracov\u00e1n\u00ed<\/h3>\n<p><img decoding=\"async\" src=\"\/wp-content\/uploads\/factory-11.webp\"\/><\/p>\n<h3>D\u00edlna CNC p\u0159esn\u00e9ho obr\u00e1b\u011bn\u00ed<\/h3>\n<p><img decoding=\"async\" src=\"\/wp-content\/uploads\/factory-11.5.webp\"\/><\/p>\n<h3>Sklad hotov\u00fdch v\u00fdrobk\u016f a exportn\u00ed sklad<\/h3>\n<p><img decoding=\"async\" src=\"\/wp-content\/uploads\/factory-12.webp\"\/><\/p>\n<p><img decoding=\"async\" src=\"\/wp-content\/uploads\/factory-13.webp\"\/><\/p>\n<p><img decoding=\"async\" src=\"\/wp-content\/uploads\/factory-14.webp\"\/><\/p>\n<h2>\u010cASTO KLADEN\u00c9 DOTAZY<\/h2>\n<p><strong>1. Jak\u00e9 jsou rozm\u011bry mal\u00e9 hlin\u00edkov\u00e9 hern\u00ed po\u010d\u00edta\u010dov\u00e9 sk\u0159\u00edn\u011b?<\/strong><br \/>Sk\u0159\u00ed\u0148 je navr\u017eena tak, aby se ve\u0161la do kompaktn\u00edch prostor a z\u00e1rove\u0148 pojmula z\u00e1kladn\u00ed komponenty, p\u0159i\u010dem\u017e jej\u00ed rozm\u011bry jsou optimalizov\u00e1ny pro hern\u00ed sestavy.<\/p>\n<p><strong>2. Jak\u00fd p\u0159\u00ednos m\u00e1 hlin\u00edkov\u00e1 konstrukce kufru?<\/strong><br \/>Hlin\u00edk zaji\u0161\u0165uje vynikaj\u00edc\u00ed odvod tepla, tak\u017ee va\u0161e komponenty z\u016fstanou chladn\u00e9 i b\u011bhem intenzivn\u00edho hran\u00ed.<\/p>\n<p><strong>3. Je tato sk\u0159\u00ed\u0148 kompatibiln\u00ed se standardn\u00edmi hern\u00edmi komponenty?<\/strong><br \/>Ano, sk\u0159\u00ed\u0148 podporuje r\u016fzn\u00e9 velikosti a konfigurace z\u00e1kladn\u00edch desek, tak\u017ee je kompatibiln\u00ed se standardn\u00edm hern\u00edm hardwarem.<\/p>\n<p><strong>4. Lze kufr snadno sestavit?<\/strong><br \/>Kufr je navr\u017een pro snadnou mont\u00e1\u017e s u\u017eivatelsky p\u0159\u00edv\u011btiv\u00fdm p\u0159\u00edstupem ke komponent\u00e1m.<\/p>\n<p><strong>5. Je sk\u0159\u00ed\u0148 dod\u00e1v\u00e1na s mo\u017enost\u00ed chlazen\u00ed?<\/strong><br \/>Sk\u0159\u00ed\u0148 \u00fa\u010dinn\u011b odv\u00e1d\u00ed teplo a z\u00e1rove\u0148 poskytuje prostor pro dal\u0161\u00ed chladic\u00ed \u0159e\u0161en\u00ed, jako jsou ventil\u00e1tory nebo syst\u00e9my kapalinov\u00e9ho chlazen\u00ed.<\/p>\n<p><strong>6. Je mo\u017en\u00e9 kuf\u0159\u00edk p\u0159izp\u016fsobit?<\/strong><br \/>Ano, u hromadn\u00fdch objedn\u00e1vek jsou k dispozici mo\u017enosti p\u0159izp\u016fsoben\u00ed, v\u010detn\u011b \u00fapravy zna\u010dky a designu podle va\u0161ich preferenc\u00ed.<\/p>\n<p><strong>7. Jak\u00fd typ povrchov\u00e9 \u00fapravy m\u00e1 kufr?<\/strong><br \/>Pouzdro se m\u016f\u017ee pochlubit elegantn\u00edm, modern\u00edm proveden\u00edm, kter\u00e9 dopln\u00ed jakoukoli hern\u00ed sestavu a z\u00e1rove\u0148 zachov\u00e1v\u00e1 odolnost.<\/p>\n<p><\/p>","protected":false},"featured_media":10838,"template":"","categories":[55],"class_list":["post-10943","product","type-product","status-publish","has-post-thumbnail","hentry","category-extruded-aluminum-profiles"],"meta_box":{"hilight_text_group":[{"product_hilight_text":"<li>Compact size perfect for gaming environments with limited space<\/li>\n<li>Durable aluminum construction for enhanced heat dissipation<\/li>\n<li>Designed for easy assembly and component accessibility<\/li>\n<li>Sleek, modern design to complement any gaming setup<\/li>\n<li>Supports a variety of motherboard sizes and configurations<\/li>"}],"feature_list":[]},"_links":{"self":[{"href":"https:\/\/sinoextrud.com\/cs\/wp-json\/wp\/v2\/product\/10943","targetHints":{"allow":["GET"]}}],"collection":[{"href":"https:\/\/sinoextrud.com\/cs\/wp-json\/wp\/v2\/product"}],"about":[{"href":"https:\/\/sinoextrud.com\/cs\/wp-json\/wp\/v2\/types\/product"}],"wp:featuredmedia":[{"embeddable":true,"href":"https:\/\/sinoextrud.com\/cs\/wp-json\/wp\/v2\/media\/10838"}],"wp:attachment":[{"href":"https:\/\/sinoextrud.com\/cs\/wp-json\/wp\/v2\/media?parent=10943"}],"wp:term":[{"taxonomy":"category","embeddable":true,"href":"https:\/\/sinoextrud.com\/cs\/wp-json\/wp\/v2\/categories?post=10943"}],"curies":[{"name":"wp","href":"https:\/\/api.w.org\/{rel}","templated":true}]}}