{"id":10942,"date":"2025-08-01T03:16:56","date_gmt":"2025-08-01T03:16:56","guid":{"rendered":"https:\/\/sinoextrud.com\/product\/aluminum-plate-fin-heat-sink-for-power-devices\/"},"modified":"2025-08-01T03:16:56","modified_gmt":"2025-08-01T03:16:56","slug":"hlinikovy-deskovy-chladic-pro-vykonova-zarizeni","status":"publish","type":"product","link":"https:\/\/sinoextrud.com\/cs\/product\/aluminum-plate-fin-heat-sink-for-power-devices\/","title":{"rendered":"Hlin\u00edkov\u00fd deskov\u00fd chladi\u010d pro v\u00fdkonn\u00e1 za\u0159\u00edzen\u00ed"},"content":{"rendered":"<h2>Podrobnosti o produktech<\/h2>\n<div class=\"product-table\">\n<div class=\"row\">\n<div class=\"cell label\">T\u0159\u00edda<\/div>\n<div class=\"cell value\">6060,6005,6061,6063,6082,7003,7075,7N12<\/div>\n<\/div>\n<div class=\"row\">\n<div class=\"cell label\">Tolerance<\/div>\n<div class=\"cell value\">\u00c2\u00b11%<\/div>\n<\/div>\n<div class=\"row\">\n<div class=\"cell label\">Doba dod\u00e1n\u00ed<\/div>\n<div class=\"cell value\">3-15 dn\u00ed po zaplacen\u00ed<\/div>\n<\/div>\n<div class=\"row\">\n<div class=\"cell label\">Temperament<\/div>\n<div class=\"cell value\">T4.T5.T6<\/div>\n<\/div>\n<div class=\"row\">\n<div class=\"cell label\">Aplikace<\/div>\n<div class=\"cell value\">Dekorace<\/div>\n<\/div>\n<div class=\"row\">\n<div class=\"cell label\">Tvar<\/div>\n<div class=\"cell value\">Vytla\u010dov\u00e1n\u00ed profil\u016f<\/div>\n<\/div>\n<div class=\"row\">\n<div class=\"cell label\">Slitina nebo ne<\/div>\n<div class=\"cell value\">Je slitina<\/div>\n<\/div>\n<div class=\"row\">\n<div class=\"cell label\">Slu\u017eba zpracov\u00e1n\u00ed<\/div>\n<div class=\"cell value\">Oh\u00fdb\u00e1n\u00ed, sva\u0159ov\u00e1n\u00ed, d\u011brov\u00e1n\u00ed, \u0159ez\u00e1n\u00ed, vytla\u010dov\u00e1n\u00ed<\/div>\n<\/div>\n<div class=\"row\">\n<div class=\"cell label\">Certifikace<\/div>\n<div class=\"cell value\">ISO 9001<\/div>\n<\/div>\n<div class=\"row\">\n<div class=\"cell label\">Barva<\/div>\n<div class=\"cell value\">St\u0159\u00edbrn\u00e1 b\u00edl\u00e1, \u010dern\u00e1<\/div>\n<\/div>\n<div class=\"row\">\n<div class=\"cell label\">Kl\u00ed\u010dov\u00e9 slovo<\/div>\n<div class=\"cell value\">Pr\u016fmyslov\u00fd hlin\u00edkov\u00fd profil<\/div>\n<\/div>\n<div class=\"row\">\n<div class=\"cell label\">Term\u00edn platby<\/div>\n<div class=\"cell value\">T\/T nebo L\/C<\/div>\n<\/div>\n<div class=\"row\">\n<div class=\"cell label\">D\u00e9lka<\/div>\n<div class=\"cell value\">Max. 6 m, k dispozici velikost \u0159ezu<\/div>\n<\/div>\n<div class=\"row\">\n<div class=\"cell label\">Povrchov\u00e1 \u00faprava<\/div>\n<div class=\"cell value\">St\u0159\u00edbrn\u00e1 eloxovan\u00e1<\/div>\n<\/div>\n<div class=\"row\">\n<div class=\"cell label\">Materi\u00e1l<\/div>\n<div class=\"cell value\">6060,6005,6061,6063,6082,7003,7075,7N12<\/div>\n<\/div>\n<div class=\"row\">\n<div class=\"cell label\">N\u00e1zev produktu<\/div>\n<div class=\"cell value\">Hlin\u00edkov\u00fd vytla\u010dovac\u00ed profil<\/div>\n<\/div>\n<div class=\"row\">\n<div class=\"cell label\">Standardn\u00ed<\/div>\n<div class=\"cell value\">GB5237.1-2008<\/div>\n<\/div>\n<div class=\"row\">\n<div class=\"cell label\">Prodejn\u00ed jednotky<\/div>\n<div class=\"cell value\">Jednotliv\u00e1 polo\u017eka<\/div>\n<\/div>\n<div class=\"row\">\n<div class=\"cell label\">Velikost jednoho balen\u00ed<\/div>\n<div class=\"cell value\">11X12X27 cm<\/div>\n<\/div>\n<div class=\"row\">\n<div class=\"cell label\">Jednotliv\u00e1 hrub\u00e1 hmotnost<\/div>\n<div class=\"cell value\">3.000 KG<\/div>\n<\/div>\n<\/div>\n<p><\/p>\n<h2>Na\u0161e v\u00fdrobn\u00ed z\u00e1kladna<\/h2>\n<h3>Panorama tov\u00e1rny<\/h3>\n<p><img decoding=\"async\" src=\"\/wp-content\/uploads\/factory-01.webp\"\/><\/p>\n<h3>D\u00edlna na v\u00fdrobu hlin\u00edkov\u00fdch ty\u010d\u00ed<\/h3>\n<p><img decoding=\"async\" src=\"\/wp-content\/uploads\/factory-02.webp\"\/><\/p>\n<p><img decoding=\"async\" src=\"\/wp-content\/uploads\/factory-03.webp\"\/><\/p>\n<h3>Sklad pl\u00edsn\u00ed<\/h3>\n<p><img decoding=\"async\" src=\"\/wp-content\/uploads\/factory-04.webp\"\/><\/p>\n<h3>43 linek na vytla\u010dov\u00e1n\u00ed hlin\u00edku (500-5500 tun)<\/h3>\n<p><img decoding=\"async\" src=\"\/wp-content\/uploads\/factory-05.webp\"\/><\/p>\n<p><img decoding=\"async\" src=\"\/wp-content\/uploads\/factory-06.webp\"\/><\/p>\n<p><img decoding=\"async\" src=\"\/wp-content\/uploads\/factory-07.webp\"\/><\/p>\n<h3>D\u00edlna pr\u00e1\u0161kov\u00e9ho lakov\u00e1n\u00ed<\/h3>\n<p><img decoding=\"async\" src=\"\/wp-content\/uploads\/factory-09.webp\"\/><\/p>\n<h3>D\u00edlna eloxov\u00e1n\u00ed<\/h3>\n<p><img decoding=\"async\" src=\"\/wp-content\/uploads\/factory-10.webp\"\/><\/p>\n<h3>Workshop o hloubkov\u00e9m zpracov\u00e1n\u00ed<\/h3>\n<p><img decoding=\"async\" src=\"\/wp-content\/uploads\/factory-11.webp\"\/><\/p>\n<h3>D\u00edlna CNC p\u0159esn\u00e9ho obr\u00e1b\u011bn\u00ed<\/h3>\n<p><img decoding=\"async\" src=\"\/wp-content\/uploads\/factory-11.5.webp\"\/><\/p>\n<h3>Sklad hotov\u00fdch v\u00fdrobk\u016f a exportn\u00ed sklad<\/h3>\n<p><img decoding=\"async\" src=\"\/wp-content\/uploads\/factory-12.webp\"\/><\/p>\n<p><img decoding=\"async\" src=\"\/wp-content\/uploads\/factory-13.webp\"\/><\/p>\n<p><img decoding=\"async\" src=\"\/wp-content\/uploads\/factory-14.webp\"\/><\/p>\n<h2>\u010cASTO KLADEN\u00c9 DOTAZY<\/h2>\n<p><strong>1. Pro\u010d je hlin\u00edk vhodn\u00fdm materi\u00e1lem pro chladi\u010de?<\/strong><br \/>Hlin\u00edk m\u00e1 vynikaj\u00edc\u00ed tepelnou vodivost, tak\u017ee je ide\u00e1ln\u00ed pro odvod tepla v chladi\u010d\u00edch.<\/p>\n<p><strong>2. Lze chladi\u010d s hlin\u00edkovou deskou p\u0159izp\u016fsobit?<\/strong><br \/>Ano, nab\u00edz\u00edme slu\u017eby p\u0159izp\u016fsoben\u00ed rozm\u011br\u016f, designu \u017eeber a mo\u017enost\u00ed mont\u00e1\u017ee.<\/p>\n<p><strong>3. Je chladi\u010d vhodn\u00fd pro aplikace s vysok\u00fdm v\u00fdkonem?<\/strong><br \/>Rozhodn\u011b je navr\u017een tak, aby efektivn\u011b \u0159\u00eddil teplo ve vysoce v\u00fdkonn\u00fdch elektronick\u00fdch aplikac\u00edch.<\/p>\n<p><strong>4. Prov\u00e1d\u00edte tepeln\u00e9 testov\u00e1n\u00ed sv\u00fdch chladi\u010d\u016f?<\/strong><br \/>Ano, prov\u00e1d\u00edme d\u016fkladn\u00e9 tepeln\u00e9 testy, abychom zajistili v\u00fdkon a spolehlivost v\u00fdrobku.<\/p>\n<p><strong>5. Jak\u00e1 je typick\u00e1 \u017eivotnost hlin\u00edkov\u00e9ho lamelov\u00e9ho chladi\u010de?<\/strong><br \/>P\u0159i spr\u00e1vn\u00e9m pou\u017e\u00edv\u00e1n\u00ed m\u016f\u017ee vydr\u017eet mnoho let, co\u017e zaru\u010duje dlouhodobou spolehlivost.<\/p>\n<p><strong>6. Jsou tyto chladi\u010de vhodn\u00e9 pro LED osv\u011btlen\u00ed?<\/strong><br \/>Ano, jsou \u00fa\u010dinn\u00e9 p\u0159i \u0159\u00edzen\u00ed odvodu tepla u osv\u011btlovac\u00edch syst\u00e9m\u016f LED.<\/p>\n<p><strong>7. Poskytujete technickou podporu pro zak\u00e1zkov\u00e9 projekty?<\/strong><br \/>Ano, pro zak\u00e1zkov\u00e9 projekty chladi\u010d\u016f je k dispozici technick\u00e1 podpora a konzultace.<\/p>\n<p><\/p>","protected":false},"featured_media":10772,"template":"","categories":[72],"class_list":["post-10942","product","type-product","status-publish","has-post-thumbnail","hentry","category-extruded-aluminum-heatsink"],"meta_box":{"hilight_text_group":[{"product_hilight_text":"<li>Efficient heat dissipation for electronic components<\/li>\n<li>Lightweight yet durable aluminum construction<\/li>\n<li>Customizable fin configurations for optimized performance<\/li>\n<li>Suitable for various industrial applications and devices<\/li>\n<li>Supports both OEM and ODM production services<\/li>"}],"feature_list":[]},"_links":{"self":[{"href":"https:\/\/sinoextrud.com\/cs\/wp-json\/wp\/v2\/product\/10942","targetHints":{"allow":["GET"]}}],"collection":[{"href":"https:\/\/sinoextrud.com\/cs\/wp-json\/wp\/v2\/product"}],"about":[{"href":"https:\/\/sinoextrud.com\/cs\/wp-json\/wp\/v2\/types\/product"}],"wp:featuredmedia":[{"embeddable":true,"href":"https:\/\/sinoextrud.com\/cs\/wp-json\/wp\/v2\/media\/10772"}],"wp:attachment":[{"href":"https:\/\/sinoextrud.com\/cs\/wp-json\/wp\/v2\/media?parent=10942"}],"wp:term":[{"taxonomy":"category","embeddable":true,"href":"https:\/\/sinoextrud.com\/cs\/wp-json\/wp\/v2\/categories?post=10942"}],"curies":[{"name":"wp","href":"https:\/\/api.w.org\/{rel}","templated":true}]}}