{"id":10940,"date":"2025-08-01T03:16:55","date_gmt":"2025-08-01T03:16:55","guid":{"rendered":"https:\/\/sinoextrud.com\/product\/superconducting-thawing-board-for-lab-use\/"},"modified":"2025-08-01T03:16:55","modified_gmt":"2025-08-01T03:16:55","slug":"supravodiva-rozmrazovaci-deska-pro-laboratorni-pouziti","status":"publish","type":"product","link":"https:\/\/sinoextrud.com\/cs\/product\/superconducting-thawing-board-for-lab-use\/","title":{"rendered":"Supravodiv\u00e1 rozmrazovac\u00ed deska pro laboratorn\u00ed pou\u017eit\u00ed"},"content":{"rendered":"<h2>Podrobnosti o produktech<\/h2>\n<div class=\"product-table\">\n<div class=\"row\">\n<div class=\"cell label\">T\u0159\u00edda<\/div>\n<div class=\"cell value\">\u0158ada 6000<\/div>\n<\/div>\n<div class=\"row\">\n<div class=\"cell label\">Tolerance<\/div>\n<div class=\"cell value\">\u00c2\u00b11%<\/div>\n<\/div>\n<div class=\"row\">\n<div class=\"cell label\">Doba dod\u00e1n\u00ed<\/div>\n<div class=\"cell value\">15-21 dn\u00ed<\/div>\n<\/div>\n<div class=\"row\">\n<div class=\"cell label\">Temperament<\/div>\n<div class=\"cell value\">T3-T8<\/div>\n<\/div>\n<div class=\"row\">\n<div class=\"cell label\">Aplikace<\/div>\n<div class=\"cell value\">Chladi\u010d<\/div>\n<\/div>\n<div class=\"row\">\n<div class=\"cell label\">Tvar<\/div>\n<div class=\"cell value\">Riangular<\/div>\n<\/div>\n<div class=\"row\">\n<div class=\"cell label\">Slitina nebo ne<\/div>\n<div class=\"cell value\">Je slitina<\/div>\n<\/div>\n<div class=\"row\">\n<div class=\"cell label\">Slu\u017eba zpracov\u00e1n\u00ed<\/div>\n<div class=\"cell value\">Oh\u00fdb\u00e1n\u00ed, sva\u0159ov\u00e1n\u00ed, d\u011brov\u00e1n\u00ed, \u0159ez\u00e1n\u00ed<\/div>\n<\/div>\n<div class=\"row\">\n<div class=\"cell label\">N\u00e1zev produktu<\/div>\n<div class=\"cell value\">Chladi\u010d<\/div>\n<\/div>\n<div class=\"row\">\n<div class=\"cell label\">Materi\u00e1l<\/div>\n<div class=\"cell value\">Slitina hlin\u00edku 6063<\/div>\n<\/div>\n<div class=\"row\">\n<div class=\"cell label\">Velikost<\/div>\n<div class=\"cell value\">Velikost z\u00e1kazn\u00edka<\/div>\n<\/div>\n<div class=\"row\">\n<div class=\"cell label\">Povrchov\u00e1 \u00faprava<\/div>\n<div class=\"cell value\">Oxidace<\/div>\n<\/div>\n<div class=\"row\">\n<div class=\"cell label\">Barva<\/div>\n<div class=\"cell value\">Silver<\/div>\n<\/div>\n<div class=\"row\">\n<div class=\"cell label\">Certifikace<\/div>\n<div class=\"cell value\">ISO 9001<\/div>\n<\/div>\n<div class=\"row\">\n<div class=\"cell label\">Kl\u00ed\u010dov\u00e9 slovo<\/div>\n<div class=\"cell value\">Hlin\u00edkov\u00fd chladi\u010d<\/div>\n<\/div>\n<div class=\"row\">\n<div class=\"cell label\">Pou\u017eit\u00ed<\/div>\n<div class=\"cell value\">Odv\u00e1d\u011bn\u00ed tepla<\/div>\n<\/div>\n<div class=\"row\">\n<div class=\"cell label\">Typ<\/div>\n<div class=\"cell value\">Riangular<\/div>\n<\/div>\n<div class=\"row\">\n<div class=\"cell label\">Prodejn\u00ed jednotky<\/div>\n<div class=\"cell value\">Jednotliv\u00e1 polo\u017eka<\/div>\n<\/div>\n<div class=\"row\">\n<div class=\"cell label\">Velikost jednoho balen\u00ed<\/div>\n<div class=\"cell value\">60X30X20 cm<\/div>\n<\/div>\n<div class=\"row\">\n<div class=\"cell label\">Jednotliv\u00e1 hrub\u00e1 hmotnost<\/div>\n<div class=\"cell value\">2.000 KG<\/div>\n<\/div>\n<\/div>\n<p><\/p>\n<h2>Na\u0161e v\u00fdrobn\u00ed z\u00e1kladna<\/h2>\n<h3>Panorama tov\u00e1rny<\/h3>\n<p><img decoding=\"async\" src=\"\/wp-content\/uploads\/factory-01.webp\"\/><\/p>\n<h3>D\u00edlna na v\u00fdrobu hlin\u00edkov\u00fdch ty\u010d\u00ed<\/h3>\n<p><img decoding=\"async\" src=\"\/wp-content\/uploads\/factory-02.webp\"\/><\/p>\n<p><img decoding=\"async\" src=\"\/wp-content\/uploads\/factory-03.webp\"\/><\/p>\n<h3>Sklad pl\u00edsn\u00ed<\/h3>\n<p><img decoding=\"async\" src=\"\/wp-content\/uploads\/factory-04.webp\"\/><\/p>\n<h3>43 linek na vytla\u010dov\u00e1n\u00ed hlin\u00edku (500-5500 tun)<\/h3>\n<p><img decoding=\"async\" src=\"\/wp-content\/uploads\/factory-05.webp\"\/><\/p>\n<p><img decoding=\"async\" src=\"\/wp-content\/uploads\/factory-06.webp\"\/><\/p>\n<p><img decoding=\"async\" src=\"\/wp-content\/uploads\/factory-07.webp\"\/><\/p>\n<h3>D\u00edlna pr\u00e1\u0161kov\u00e9ho lakov\u00e1n\u00ed<\/h3>\n<p><img decoding=\"async\" src=\"\/wp-content\/uploads\/factory-09.webp\"\/><\/p>\n<h3>D\u00edlna eloxov\u00e1n\u00ed<\/h3>\n<p><img decoding=\"async\" src=\"\/wp-content\/uploads\/factory-10.webp\"\/><\/p>\n<h3>Workshop o hloubkov\u00e9m zpracov\u00e1n\u00ed<\/h3>\n<p><img decoding=\"async\" src=\"\/wp-content\/uploads\/factory-11.webp\"\/><\/p>\n<h3>D\u00edlna CNC p\u0159esn\u00e9ho obr\u00e1b\u011bn\u00ed<\/h3>\n<p><img decoding=\"async\" src=\"\/wp-content\/uploads\/factory-11.5.webp\"\/><\/p>\n<h3>Sklad hotov\u00fdch v\u00fdrobk\u016f a exportn\u00ed sklad<\/h3>\n<p><img decoding=\"async\" src=\"\/wp-content\/uploads\/factory-12.webp\"\/><\/p>\n<p><img decoding=\"async\" src=\"\/wp-content\/uploads\/factory-13.webp\"\/><\/p>\n<p><img decoding=\"async\" src=\"\/wp-content\/uploads\/factory-14.webp\"\/><\/p>\n<h2>\u010cASTO KLADEN\u00c9 DOTAZY<\/h2>\n<p><strong>1. Jak supravodiv\u00e1 rozmrazovac\u00ed deska funguje?<\/strong><br \/>Supravodiv\u00e1 rozmrazovac\u00ed deska vyu\u017e\u00edv\u00e1 supravodiv\u00e9 materi\u00e1ly k rychl\u00e9mu a rovnom\u011brn\u00e9mu rozmrazov\u00e1n\u00ed zmrazen\u00fdch potravin bez vn\u011bj\u0161\u00edho zdroje tepla.<\/p>\n<p><strong>2. Je supravodiv\u00e1 rozmrazovac\u00ed deska bezpe\u010dn\u00e1 pro v\u0161echny druhy potravin?<\/strong><br \/>Ano, je ur\u010dena k bezpe\u010dn\u00e9mu a hygienick\u00e9mu rozmrazov\u00e1n\u00ed v\u0161ech typ\u016f zmrazen\u00fdch potravin.<\/p>\n<p><strong>3. Vy\u017eaduje supravodiv\u00e1 rozmrazovac\u00ed deska elektrickou energii?<\/strong><br \/>Ne, deska funguje bez pot\u0159eby elekt\u0159iny nebo bateri\u00ed.<\/p>\n<p><strong>4. Lze supravodivou rozmrazovac\u00ed desku pou\u017e\u00edvat v komer\u010dn\u00edch kuchyn\u00edch?<\/strong><br \/>Ano, je vhodn\u00fd pro dom\u00e1c\u00ed i profesion\u00e1ln\u00ed pou\u017eit\u00ed v komer\u010dn\u00edch kuchyn\u00edch.<\/p>\n<p><strong>5. Jak\u00e9 materi\u00e1ly se pou\u017e\u00edvaj\u00ed v supravodiv\u00e9 rozmrazovac\u00ed desce?<\/strong><br \/>Deska je vyrobena z modern\u00edch supravodiv\u00fdch materi\u00e1l\u016f pro optim\u00e1ln\u00ed rozmrazov\u00e1n\u00ed.<\/p>\n<p><strong>6. Jak vy\u010distit supravodivou rozmrazovac\u00ed desku?<\/strong><br \/>Deska m\u00e1 nep\u0159ilnav\u00fd povrch, kter\u00fd lze snadno ot\u0159\u00edt vodou a m\u00fddlem.<\/p>\n<p><strong>7. M\u00e1 supravodiv\u00e1 rozmrazovac\u00ed deska vliv na chu\u0165 potravin?<\/strong><br \/>Ne, je ur\u010dena k zachov\u00e1n\u00ed textury a chuti rozmrazen\u00fdch potravin.<\/p>\n<p><\/p>","protected":false},"featured_media":10840,"template":"","categories":[72],"class_list":["post-10940","product","type-product","status-publish","has-post-thumbnail","hentry","category-extruded-aluminum-heatsink"],"meta_box":{"hilight_text_group":[{"product_hilight_text":"<li>Rapidly thaws frozen food without electricity or hot water<\/li>\n<li>Made from advanced superconducting materials for efficiency<\/li>\n<li>Encourages even thawing to maintain food texture and flavor<\/li>\n<li>Non-stick surface for easy cleaning and maintenance<\/li>\n<li>Compact, lightweight design for convenient storage and use<\/li>"}],"feature_list":[]},"_links":{"self":[{"href":"https:\/\/sinoextrud.com\/cs\/wp-json\/wp\/v2\/product\/10940","targetHints":{"allow":["GET"]}}],"collection":[{"href":"https:\/\/sinoextrud.com\/cs\/wp-json\/wp\/v2\/product"}],"about":[{"href":"https:\/\/sinoextrud.com\/cs\/wp-json\/wp\/v2\/types\/product"}],"wp:featuredmedia":[{"embeddable":true,"href":"https:\/\/sinoextrud.com\/cs\/wp-json\/wp\/v2\/media\/10840"}],"wp:attachment":[{"href":"https:\/\/sinoextrud.com\/cs\/wp-json\/wp\/v2\/media?parent=10940"}],"wp:term":[{"taxonomy":"category","embeddable":true,"href":"https:\/\/sinoextrud.com\/cs\/wp-json\/wp\/v2\/categories?post=10940"}],"curies":[{"name":"wp","href":"https:\/\/api.w.org\/{rel}","templated":true}]}}