{"id":10936,"date":"2025-08-01T03:13:46","date_gmt":"2025-08-01T03:13:46","guid":{"rendered":"https:\/\/sinoextrud.com\/product\/cnc-machining-aluminum-heatsink-for-custom-projects\/"},"modified":"2025-08-01T03:13:46","modified_gmt":"2025-08-01T03:13:46","slug":"cnc-obrabeni-hlinikovych-chladicu-pro-zakazkove-projekty","status":"publish","type":"product","link":"https:\/\/sinoextrud.com\/cs\/product\/cnc-machining-aluminum-heatsink-for-custom-projects\/","title":{"rendered":"CNC obr\u00e1b\u011bn\u00ed hlin\u00edkov\u00fdch chladi\u010d\u016f pro zak\u00e1zkov\u00e9 projekty"},"content":{"rendered":"<h2>Podrobnosti o produktech<\/h2>\n<div class=\"product-table\">\n<div class=\"row\">\n<div class=\"cell label\">Povrchov\u00e1 \u00faprava<\/div>\n<div class=\"cell value\">eloxov\u00e1n\u00ed<\/div>\n<\/div>\n<div class=\"row\">\n<div class=\"cell label\">Tvar<\/div>\n<div class=\"cell value\">kulat\u00fd<\/div>\n<\/div>\n<div class=\"row\">\n<div class=\"cell label\">Materi\u00e1l t\u011bla<\/div>\n<div class=\"cell value\">Hlin\u00edkov\u00e1 slitina<\/div>\n<\/div>\n<div class=\"row\">\n<div class=\"cell label\">Slu\u017eba \u0159e\u0161en\u00ed osv\u011btlen\u00ed<\/div>\n<div class=\"cell value\">automatick\u00e9 rozvr\u017een\u00ed CAD<\/div>\n<\/div>\n<div class=\"row\">\n<div class=\"cell label\">Sv\u011bteln\u00e1 \u00fa\u010dinnost (lm\/w)<\/div>\n<div class=\"cell value\">100<\/div>\n<\/div>\n<div class=\"row\">\n<div class=\"cell label\">Z\u00e1ruka (rok)<\/div>\n<div class=\"cell value\">1 rok<\/div>\n<\/div>\n<div class=\"row\">\n<div class=\"cell label\">Proces<\/div>\n<div class=\"cell value\">CNC obr\u00e1b\u011bn\u00ed<\/div>\n<\/div>\n<div class=\"row\">\n<div class=\"cell label\">Stupe\u0148 kryt\u00ed IP<\/div>\n<div class=\"cell value\">ip55<\/div>\n<\/div>\n<div class=\"row\">\n<div class=\"cell label\">Barva t\u011bla<\/div>\n<div class=\"cell value\">\u010cern\u00e1<\/div>\n<\/div>\n<div class=\"row\">\n<div class=\"cell label\">N\u00e1zev d\u00edlu<\/div>\n<div class=\"cell value\">Vlastn\u00ed hlin\u00edkov\u00fd chladi\u010d pro elektromotor<\/div>\n<\/div>\n<div class=\"row\">\n<div class=\"cell label\">MOQ<\/div>\n<div class=\"cell value\">100 kus\u016f<\/div>\n<\/div>\n<div class=\"row\">\n<div class=\"cell label\">Doba realizace<\/div>\n<div class=\"cell value\">Uk\u00e1zka: V\u00fdroba: 3-5 dn\u00ed: 10-20 dn\u016f.<\/div>\n<\/div>\n<div class=\"row\">\n<div class=\"cell label\">Obchodn\u00ed podm\u00ednky<\/div>\n<div class=\"cell value\">EXW \/ FOB \/ CIF<\/div>\n<\/div>\n<div class=\"row\">\n<div class=\"cell label\">Form\u00e1t v\u00fdkresu<\/div>\n<div class=\"cell value\">.pdf \/ .dwg \/ .igs \/ .stp \/ x_t.<\/div>\n<\/div>\n<div class=\"row\">\n<div class=\"cell label\">Platebn\u00ed podm\u00ednky<\/div>\n<div class=\"cell value\">30% desposite, 70% p\u0159ed odesl\u00e1n\u00edm<\/div>\n<\/div>\n<div class=\"row\">\n<div class=\"cell label\">Kontrola kvality<\/div>\n<div class=\"cell value\">100% kontrola p\u0159ed odesl\u00e1n\u00edm<\/div>\n<\/div>\n<div class=\"row\">\n<div class=\"cell label\">Balen\u00ed<\/div>\n<div class=\"cell value\">Standardn\u00ed exportn\u00ed karton s paletou<\/div>\n<\/div>\n<div class=\"row\">\n<div class=\"cell label\">Podm\u00ednky p\u0159epravy<\/div>\n<div class=\"cell value\">Expresn\u00ed \/ leteck\u00e1 p\u0159eprava \/ n\u00e1mo\u0159n\u00ed p\u0159eprava<\/div>\n<\/div>\n<div class=\"row\">\n<div class=\"cell label\">Typ<\/div>\n<div class=\"cell value\">Chladi\u010de<\/div>\n<\/div>\n<div class=\"row\">\n<div class=\"cell label\">Prodejn\u00ed jednotky<\/div>\n<div class=\"cell value\">Jednotliv\u00e1 polo\u017eka<\/div>\n<\/div>\n<div class=\"row\">\n<div class=\"cell label\">Velikost jednoho balen\u00ed<\/div>\n<div class=\"cell value\">8X5X6 cm<\/div>\n<\/div>\n<div class=\"row\">\n<div class=\"cell label\">Jednotliv\u00e1 hrub\u00e1 hmotnost<\/div>\n<div class=\"cell value\">1.000 KG<\/div>\n<\/div>\n<\/div>\n<p><\/p>\n<h2>Na\u0161e v\u00fdrobn\u00ed z\u00e1kladna<\/h2>\n<h3>Panorama tov\u00e1rny<\/h3>\n<p><img decoding=\"async\" src=\"\/wp-content\/uploads\/factory-01.webp\"\/><\/p>\n<h3>D\u00edlna na v\u00fdrobu hlin\u00edkov\u00fdch ty\u010d\u00ed<\/h3>\n<p><img decoding=\"async\" src=\"\/wp-content\/uploads\/factory-02.webp\"\/><\/p>\n<p><img decoding=\"async\" src=\"\/wp-content\/uploads\/factory-03.webp\"\/><\/p>\n<h3>Sklad pl\u00edsn\u00ed<\/h3>\n<p><img decoding=\"async\" src=\"\/wp-content\/uploads\/factory-04.webp\"\/><\/p>\n<h3>43 linek na vytla\u010dov\u00e1n\u00ed hlin\u00edku (500-5500 tun)<\/h3>\n<p><img decoding=\"async\" src=\"\/wp-content\/uploads\/factory-05.webp\"\/><\/p>\n<p><img decoding=\"async\" src=\"\/wp-content\/uploads\/factory-06.webp\"\/><\/p>\n<p><img decoding=\"async\" src=\"\/wp-content\/uploads\/factory-07.webp\"\/><\/p>\n<h3>D\u00edlna pr\u00e1\u0161kov\u00e9ho lakov\u00e1n\u00ed<\/h3>\n<p><img decoding=\"async\" src=\"\/wp-content\/uploads\/factory-09.webp\"\/><\/p>\n<h3>D\u00edlna eloxov\u00e1n\u00ed<\/h3>\n<p><img decoding=\"async\" src=\"\/wp-content\/uploads\/factory-10.webp\"\/><\/p>\n<h3>Workshop o hloubkov\u00e9m zpracov\u00e1n\u00ed<\/h3>\n<p><img decoding=\"async\" src=\"\/wp-content\/uploads\/factory-11.webp\"\/><\/p>\n<h3>D\u00edlna CNC p\u0159esn\u00e9ho obr\u00e1b\u011bn\u00ed<\/h3>\n<p><img decoding=\"async\" src=\"\/wp-content\/uploads\/factory-11.5.webp\"\/><\/p>\n<h3>Sklad hotov\u00fdch v\u00fdrobk\u016f a exportn\u00ed sklad<\/h3>\n<p><img decoding=\"async\" src=\"\/wp-content\/uploads\/factory-12.webp\"\/><\/p>\n<p><img decoding=\"async\" src=\"\/wp-content\/uploads\/factory-13.webp\"\/><\/p>\n<p><img decoding=\"async\" src=\"\/wp-content\/uploads\/factory-14.webp\"\/><\/p>\n<h2>\u010cASTO KLADEN\u00c9 DOTAZY<\/h2>\n<p><strong>1. Jak\u00e9 jsou v\u00fdhody pou\u017eit\u00ed hlin\u00edku v chladi\u010d\u00edch?<\/strong><br \/>Hlin\u00edk m\u00e1 vynikaj\u00edc\u00ed tepelnou vodivost a je lehk\u00fd, tak\u017ee je ide\u00e1ln\u00ed pro chladi\u010de.<\/p>\n<p><strong>2. M\u016f\u017ee b\u00fdt CNC obr\u00e1b\u011bn\u00ed hlin\u00edkov\u00e9ho chladi\u010de p\u0159izp\u016fsobeno na\u0161im specifikac\u00edm?<\/strong><br \/>Ano, nab\u00edz\u00edme p\u0159izp\u016fsoben\u00ed velikosti, tvaru a designu va\u0161im specifick\u00fdm po\u017eadavk\u016fm.<\/p>\n<p><strong>3. Je tento v\u00fdrobek kompatibiln\u00ed se v\u0161emi elektronick\u00fdmi za\u0159\u00edzen\u00edmi?<\/strong><br \/>Chladi\u010d lze p\u0159izp\u016fsobit \u0161irok\u00e9 \u0161k\u00e1le elektronick\u00fdch sou\u010d\u00e1stek. Pro kompatibilitu uve\u010fte specifikace va\u0161eho za\u0159\u00edzen\u00ed.<\/p>\n<p><strong>4. Jak\u00e1 je obvykl\u00e1 doba v\u00fdroby?<\/strong><br \/>Dodac\u00ed lh\u016fty se li\u0161\u00ed v z\u00e1vislosti na velikosti objedn\u00e1vky a p\u0159izp\u016fsoben\u00ed, ale obvykle se pohybuj\u00ed od 2 do 4 t\u00fddn\u016f.<\/p>\n<p><strong>5. Poskytujete vzorky CNC obr\u00e1b\u011bn\u00ed hlin\u00edkov\u00e9ho chladi\u010de?<\/strong><br \/>Ano, na vy\u017e\u00e1d\u00e1n\u00ed jsou k dispozici vzorky pro zaji\u0161t\u011bn\u00ed kvality a vhodnosti.<\/p>\n<p><strong>6. Jsou hlin\u00edkov\u00e9 chladi\u010de vhodn\u00e9 pro n\u00e1ro\u010dn\u00e9 aplikace?<\/strong><br \/>Ano, na\u0161e hlin\u00edkov\u00e9 chladi\u010de jsou ur\u010deny pro standardn\u00ed i n\u00e1ro\u010dn\u00e9 aplikace s vynikaj\u00edc\u00ed odolnost\u00ed.<\/p>\n<p><strong>7. Je pro tento produkt k dispozici mezin\u00e1rodn\u00ed doprava?<\/strong><br \/>Ano, podporujeme mezin\u00e1rodn\u00ed p\u0159epravu a poskytujeme ve\u0161kerou pot\u0159ebnou dokumentaci pro hladk\u00fd pr\u016fb\u011bh doru\u010den\u00ed.<\/p>\n<p><\/p>","protected":false},"featured_media":10842,"template":"","categories":[72],"class_list":["post-10936","product","type-product","status-publish","has-post-thumbnail","hentry","category-extruded-aluminum-heatsink"],"meta_box":{"hilight_text_group":[{"product_hilight_text":"<li>Optimized thermal performance for electronic components<\/li>\n<li>Customizable dimensions and designs for B2B needs<\/li>\n<li>High precision and quality through CNC machining<\/li>\n<li>Competitive pricing for bulk orders with flexible MOQ<\/li>\n<li>Lightweight and durable aluminum construction<\/li>"}],"feature_list":[]},"_links":{"self":[{"href":"https:\/\/sinoextrud.com\/cs\/wp-json\/wp\/v2\/product\/10936","targetHints":{"allow":["GET"]}}],"collection":[{"href":"https:\/\/sinoextrud.com\/cs\/wp-json\/wp\/v2\/product"}],"about":[{"href":"https:\/\/sinoextrud.com\/cs\/wp-json\/wp\/v2\/types\/product"}],"wp:featuredmedia":[{"embeddable":true,"href":"https:\/\/sinoextrud.com\/cs\/wp-json\/wp\/v2\/media\/10842"}],"wp:attachment":[{"href":"https:\/\/sinoextrud.com\/cs\/wp-json\/wp\/v2\/media?parent=10936"}],"wp:term":[{"taxonomy":"category","embeddable":true,"href":"https:\/\/sinoextrud.com\/cs\/wp-json\/wp\/v2\/categories?post=10936"}],"curies":[{"name":"wp","href":"https:\/\/api.w.org\/{rel}","templated":true}]}}