{"id":10932,"date":"2025-08-01T03:13:20","date_gmt":"2025-08-01T03:13:20","guid":{"rendered":"https:\/\/sinoextrud.com\/product\/aluminum-pipe-sleeve-for-protection-and-insulation\/"},"modified":"2025-08-01T03:13:20","modified_gmt":"2025-08-01T03:13:20","slug":"hlinikove-pouzdro-pro-ochranu-a-izolaci-potrubi","status":"publish","type":"product","link":"https:\/\/sinoextrud.com\/cs\/product\/aluminum-pipe-sleeve-for-protection-and-insulation\/","title":{"rendered":"Hlin\u00edkov\u00e1 obj\u00edmka pro ochranu a izolaci potrub\u00ed"},"content":{"rendered":"<h2>Podrobnosti o produktech<\/h2>\n<div class=\"product-table\">\n<div class=\"row\">\n<div class=\"cell label\">Technic<\/div>\n<div class=\"cell value\">Casting<\/div>\n<\/div>\n<div class=\"row\">\n<div class=\"cell label\">tvar<\/div>\n<div class=\"cell value\">ROUND<\/div>\n<\/div>\n<div class=\"row\">\n<div class=\"cell label\">k\u00f3d hlavy<\/div>\n<div class=\"cell value\">Dut\u00fd<\/div>\n<\/div>\n<div class=\"row\">\n<div class=\"cell label\">Povrchov\u00e1 \u00faprava<\/div>\n<div class=\"cell value\">pozinkovan\u00e9<\/div>\n<\/div>\n<div class=\"row\">\n<div class=\"cell label\">Pr\u016fm\u011br mont\u00e1\u017en\u00edho otvoru<\/div>\n<div class=\"cell value\">28,4 MIL.<\/div>\n<\/div>\n<div class=\"row\">\n<div class=\"cell label\">T\u0159\u00edda potrub\u00ed<\/div>\n<div class=\"cell value\">Nen\u00ed hodnoceno<\/div>\n<\/div>\n<div class=\"row\">\n<div class=\"cell label\">z\u00e1ruka<\/div>\n<div class=\"cell value\">\u017d\u00e1dn\u00e9<\/div>\n<\/div>\n<div class=\"row\">\n<div class=\"cell label\">podpora na m\u00edru<\/div>\n<div class=\"cell value\">OEM<\/div>\n<\/div>\n<div class=\"row\">\n<div class=\"cell label\">P\u0159ipojen\u00ed<\/div>\n<div class=\"cell value\">Samice<\/div>\n<\/div>\n<div class=\"row\">\n<div class=\"cell label\">Celkov\u00e1 d\u00e9lka<\/div>\n<div class=\"cell value\">43MM<\/div>\n<\/div>\n<div class=\"row\">\n<div class=\"cell label\">N\u00e1zev produktu<\/div>\n<div class=\"cell value\">\u0158\u00e1dek Bar<\/div>\n<\/div>\n<div class=\"row\">\n<div class=\"cell label\">Materi\u00e1l<\/div>\n<div class=\"cell value\">Alu+ABS<\/div>\n<\/div>\n<div class=\"row\">\n<div class=\"cell label\">Povrchov\u00e1 \u00faprava<\/div>\n<div class=\"cell value\">Pozinkovan\u00e9<\/div>\n<\/div>\n<div class=\"row\">\n<div class=\"cell label\">Balen\u00ed<\/div>\n<div class=\"cell value\">Karton<\/div>\n<\/div>\n<div class=\"row\">\n<div class=\"cell label\">Platebn\u00ed podm\u00ednky<\/div>\n<div class=\"cell value\">Obchodn\u00ed zaji\u0161t\u011bn\u00ed<\/div>\n<\/div>\n<div class=\"row\">\n<div class=\"cell label\">Doba dod\u00e1n\u00ed<\/div>\n<div class=\"cell value\">3-5 dn\u00ed<\/div>\n<\/div>\n<div class=\"row\">\n<div class=\"cell label\">Uk\u00e1zka<\/div>\n<div class=\"cell value\">Zdarma<\/div>\n<\/div>\n<div class=\"row\">\n<div class=\"cell label\">P\u0159\u00edstav<\/div>\n<div class=\"cell value\">P\u0159\u00edstav Ningbo\/Foshan<\/div>\n<\/div>\n<div class=\"row\">\n<div class=\"cell label\">Bal\u00ed\u010dek<\/div>\n<div class=\"cell value\">Mal\u00e9 balen\u00ed + kartonov\u00e9 balen\u00ed + paleta<\/div>\n<\/div>\n<div class=\"row\">\n<div class=\"cell label\">Objemov\u00e1 v\u00fdroba<\/div>\n<div class=\"cell value\">Y<\/div>\n<\/div>\n<div class=\"row\">\n<div class=\"cell label\">Prodejn\u00ed jednotky<\/div>\n<div class=\"cell value\">Jednotliv\u00e1 polo\u017eka<\/div>\n<\/div>\n<div class=\"row\">\n<div class=\"cell label\">Velikost jednoho balen\u00ed<\/div>\n<div class=\"cell value\">22,5X17X18 cm<\/div>\n<\/div>\n<div class=\"row\">\n<div class=\"cell label\">Jednotliv\u00e1 hrub\u00e1 hmotnost<\/div>\n<div class=\"cell value\">1.000 KG<\/div>\n<\/div>\n<\/div>\n<p><\/p>\n<h2>Na\u0161e v\u00fdrobn\u00ed z\u00e1kladna<\/h2>\n<h3>Panorama tov\u00e1rny<\/h3>\n<p><img decoding=\"async\" src=\"\/wp-content\/uploads\/factory-01.webp\"\/><\/p>\n<h3>D\u00edlna na v\u00fdrobu hlin\u00edkov\u00fdch ty\u010d\u00ed<\/h3>\n<p><img decoding=\"async\" src=\"\/wp-content\/uploads\/factory-02.webp\"\/><\/p>\n<p><img decoding=\"async\" src=\"\/wp-content\/uploads\/factory-03.webp\"\/><\/p>\n<h3>Sklad pl\u00edsn\u00ed<\/h3>\n<p><img decoding=\"async\" src=\"\/wp-content\/uploads\/factory-04.webp\"\/><\/p>\n<h3>43 linek na vytla\u010dov\u00e1n\u00ed hlin\u00edku (500-5500 tun)<\/h3>\n<p><img decoding=\"async\" src=\"\/wp-content\/uploads\/factory-05.webp\"\/><\/p>\n<p><img decoding=\"async\" src=\"\/wp-content\/uploads\/factory-06.webp\"\/><\/p>\n<p><img decoding=\"async\" src=\"\/wp-content\/uploads\/factory-07.webp\"\/><\/p>\n<h3>D\u00edlna pr\u00e1\u0161kov\u00e9ho lakov\u00e1n\u00ed<\/h3>\n<p><img decoding=\"async\" src=\"\/wp-content\/uploads\/factory-09.webp\"\/><\/p>\n<h3>D\u00edlna eloxov\u00e1n\u00ed<\/h3>\n<p><img decoding=\"async\" src=\"\/wp-content\/uploads\/factory-10.webp\"\/><\/p>\n<h3>Workshop o hloubkov\u00e9m zpracov\u00e1n\u00ed<\/h3>\n<p><img decoding=\"async\" src=\"\/wp-content\/uploads\/factory-11.webp\"\/><\/p>\n<h3>D\u00edlna CNC p\u0159esn\u00e9ho obr\u00e1b\u011bn\u00ed<\/h3>\n<p><img decoding=\"async\" src=\"\/wp-content\/uploads\/factory-11.5.webp\"\/><\/p>\n<h3>Sklad hotov\u00fdch v\u00fdrobk\u016f a exportn\u00ed sklad<\/h3>\n<p><img decoding=\"async\" src=\"\/wp-content\/uploads\/factory-12.webp\"\/><\/p>\n<p><img decoding=\"async\" src=\"\/wp-content\/uploads\/factory-13.webp\"\/><\/p>\n<p><img decoding=\"async\" src=\"\/wp-content\/uploads\/factory-14.webp\"\/><\/p>\n<h2>\u010cASTO KLADEN\u00c9 DOTAZY<\/h2>\n<p><strong>1. Jak\u00e9 velikosti jsou k dispozici pro hlin\u00edkov\u00e9 trubkov\u00e9 pouzdro?<\/strong><br \/>Hlin\u00edkovou obj\u00edmku lze p\u0159izp\u016fsobit r\u016fzn\u00fdm pr\u016fm\u011br\u016fm trubek.<\/p>\n<p><strong>2. Je hlin\u00edkov\u00e9 pouzdro odoln\u00e9 proti korozi?<\/strong><br \/>Ano, je vyroben z materi\u00e1l\u016f odoln\u00fdch proti korozi, kter\u00e9 zaji\u0161\u0165uj\u00ed dlouhou \u017eivotnost.<\/p>\n<p><strong>3. Lze hlin\u00edkov\u00e9 trubkov\u00e9 pouzdro pou\u017e\u00edt pro vysokoteplotn\u00ed aplikace?<\/strong><br \/>Ano, je navr\u017een tak, aby poskytoval tepelnou ochranu v prost\u0159ed\u00ed s vysok\u00fdmi teplotami.<\/p>\n<p><strong>4. Jak nainstalovat hlin\u00edkovou trubkovou obj\u00edmku?<\/strong><br \/>Lehk\u00e1 konstrukce umo\u017e\u0148uje snadnou instalaci, obvykle s minimem pot\u0159ebn\u00e9ho n\u00e1\u0159ad\u00ed.<\/p>\n<p><strong>5. Pro jak\u00e1 pr\u016fmyslov\u00e1 odv\u011btv\u00ed m\u016f\u017ee b\u00fdt pou\u017eit\u00ed hlin\u00edkov\u00fdch trubkov\u00fdch obj\u00edmek p\u0159\u00ednosem?<\/strong><br \/>Tato pouzdra se \u010dasto pou\u017e\u00edvaj\u00ed v odv\u011btv\u00edch, jako je zpracov\u00e1n\u00ed ropy a plynu, chemick\u00e9 zpracov\u00e1n\u00ed a stavebnictv\u00ed.<\/p>\n<p><strong>6. Lze hlin\u00edkov\u00e9 trubkov\u00e9 pouzdro p\u0159izp\u016fsobit specifick\u00fdm po\u017eadavk\u016fm?<\/strong><br \/>Ano, jeho velikost a design lze p\u0159izp\u016fsobit konkr\u00e9tn\u00edm pot\u0159eb\u00e1m.<\/p>\n<p><strong>7. Poskytujete mezin\u00e1rodn\u00ed p\u0159epravu hlin\u00edkov\u00fdch trubkov\u00fdch pouzder?<\/strong><br \/>Ano, nab\u00edz\u00edme celosv\u011btovou p\u0159epravu a dok\u00e1\u017eeme se postarat o pot\u0159ebnou logistiku.<\/p>\n<p><\/p>","protected":false},"featured_media":10844,"template":"","categories":[55],"class_list":["post-10932","product","type-product","status-publish","has-post-thumbnail","hentry","category-extruded-aluminum-profiles"],"meta_box":{"hilight_text_group":[{"product_hilight_text":"<li>Engineered for efficient thermal and mechanical protection<\/li>\n<li>Highly adaptable to fit a wide range of pipe diameters<\/li>\n<li>Constructed from premium-grade aluminum for durability<\/li>\n<li>Lightweight design for easy installation and handling<\/li>\n<li>Corrosion-resistant to enhance service life<\/li>"}],"feature_list":[]},"_links":{"self":[{"href":"https:\/\/sinoextrud.com\/cs\/wp-json\/wp\/v2\/product\/10932","targetHints":{"allow":["GET"]}}],"collection":[{"href":"https:\/\/sinoextrud.com\/cs\/wp-json\/wp\/v2\/product"}],"about":[{"href":"https:\/\/sinoextrud.com\/cs\/wp-json\/wp\/v2\/types\/product"}],"wp:featuredmedia":[{"embeddable":true,"href":"https:\/\/sinoextrud.com\/cs\/wp-json\/wp\/v2\/media\/10844"}],"wp:attachment":[{"href":"https:\/\/sinoextrud.com\/cs\/wp-json\/wp\/v2\/media?parent=10932"}],"wp:term":[{"taxonomy":"category","embeddable":true,"href":"https:\/\/sinoextrud.com\/cs\/wp-json\/wp\/v2\/categories?post=10932"}],"curies":[{"name":"wp","href":"https:\/\/api.w.org\/{rel}","templated":true}]}}