{"id":10931,"date":"2025-08-01T03:13:18","date_gmt":"2025-08-01T03:13:18","guid":{"rendered":"https:\/\/sinoextrud.com\/product\/aluminum-heatsink-for-beer-machine-cooling\/"},"modified":"2025-08-01T03:13:18","modified_gmt":"2025-08-01T03:13:18","slug":"hlinikovy-chladic-pro-chlazeni-pivnich-stroju","status":"publish","type":"product","link":"https:\/\/sinoextrud.com\/cs\/product\/aluminum-heatsink-for-beer-machine-cooling\/","title":{"rendered":"Hlin\u00edkov\u00fd chladi\u010d pro chlazen\u00ed pivn\u00edch stroj\u016f"},"content":{"rendered":"<h2>Podrobnosti o produktech<\/h2>\n<div class=\"product-table\">\n<div class=\"row\">\n<div class=\"cell label\">CNC obr\u00e1b\u011bn\u00ed nebo ne<\/div>\n<div class=\"cell value\">CNC obr\u00e1b\u011bn\u00ed<\/div>\n<\/div>\n<div class=\"row\">\n<div class=\"cell label\">Materi\u00e1lov\u00e9 schopnosti<\/div>\n<div class=\"cell value\">Hlin\u00edk, mosaz, bronz, m\u011b\u010f, tvrzen\u00e9 kovy, drah\u00e9 kovy, nerezov\u00e1 ocel, slitiny oceli<\/div>\n<\/div>\n<div class=\"row\">\n<div class=\"cell label\">Typ<\/div>\n<div class=\"cell value\">Protahov\u00e1n\u00ed, Fr\u00e9zov\u00e1n\u00ed, Fr\u00e9zov\u00e1n\u00ed, Lept\u00e1n\u00ed \/ chemick\u00e9 obr\u00e1b\u011bn\u00ed, Ostatn\u00ed obr\u00e1b\u011bc\u00ed slu\u017eby, Laserov\u00e9 obr\u00e1b\u011bn\u00ed<\/div>\n<\/div>\n<div class=\"row\">\n<div class=\"cell label\">Mikroobr\u00e1b\u011bn\u00ed nebo ne<\/div>\n<div class=\"cell value\">Mikroobr\u00e1b\u011bn\u00ed<\/div>\n<\/div>\n<div class=\"row\">\n<div class=\"cell label\">Prodejn\u00ed jednotky<\/div>\n<div class=\"cell value\">Jednotliv\u00e1 polo\u017eka<\/div>\n<\/div>\n<div class=\"row\">\n<div class=\"cell label\">Velikost jednoho balen\u00ed<\/div>\n<div class=\"cell value\">10X5X6 cm<\/div>\n<\/div>\n<div class=\"row\">\n<div class=\"cell label\">Jednotliv\u00e1 hrub\u00e1 hmotnost<\/div>\n<div class=\"cell value\">0,023 KG<\/div>\n<\/div>\n<\/div>\n<p><\/p>\n<h2>Na\u0161e v\u00fdrobn\u00ed z\u00e1kladna<\/h2>\n<h3>Panorama tov\u00e1rny<\/h3>\n<p><img decoding=\"async\" src=\"\/wp-content\/uploads\/factory-01.webp\"\/><\/p>\n<h3>D\u00edlna na v\u00fdrobu hlin\u00edkov\u00fdch ty\u010d\u00ed<\/h3>\n<p><img decoding=\"async\" src=\"\/wp-content\/uploads\/factory-02.webp\"\/><\/p>\n<p><img decoding=\"async\" src=\"\/wp-content\/uploads\/factory-03.webp\"\/><\/p>\n<h3>Sklad pl\u00edsn\u00ed<\/h3>\n<p><img decoding=\"async\" src=\"\/wp-content\/uploads\/factory-04.webp\"\/><\/p>\n<h3>43 linek na vytla\u010dov\u00e1n\u00ed hlin\u00edku (500-5500 tun)<\/h3>\n<p><img decoding=\"async\" src=\"\/wp-content\/uploads\/factory-05.webp\"\/><\/p>\n<p><img decoding=\"async\" src=\"\/wp-content\/uploads\/factory-06.webp\"\/><\/p>\n<p><img decoding=\"async\" src=\"\/wp-content\/uploads\/factory-07.webp\"\/><\/p>\n<h3>D\u00edlna pr\u00e1\u0161kov\u00e9ho lakov\u00e1n\u00ed<\/h3>\n<p><img decoding=\"async\" src=\"\/wp-content\/uploads\/factory-09.webp\"\/><\/p>\n<h3>D\u00edlna eloxov\u00e1n\u00ed<\/h3>\n<p><img decoding=\"async\" src=\"\/wp-content\/uploads\/factory-10.webp\"\/><\/p>\n<h3>Workshop o hloubkov\u00e9m zpracov\u00e1n\u00ed<\/h3>\n<p><img decoding=\"async\" src=\"\/wp-content\/uploads\/factory-11.webp\"\/><\/p>\n<h3>D\u00edlna CNC p\u0159esn\u00e9ho obr\u00e1b\u011bn\u00ed<\/h3>\n<p><img decoding=\"async\" src=\"\/wp-content\/uploads\/factory-11.5.webp\"\/><\/p>\n<h3>Sklad hotov\u00fdch v\u00fdrobk\u016f a exportn\u00ed sklad<\/h3>\n<p><img decoding=\"async\" src=\"\/wp-content\/uploads\/factory-12.webp\"\/><\/p>\n<p><img decoding=\"async\" src=\"\/wp-content\/uploads\/factory-13.webp\"\/><\/p>\n<p><img decoding=\"async\" src=\"\/wp-content\/uploads\/factory-14.webp\"\/><\/p>\n<h2>\u010cASTO KLADEN\u00c9 DOTAZY<\/h2>\n<p><strong>1. Jak\u00e1 je hlavn\u00ed v\u00fdhoda pou\u017eit\u00ed hlin\u00edkov\u00e9ho chladi\u010de v pivn\u00edch stroj\u00edch?<\/strong><br \/>Hlin\u00edkov\u00fd chladi\u010d zlep\u0161uje tepeln\u00fd management, zvy\u0161uje \u00fa\u010dinnost a \u017eivotnost stroje.<\/p>\n<p><strong>2. Lze hlin\u00edkov\u00fd chladi\u010d p\u0159izp\u016fsobit pro r\u016fzn\u00e9 modely stroj\u016f?<\/strong><br \/>Ano, nab\u00edz\u00edme p\u0159izp\u016fsobiteln\u00e9 velikosti a tvary pro r\u016fzn\u00e9 modely pivovar\u016f.<\/p>\n<p><strong>3. Je hlin\u00edk nejlep\u0161\u00edm materi\u00e1lem pro chladi\u010de v pivn\u00edch stroj\u00edch?<\/strong><br \/>Hlin\u00edk nab\u00edz\u00ed rovnov\u00e1hu mezi vynikaj\u00edc\u00ed tepelnou vodivost\u00ed a n\u00edzkou hmotnost\u00ed, co\u017e je ide\u00e1ln\u00ed pro stroje na v\u00fdrobu piva.<\/p>\n<p><strong>4. Jak hlin\u00edkov\u00fd chladi\u010d pom\u00e1h\u00e1 zlep\u0161it v\u00fdkon stroje na pivo?<\/strong><br \/>\u00da\u010dinn\u011b odv\u00e1d\u00ed teplo, \u010d\u00edm\u017e zabra\u0148uje p\u0159eh\u0159\u00e1t\u00ed a zaji\u0161\u0165uje optim\u00e1ln\u00ed provoz stroje.<\/p>\n<p><strong>5. Jsou chladi\u010de vhodn\u00e9 pro komer\u010dn\u00ed stroje na pivo?<\/strong><br \/>Ano, jsou navr\u017eeny tak, aby spl\u0148ovaly po\u017eadavky komer\u010dn\u00edch i pr\u016fmyslov\u00fdch pivovar\u016f.<\/p>\n<p><strong>6. Mohu si objednat vzorek hlin\u00edkov\u00e9ho chladi\u010de p\u0159ed zad\u00e1n\u00edm velk\u00e9 objedn\u00e1vky?<\/strong><br \/>Ano, p\u0159ed hromadn\u00fdm n\u00e1kupem jsou k dispozici vzorov\u00e9 objedn\u00e1vky pro vyzkou\u0161en\u00ed st\u0159ihu a v\u00fdkonu.<\/p>\n<p><strong>7. M\u00e1 pou\u017eit\u00ed hlin\u00edkov\u00e9ho chladi\u010de vliv na spot\u0159ebu energie?<\/strong><br \/>Ano, zvy\u0161uje energetickou \u00fa\u010dinnost t\u00edm, \u017ee udr\u017euje optim\u00e1ln\u00ed provozn\u00ed teplotu, \u010d\u00edm\u017e sni\u017euje celkovou spot\u0159ebu energie.<\/p>\n<p><\/p>","protected":false},"featured_media":10763,"template":"","categories":[72],"class_list":["post-10931","product","type-product","status-publish","has-post-thumbnail","hentry","category-extruded-aluminum-heatsink"],"meta_box":{"hilight_text_group":[{"product_hilight_text":"<li>Efficient thermal management for beer machines<\/li>\n<li>Highly durable construction with aluminum material<\/li>\n<li>Improves performance and lifespan of beer machines<\/li>\n<li>Customizable dimensions to fit various machine models<\/li>\n<li>Supports high thermal conductivity requirements<\/li>"}],"feature_list":[]},"_links":{"self":[{"href":"https:\/\/sinoextrud.com\/cs\/wp-json\/wp\/v2\/product\/10931","targetHints":{"allow":["GET"]}}],"collection":[{"href":"https:\/\/sinoextrud.com\/cs\/wp-json\/wp\/v2\/product"}],"about":[{"href":"https:\/\/sinoextrud.com\/cs\/wp-json\/wp\/v2\/types\/product"}],"wp:featuredmedia":[{"embeddable":true,"href":"https:\/\/sinoextrud.com\/cs\/wp-json\/wp\/v2\/media\/10763"}],"wp:attachment":[{"href":"https:\/\/sinoextrud.com\/cs\/wp-json\/wp\/v2\/media?parent=10931"}],"wp:term":[{"taxonomy":"category","embeddable":true,"href":"https:\/\/sinoextrud.com\/cs\/wp-json\/wp\/v2\/categories?post=10931"}],"curies":[{"name":"wp","href":"https:\/\/api.w.org\/{rel}","templated":true}]}}